{"id":30471,"date":"2026-02-16T15:56:16","date_gmt":"2026-02-16T14:56:16","guid":{"rendered":"https:\/\/zonzinistairclimbers.com\/shop\/?post_type=product&#038;p=30471"},"modified":"2026-02-17T06:57:35","modified_gmt":"2026-02-17T05:57:35","slug":"domino-pt","status":"publish","type":"product","link":"https:\/\/zonzinistairclimbers.com\/shop\/it\/prodotto\/transpallet-saliscale-elettrico-domino-pt\/","title":{"rendered":"Domino PT"},"content":{"rendered":"<div class=\"pin-spacer\">\n<section class=\"product-description\">\n<div class=\"boxed\">\n<div class=\"product-description-inner\">\n<p class=\"lead text-cream product-desc-lead\">Domino PT \u00e8 un transpallet elettrico saliscale cingolato progettato per movimentare bancali in modo sicuro anche quando il terreno non aiuta. Ha una portata di 450 kg e permette di inforcare diverse tipologie di pallet. Assicura una libert\u00e0 di movimento che un transpallet elettrico tradizionale non pu\u00f2 dare.<\/p>\n<p class=\"lead text-cream product-desc-lead\"><span style=\"font-family: -apple-system, BlinkMacSystemFont, 'Segoe UI', Roboto, 'Helvetica Neue', Arial, 'Noto Sans', sans-serif, 'Apple Color Emoji', 'Segoe UI Emoji', 'Segoe UI Symbol', 'Noto Color Emoji';\">a su tutte le superfici, anche in cantiere. Erba, terra battuta, ghiaia, pavimentazioni sconnesse e irregolari non sono pi\u00f9 un problema. Supera con facilit\u00e0 rampe, piani inclinati e marciapiedi, rendendo la consegna pi\u00f9 semplice.<\/span><\/p>\n<div class=\"product-description-body\">\n<p>\u00c8 dotato di sollevamento fino a 65 cm e di brandeggio all\u2019indietro al pari di un muletto sollevatore.<\/p>\n<p>&nbsp;<\/p>\n<p><strong>IDEALE PER<\/strong><br \/>\nPallet 80 \u00d7 120 cm, ma anche per formati pi\u00f9 piccoli come 60 \u00d7 80 cm. \u00c8 perfetto per la logistica nella quale le consegne arrivano fino a casa del cliente finale e spesso ci si trova a lavorare su pavimentazioni irregolari o in pendenza. Si pu\u00f2 utilizzare su camion con la sponda idraulica.<\/p>\n<p>&nbsp;<\/p>\n<p><strong>PORTATE DISPONIBILI<\/strong><br \/>\n450 Kg<\/p>\n<\/div>\n<\/div>\n<\/div>\n<\/section>\n<\/div>\n","protected":false},"excerpt":{"rendered":"<p>Domino PT \u00e8 un transpallet elettrico saliscale cingolato progettato per movimentare bancali in modo sicuro anche quando il terreno non aiuta. Ha una portata di 450 kg e permette di inforcare diverse tipologie di pallet. Assicura una libert\u00e0 di movimento che un transpallet elettrico tradizionale non pu\u00f2 dare. a su tutte le superfici, anche in [&hellip;]<\/p>\n","protected":false},"featured_media":30550,"template":"","meta":{"_acf_changed":false,"content-type":"","inline_featured_image":false,"footnotes":""},"product_brand":[],"product_cat":[10215],"product_tag":[],"class_list":{"0":"post-30471","1":"product","2":"type-product","3":"status-publish","4":"has-post-thumbnail","6":"product_cat-carrello-saliscale-elettrico","8":"first","9":"instock","10":"taxable","11":"shipping-taxable","12":"purchasable","13":"product-type-variable"},"acf":[],"yoast_head":"<!-- This site is optimized with the Yoast SEO Premium plugin v26.4 (Yoast SEO v26.9) - https:\/\/yoast.com\/product\/yoast-seo-premium-wordpress\/ -->\n<title>Acquista il Transpallet Cingolato Domino PT da \u20ac12.490<\/title>\n<meta name=\"description\" content=\"Acquista il Transpallet Domino PT Zonzini a partire da \u20ac12.490 nello shop online di Zonzini \u2705Portata di carico 450 kg \u27aeVai allo Shop\" \/>\n<meta name=\"robots\" content=\"index, follow, max-snippet:-1, max-image-preview:large, max-video-preview:-1\" \/>\n<link rel=\"canonical\" href=\"https:\/\/zonzinistairclimbers.com\/shop\/it\/prodotto\/transpallet-saliscale-elettrico-domino-pt\/\" \/>\n<meta property=\"og:locale\" content=\"it_IT\" \/>\n<meta property=\"og:type\" content=\"article\" \/>\n<meta property=\"og:title\" content=\"Acquista Domino PT | Zonzini Shop\" \/>\n<meta property=\"og:description\" content=\"Acquista il Domino PT a un prezzo conveniente nello shop di Zonzini \u27aeVai allo shop\" \/>\n<meta property=\"og:url\" content=\"https:\/\/zonzinistairclimbers.com\/shop\/it\/prodotto\/transpallet-saliscale-elettrico-domino-pt\/\" \/>\n<meta property=\"og:site_name\" content=\"Carrelli Saliscale Elettrici e Montascale a Cingoli | Zonzini\" \/>\n<meta property=\"article:publisher\" content=\"https:\/\/www.facebook.com\/zonzinistairclimbers\/\" \/>\n<meta property=\"article:modified_time\" content=\"2026-02-17T05:57:35+00:00\" \/>\n<meta property=\"og:image\" content=\"https:\/\/zonzinistairclimbers.com\/shop\/wp-content\/uploads\/2026\/02\/domino-pt-copertina.jpg\" \/>\n\t<meta property=\"og:image:width\" content=\"1000\" \/>\n\t<meta property=\"og:image:height\" content=\"1000\" \/>\n\t<meta property=\"og:image:type\" content=\"image\/jpeg\" \/>\n<meta name=\"twitter:card\" content=\"summary_large_image\" \/>\n<meta name=\"twitter:label1\" content=\"Disponibilit\u00e0\" \/>\n\t<meta name=\"twitter:data1\" content=\"In stock\" \/>\n<script type=\"application\/ld+json\" class=\"yoast-schema-graph\">{\"@context\":\"https:\/\/schema.org\",\"@graph\":[{\"@type\":\"WebPage\",\"@id\":\"https:\/\/zonzinistairclimbers.com\/shop\/it\/prodotto\/transpallet-saliscale-elettrico-domino-pt\/\",\"url\":\"https:\/\/zonzinistairclimbers.com\/shop\/it\/prodotto\/transpallet-saliscale-elettrico-domino-pt\/\",\"name\":\"Acquista il Transpallet Cingolato Domino PT da \u20ac12.490\",\"isPartOf\":{\"@id\":\"https:\/\/zonzinistairclimbers.com\/shop\/it\/#website\"},\"primaryImageOfPage\":{\"@id\":\"https:\/\/zonzinistairclimbers.com\/shop\/it\/prodotto\/transpallet-saliscale-elettrico-domino-pt\/#primaryimage\"},\"image\":{\"@id\":\"https:\/\/zonzinistairclimbers.com\/shop\/it\/prodotto\/transpallet-saliscale-elettrico-domino-pt\/#primaryimage\"},\"thumbnailUrl\":\"https:\/\/zonzinistairclimbers.com\/shop\/wp-content\/uploads\/2026\/02\/domino-pt-copertina.jpg\",\"datePublished\":\"2026-02-16T14:56:16+00:00\",\"dateModified\":\"2026-02-17T05:57:35+00:00\",\"description\":\"Acquista il Transpallet Domino PT Zonzini a partire da \u20ac12.490 nello shop online di Zonzini \u2705Portata di carico 450 kg \u27aeVai allo Shop\",\"breadcrumb\":{\"@id\":\"https:\/\/zonzinistairclimbers.com\/shop\/it\/prodotto\/transpallet-saliscale-elettrico-domino-pt\/#breadcrumb\"},\"inLanguage\":\"it-IT\",\"potentialAction\":[{\"@type\":\"ReadAction\",\"target\":[\"https:\/\/zonzinistairclimbers.com\/shop\/it\/prodotto\/transpallet-saliscale-elettrico-domino-pt\/\"]}]},{\"@type\":\"ImageObject\",\"inLanguage\":\"it-IT\",\"@id\":\"https:\/\/zonzinistairclimbers.com\/shop\/it\/prodotto\/transpallet-saliscale-elettrico-domino-pt\/#primaryimage\",\"url\":\"https:\/\/zonzinistairclimbers.com\/shop\/wp-content\/uploads\/2026\/02\/domino-pt-copertina.jpg\",\"contentUrl\":\"https:\/\/zonzinistairclimbers.com\/shop\/wp-content\/uploads\/2026\/02\/domino-pt-copertina.jpg\",\"width\":1000,\"height\":1000},{\"@type\":\"BreadcrumbList\",\"@id\":\"https:\/\/zonzinistairclimbers.com\/shop\/it\/prodotto\/transpallet-saliscale-elettrico-domino-pt\/#breadcrumb\",\"itemListElement\":[{\"@type\":\"ListItem\",\"position\":1,\"name\":\"Shop\",\"item\":\"https:\/\/zonzinistairclimbers.com\/shop\/it\/\"},{\"@type\":\"ListItem\",\"position\":2,\"name\":\"Carrello Saliscale Elettrico\",\"item\":\"https:\/\/zonzinistairclimbers.com\/shop\/it\/shop\/carrello-saliscale-elettrico\/\"},{\"@type\":\"ListItem\",\"position\":3,\"name\":\"Domino PT\"}]},{\"@type\":\"WebSite\",\"@id\":\"https:\/\/zonzinistairclimbers.com\/shop\/it\/#website\",\"url\":\"https:\/\/zonzinistairclimbers.com\/shop\/it\/\",\"name\":\"Carrelli Saliscale Elettrici e Montascale a Cingoli | Zonzini\",\"description\":\"Carrelli saliscale per il trasporto di merci su scale e montascale per disabili Zonzini\",\"publisher\":{\"@id\":\"https:\/\/zonzinistairclimbers.com\/shop\/it\/#organization\"},\"alternateName\":\"Zonzini Saliscale\",\"potentialAction\":[{\"@type\":\"SearchAction\",\"target\":{\"@type\":\"EntryPoint\",\"urlTemplate\":\"https:\/\/zonzinistairclimbers.com\/shop\/it\/?s={search_term_string}\"},\"query-input\":{\"@type\":\"PropertyValueSpecification\",\"valueRequired\":true,\"valueName\":\"search_term_string\"}}],\"inLanguage\":\"it-IT\"},{\"@type\":\"Organization\",\"@id\":\"https:\/\/zonzinistairclimbers.com\/shop\/it\/#organization\",\"name\":\"Carrelli Saliscale Elettrici e Montascale a Cingoli | Zonzini\",\"url\":\"https:\/\/zonzinistairclimbers.com\/shop\/it\/\",\"logo\":{\"@type\":\"ImageObject\",\"inLanguage\":\"it-IT\",\"@id\":\"https:\/\/zonzinistairclimbers.com\/shop\/it\/#\/schema\/logo\/image\/\",\"url\":\"https:\/\/zonzinistairclimbers.com\/shop\/wp-content\/uploads\/2023\/09\/Logo_zonzini.svg\",\"contentUrl\":\"https:\/\/zonzinistairclimbers.com\/shop\/wp-content\/uploads\/2023\/09\/Logo_zonzini.svg\",\"width\":1234,\"height\":325,\"caption\":\"Carrelli Saliscale Elettrici e Montascale a Cingoli | Zonzini\"},\"image\":{\"@id\":\"https:\/\/zonzinistairclimbers.com\/shop\/it\/#\/schema\/logo\/image\/\"},\"sameAs\":[\"https:\/\/www.facebook.com\/zonzinistairclimbers\/\",\"https:\/\/www.instagram.com\/zonzini_stairclimbers\/\",\"https:\/\/www.youtube.com\/user\/saliscaleZONZINI\",\"https:\/\/www.linkedin.com\/company\/zonzini\/\"]}]}<\/script>\n<meta property=\"og:availability\" content=\"instock\" \/>\n<meta property=\"product:availability\" content=\"instock\" \/>\n<meta property=\"product:condition\" content=\"new\" \/>\n<!-- \/ Yoast SEO Premium plugin. -->","yoast_head_json":{"title":"Acquista il Transpallet Cingolato Domino PT da \u20ac12.490","description":"Acquista il Transpallet Domino PT Zonzini a partire da \u20ac12.490 nello shop online di Zonzini \u2705Portata di carico 450 kg \u27aeVai allo Shop","robots":{"index":"index","follow":"follow","max-snippet":"max-snippet:-1","max-image-preview":"max-image-preview:large","max-video-preview":"max-video-preview:-1"},"canonical":"https:\/\/zonzinistairclimbers.com\/shop\/it\/prodotto\/transpallet-saliscale-elettrico-domino-pt\/","og_locale":"it_IT","og_type":"article","og_title":"Acquista Domino PT | Zonzini Shop","og_description":"Acquista il Domino PT a un prezzo conveniente nello shop di Zonzini \u27aeVai allo shop","og_url":"https:\/\/zonzinistairclimbers.com\/shop\/it\/prodotto\/transpallet-saliscale-elettrico-domino-pt\/","og_site_name":"Carrelli Saliscale Elettrici e Montascale a Cingoli | Zonzini","article_publisher":"https:\/\/www.facebook.com\/zonzinistairclimbers\/","article_modified_time":"2026-02-17T05:57:35+00:00","og_image":[{"width":1000,"height":1000,"url":"https:\/\/zonzinistairclimbers.com\/shop\/wp-content\/uploads\/2026\/02\/domino-pt-copertina.jpg","type":"image\/jpeg"}],"twitter_card":"summary_large_image","twitter_misc":{"Disponibilit\u00e0":"In stock"},"schema":{"@context":"https:\/\/schema.org","@graph":[{"@type":"WebPage","@id":"https:\/\/zonzinistairclimbers.com\/shop\/it\/prodotto\/transpallet-saliscale-elettrico-domino-pt\/","url":"https:\/\/zonzinistairclimbers.com\/shop\/it\/prodotto\/transpallet-saliscale-elettrico-domino-pt\/","name":"Acquista il Transpallet Cingolato Domino PT da \u20ac12.490","isPartOf":{"@id":"https:\/\/zonzinistairclimbers.com\/shop\/it\/#website"},"primaryImageOfPage":{"@id":"https:\/\/zonzinistairclimbers.com\/shop\/it\/prodotto\/transpallet-saliscale-elettrico-domino-pt\/#primaryimage"},"image":{"@id":"https:\/\/zonzinistairclimbers.com\/shop\/it\/prodotto\/transpallet-saliscale-elettrico-domino-pt\/#primaryimage"},"thumbnailUrl":"https:\/\/zonzinistairclimbers.com\/shop\/wp-content\/uploads\/2026\/02\/domino-pt-copertina.jpg","datePublished":"2026-02-16T14:56:16+00:00","dateModified":"2026-02-17T05:57:35+00:00","description":"Acquista il Transpallet Domino PT Zonzini a partire da \u20ac12.490 nello shop online di Zonzini \u2705Portata di carico 450 kg \u27aeVai allo Shop","breadcrumb":{"@id":"https:\/\/zonzinistairclimbers.com\/shop\/it\/prodotto\/transpallet-saliscale-elettrico-domino-pt\/#breadcrumb"},"inLanguage":"it-IT","potentialAction":[{"@type":"ReadAction","target":["https:\/\/zonzinistairclimbers.com\/shop\/it\/prodotto\/transpallet-saliscale-elettrico-domino-pt\/"]}]},{"@type":"ImageObject","inLanguage":"it-IT","@id":"https:\/\/zonzinistairclimbers.com\/shop\/it\/prodotto\/transpallet-saliscale-elettrico-domino-pt\/#primaryimage","url":"https:\/\/zonzinistairclimbers.com\/shop\/wp-content\/uploads\/2026\/02\/domino-pt-copertina.jpg","contentUrl":"https:\/\/zonzinistairclimbers.com\/shop\/wp-content\/uploads\/2026\/02\/domino-pt-copertina.jpg","width":1000,"height":1000},{"@type":"BreadcrumbList","@id":"https:\/\/zonzinistairclimbers.com\/shop\/it\/prodotto\/transpallet-saliscale-elettrico-domino-pt\/#breadcrumb","itemListElement":[{"@type":"ListItem","position":1,"name":"Shop","item":"https:\/\/zonzinistairclimbers.com\/shop\/it\/"},{"@type":"ListItem","position":2,"name":"Carrello Saliscale Elettrico","item":"https:\/\/zonzinistairclimbers.com\/shop\/it\/shop\/carrello-saliscale-elettrico\/"},{"@type":"ListItem","position":3,"name":"Domino PT"}]},{"@type":"WebSite","@id":"https:\/\/zonzinistairclimbers.com\/shop\/it\/#website","url":"https:\/\/zonzinistairclimbers.com\/shop\/it\/","name":"Carrelli Saliscale Elettrici e Montascale a Cingoli | Zonzini","description":"Carrelli saliscale per il trasporto di merci su scale e montascale per disabili Zonzini","publisher":{"@id":"https:\/\/zonzinistairclimbers.com\/shop\/it\/#organization"},"alternateName":"Zonzini Saliscale","potentialAction":[{"@type":"SearchAction","target":{"@type":"EntryPoint","urlTemplate":"https:\/\/zonzinistairclimbers.com\/shop\/it\/?s={search_term_string}"},"query-input":{"@type":"PropertyValueSpecification","valueRequired":true,"valueName":"search_term_string"}}],"inLanguage":"it-IT"},{"@type":"Organization","@id":"https:\/\/zonzinistairclimbers.com\/shop\/it\/#organization","name":"Carrelli Saliscale Elettrici e Montascale a Cingoli | Zonzini","url":"https:\/\/zonzinistairclimbers.com\/shop\/it\/","logo":{"@type":"ImageObject","inLanguage":"it-IT","@id":"https:\/\/zonzinistairclimbers.com\/shop\/it\/#\/schema\/logo\/image\/","url":"https:\/\/zonzinistairclimbers.com\/shop\/wp-content\/uploads\/2023\/09\/Logo_zonzini.svg","contentUrl":"https:\/\/zonzinistairclimbers.com\/shop\/wp-content\/uploads\/2023\/09\/Logo_zonzini.svg","width":1234,"height":325,"caption":"Carrelli Saliscale Elettrici e Montascale a Cingoli | Zonzini"},"image":{"@id":"https:\/\/zonzinistairclimbers.com\/shop\/it\/#\/schema\/logo\/image\/"},"sameAs":["https:\/\/www.facebook.com\/zonzinistairclimbers\/","https:\/\/www.instagram.com\/zonzini_stairclimbers\/","https:\/\/www.youtube.com\/user\/saliscaleZONZINI","https:\/\/www.linkedin.com\/company\/zonzini\/"]}]},"og_availability":"instock","product_availability":"instock","product_condition":"new"},"_links":{"self":[{"href":"https:\/\/zonzinistairclimbers.com\/shop\/it\/wp-json\/wp\/v2\/product\/30471","targetHints":{"allow":["GET"]}}],"collection":[{"href":"https:\/\/zonzinistairclimbers.com\/shop\/it\/wp-json\/wp\/v2\/product"}],"about":[{"href":"https:\/\/zonzinistairclimbers.com\/shop\/it\/wp-json\/wp\/v2\/types\/product"}],"version-history":[{"count":5,"href":"https:\/\/zonzinistairclimbers.com\/shop\/it\/wp-json\/wp\/v2\/product\/30471\/revisions"}],"predecessor-version":[{"id":30474,"href":"https:\/\/zonzinistairclimbers.com\/shop\/it\/wp-json\/wp\/v2\/product\/30471\/revisions\/30474"}],"wp:featuredmedia":[{"embeddable":true,"href":"https:\/\/zonzinistairclimbers.com\/shop\/it\/wp-json\/wp\/v2\/media\/30550"}],"wp:attachment":[{"href":"https:\/\/zonzinistairclimbers.com\/shop\/it\/wp-json\/wp\/v2\/media?parent=30471"}],"wp:term":[{"taxonomy":"product_brand","embeddable":true,"href":"https:\/\/zonzinistairclimbers.com\/shop\/it\/wp-json\/wp\/v2\/product_brand?post=30471"},{"taxonomy":"product_cat","embeddable":true,"href":"https:\/\/zonzinistairclimbers.com\/shop\/it\/wp-json\/wp\/v2\/product_cat?post=30471"},{"taxonomy":"product_tag","embeddable":true,"href":"https:\/\/zonzinistairclimbers.com\/shop\/it\/wp-json\/wp\/v2\/product_tag?post=30471"}],"curies":[{"name":"wp","href":"https:\/\/api.w.org\/{rel}","templated":true}]}}