{"id":1406,"date":"2024-02-13T12:06:22","date_gmt":"2024-02-13T12:06:22","guid":{"rendered":"http:\/\/zonzini.it\/?post_type=product&#038;p=1406"},"modified":"2025-06-06T09:24:41","modified_gmt":"2025-06-06T08:24:41","slug":"skipper","status":"publish","type":"product","link":"https:\/\/zonzinistairclimbers.com\/shop\/it\/shop\/carrello-saliscale-elettrico-prezzo\/skipper-plasmoid\/","title":{"rendered":"Skipper"},"content":{"rendered":"<div class=\"_70\">\n<div class=\"white _24marginbottom left w-richtext\">\n<div class=\"w-embed\">\n<p><span class=\"span\">SKIPPER \u00c8 IL CARRELLO SALISCALE ELETTRICO PER SERRAMENTI, INFISSI E CARICHI ALTI<\/span><\/p>\n<\/div>\n<\/div>\n<\/div>\n<div class=\"_50\">\n<p class=\"paragraph\">Skipper \u00e8 un carrello cingolato elettrico ideale per il trasporto su scale di carichi <strong>alti<\/strong>, come infissi e serramenti. \u00c8 adatto ad ogni tipo di superficie. Grazie alle sue caratteristiche innovative Skipper \u00e8 il carrello per serramentisti e per il trasporto di infissi per eccellenza.<\/p>\n<div>\n<div class=\"idealeper\">\n<h3 class=\"label white\">IDEALE PER IL TRASPORTO DI:<\/h3>\n<ul>\n<li>serramenti al piano<\/li>\n<li>infissi<\/li>\n<li>porte<\/li>\n<li>finestre<\/li>\n<li>porte blindate<\/li>\n<li>bombole antincendio<\/li>\n<li>server<\/li>\n<li>quadri elettrici<\/li>\n<li>lastre di marmo<\/li>\n<li>mobili alti, come un armadio o una libreria<\/li>\n<\/ul>\n<\/div>\n<\/div>\n<\/div>\n","protected":false},"excerpt":{"rendered":"<p>SKIPPER \u00c8 IL CARRELLO SALISCALE ELETTRICO PER SERRAMENTI, INFISSI E CARICHI ALTI Skipper \u00e8 un carrello cingolato elettrico ideale per il trasporto su scale di carichi alti, come infissi e serramenti. \u00c8 adatto ad ogni tipo di superficie. Grazie alle sue caratteristiche innovative Skipper \u00e8 il carrello per serramentisti e per il trasporto di infissi [&hellip;]<\/p>\n","protected":false},"featured_media":27701,"template":"","meta":{"_acf_changed":false,"content-type":"","inline_featured_image":false,"footnotes":""},"product_brand":[],"product_cat":[10215],"product_tag":[],"class_list":{"0":"post-1406","1":"product","2":"type-product","3":"status-publish","4":"has-post-thumbnail","6":"product_cat-carrello-saliscale-elettrico","8":"first","9":"instock","10":"sale","11":"taxable","12":"shipping-taxable","13":"purchasable","14":"product-type-variable"},"acf":[],"yoast_head":"<!-- This site is optimized with the Yoast SEO Premium plugin v26.4 (Yoast SEO v26.9) - https:\/\/yoast.com\/product\/yoast-seo-premium-wordpress\/ -->\n<title>Carrello Saliscale Elettrico Skipper | Prezzo da \u20ac7771<\/title>\n<meta name=\"description\" content=\"Acquista il saliscale cingolato elettrico Skipper a partire da \u20ac7771 nello shop online di Zonzini \u2705Portata di carico 400 kg \u27aeVai allo Shop\" \/>\n<meta name=\"robots\" content=\"index, follow, max-snippet:-1, max-image-preview:large, max-video-preview:-1\" \/>\n<link rel=\"canonical\" href=\"https:\/\/zonzinistairclimbers.com\/shop\/it\/shop\/carrello-saliscale-elettrico-prezzo\/skipper-plasmoid\/\" \/>\n<meta property=\"og:locale\" content=\"it_IT\" \/>\n<meta property=\"og:type\" content=\"article\" \/>\n<meta property=\"og:title\" content=\"Acquista Skipper | Zonzini Shop\" \/>\n<meta property=\"og:description\" content=\"Acquista il Skipper a un prezzo conveniente nello shop di Zonzini \u27aeVai allo shop\" \/>\n<meta property=\"og:url\" content=\"https:\/\/zonzinistairclimbers.com\/shop\/it\/shop\/carrello-saliscale-elettrico-prezzo\/skipper-plasmoid\/\" \/>\n<meta property=\"og:site_name\" content=\"Carrelli Saliscale Elettrici e Montascale a Cingoli | Zonzini\" \/>\n<meta property=\"article:publisher\" content=\"https:\/\/www.facebook.com\/zonzinistairclimbers\/\" \/>\n<meta property=\"article:modified_time\" content=\"2025-06-06T08:24:41+00:00\" \/>\n<meta property=\"og:image\" content=\"https:\/\/zonzinistairclimbers.com\/shop\/wp-content\/uploads\/2024\/02\/1-2-1.jpg\" \/>\n\t<meta property=\"og:image:width\" content=\"1499\" \/>\n\t<meta property=\"og:image:height\" content=\"1499\" \/>\n\t<meta property=\"og:image:type\" content=\"image\/jpeg\" \/>\n<meta name=\"twitter:card\" content=\"summary_large_image\" \/>\n<meta name=\"twitter:label1\" content=\"Disponibilit\u00e0\" \/>\n\t<meta name=\"twitter:data1\" content=\"In stock\" \/>\n<script type=\"application\/ld+json\" class=\"yoast-schema-graph\">{\"@context\":\"https:\/\/schema.org\",\"@graph\":[{\"@type\":\"WebPage\",\"@id\":\"https:\/\/zonzinistairclimbers.com\/shop\/it\/shop\/carrello-saliscale-elettrico-prezzo\/skipper-plasmoid\/\",\"url\":\"https:\/\/zonzinistairclimbers.com\/shop\/it\/shop\/carrello-saliscale-elettrico-prezzo\/skipper-plasmoid\/\",\"name\":\"Carrello Saliscale Elettrico Skipper | Prezzo da \u20ac7771\",\"isPartOf\":{\"@id\":\"https:\/\/zonzinistairclimbers.com\/shop\/it\/#website\"},\"primaryImageOfPage\":{\"@id\":\"https:\/\/zonzinistairclimbers.com\/shop\/it\/shop\/carrello-saliscale-elettrico-prezzo\/skipper-plasmoid\/#primaryimage\"},\"image\":{\"@id\":\"https:\/\/zonzinistairclimbers.com\/shop\/it\/shop\/carrello-saliscale-elettrico-prezzo\/skipper-plasmoid\/#primaryimage\"},\"thumbnailUrl\":\"https:\/\/zonzinistairclimbers.com\/shop\/wp-content\/uploads\/2024\/02\/1-2-1.jpg\",\"datePublished\":\"2024-02-13T12:06:22+00:00\",\"dateModified\":\"2025-06-06T08:24:41+00:00\",\"description\":\"Acquista il saliscale cingolato elettrico Skipper a partire da \u20ac7771 nello shop online di Zonzini \u2705Portata di carico 400 kg \u27aeVai allo Shop\",\"breadcrumb\":{\"@id\":\"https:\/\/zonzinistairclimbers.com\/shop\/it\/shop\/carrello-saliscale-elettrico-prezzo\/skipper-plasmoid\/#breadcrumb\"},\"inLanguage\":\"it-IT\",\"potentialAction\":[{\"@type\":\"ReadAction\",\"target\":[\"https:\/\/zonzinistairclimbers.com\/shop\/it\/shop\/carrello-saliscale-elettrico-prezzo\/skipper-plasmoid\/\"]}]},{\"@type\":\"ImageObject\",\"inLanguage\":\"it-IT\",\"@id\":\"https:\/\/zonzinistairclimbers.com\/shop\/it\/shop\/carrello-saliscale-elettrico-prezzo\/skipper-plasmoid\/#primaryimage\",\"url\":\"https:\/\/zonzinistairclimbers.com\/shop\/wp-content\/uploads\/2024\/02\/1-2-1.jpg\",\"contentUrl\":\"https:\/\/zonzinistairclimbers.com\/shop\/wp-content\/uploads\/2024\/02\/1-2-1.jpg\",\"width\":1499,\"height\":1499},{\"@type\":\"BreadcrumbList\",\"@id\":\"https:\/\/zonzinistairclimbers.com\/shop\/it\/shop\/carrello-saliscale-elettrico-prezzo\/skipper-plasmoid\/#breadcrumb\",\"itemListElement\":[{\"@type\":\"ListItem\",\"position\":1,\"name\":\"Shop\",\"item\":\"https:\/\/zonzinistairclimbers.com\/shop\/it\/\"},{\"@type\":\"ListItem\",\"position\":2,\"name\":\"Carrello Saliscale Elettrico\",\"item\":\"https:\/\/zonzinistairclimbers.com\/shop\/it\/shop\/carrello-saliscale-elettrico\/\"},{\"@type\":\"ListItem\",\"position\":3,\"name\":\"Skipper\"}]},{\"@type\":\"WebSite\",\"@id\":\"https:\/\/zonzinistairclimbers.com\/shop\/it\/#website\",\"url\":\"https:\/\/zonzinistairclimbers.com\/shop\/it\/\",\"name\":\"Carrelli Saliscale Elettrici e Montascale a Cingoli | Zonzini\",\"description\":\"Carrelli saliscale per il trasporto di merci su scale e montascale per disabili Zonzini\",\"publisher\":{\"@id\":\"https:\/\/zonzinistairclimbers.com\/shop\/it\/#organization\"},\"alternateName\":\"Zonzini Saliscale\",\"potentialAction\":[{\"@type\":\"SearchAction\",\"target\":{\"@type\":\"EntryPoint\",\"urlTemplate\":\"https:\/\/zonzinistairclimbers.com\/shop\/it\/?s={search_term_string}\"},\"query-input\":{\"@type\":\"PropertyValueSpecification\",\"valueRequired\":true,\"valueName\":\"search_term_string\"}}],\"inLanguage\":\"it-IT\"},{\"@type\":\"Organization\",\"@id\":\"https:\/\/zonzinistairclimbers.com\/shop\/it\/#organization\",\"name\":\"Carrelli Saliscale Elettrici e Montascale a Cingoli | Zonzini\",\"url\":\"https:\/\/zonzinistairclimbers.com\/shop\/it\/\",\"logo\":{\"@type\":\"ImageObject\",\"inLanguage\":\"it-IT\",\"@id\":\"https:\/\/zonzinistairclimbers.com\/shop\/it\/#\/schema\/logo\/image\/\",\"url\":\"https:\/\/zonzinistairclimbers.com\/shop\/wp-content\/uploads\/2023\/09\/Logo_zonzini.svg\",\"contentUrl\":\"https:\/\/zonzinistairclimbers.com\/shop\/wp-content\/uploads\/2023\/09\/Logo_zonzini.svg\",\"width\":1234,\"height\":325,\"caption\":\"Carrelli Saliscale Elettrici e Montascale a Cingoli | Zonzini\"},\"image\":{\"@id\":\"https:\/\/zonzinistairclimbers.com\/shop\/it\/#\/schema\/logo\/image\/\"},\"sameAs\":[\"https:\/\/www.facebook.com\/zonzinistairclimbers\/\",\"https:\/\/www.instagram.com\/zonzini_stairclimbers\/\",\"https:\/\/www.youtube.com\/user\/saliscaleZONZINI\",\"https:\/\/www.linkedin.com\/company\/zonzini\/\"]}]}<\/script>\n<meta property=\"og:availability\" content=\"instock\" \/>\n<meta property=\"product:availability\" content=\"instock\" \/>\n<meta property=\"product:condition\" content=\"new\" \/>\n<!-- \/ Yoast SEO Premium plugin. -->","yoast_head_json":{"title":"Carrello Saliscale Elettrico Skipper | Prezzo da \u20ac7771","description":"Acquista il saliscale cingolato elettrico Skipper a partire da \u20ac7771 nello shop online di Zonzini \u2705Portata di carico 400 kg \u27aeVai allo Shop","robots":{"index":"index","follow":"follow","max-snippet":"max-snippet:-1","max-image-preview":"max-image-preview:large","max-video-preview":"max-video-preview:-1"},"canonical":"https:\/\/zonzinistairclimbers.com\/shop\/it\/shop\/carrello-saliscale-elettrico-prezzo\/skipper-plasmoid\/","og_locale":"it_IT","og_type":"article","og_title":"Acquista Skipper | Zonzini Shop","og_description":"Acquista il Skipper a un prezzo conveniente nello shop di Zonzini \u27aeVai allo shop","og_url":"https:\/\/zonzinistairclimbers.com\/shop\/it\/shop\/carrello-saliscale-elettrico-prezzo\/skipper-plasmoid\/","og_site_name":"Carrelli Saliscale Elettrici e Montascale a Cingoli | Zonzini","article_publisher":"https:\/\/www.facebook.com\/zonzinistairclimbers\/","article_modified_time":"2025-06-06T08:24:41+00:00","og_image":[{"width":1499,"height":1499,"url":"https:\/\/zonzinistairclimbers.com\/shop\/wp-content\/uploads\/2024\/02\/1-2-1.jpg","type":"image\/jpeg"}],"twitter_card":"summary_large_image","twitter_misc":{"Disponibilit\u00e0":"In stock"},"schema":{"@context":"https:\/\/schema.org","@graph":[{"@type":"WebPage","@id":"https:\/\/zonzinistairclimbers.com\/shop\/it\/shop\/carrello-saliscale-elettrico-prezzo\/skipper-plasmoid\/","url":"https:\/\/zonzinistairclimbers.com\/shop\/it\/shop\/carrello-saliscale-elettrico-prezzo\/skipper-plasmoid\/","name":"Carrello Saliscale Elettrico Skipper | Prezzo da \u20ac7771","isPartOf":{"@id":"https:\/\/zonzinistairclimbers.com\/shop\/it\/#website"},"primaryImageOfPage":{"@id":"https:\/\/zonzinistairclimbers.com\/shop\/it\/shop\/carrello-saliscale-elettrico-prezzo\/skipper-plasmoid\/#primaryimage"},"image":{"@id":"https:\/\/zonzinistairclimbers.com\/shop\/it\/shop\/carrello-saliscale-elettrico-prezzo\/skipper-plasmoid\/#primaryimage"},"thumbnailUrl":"https:\/\/zonzinistairclimbers.com\/shop\/wp-content\/uploads\/2024\/02\/1-2-1.jpg","datePublished":"2024-02-13T12:06:22+00:00","dateModified":"2025-06-06T08:24:41+00:00","description":"Acquista il saliscale cingolato elettrico Skipper a partire da \u20ac7771 nello shop online di Zonzini \u2705Portata di carico 400 kg \u27aeVai allo Shop","breadcrumb":{"@id":"https:\/\/zonzinistairclimbers.com\/shop\/it\/shop\/carrello-saliscale-elettrico-prezzo\/skipper-plasmoid\/#breadcrumb"},"inLanguage":"it-IT","potentialAction":[{"@type":"ReadAction","target":["https:\/\/zonzinistairclimbers.com\/shop\/it\/shop\/carrello-saliscale-elettrico-prezzo\/skipper-plasmoid\/"]}]},{"@type":"ImageObject","inLanguage":"it-IT","@id":"https:\/\/zonzinistairclimbers.com\/shop\/it\/shop\/carrello-saliscale-elettrico-prezzo\/skipper-plasmoid\/#primaryimage","url":"https:\/\/zonzinistairclimbers.com\/shop\/wp-content\/uploads\/2024\/02\/1-2-1.jpg","contentUrl":"https:\/\/zonzinistairclimbers.com\/shop\/wp-content\/uploads\/2024\/02\/1-2-1.jpg","width":1499,"height":1499},{"@type":"BreadcrumbList","@id":"https:\/\/zonzinistairclimbers.com\/shop\/it\/shop\/carrello-saliscale-elettrico-prezzo\/skipper-plasmoid\/#breadcrumb","itemListElement":[{"@type":"ListItem","position":1,"name":"Shop","item":"https:\/\/zonzinistairclimbers.com\/shop\/it\/"},{"@type":"ListItem","position":2,"name":"Carrello Saliscale Elettrico","item":"https:\/\/zonzinistairclimbers.com\/shop\/it\/shop\/carrello-saliscale-elettrico\/"},{"@type":"ListItem","position":3,"name":"Skipper"}]},{"@type":"WebSite","@id":"https:\/\/zonzinistairclimbers.com\/shop\/it\/#website","url":"https:\/\/zonzinistairclimbers.com\/shop\/it\/","name":"Carrelli Saliscale Elettrici e Montascale a Cingoli | Zonzini","description":"Carrelli saliscale per il trasporto di merci su scale e montascale per disabili Zonzini","publisher":{"@id":"https:\/\/zonzinistairclimbers.com\/shop\/it\/#organization"},"alternateName":"Zonzini Saliscale","potentialAction":[{"@type":"SearchAction","target":{"@type":"EntryPoint","urlTemplate":"https:\/\/zonzinistairclimbers.com\/shop\/it\/?s={search_term_string}"},"query-input":{"@type":"PropertyValueSpecification","valueRequired":true,"valueName":"search_term_string"}}],"inLanguage":"it-IT"},{"@type":"Organization","@id":"https:\/\/zonzinistairclimbers.com\/shop\/it\/#organization","name":"Carrelli Saliscale Elettrici e Montascale a Cingoli | Zonzini","url":"https:\/\/zonzinistairclimbers.com\/shop\/it\/","logo":{"@type":"ImageObject","inLanguage":"it-IT","@id":"https:\/\/zonzinistairclimbers.com\/shop\/it\/#\/schema\/logo\/image\/","url":"https:\/\/zonzinistairclimbers.com\/shop\/wp-content\/uploads\/2023\/09\/Logo_zonzini.svg","contentUrl":"https:\/\/zonzinistairclimbers.com\/shop\/wp-content\/uploads\/2023\/09\/Logo_zonzini.svg","width":1234,"height":325,"caption":"Carrelli Saliscale Elettrici e Montascale a Cingoli | Zonzini"},"image":{"@id":"https:\/\/zonzinistairclimbers.com\/shop\/it\/#\/schema\/logo\/image\/"},"sameAs":["https:\/\/www.facebook.com\/zonzinistairclimbers\/","https:\/\/www.instagram.com\/zonzini_stairclimbers\/","https:\/\/www.youtube.com\/user\/saliscaleZONZINI","https:\/\/www.linkedin.com\/company\/zonzini\/"]}]},"og_availability":"instock","product_availability":"instock","product_condition":"new"},"_links":{"self":[{"href":"https:\/\/zonzinistairclimbers.com\/shop\/it\/wp-json\/wp\/v2\/product\/1406","targetHints":{"allow":["GET"]}}],"collection":[{"href":"https:\/\/zonzinistairclimbers.com\/shop\/it\/wp-json\/wp\/v2\/product"}],"about":[{"href":"https:\/\/zonzinistairclimbers.com\/shop\/it\/wp-json\/wp\/v2\/types\/product"}],"version-history":[{"count":5,"href":"https:\/\/zonzinistairclimbers.com\/shop\/it\/wp-json\/wp\/v2\/product\/1406\/revisions"}],"predecessor-version":[{"id":26873,"href":"https:\/\/zonzinistairclimbers.com\/shop\/it\/wp-json\/wp\/v2\/product\/1406\/revisions\/26873"}],"wp:featuredmedia":[{"embeddable":true,"href":"https:\/\/zonzinistairclimbers.com\/shop\/it\/wp-json\/wp\/v2\/media\/27701"}],"wp:attachment":[{"href":"https:\/\/zonzinistairclimbers.com\/shop\/it\/wp-json\/wp\/v2\/media?parent=1406"}],"wp:term":[{"taxonomy":"product_brand","embeddable":true,"href":"https:\/\/zonzinistairclimbers.com\/shop\/it\/wp-json\/wp\/v2\/product_brand?post=1406"},{"taxonomy":"product_cat","embeddable":true,"href":"https:\/\/zonzinistairclimbers.com\/shop\/it\/wp-json\/wp\/v2\/product_cat?post=1406"},{"taxonomy":"product_tag","embeddable":true,"href":"https:\/\/zonzinistairclimbers.com\/shop\/it\/wp-json\/wp\/v2\/product_tag?post=1406"}],"curies":[{"name":"wp","href":"https:\/\/api.w.org\/{rel}","templated":true}]}}