{"id":26860,"date":"2025-05-15T16:23:02","date_gmt":"2025-05-15T15:23:02","guid":{"rendered":"https:\/\/www.zonzini.it\/prodotto\/accessorio-per-serramenti-skipper-2\/"},"modified":"2025-05-15T16:44:14","modified_gmt":"2025-05-15T15:44:14","slug":"accessorio-per-serramenti-skipper-2","status":"publish","type":"product","link":"https:\/\/zonzinistairclimbers.com\/shop\/fr\/shop\/accessoires\/accessoire-pour-portes-et-fenetres-skipper\/","title":{"rendered":"Accessoire pour portes et fen\u00eatres &#8211; Skipper"},"content":{"rendered":"<p>Un must pour tout fabricant de fen\u00eatres ! Fix\u00e9 en moins d&rsquo;une minute au monte-escalier, il permet de transporter des portes blind\u00e9es et des vitrages jusqu&rsquo;\u00e0 une <strong>hauteur de 3 m\u00e8tres<\/strong>. Il peut \u00eatre pivot\u00e9 dans les deux sens pour franchir des escaliers tr\u00e8s \u00e9troits et des paliers. Il est \u00e9quip\u00e9 de supports lat\u00e9raux de ch\u00e2ssis de fen\u00eatre qui peuvent \u00eatre adapt\u00e9s pour recevoir des unit\u00e9s de blindage et de vitrage tr\u00e8s larges.<\/p>\n","protected":false},"excerpt":{"rendered":"<p>Un must pour tout fabricant de fen\u00eatres ! Fix\u00e9 en moins d&rsquo;une minute au monte-escalier, il permet de transporter des portes blind\u00e9es et des vitrages jusqu&rsquo;\u00e0 une hauteur de 3 m\u00e8tres. Il peut \u00eatre pivot\u00e9 dans les deux sens pour franchir des escaliers tr\u00e8s \u00e9troits et des paliers. Il est \u00e9quip\u00e9 de supports lat\u00e9raux de [&hellip;]<\/p>\n","protected":false},"featured_media":26852,"template":"","meta":{"_acf_changed":false,"content-type":"","inline_featured_image":false,"footnotes":""},"product_brand":[],"product_cat":[10512],"product_tag":[],"class_list":{"0":"post-26860","1":"product","2":"type-product","3":"status-publish","4":"has-post-thumbnail","6":"product_cat-accessoires","8":"first","9":"instock","10":"taxable","11":"shipping-taxable","12":"purchasable","13":"product-type-simple"},"acf":[],"yoast_head":"<!-- This site is optimized with the Yoast SEO Premium plugin v26.4 (Yoast SEO v26.9) - https:\/\/yoast.com\/product\/yoast-seo-premium-wordpress\/ -->\n<title>Acquista Accessoire pour portes et fen\u00eatres - Skipper &#128997;Zonzini Shop<\/title>\n<meta name=\"description\" content=\"Acquista Accessoire pour portes et fen\u00eatres - Skipper a un prezzo conveniente nello shop di Zonzini \u27aeVai allo shop\" \/>\n<meta name=\"robots\" content=\"index, follow, max-snippet:-1, max-image-preview:large, max-video-preview:-1\" \/>\n<link rel=\"canonical\" href=\"https:\/\/zonzinistairclimbers.com\/shop\/fr\/shop\/accessoires\/accessoire-pour-portes-et-fenetres-skipper\/\" \/>\n<meta property=\"og:locale\" content=\"fr_FR\" \/>\n<meta property=\"og:type\" content=\"article\" \/>\n<meta property=\"og:title\" content=\"Acquista Accessoire pour portes et fen\u00eatres - Skipper | Zonzini Shop\" \/>\n<meta property=\"og:description\" content=\"Acquista il Accessoire pour portes et fen\u00eatres - Skipper a un prezzo conveniente nello shop di Zonzini \u27aeVai allo shop\" \/>\n<meta property=\"og:url\" content=\"https:\/\/zonzinistairclimbers.com\/shop\/fr\/shop\/accessoires\/accessoire-pour-portes-et-fenetres-skipper\/\" \/>\n<meta property=\"og:site_name\" content=\"Monte-escaliers \u00e9lectriques - Chariots et diables | ZonziniMonte-escaliers \u00e9lectriques - Chariots et diables | Zonzini\" \/>\n<meta property=\"article:publisher\" content=\"https:\/\/www.facebook.com\/zonzinistairclimbers\/\" \/>\n<meta property=\"article:modified_time\" content=\"2025-05-15T15:44:14+00:00\" \/>\n<meta property=\"og:image\" content=\"https:\/\/zonzinistairclimbers.com\/shop\/wp-content\/uploads\/2025\/05\/ACC-Porta-Serramenti.jpeg\" \/>\n\t<meta property=\"og:image:width\" content=\"1000\" \/>\n\t<meta property=\"og:image:height\" content=\"1000\" \/>\n\t<meta property=\"og:image:type\" content=\"image\/jpeg\" \/>\n<meta name=\"twitter:card\" content=\"summary_large_image\" \/>\n<meta name=\"twitter:label1\" content=\"Prix\" \/>\n\t<meta name=\"twitter:data1\" content=\"990&nbsp;&euro;\" \/>\n\t<meta name=\"twitter:label2\" content=\"Disponibilit\u00e9\" \/>\n\t<meta name=\"twitter:data2\" content=\"En stock\" \/>\n<script type=\"application\/ld+json\" class=\"yoast-schema-graph\">{\"@context\":\"https:\/\/schema.org\",\"@graph\":[{\"@type\":\"WebPage\",\"@id\":\"https:\/\/zonzinistairclimbers.com\/shop\/fr\/shop\/accessoires\/accessoire-pour-portes-et-fenetres-skipper\/\",\"url\":\"https:\/\/zonzinistairclimbers.com\/shop\/fr\/shop\/accessoires\/accessoire-pour-portes-et-fenetres-skipper\/\",\"name\":\"Acquista Accessoire pour portes et fen\u00eatres - Skipper &#128997;Zonzini Shop\",\"isPartOf\":{\"@id\":\"https:\/\/zonzinistairclimbers.com\/shop\/fr\/#website\"},\"primaryImageOfPage\":{\"@id\":\"https:\/\/zonzinistairclimbers.com\/shop\/fr\/shop\/accessoires\/accessoire-pour-portes-et-fenetres-skipper\/#primaryimage\"},\"image\":{\"@id\":\"https:\/\/zonzinistairclimbers.com\/shop\/fr\/shop\/accessoires\/accessoire-pour-portes-et-fenetres-skipper\/#primaryimage\"},\"thumbnailUrl\":\"https:\/\/zonzinistairclimbers.com\/shop\/wp-content\/uploads\/2025\/05\/ACC-Porta-Serramenti.jpeg\",\"datePublished\":\"2025-05-15T15:23:02+00:00\",\"dateModified\":\"2025-05-15T15:44:14+00:00\",\"description\":\"Acquista Accessoire pour portes et fen\u00eatres - Skipper a un prezzo conveniente nello shop di Zonzini \u27aeVai allo shop\",\"breadcrumb\":{\"@id\":\"https:\/\/zonzinistairclimbers.com\/shop\/fr\/shop\/accessoires\/accessoire-pour-portes-et-fenetres-skipper\/#breadcrumb\"},\"inLanguage\":\"fr-FR\",\"potentialAction\":[{\"@type\":\"ReadAction\",\"target\":[\"https:\/\/zonzinistairclimbers.com\/shop\/fr\/shop\/accessoires\/accessoire-pour-portes-et-fenetres-skipper\/\"]}]},{\"@type\":\"ImageObject\",\"inLanguage\":\"fr-FR\",\"@id\":\"https:\/\/zonzinistairclimbers.com\/shop\/fr\/shop\/accessoires\/accessoire-pour-portes-et-fenetres-skipper\/#primaryimage\",\"url\":\"https:\/\/zonzinistairclimbers.com\/shop\/wp-content\/uploads\/2025\/05\/ACC-Porta-Serramenti.jpeg\",\"contentUrl\":\"https:\/\/zonzinistairclimbers.com\/shop\/wp-content\/uploads\/2025\/05\/ACC-Porta-Serramenti.jpeg\",\"width\":1000,\"height\":1000,\"caption\":\"Accessori per porte e finestre per il carrello saliscale\"},{\"@type\":\"BreadcrumbList\",\"@id\":\"https:\/\/zonzinistairclimbers.com\/shop\/fr\/shop\/accessoires\/accessoire-pour-portes-et-fenetres-skipper\/#breadcrumb\",\"itemListElement\":[{\"@type\":\"ListItem\",\"position\":1,\"name\":\"Shop\",\"item\":\"https:\/\/zonzinistairclimbers.com\/shop\/fr\/\"},{\"@type\":\"ListItem\",\"position\":2,\"name\":\"Accessoires\",\"item\":\"https:\/\/zonzinistairclimbers.com\/shop\/fr\/accessoires\/\"},{\"@type\":\"ListItem\",\"position\":3,\"name\":\"Accessoire pour portes et fen\u00eatres &#8211; Skipper\"}]},{\"@type\":\"WebSite\",\"@id\":\"https:\/\/zonzinistairclimbers.com\/shop\/fr\/#website\",\"url\":\"https:\/\/zonzinistairclimbers.com\/shop\/fr\/\",\"name\":\"Carrelli Saliscale Elettrici e Montascale a Cingoli | Zonzini\",\"description\":\"Carrelli saliscale per il trasporto di merci su scale e montascale per disabili Zonzini\",\"publisher\":{\"@id\":\"https:\/\/zonzinistairclimbers.com\/shop\/fr\/#organization\"},\"alternateName\":\"Zonzini Saliscale\",\"potentialAction\":[{\"@type\":\"SearchAction\",\"target\":{\"@type\":\"EntryPoint\",\"urlTemplate\":\"https:\/\/zonzinistairclimbers.com\/shop\/fr\/?s={search_term_string}\"},\"query-input\":{\"@type\":\"PropertyValueSpecification\",\"valueRequired\":true,\"valueName\":\"search_term_string\"}}],\"inLanguage\":\"fr-FR\"},{\"@type\":\"Organization\",\"@id\":\"https:\/\/zonzinistairclimbers.com\/shop\/fr\/#organization\",\"name\":\"Monte-escaliers \u00e9lectriques - Chariots et diables | ZonziniMonte-escaliers \u00e9lectriques - Chariots et diables | Zonzini\",\"url\":\"https:\/\/zonzinistairclimbers.com\/shop\/fr\/\",\"logo\":{\"@type\":\"ImageObject\",\"inLanguage\":\"fr-FR\",\"@id\":\"https:\/\/zonzinistairclimbers.com\/shop\/fr\/#\/schema\/logo\/image\/\",\"url\":\"https:\/\/zonzinistairclimbers.com\/shop\/wp-content\/uploads\/2023\/09\/Logo_zonzini.svg\",\"contentUrl\":\"https:\/\/zonzinistairclimbers.com\/shop\/wp-content\/uploads\/2023\/09\/Logo_zonzini.svg\",\"width\":1234,\"height\":325,\"caption\":\"Monte-escaliers \u00e9lectriques - Chariots et diables | ZonziniMonte-escaliers \u00e9lectriques - Chariots et diables | Zonzini\"},\"image\":{\"@id\":\"https:\/\/zonzinistairclimbers.com\/shop\/fr\/#\/schema\/logo\/image\/\"},\"sameAs\":[\"https:\/\/www.facebook.com\/zonzinistairclimbers\/\",\"https:\/\/www.instagram.com\/zonzini_stairclimbers\/\",\"https:\/\/www.youtube.com\/user\/saliscaleZONZINI\",\"https:\/\/www.linkedin.com\/company\/zonzini\/\"]}]}<\/script>\n<meta property=\"product:price:amount\" content=\"990\" \/>\n<meta property=\"product:price:currency\" content=\"EUR\" \/>\n<meta property=\"og:availability\" content=\"instock\" \/>\n<meta property=\"product:availability\" content=\"instock\" \/>\n<meta property=\"product:retailer_item_id\" content=\"NEWSK-INF-L\" \/>\n<meta property=\"product:condition\" content=\"new\" \/>\n<!-- \/ Yoast SEO Premium plugin. -->","yoast_head_json":{"title":"Acquista Accessoire pour portes et fen\u00eatres - Skipper &#128997;Zonzini Shop","description":"Acquista Accessoire pour portes et fen\u00eatres - Skipper a un prezzo conveniente nello shop di Zonzini \u27aeVai allo shop","robots":{"index":"index","follow":"follow","max-snippet":"max-snippet:-1","max-image-preview":"max-image-preview:large","max-video-preview":"max-video-preview:-1"},"canonical":"https:\/\/zonzinistairclimbers.com\/shop\/fr\/shop\/accessoires\/accessoire-pour-portes-et-fenetres-skipper\/","og_locale":"fr_FR","og_type":"article","og_title":"Acquista Accessoire pour portes et fen\u00eatres - Skipper | Zonzini Shop","og_description":"Acquista il Accessoire pour portes et fen\u00eatres - Skipper a un prezzo conveniente nello shop di Zonzini \u27aeVai allo shop","og_url":"https:\/\/zonzinistairclimbers.com\/shop\/fr\/shop\/accessoires\/accessoire-pour-portes-et-fenetres-skipper\/","og_site_name":"Monte-escaliers \u00e9lectriques - Chariots et diables | ZonziniMonte-escaliers \u00e9lectriques - Chariots et diables | Zonzini","article_publisher":"https:\/\/www.facebook.com\/zonzinistairclimbers\/","article_modified_time":"2025-05-15T15:44:14+00:00","og_image":[{"width":1000,"height":1000,"url":"https:\/\/zonzinistairclimbers.com\/shop\/wp-content\/uploads\/2025\/05\/ACC-Porta-Serramenti.jpeg","type":"image\/jpeg"}],"twitter_card":"summary_large_image","twitter_misc":{"Prix":"990&nbsp;&euro;","Disponibilit\u00e9":"En stock"},"schema":{"@context":"https:\/\/schema.org","@graph":[{"@type":"WebPage","@id":"https:\/\/zonzinistairclimbers.com\/shop\/fr\/shop\/accessoires\/accessoire-pour-portes-et-fenetres-skipper\/","url":"https:\/\/zonzinistairclimbers.com\/shop\/fr\/shop\/accessoires\/accessoire-pour-portes-et-fenetres-skipper\/","name":"Acquista Accessoire pour portes et fen\u00eatres - Skipper &#128997;Zonzini Shop","isPartOf":{"@id":"https:\/\/zonzinistairclimbers.com\/shop\/fr\/#website"},"primaryImageOfPage":{"@id":"https:\/\/zonzinistairclimbers.com\/shop\/fr\/shop\/accessoires\/accessoire-pour-portes-et-fenetres-skipper\/#primaryimage"},"image":{"@id":"https:\/\/zonzinistairclimbers.com\/shop\/fr\/shop\/accessoires\/accessoire-pour-portes-et-fenetres-skipper\/#primaryimage"},"thumbnailUrl":"https:\/\/zonzinistairclimbers.com\/shop\/wp-content\/uploads\/2025\/05\/ACC-Porta-Serramenti.jpeg","datePublished":"2025-05-15T15:23:02+00:00","dateModified":"2025-05-15T15:44:14+00:00","description":"Acquista Accessoire pour portes et fen\u00eatres - Skipper a un prezzo conveniente nello shop di Zonzini \u27aeVai allo shop","breadcrumb":{"@id":"https:\/\/zonzinistairclimbers.com\/shop\/fr\/shop\/accessoires\/accessoire-pour-portes-et-fenetres-skipper\/#breadcrumb"},"inLanguage":"fr-FR","potentialAction":[{"@type":"ReadAction","target":["https:\/\/zonzinistairclimbers.com\/shop\/fr\/shop\/accessoires\/accessoire-pour-portes-et-fenetres-skipper\/"]}]},{"@type":"ImageObject","inLanguage":"fr-FR","@id":"https:\/\/zonzinistairclimbers.com\/shop\/fr\/shop\/accessoires\/accessoire-pour-portes-et-fenetres-skipper\/#primaryimage","url":"https:\/\/zonzinistairclimbers.com\/shop\/wp-content\/uploads\/2025\/05\/ACC-Porta-Serramenti.jpeg","contentUrl":"https:\/\/zonzinistairclimbers.com\/shop\/wp-content\/uploads\/2025\/05\/ACC-Porta-Serramenti.jpeg","width":1000,"height":1000,"caption":"Accessori per porte e finestre per il carrello saliscale"},{"@type":"BreadcrumbList","@id":"https:\/\/zonzinistairclimbers.com\/shop\/fr\/shop\/accessoires\/accessoire-pour-portes-et-fenetres-skipper\/#breadcrumb","itemListElement":[{"@type":"ListItem","position":1,"name":"Shop","item":"https:\/\/zonzinistairclimbers.com\/shop\/fr\/"},{"@type":"ListItem","position":2,"name":"Accessoires","item":"https:\/\/zonzinistairclimbers.com\/shop\/fr\/accessoires\/"},{"@type":"ListItem","position":3,"name":"Accessoire pour portes et fen\u00eatres &#8211; Skipper"}]},{"@type":"WebSite","@id":"https:\/\/zonzinistairclimbers.com\/shop\/fr\/#website","url":"https:\/\/zonzinistairclimbers.com\/shop\/fr\/","name":"Carrelli Saliscale Elettrici e Montascale a Cingoli | Zonzini","description":"Carrelli saliscale per il trasporto di merci su scale e montascale per disabili Zonzini","publisher":{"@id":"https:\/\/zonzinistairclimbers.com\/shop\/fr\/#organization"},"alternateName":"Zonzini Saliscale","potentialAction":[{"@type":"SearchAction","target":{"@type":"EntryPoint","urlTemplate":"https:\/\/zonzinistairclimbers.com\/shop\/fr\/?s={search_term_string}"},"query-input":{"@type":"PropertyValueSpecification","valueRequired":true,"valueName":"search_term_string"}}],"inLanguage":"fr-FR"},{"@type":"Organization","@id":"https:\/\/zonzinistairclimbers.com\/shop\/fr\/#organization","name":"Monte-escaliers \u00e9lectriques - Chariots et diables | ZonziniMonte-escaliers \u00e9lectriques - Chariots et diables | Zonzini","url":"https:\/\/zonzinistairclimbers.com\/shop\/fr\/","logo":{"@type":"ImageObject","inLanguage":"fr-FR","@id":"https:\/\/zonzinistairclimbers.com\/shop\/fr\/#\/schema\/logo\/image\/","url":"https:\/\/zonzinistairclimbers.com\/shop\/wp-content\/uploads\/2023\/09\/Logo_zonzini.svg","contentUrl":"https:\/\/zonzinistairclimbers.com\/shop\/wp-content\/uploads\/2023\/09\/Logo_zonzini.svg","width":1234,"height":325,"caption":"Monte-escaliers \u00e9lectriques - Chariots et diables | ZonziniMonte-escaliers \u00e9lectriques - Chariots et diables | Zonzini"},"image":{"@id":"https:\/\/zonzinistairclimbers.com\/shop\/fr\/#\/schema\/logo\/image\/"},"sameAs":["https:\/\/www.facebook.com\/zonzinistairclimbers\/","https:\/\/www.instagram.com\/zonzini_stairclimbers\/","https:\/\/www.youtube.com\/user\/saliscaleZONZINI","https:\/\/www.linkedin.com\/company\/zonzini\/"]}]},"product_price_amount":"990","product_price_currency":"EUR","og_availability":"instock","product_availability":"instock","product_retailer_item_id":"NEWSK-INF-L","product_condition":"new"},"_links":{"self":[{"href":"https:\/\/zonzinistairclimbers.com\/shop\/fr\/wp-json\/wp\/v2\/product\/26860","targetHints":{"allow":["GET"]}}],"collection":[{"href":"https:\/\/zonzinistairclimbers.com\/shop\/fr\/wp-json\/wp\/v2\/product"}],"about":[{"href":"https:\/\/zonzinistairclimbers.com\/shop\/fr\/wp-json\/wp\/v2\/types\/product"}],"version-history":[{"count":1,"href":"https:\/\/zonzinistairclimbers.com\/shop\/fr\/wp-json\/wp\/v2\/product\/26860\/revisions"}],"predecessor-version":[{"id":26866,"href":"https:\/\/zonzinistairclimbers.com\/shop\/fr\/wp-json\/wp\/v2\/product\/26860\/revisions\/26866"}],"wp:featuredmedia":[{"embeddable":true,"href":"https:\/\/zonzinistairclimbers.com\/shop\/fr\/wp-json\/wp\/v2\/media\/26852"}],"wp:attachment":[{"href":"https:\/\/zonzinistairclimbers.com\/shop\/fr\/wp-json\/wp\/v2\/media?parent=26860"}],"wp:term":[{"taxonomy":"product_brand","embeddable":true,"href":"https:\/\/zonzinistairclimbers.com\/shop\/fr\/wp-json\/wp\/v2\/product_brand?post=26860"},{"taxonomy":"product_cat","embeddable":true,"href":"https:\/\/zonzinistairclimbers.com\/shop\/fr\/wp-json\/wp\/v2\/product_cat?post=26860"},{"taxonomy":"product_tag","embeddable":true,"href":"https:\/\/zonzinistairclimbers.com\/shop\/fr\/wp-json\/wp\/v2\/product_tag?post=26860"}],"curies":[{"name":"wp","href":"https:\/\/api.w.org\/{rel}","templated":true}]}}