{"id":22319,"date":"2024-11-20T11:11:15","date_gmt":"2024-11-20T10:11:15","guid":{"rendered":"https:\/\/www.zonzini.it\/prodotto\/skipper-lift-gl\/"},"modified":"2024-12-05T14:19:33","modified_gmt":"2024-12-05T13:19:33","slug":"skipper-lift-gl","status":"publish","type":"product","link":"https:\/\/zonzinistairclimbers.com\/shop\/fr\/shop\/carrello-saliscale-elettrico\/skipper-lift-gl\/","title":{"rendered":"Skipper Lift &#8211; GL"},"content":{"rendered":"<div class=\"_70\">\n<div class=\"white _24marginbottom left w-richtext\">\n<div class=\"w-embed\">\n<p><strong>SKIPPER EST LE CHARIOT \u00c9L\u00c9VATEUR \u00c9LECTRIQUE POUR LES MENUISERIES, LES FEN\u00caTRES ET LES CHARGES \u00c9LEV\u00c9ES<\/strong><\/p>\n<p><strong>Skipper<\/strong> est un chariot \u00e9l\u00e9vateur \u00e9lectrique \u00e0 chenilles id\u00e9al pour le transport sur les escaliers de charges \u00e9lev\u00e9es, telles que les menuiseries et les fen\u00eatres. Il est adapt\u00e9 \u00e0 tous types de surfaces. Gr\u00e2ce \u00e0 ses caract\u00e9ristiques innovantes, Skipper est le chariot parfait pour les menuisiers et pour le transport des fen\u00eatres.<\/p>\n<p><strong>ID\u00c9AL POUR LE TRANSPORT DE :<\/strong><\/p>\n<ul>\n<li>Menuiseries au sol<\/li>\n<li>Fen\u00eatres<\/li>\n<li>Portes<\/li>\n<li>Fen\u00eatres<\/li>\n<li>Portes blind\u00e9es<\/li>\n<li>Cylindres de gaz<\/li>\n<li>Serveurs<\/li>\n<li>Tableaux \u00e9lectriques<\/li>\n<li>Plaques de marbre<\/li>\n<li>Meubles hauts, tels qu&rsquo;une armoire ou une biblioth\u00e8que<\/li>\n<\/ul>\n<\/div>\n<\/div>\n<\/div>\n","protected":false},"excerpt":{"rendered":"<p>SKIPPER EST LE CHARIOT \u00c9L\u00c9VATEUR \u00c9LECTRIQUE POUR LES MENUISERIES, LES FEN\u00caTRES ET LES CHARGES \u00c9LEV\u00c9ES Skipper est un chariot \u00e9l\u00e9vateur \u00e9lectrique \u00e0 chenilles id\u00e9al pour le transport sur les escaliers de charges \u00e9lev\u00e9es, telles que les menuiseries et les fen\u00eatres. Il est adapt\u00e9 \u00e0 tous types de surfaces. Gr\u00e2ce \u00e0 ses caract\u00e9ristiques innovantes, Skipper est [&hellip;]<\/p>\n","protected":false},"featured_media":21252,"template":"","meta":{"_acf_changed":false,"content-type":"","inline_featured_image":false,"footnotes":""},"product_brand":[],"product_cat":[10517],"product_tag":[],"class_list":{"0":"post-22319","1":"product","2":"type-product","3":"status-publish","4":"has-post-thumbnail","6":"product_cat-monte-escaliers","8":"first","9":"instock","10":"sale","11":"taxable","12":"shipping-taxable","13":"purchasable","14":"product-type-variable","15":"has-default-attributes"},"acf":[],"yoast_head":"<!-- This site is optimized with the Yoast SEO Premium plugin v26.4 (Yoast SEO v26.9) - https:\/\/yoast.com\/product\/yoast-seo-premium-wordpress\/ -->\n<title>Chariot \u00c9lectrique Skipper Lift - GL | Boutique Zonzini<\/title>\n<meta name=\"description\" content=\"Achetez le chariot \u00e9lectrique \u00e0 chenilles Skipper Lift - GL sur la boutique en ligne Zonzini \u2705Capacit\u00e9 de charge 300 kg \u27aeAllez \u00e0 la boutique\" \/>\n<meta name=\"robots\" content=\"index, follow, max-snippet:-1, max-image-preview:large, max-video-preview:-1\" \/>\n<link rel=\"canonical\" href=\"https:\/\/zonzinistairclimbers.com\/shop\/fr\/shop\/carrello-saliscale-elettrico\/skipper-lift-gl\/\" \/>\n<meta property=\"og:locale\" content=\"fr_FR\" \/>\n<meta property=\"og:type\" content=\"article\" \/>\n<meta property=\"og:title\" content=\"Acquista Skipper Lift - GL | Zonzini Shop\" \/>\n<meta property=\"og:description\" content=\"Acquista il Skipper Lift - GL a un prezzo conveniente nello shop di Zonzini \u27aeVai allo shop\" \/>\n<meta property=\"og:url\" content=\"https:\/\/zonzinistairclimbers.com\/shop\/fr\/shop\/carrello-saliscale-elettrico\/skipper-lift-gl\/\" \/>\n<meta property=\"og:site_name\" content=\"Monte-escaliers \u00e9lectriques - Chariots et diables | ZonziniMonte-escaliers \u00e9lectriques - Chariots et diables | Zonzini\" \/>\n<meta property=\"article:publisher\" content=\"https:\/\/www.facebook.com\/zonzinistairclimbers\/\" \/>\n<meta property=\"article:modified_time\" content=\"2024-12-05T13:19:33+00:00\" \/>\n<meta property=\"og:image\" content=\"https:\/\/zonzinistairclimbers.com\/shop\/wp-content\/uploads\/2024\/11\/Zfc-62-copia-e1733142313881.jpg\" \/>\n\t<meta property=\"og:image:width\" content=\"2376\" \/>\n\t<meta property=\"og:image:height\" content=\"1584\" \/>\n\t<meta property=\"og:image:type\" content=\"image\/jpeg\" \/>\n<meta name=\"twitter:card\" content=\"summary_large_image\" \/>\n<meta name=\"twitter:label1\" content=\"Disponibilit\u00e9\" \/>\n\t<meta name=\"twitter:data1\" content=\"En stock\" \/>\n<script type=\"application\/ld+json\" class=\"yoast-schema-graph\">{\"@context\":\"https:\/\/schema.org\",\"@graph\":[{\"@type\":\"WebPage\",\"@id\":\"https:\/\/zonzinistairclimbers.com\/shop\/fr\/shop\/carrello-saliscale-elettrico\/skipper-lift-gl\/\",\"url\":\"https:\/\/zonzinistairclimbers.com\/shop\/fr\/shop\/carrello-saliscale-elettrico\/skipper-lift-gl\/\",\"name\":\"Chariot \u00c9lectrique Skipper Lift - GL | Boutique Zonzini\",\"isPartOf\":{\"@id\":\"https:\/\/zonzinistairclimbers.com\/shop\/fr\/#website\"},\"primaryImageOfPage\":{\"@id\":\"https:\/\/zonzinistairclimbers.com\/shop\/fr\/shop\/carrello-saliscale-elettrico\/skipper-lift-gl\/#primaryimage\"},\"image\":{\"@id\":\"https:\/\/zonzinistairclimbers.com\/shop\/fr\/shop\/carrello-saliscale-elettrico\/skipper-lift-gl\/#primaryimage\"},\"thumbnailUrl\":\"https:\/\/zonzinistairclimbers.com\/shop\/wp-content\/uploads\/2024\/11\/Zfc-62-copia-e1733142313881.jpg\",\"datePublished\":\"2024-11-20T10:11:15+00:00\",\"dateModified\":\"2024-12-05T13:19:33+00:00\",\"description\":\"Achetez le chariot \u00e9lectrique \u00e0 chenilles Skipper Lift - GL sur la boutique en ligne Zonzini \u2705Capacit\u00e9 de charge 300 kg \u27aeAllez \u00e0 la boutique\",\"breadcrumb\":{\"@id\":\"https:\/\/zonzinistairclimbers.com\/shop\/fr\/shop\/carrello-saliscale-elettrico\/skipper-lift-gl\/#breadcrumb\"},\"inLanguage\":\"fr-FR\",\"potentialAction\":[{\"@type\":\"ReadAction\",\"target\":[\"https:\/\/zonzinistairclimbers.com\/shop\/fr\/shop\/carrello-saliscale-elettrico\/skipper-lift-gl\/\"]}]},{\"@type\":\"ImageObject\",\"inLanguage\":\"fr-FR\",\"@id\":\"https:\/\/zonzinistairclimbers.com\/shop\/fr\/shop\/carrello-saliscale-elettrico\/skipper-lift-gl\/#primaryimage\",\"url\":\"https:\/\/zonzinistairclimbers.com\/shop\/wp-content\/uploads\/2024\/11\/Zfc-62-copia-e1733142313881.jpg\",\"contentUrl\":\"https:\/\/zonzinistairclimbers.com\/shop\/wp-content\/uploads\/2024\/11\/Zfc-62-copia-e1733142313881.jpg\",\"width\":2376,\"height\":1584,\"caption\":\"Carrello cingolato per trasporto vetri\"},{\"@type\":\"BreadcrumbList\",\"@id\":\"https:\/\/zonzinistairclimbers.com\/shop\/fr\/shop\/carrello-saliscale-elettrico\/skipper-lift-gl\/#breadcrumb\",\"itemListElement\":[{\"@type\":\"ListItem\",\"position\":1,\"name\":\"Shop\",\"item\":\"https:\/\/zonzinistairclimbers.com\/shop\/fr\/\"},{\"@type\":\"ListItem\",\"position\":2,\"name\":\"Monte-escaliers\",\"item\":\"https:\/\/zonzinistairclimbers.com\/shop\/fr\/shop\/monte-escaliers\/\"},{\"@type\":\"ListItem\",\"position\":3,\"name\":\"Skipper Lift &#8211; GL\"}]},{\"@type\":\"WebSite\",\"@id\":\"https:\/\/zonzinistairclimbers.com\/shop\/fr\/#website\",\"url\":\"https:\/\/zonzinistairclimbers.com\/shop\/fr\/\",\"name\":\"Carrelli Saliscale Elettrici e Montascale a Cingoli | Zonzini\",\"description\":\"Carrelli saliscale per il trasporto di merci su scale e montascale per disabili Zonzini\",\"publisher\":{\"@id\":\"https:\/\/zonzinistairclimbers.com\/shop\/fr\/#organization\"},\"alternateName\":\"Zonzini Saliscale\",\"potentialAction\":[{\"@type\":\"SearchAction\",\"target\":{\"@type\":\"EntryPoint\",\"urlTemplate\":\"https:\/\/zonzinistairclimbers.com\/shop\/fr\/?s={search_term_string}\"},\"query-input\":{\"@type\":\"PropertyValueSpecification\",\"valueRequired\":true,\"valueName\":\"search_term_string\"}}],\"inLanguage\":\"fr-FR\"},{\"@type\":\"Organization\",\"@id\":\"https:\/\/zonzinistairclimbers.com\/shop\/fr\/#organization\",\"name\":\"Monte-escaliers \u00e9lectriques - Chariots et diables | ZonziniMonte-escaliers \u00e9lectriques - Chariots et diables | Zonzini\",\"url\":\"https:\/\/zonzinistairclimbers.com\/shop\/fr\/\",\"logo\":{\"@type\":\"ImageObject\",\"inLanguage\":\"fr-FR\",\"@id\":\"https:\/\/zonzinistairclimbers.com\/shop\/fr\/#\/schema\/logo\/image\/\",\"url\":\"https:\/\/zonzinistairclimbers.com\/shop\/wp-content\/uploads\/2023\/09\/Logo_zonzini.svg\",\"contentUrl\":\"https:\/\/zonzinistairclimbers.com\/shop\/wp-content\/uploads\/2023\/09\/Logo_zonzini.svg\",\"width\":1234,\"height\":325,\"caption\":\"Monte-escaliers \u00e9lectriques - Chariots et diables | ZonziniMonte-escaliers \u00e9lectriques - Chariots et diables | Zonzini\"},\"image\":{\"@id\":\"https:\/\/zonzinistairclimbers.com\/shop\/fr\/#\/schema\/logo\/image\/\"},\"sameAs\":[\"https:\/\/www.facebook.com\/zonzinistairclimbers\/\",\"https:\/\/www.instagram.com\/zonzini_stairclimbers\/\",\"https:\/\/www.youtube.com\/user\/saliscaleZONZINI\",\"https:\/\/www.linkedin.com\/company\/zonzini\/\"]}]}<\/script>\n<meta property=\"og:availability\" content=\"instock\" \/>\n<meta property=\"product:availability\" content=\"instock\" \/>\n<meta property=\"product:condition\" content=\"new\" \/>\n<!-- \/ Yoast SEO Premium plugin. -->","yoast_head_json":{"title":"Chariot \u00c9lectrique Skipper Lift - GL | Boutique Zonzini","description":"Achetez le chariot \u00e9lectrique \u00e0 chenilles Skipper Lift - GL sur la boutique en ligne Zonzini \u2705Capacit\u00e9 de charge 300 kg \u27aeAllez \u00e0 la boutique","robots":{"index":"index","follow":"follow","max-snippet":"max-snippet:-1","max-image-preview":"max-image-preview:large","max-video-preview":"max-video-preview:-1"},"canonical":"https:\/\/zonzinistairclimbers.com\/shop\/fr\/shop\/carrello-saliscale-elettrico\/skipper-lift-gl\/","og_locale":"fr_FR","og_type":"article","og_title":"Acquista Skipper Lift - GL | Zonzini Shop","og_description":"Acquista il Skipper Lift - GL a un prezzo conveniente nello shop di Zonzini \u27aeVai allo shop","og_url":"https:\/\/zonzinistairclimbers.com\/shop\/fr\/shop\/carrello-saliscale-elettrico\/skipper-lift-gl\/","og_site_name":"Monte-escaliers \u00e9lectriques - Chariots et diables | ZonziniMonte-escaliers \u00e9lectriques - Chariots et diables | Zonzini","article_publisher":"https:\/\/www.facebook.com\/zonzinistairclimbers\/","article_modified_time":"2024-12-05T13:19:33+00:00","og_image":[{"width":2376,"height":1584,"url":"https:\/\/zonzinistairclimbers.com\/shop\/wp-content\/uploads\/2024\/11\/Zfc-62-copia-e1733142313881.jpg","type":"image\/jpeg"}],"twitter_card":"summary_large_image","twitter_misc":{"Disponibilit\u00e9":"En stock"},"schema":{"@context":"https:\/\/schema.org","@graph":[{"@type":"WebPage","@id":"https:\/\/zonzinistairclimbers.com\/shop\/fr\/shop\/carrello-saliscale-elettrico\/skipper-lift-gl\/","url":"https:\/\/zonzinistairclimbers.com\/shop\/fr\/shop\/carrello-saliscale-elettrico\/skipper-lift-gl\/","name":"Chariot \u00c9lectrique Skipper Lift - GL | Boutique Zonzini","isPartOf":{"@id":"https:\/\/zonzinistairclimbers.com\/shop\/fr\/#website"},"primaryImageOfPage":{"@id":"https:\/\/zonzinistairclimbers.com\/shop\/fr\/shop\/carrello-saliscale-elettrico\/skipper-lift-gl\/#primaryimage"},"image":{"@id":"https:\/\/zonzinistairclimbers.com\/shop\/fr\/shop\/carrello-saliscale-elettrico\/skipper-lift-gl\/#primaryimage"},"thumbnailUrl":"https:\/\/zonzinistairclimbers.com\/shop\/wp-content\/uploads\/2024\/11\/Zfc-62-copia-e1733142313881.jpg","datePublished":"2024-11-20T10:11:15+00:00","dateModified":"2024-12-05T13:19:33+00:00","description":"Achetez le chariot \u00e9lectrique \u00e0 chenilles Skipper Lift - GL sur la boutique en ligne Zonzini \u2705Capacit\u00e9 de charge 300 kg \u27aeAllez \u00e0 la boutique","breadcrumb":{"@id":"https:\/\/zonzinistairclimbers.com\/shop\/fr\/shop\/carrello-saliscale-elettrico\/skipper-lift-gl\/#breadcrumb"},"inLanguage":"fr-FR","potentialAction":[{"@type":"ReadAction","target":["https:\/\/zonzinistairclimbers.com\/shop\/fr\/shop\/carrello-saliscale-elettrico\/skipper-lift-gl\/"]}]},{"@type":"ImageObject","inLanguage":"fr-FR","@id":"https:\/\/zonzinistairclimbers.com\/shop\/fr\/shop\/carrello-saliscale-elettrico\/skipper-lift-gl\/#primaryimage","url":"https:\/\/zonzinistairclimbers.com\/shop\/wp-content\/uploads\/2024\/11\/Zfc-62-copia-e1733142313881.jpg","contentUrl":"https:\/\/zonzinistairclimbers.com\/shop\/wp-content\/uploads\/2024\/11\/Zfc-62-copia-e1733142313881.jpg","width":2376,"height":1584,"caption":"Carrello cingolato per trasporto vetri"},{"@type":"BreadcrumbList","@id":"https:\/\/zonzinistairclimbers.com\/shop\/fr\/shop\/carrello-saliscale-elettrico\/skipper-lift-gl\/#breadcrumb","itemListElement":[{"@type":"ListItem","position":1,"name":"Shop","item":"https:\/\/zonzinistairclimbers.com\/shop\/fr\/"},{"@type":"ListItem","position":2,"name":"Monte-escaliers","item":"https:\/\/zonzinistairclimbers.com\/shop\/fr\/shop\/monte-escaliers\/"},{"@type":"ListItem","position":3,"name":"Skipper Lift &#8211; GL"}]},{"@type":"WebSite","@id":"https:\/\/zonzinistairclimbers.com\/shop\/fr\/#website","url":"https:\/\/zonzinistairclimbers.com\/shop\/fr\/","name":"Carrelli Saliscale Elettrici e Montascale a Cingoli | Zonzini","description":"Carrelli saliscale per il trasporto di merci su scale e montascale per disabili Zonzini","publisher":{"@id":"https:\/\/zonzinistairclimbers.com\/shop\/fr\/#organization"},"alternateName":"Zonzini Saliscale","potentialAction":[{"@type":"SearchAction","target":{"@type":"EntryPoint","urlTemplate":"https:\/\/zonzinistairclimbers.com\/shop\/fr\/?s={search_term_string}"},"query-input":{"@type":"PropertyValueSpecification","valueRequired":true,"valueName":"search_term_string"}}],"inLanguage":"fr-FR"},{"@type":"Organization","@id":"https:\/\/zonzinistairclimbers.com\/shop\/fr\/#organization","name":"Monte-escaliers \u00e9lectriques - Chariots et diables | ZonziniMonte-escaliers \u00e9lectriques - Chariots et diables | Zonzini","url":"https:\/\/zonzinistairclimbers.com\/shop\/fr\/","logo":{"@type":"ImageObject","inLanguage":"fr-FR","@id":"https:\/\/zonzinistairclimbers.com\/shop\/fr\/#\/schema\/logo\/image\/","url":"https:\/\/zonzinistairclimbers.com\/shop\/wp-content\/uploads\/2023\/09\/Logo_zonzini.svg","contentUrl":"https:\/\/zonzinistairclimbers.com\/shop\/wp-content\/uploads\/2023\/09\/Logo_zonzini.svg","width":1234,"height":325,"caption":"Monte-escaliers \u00e9lectriques - Chariots et diables | ZonziniMonte-escaliers \u00e9lectriques - Chariots et diables | Zonzini"},"image":{"@id":"https:\/\/zonzinistairclimbers.com\/shop\/fr\/#\/schema\/logo\/image\/"},"sameAs":["https:\/\/www.facebook.com\/zonzinistairclimbers\/","https:\/\/www.instagram.com\/zonzini_stairclimbers\/","https:\/\/www.youtube.com\/user\/saliscaleZONZINI","https:\/\/www.linkedin.com\/company\/zonzini\/"]}]},"og_availability":"instock","product_availability":"instock","product_condition":"new"},"_links":{"self":[{"href":"https:\/\/zonzinistairclimbers.com\/shop\/fr\/wp-json\/wp\/v2\/product\/22319","targetHints":{"allow":["GET"]}}],"collection":[{"href":"https:\/\/zonzinistairclimbers.com\/shop\/fr\/wp-json\/wp\/v2\/product"}],"about":[{"href":"https:\/\/zonzinistairclimbers.com\/shop\/fr\/wp-json\/wp\/v2\/types\/product"}],"version-history":[{"count":2,"href":"https:\/\/zonzinistairclimbers.com\/shop\/fr\/wp-json\/wp\/v2\/product\/22319\/revisions"}],"predecessor-version":[{"id":23040,"href":"https:\/\/zonzinistairclimbers.com\/shop\/fr\/wp-json\/wp\/v2\/product\/22319\/revisions\/23040"}],"wp:featuredmedia":[{"embeddable":true,"href":"https:\/\/zonzinistairclimbers.com\/shop\/fr\/wp-json\/wp\/v2\/media\/21252"}],"wp:attachment":[{"href":"https:\/\/zonzinistairclimbers.com\/shop\/fr\/wp-json\/wp\/v2\/media?parent=22319"}],"wp:term":[{"taxonomy":"product_brand","embeddable":true,"href":"https:\/\/zonzinistairclimbers.com\/shop\/fr\/wp-json\/wp\/v2\/product_brand?post=22319"},{"taxonomy":"product_cat","embeddable":true,"href":"https:\/\/zonzinistairclimbers.com\/shop\/fr\/wp-json\/wp\/v2\/product_cat?post=22319"},{"taxonomy":"product_tag","embeddable":true,"href":"https:\/\/zonzinistairclimbers.com\/shop\/fr\/wp-json\/wp\/v2\/product_tag?post=22319"}],"curies":[{"name":"wp","href":"https:\/\/api.w.org\/{rel}","templated":true}]}}