{"id":12676,"date":"2021-11-17T10:00:58","date_gmt":"2021-11-17T09:00:58","guid":{"rendered":"http:\/\/zonzini.it\/shop\/non%20class\u00e9\/domino-plasmoid\/"},"modified":"2024-12-05T13:33:43","modified_gmt":"2024-12-05T12:33:43","slug":"domino-plasmoid","status":"publish","type":"product","link":"https:\/\/zonzinistairclimbers.com\/shop\/fr\/shop\/monte-escaliers\/domino\/","title":{"rendered":"Domino"},"content":{"rendered":"<p>Robot monte-escalier automatique pour le transport de charges jusqu&rsquo;\u00e0 400 kg.<\/p>\n<p>Extr\u00eamement simple et s\u00fbr \u00e0 utiliser, le d\u00e9bardeur sur chenilles Domino est adapt\u00e9 au transport dans les escaliers int\u00e9rieurs et ext\u00e9rieurs et sur les sols inclin\u00e9s, y compris les sols non finis.<\/p>\n<p>Domino Stabilis\u00e9, la version avec <strong>bras stabilisateur<\/strong>, repr\u00e9sente la technologie la plus avanc\u00e9e disponible sur le march\u00e9. Il est \u00e9quip\u00e9 de capteurs de d\u00e9tection de pas, ce qui permet au bras stabilisateur de rester en contact avec le sol \u00e0 tout moment.<\/p>\n<p>Il peut tourner dans des espaces tr\u00e8s \u00e9troits.<\/p>\n<p>Il convient au transport d&rsquo;une large gamme de charges <strong>jusqu&rsquo;\u00e0 2 m\u00e8tres de haut<\/strong>.<\/p>\n","protected":false},"excerpt":{"rendered":"<p>Robot monte-escalier automatique pour le transport de charges jusqu&rsquo;\u00e0 400 kg. Extr\u00eamement simple et s\u00fbr \u00e0 utiliser, le d\u00e9bardeur sur chenilles Domino est adapt\u00e9 au transport dans les escaliers int\u00e9rieurs et ext\u00e9rieurs et sur les sols inclin\u00e9s, y compris les sols non finis. Domino Stabilis\u00e9, la version avec bras stabilisateur, repr\u00e9sente la technologie la plus [&hellip;]<\/p>\n","protected":false},"featured_media":8754,"template":"","meta":{"_acf_changed":false,"content-type":"","inline_featured_image":false,"footnotes":""},"product_brand":[],"product_cat":[10517],"product_tag":[],"class_list":{"0":"post-12676","1":"product","2":"type-product","3":"status-publish","4":"has-post-thumbnail","6":"product_cat-monte-escaliers","8":"first","9":"instock","10":"sale","11":"taxable","12":"shipping-taxable","13":"purchasable","14":"product-type-variable","15":"has-default-attributes"},"acf":[],"yoast_head":"<!-- This site is optimized with the Yoast SEO Premium plugin v26.4 (Yoast SEO v26.9) - https:\/\/yoast.com\/product\/yoast-seo-premium-wordpress\/ -->\n<title>Acheter le monte-escalier Domino \u00e0 partir de 7 400 \u20ac.<\/title>\n<meta name=\"description\" content=\"Acheter le chariot monte-escalier \u00e0 chenilles Domino \u00e0 partir de 7 400 \u20ac dans la boutique en ligne Zonzini \u27ae Aller \u00e0 la boutique en ligne\" \/>\n<meta name=\"robots\" content=\"index, follow, max-snippet:-1, max-image-preview:large, max-video-preview:-1\" \/>\n<link rel=\"canonical\" href=\"https:\/\/zonzinistairclimbers.com\/shop\/fr\/shop\/monte-escaliers\/domino\/\" \/>\n<meta property=\"og:locale\" content=\"fr_FR\" \/>\n<meta property=\"og:type\" content=\"article\" \/>\n<meta property=\"og:title\" content=\"Acquista Domino | Zonzini Shop\" \/>\n<meta property=\"og:description\" content=\"Acquista il Domino a un prezzo conveniente nello shop di Zonzini \u27aeVai allo shop\" \/>\n<meta property=\"og:url\" content=\"https:\/\/zonzinistairclimbers.com\/shop\/fr\/shop\/monte-escaliers\/domino\/\" \/>\n<meta property=\"og:site_name\" content=\"Monte-escaliers \u00e9lectriques - Chariots et diables | ZonziniMonte-escaliers \u00e9lectriques - Chariots et diables | Zonzini\" \/>\n<meta property=\"article:publisher\" content=\"https:\/\/www.facebook.com\/zonzinistairclimbers\/\" \/>\n<meta property=\"article:modified_time\" content=\"2024-12-05T12:33:43+00:00\" \/>\n<meta property=\"og:image\" content=\"https:\/\/zonzinistairclimbers.com\/shop\/wp-content\/uploads\/2021\/11\/Zonzincroped-per-sito-1.jpg\" \/>\n\t<meta property=\"og:image:width\" content=\"1151\" \/>\n\t<meta property=\"og:image:height\" content=\"1151\" \/>\n\t<meta property=\"og:image:type\" content=\"image\/jpeg\" \/>\n<meta name=\"twitter:card\" content=\"summary_large_image\" \/>\n<meta name=\"twitter:label1\" content=\"Disponibilit\u00e9\" \/>\n\t<meta name=\"twitter:data1\" content=\"En stock\" \/>\n<script type=\"application\/ld+json\" class=\"yoast-schema-graph\">{\"@context\":\"https:\/\/schema.org\",\"@graph\":[{\"@type\":\"WebPage\",\"@id\":\"https:\/\/zonzinistairclimbers.com\/shop\/fr\/shop\/monte-escaliers\/domino\/\",\"url\":\"https:\/\/zonzinistairclimbers.com\/shop\/fr\/shop\/monte-escaliers\/domino\/\",\"name\":\"Acheter le monte-escalier Domino \u00e0 partir de 7 400 \u20ac.\",\"isPartOf\":{\"@id\":\"https:\/\/zonzinistairclimbers.com\/shop\/fr\/#website\"},\"primaryImageOfPage\":{\"@id\":\"https:\/\/zonzinistairclimbers.com\/shop\/fr\/shop\/monte-escaliers\/domino\/#primaryimage\"},\"image\":{\"@id\":\"https:\/\/zonzinistairclimbers.com\/shop\/fr\/shop\/monte-escaliers\/domino\/#primaryimage\"},\"thumbnailUrl\":\"https:\/\/zonzinistairclimbers.com\/shop\/wp-content\/uploads\/2021\/11\/Zonzincroped-per-sito-1.jpg\",\"datePublished\":\"2021-11-17T09:00:58+00:00\",\"dateModified\":\"2024-12-05T12:33:43+00:00\",\"description\":\"Acheter le chariot monte-escalier \u00e0 chenilles Domino \u00e0 partir de 7 400 \u20ac dans la boutique en ligne Zonzini \u27ae Aller \u00e0 la boutique en ligne\",\"breadcrumb\":{\"@id\":\"https:\/\/zonzinistairclimbers.com\/shop\/fr\/shop\/monte-escaliers\/domino\/#breadcrumb\"},\"inLanguage\":\"fr-FR\",\"potentialAction\":[{\"@type\":\"ReadAction\",\"target\":[\"https:\/\/zonzinistairclimbers.com\/shop\/fr\/shop\/monte-escaliers\/domino\/\"]}]},{\"@type\":\"ImageObject\",\"inLanguage\":\"fr-FR\",\"@id\":\"https:\/\/zonzinistairclimbers.com\/shop\/fr\/shop\/monte-escaliers\/domino\/#primaryimage\",\"url\":\"https:\/\/zonzinistairclimbers.com\/shop\/wp-content\/uploads\/2021\/11\/Zonzincroped-per-sito-1.jpg\",\"contentUrl\":\"https:\/\/zonzinistairclimbers.com\/shop\/wp-content\/uploads\/2021\/11\/Zonzincroped-per-sito-1.jpg\",\"width\":1151,\"height\":1151,\"caption\":\"robot monte-escalier Domino Plasmoid\"},{\"@type\":\"BreadcrumbList\",\"@id\":\"https:\/\/zonzinistairclimbers.com\/shop\/fr\/shop\/monte-escaliers\/domino\/#breadcrumb\",\"itemListElement\":[{\"@type\":\"ListItem\",\"position\":1,\"name\":\"Shop\",\"item\":\"https:\/\/zonzinistairclimbers.com\/shop\/fr\/\"},{\"@type\":\"ListItem\",\"position\":2,\"name\":\"Monte-escaliers\",\"item\":\"https:\/\/zonzinistairclimbers.com\/shop\/fr\/shop\/monte-escaliers\/\"},{\"@type\":\"ListItem\",\"position\":3,\"name\":\"Domino\"}]},{\"@type\":\"WebSite\",\"@id\":\"https:\/\/zonzinistairclimbers.com\/shop\/fr\/#website\",\"url\":\"https:\/\/zonzinistairclimbers.com\/shop\/fr\/\",\"name\":\"Carrelli Saliscale Elettrici e Montascale a Cingoli | Zonzini\",\"description\":\"Carrelli saliscale per il trasporto di merci su scale e montascale per disabili Zonzini\",\"publisher\":{\"@id\":\"https:\/\/zonzinistairclimbers.com\/shop\/fr\/#organization\"},\"alternateName\":\"Zonzini Saliscale\",\"potentialAction\":[{\"@type\":\"SearchAction\",\"target\":{\"@type\":\"EntryPoint\",\"urlTemplate\":\"https:\/\/zonzinistairclimbers.com\/shop\/fr\/?s={search_term_string}\"},\"query-input\":{\"@type\":\"PropertyValueSpecification\",\"valueRequired\":true,\"valueName\":\"search_term_string\"}}],\"inLanguage\":\"fr-FR\"},{\"@type\":\"Organization\",\"@id\":\"https:\/\/zonzinistairclimbers.com\/shop\/fr\/#organization\",\"name\":\"Monte-escaliers \u00e9lectriques - Chariots et diables | ZonziniMonte-escaliers \u00e9lectriques - Chariots et diables | Zonzini\",\"url\":\"https:\/\/zonzinistairclimbers.com\/shop\/fr\/\",\"logo\":{\"@type\":\"ImageObject\",\"inLanguage\":\"fr-FR\",\"@id\":\"https:\/\/zonzinistairclimbers.com\/shop\/fr\/#\/schema\/logo\/image\/\",\"url\":\"https:\/\/zonzinistairclimbers.com\/shop\/wp-content\/uploads\/2023\/09\/Logo_zonzini.svg\",\"contentUrl\":\"https:\/\/zonzinistairclimbers.com\/shop\/wp-content\/uploads\/2023\/09\/Logo_zonzini.svg\",\"width\":1234,\"height\":325,\"caption\":\"Monte-escaliers \u00e9lectriques - Chariots et diables | ZonziniMonte-escaliers \u00e9lectriques - Chariots et diables | Zonzini\"},\"image\":{\"@id\":\"https:\/\/zonzinistairclimbers.com\/shop\/fr\/#\/schema\/logo\/image\/\"},\"sameAs\":[\"https:\/\/www.facebook.com\/zonzinistairclimbers\/\",\"https:\/\/www.instagram.com\/zonzini_stairclimbers\/\",\"https:\/\/www.youtube.com\/user\/saliscaleZONZINI\",\"https:\/\/www.linkedin.com\/company\/zonzini\/\"]}]}<\/script>\n<meta property=\"og:availability\" content=\"instock\" \/>\n<meta property=\"product:availability\" content=\"instock\" \/>\n<meta property=\"product:condition\" content=\"new\" \/>\n<!-- \/ Yoast SEO Premium plugin. -->","yoast_head_json":{"title":"Acheter le monte-escalier Domino \u00e0 partir de 7 400 \u20ac.","description":"Acheter le chariot monte-escalier \u00e0 chenilles Domino \u00e0 partir de 7 400 \u20ac dans la boutique en ligne Zonzini \u27ae Aller \u00e0 la boutique en ligne","robots":{"index":"index","follow":"follow","max-snippet":"max-snippet:-1","max-image-preview":"max-image-preview:large","max-video-preview":"max-video-preview:-1"},"canonical":"https:\/\/zonzinistairclimbers.com\/shop\/fr\/shop\/monte-escaliers\/domino\/","og_locale":"fr_FR","og_type":"article","og_title":"Acquista Domino | Zonzini Shop","og_description":"Acquista il Domino a un prezzo conveniente nello shop di Zonzini \u27aeVai allo shop","og_url":"https:\/\/zonzinistairclimbers.com\/shop\/fr\/shop\/monte-escaliers\/domino\/","og_site_name":"Monte-escaliers \u00e9lectriques - Chariots et diables | ZonziniMonte-escaliers \u00e9lectriques - Chariots et diables | Zonzini","article_publisher":"https:\/\/www.facebook.com\/zonzinistairclimbers\/","article_modified_time":"2024-12-05T12:33:43+00:00","og_image":[{"width":1151,"height":1151,"url":"https:\/\/zonzinistairclimbers.com\/shop\/wp-content\/uploads\/2021\/11\/Zonzincroped-per-sito-1.jpg","type":"image\/jpeg"}],"twitter_card":"summary_large_image","twitter_misc":{"Disponibilit\u00e9":"En stock"},"schema":{"@context":"https:\/\/schema.org","@graph":[{"@type":"WebPage","@id":"https:\/\/zonzinistairclimbers.com\/shop\/fr\/shop\/monte-escaliers\/domino\/","url":"https:\/\/zonzinistairclimbers.com\/shop\/fr\/shop\/monte-escaliers\/domino\/","name":"Acheter le monte-escalier Domino \u00e0 partir de 7 400 \u20ac.","isPartOf":{"@id":"https:\/\/zonzinistairclimbers.com\/shop\/fr\/#website"},"primaryImageOfPage":{"@id":"https:\/\/zonzinistairclimbers.com\/shop\/fr\/shop\/monte-escaliers\/domino\/#primaryimage"},"image":{"@id":"https:\/\/zonzinistairclimbers.com\/shop\/fr\/shop\/monte-escaliers\/domino\/#primaryimage"},"thumbnailUrl":"https:\/\/zonzinistairclimbers.com\/shop\/wp-content\/uploads\/2021\/11\/Zonzincroped-per-sito-1.jpg","datePublished":"2021-11-17T09:00:58+00:00","dateModified":"2024-12-05T12:33:43+00:00","description":"Acheter le chariot monte-escalier \u00e0 chenilles Domino \u00e0 partir de 7 400 \u20ac dans la boutique en ligne Zonzini \u27ae Aller \u00e0 la boutique en ligne","breadcrumb":{"@id":"https:\/\/zonzinistairclimbers.com\/shop\/fr\/shop\/monte-escaliers\/domino\/#breadcrumb"},"inLanguage":"fr-FR","potentialAction":[{"@type":"ReadAction","target":["https:\/\/zonzinistairclimbers.com\/shop\/fr\/shop\/monte-escaliers\/domino\/"]}]},{"@type":"ImageObject","inLanguage":"fr-FR","@id":"https:\/\/zonzinistairclimbers.com\/shop\/fr\/shop\/monte-escaliers\/domino\/#primaryimage","url":"https:\/\/zonzinistairclimbers.com\/shop\/wp-content\/uploads\/2021\/11\/Zonzincroped-per-sito-1.jpg","contentUrl":"https:\/\/zonzinistairclimbers.com\/shop\/wp-content\/uploads\/2021\/11\/Zonzincroped-per-sito-1.jpg","width":1151,"height":1151,"caption":"robot monte-escalier Domino Plasmoid"},{"@type":"BreadcrumbList","@id":"https:\/\/zonzinistairclimbers.com\/shop\/fr\/shop\/monte-escaliers\/domino\/#breadcrumb","itemListElement":[{"@type":"ListItem","position":1,"name":"Shop","item":"https:\/\/zonzinistairclimbers.com\/shop\/fr\/"},{"@type":"ListItem","position":2,"name":"Monte-escaliers","item":"https:\/\/zonzinistairclimbers.com\/shop\/fr\/shop\/monte-escaliers\/"},{"@type":"ListItem","position":3,"name":"Domino"}]},{"@type":"WebSite","@id":"https:\/\/zonzinistairclimbers.com\/shop\/fr\/#website","url":"https:\/\/zonzinistairclimbers.com\/shop\/fr\/","name":"Carrelli Saliscale Elettrici e Montascale a Cingoli | Zonzini","description":"Carrelli saliscale per il trasporto di merci su scale e montascale per disabili Zonzini","publisher":{"@id":"https:\/\/zonzinistairclimbers.com\/shop\/fr\/#organization"},"alternateName":"Zonzini Saliscale","potentialAction":[{"@type":"SearchAction","target":{"@type":"EntryPoint","urlTemplate":"https:\/\/zonzinistairclimbers.com\/shop\/fr\/?s={search_term_string}"},"query-input":{"@type":"PropertyValueSpecification","valueRequired":true,"valueName":"search_term_string"}}],"inLanguage":"fr-FR"},{"@type":"Organization","@id":"https:\/\/zonzinistairclimbers.com\/shop\/fr\/#organization","name":"Monte-escaliers \u00e9lectriques - Chariots et diables | ZonziniMonte-escaliers \u00e9lectriques - Chariots et diables | Zonzini","url":"https:\/\/zonzinistairclimbers.com\/shop\/fr\/","logo":{"@type":"ImageObject","inLanguage":"fr-FR","@id":"https:\/\/zonzinistairclimbers.com\/shop\/fr\/#\/schema\/logo\/image\/","url":"https:\/\/zonzinistairclimbers.com\/shop\/wp-content\/uploads\/2023\/09\/Logo_zonzini.svg","contentUrl":"https:\/\/zonzinistairclimbers.com\/shop\/wp-content\/uploads\/2023\/09\/Logo_zonzini.svg","width":1234,"height":325,"caption":"Monte-escaliers \u00e9lectriques - Chariots et diables | ZonziniMonte-escaliers \u00e9lectriques - Chariots et diables | Zonzini"},"image":{"@id":"https:\/\/zonzinistairclimbers.com\/shop\/fr\/#\/schema\/logo\/image\/"},"sameAs":["https:\/\/www.facebook.com\/zonzinistairclimbers\/","https:\/\/www.instagram.com\/zonzini_stairclimbers\/","https:\/\/www.youtube.com\/user\/saliscaleZONZINI","https:\/\/www.linkedin.com\/company\/zonzini\/"]}]},"og_availability":"instock","product_availability":"instock","product_condition":"new"},"_links":{"self":[{"href":"https:\/\/zonzinistairclimbers.com\/shop\/fr\/wp-json\/wp\/v2\/product\/12676","targetHints":{"allow":["GET"]}}],"collection":[{"href":"https:\/\/zonzinistairclimbers.com\/shop\/fr\/wp-json\/wp\/v2\/product"}],"about":[{"href":"https:\/\/zonzinistairclimbers.com\/shop\/fr\/wp-json\/wp\/v2\/types\/product"}],"version-history":[{"count":3,"href":"https:\/\/zonzinistairclimbers.com\/shop\/fr\/wp-json\/wp\/v2\/product\/12676\/revisions"}],"predecessor-version":[{"id":23032,"href":"https:\/\/zonzinistairclimbers.com\/shop\/fr\/wp-json\/wp\/v2\/product\/12676\/revisions\/23032"}],"wp:featuredmedia":[{"embeddable":true,"href":"https:\/\/zonzinistairclimbers.com\/shop\/fr\/wp-json\/wp\/v2\/media\/8754"}],"wp:attachment":[{"href":"https:\/\/zonzinistairclimbers.com\/shop\/fr\/wp-json\/wp\/v2\/media?parent=12676"}],"wp:term":[{"taxonomy":"product_brand","embeddable":true,"href":"https:\/\/zonzinistairclimbers.com\/shop\/fr\/wp-json\/wp\/v2\/product_brand?post=12676"},{"taxonomy":"product_cat","embeddable":true,"href":"https:\/\/zonzinistairclimbers.com\/shop\/fr\/wp-json\/wp\/v2\/product_cat?post=12676"},{"taxonomy":"product_tag","embeddable":true,"href":"https:\/\/zonzinistairclimbers.com\/shop\/fr\/wp-json\/wp\/v2\/product_tag?post=12676"}],"curies":[{"name":"wp","href":"https:\/\/api.w.org\/{rel}","templated":true}]}}