{"id":12672,"date":"2021-11-17T11:00:26","date_gmt":"2021-11-17T10:00:26","guid":{"rendered":"http:\/\/zonzini.it\/shop\/non%20class\u00e9\/domino-stabilizzato\/"},"modified":"2024-12-05T13:34:50","modified_gmt":"2024-12-05T12:34:50","slug":"domino-stabilized","status":"publish","type":"product","link":"https:\/\/zonzinistairclimbers.com\/shop\/fr\/shop\/monte-escaliers\/domino-stabilized\/","title":{"rendered":"Domino Stabilized"},"content":{"rendered":"<h2 class=\"paragraph\">Domino est le chariot \u00e9lectrique id\u00e9al pour le transport de mat\u00e9riel lourd et encombrant sur les escaliers.<\/h2>\n<p>Domino Stabilis\u00e9 est un <strong>chariot \u00e9lectrique d&rsquo;escalier<\/strong>, \u00e9quip\u00e9 de <strong>chenilles<\/strong> Zonzini antid\u00e9rapants et r\u00e9sistants aux rayures. Contrairement \u00e0 un chariot normal \u00e0 roues, les rails garantissent une stabilit\u00e9 maximale de la charge tout au long du transport et \u00e9vitent \u00e0 l&rsquo;op\u00e9rateur tout effort physique, que ce soit sur des escaliers ou sur des surfaces planes.<\/p>\n<h3 class=\"label white\">ID\u00c9AL POUR<\/h3>\n<p>Transporter des distributeurs automatiques, des po\u00eales et chemin\u00e9es, des chaudi\u00e8res, des climatiseurs industriels, des photocopieurs, des machines lourdes, des appareils industriels. Domino est aussi un chariot de d\u00e9m\u00e9nagement : il permet de transporter des vases, des pianos, des coffres-forts et des meubles encombrants dans les escaliers sans le moindre effort.<\/p>\n","protected":false},"excerpt":{"rendered":"<p>Domino est le chariot \u00e9lectrique id\u00e9al pour le transport de mat\u00e9riel lourd et encombrant sur les escaliers. Domino Stabilis\u00e9 est un chariot \u00e9lectrique d&rsquo;escalier, \u00e9quip\u00e9 de chenilles Zonzini antid\u00e9rapants et r\u00e9sistants aux rayures. Contrairement \u00e0 un chariot normal \u00e0 roues, les rails garantissent une stabilit\u00e9 maximale de la charge tout au long du transport et [&hellip;]<\/p>\n","protected":false},"featured_media":8748,"template":"","meta":{"_acf_changed":false,"content-type":"","inline_featured_image":false,"footnotes":""},"product_brand":[],"product_cat":[10517],"product_tag":[],"class_list":{"0":"post-12672","1":"product","2":"type-product","3":"status-publish","4":"has-post-thumbnail","6":"product_cat-monte-escaliers","8":"first","9":"instock","10":"sale","11":"taxable","12":"shipping-taxable","13":"purchasable","14":"product-type-variable"},"acf":[],"yoast_head":"<!-- This site is optimized with the Yoast SEO Premium plugin v26.4 (Yoast SEO v26.9) - https:\/\/yoast.com\/product\/yoast-seo-premium-wordpress\/ -->\n<title>Acheter le monte-escalier \u00e9lectrique Domino \u00e0 partir de \u20ac8911<\/title>\n<meta name=\"description\" content=\"Acheter le monte-escalier sur chenilles Domino Zonzini \u00e0 partir de \u20ac8911 dans la boutique en ligne Zonzini \u2705Capacit\u00e9 de charge 400 kg \u27aeVoir boutique\" \/>\n<meta name=\"robots\" content=\"index, follow, max-snippet:-1, max-image-preview:large, max-video-preview:-1\" \/>\n<link rel=\"canonical\" href=\"https:\/\/zonzinistairclimbers.com\/shop\/fr\/shop\/monte-escaliers\/domino-stabilized\/\" \/>\n<meta property=\"og:locale\" content=\"fr_FR\" \/>\n<meta property=\"og:type\" content=\"article\" \/>\n<meta property=\"og:title\" content=\"Acquista Domino Stabilized | Zonzini Shop\" \/>\n<meta property=\"og:description\" content=\"Acquista il Domino Stabilized a un prezzo conveniente nello shop di Zonzini \u27aeVai allo shop\" \/>\n<meta property=\"og:url\" content=\"https:\/\/zonzinistairclimbers.com\/shop\/fr\/shop\/monte-escaliers\/domino-stabilized\/\" \/>\n<meta property=\"og:site_name\" content=\"Monte-escaliers \u00e9lectriques - Chariots et diables | ZonziniMonte-escaliers \u00e9lectriques - Chariots et diables | Zonzini\" \/>\n<meta property=\"article:publisher\" content=\"https:\/\/www.facebook.com\/zonzinistairclimbers\/\" \/>\n<meta property=\"article:modified_time\" content=\"2024-12-05T12:34:50+00:00\" \/>\n<meta property=\"og:image\" content=\"https:\/\/zonzinistairclimbers.com\/shop\/wp-content\/uploads\/2021\/11\/Zonzincroped-per-sito-DOM_STB-1.jpg\" \/>\n\t<meta property=\"og:image:width\" content=\"1151\" \/>\n\t<meta property=\"og:image:height\" content=\"1151\" \/>\n\t<meta property=\"og:image:type\" content=\"image\/jpeg\" \/>\n<meta name=\"twitter:card\" content=\"summary_large_image\" \/>\n<meta name=\"twitter:label1\" content=\"Disponibilit\u00e9\" \/>\n\t<meta name=\"twitter:data1\" content=\"En stock\" \/>\n<script type=\"application\/ld+json\" class=\"yoast-schema-graph\">{\"@context\":\"https:\/\/schema.org\",\"@graph\":[{\"@type\":\"WebPage\",\"@id\":\"https:\/\/zonzinistairclimbers.com\/shop\/fr\/shop\/monte-escaliers\/domino-stabilized\/\",\"url\":\"https:\/\/zonzinistairclimbers.com\/shop\/fr\/shop\/monte-escaliers\/domino-stabilized\/\",\"name\":\"Acheter le monte-escalier \u00e9lectrique Domino \u00e0 partir de \u20ac8911\",\"isPartOf\":{\"@id\":\"https:\/\/zonzinistairclimbers.com\/shop\/fr\/#website\"},\"primaryImageOfPage\":{\"@id\":\"https:\/\/zonzinistairclimbers.com\/shop\/fr\/shop\/monte-escaliers\/domino-stabilized\/#primaryimage\"},\"image\":{\"@id\":\"https:\/\/zonzinistairclimbers.com\/shop\/fr\/shop\/monte-escaliers\/domino-stabilized\/#primaryimage\"},\"thumbnailUrl\":\"https:\/\/zonzinistairclimbers.com\/shop\/wp-content\/uploads\/2021\/11\/Zonzincroped-per-sito-DOM_STB-1.jpg\",\"datePublished\":\"2021-11-17T10:00:26+00:00\",\"dateModified\":\"2024-12-05T12:34:50+00:00\",\"description\":\"Acheter le monte-escalier sur chenilles Domino Zonzini \u00e0 partir de \u20ac8911 dans la boutique en ligne Zonzini \u2705Capacit\u00e9 de charge 400 kg \u27aeVoir boutique\",\"breadcrumb\":{\"@id\":\"https:\/\/zonzinistairclimbers.com\/shop\/fr\/shop\/monte-escaliers\/domino-stabilized\/#breadcrumb\"},\"inLanguage\":\"fr-FR\",\"potentialAction\":[{\"@type\":\"ReadAction\",\"target\":[\"https:\/\/zonzinistairclimbers.com\/shop\/fr\/shop\/monte-escaliers\/domino-stabilized\/\"]}]},{\"@type\":\"ImageObject\",\"inLanguage\":\"fr-FR\",\"@id\":\"https:\/\/zonzinistairclimbers.com\/shop\/fr\/shop\/monte-escaliers\/domino-stabilized\/#primaryimage\",\"url\":\"https:\/\/zonzinistairclimbers.com\/shop\/wp-content\/uploads\/2021\/11\/Zonzincroped-per-sito-DOM_STB-1.jpg\",\"contentUrl\":\"https:\/\/zonzinistairclimbers.com\/shop\/wp-content\/uploads\/2021\/11\/Zonzincroped-per-sito-DOM_STB-1.jpg\",\"width\":1151,\"height\":1151,\"caption\":\"Monte-escalier \u00e9lectrique Domino Stabilized\"},{\"@type\":\"BreadcrumbList\",\"@id\":\"https:\/\/zonzinistairclimbers.com\/shop\/fr\/shop\/monte-escaliers\/domino-stabilized\/#breadcrumb\",\"itemListElement\":[{\"@type\":\"ListItem\",\"position\":1,\"name\":\"Shop\",\"item\":\"https:\/\/zonzinistairclimbers.com\/shop\/fr\/\"},{\"@type\":\"ListItem\",\"position\":2,\"name\":\"Monte-escaliers\",\"item\":\"https:\/\/zonzinistairclimbers.com\/shop\/fr\/shop\/monte-escaliers\/\"},{\"@type\":\"ListItem\",\"position\":3,\"name\":\"Domino Stabilized\"}]},{\"@type\":\"WebSite\",\"@id\":\"https:\/\/zonzinistairclimbers.com\/shop\/fr\/#website\",\"url\":\"https:\/\/zonzinistairclimbers.com\/shop\/fr\/\",\"name\":\"Carrelli Saliscale Elettrici e Montascale a Cingoli | Zonzini\",\"description\":\"Carrelli saliscale per il trasporto di merci su scale e montascale per disabili Zonzini\",\"publisher\":{\"@id\":\"https:\/\/zonzinistairclimbers.com\/shop\/fr\/#organization\"},\"alternateName\":\"Zonzini Saliscale\",\"potentialAction\":[{\"@type\":\"SearchAction\",\"target\":{\"@type\":\"EntryPoint\",\"urlTemplate\":\"https:\/\/zonzinistairclimbers.com\/shop\/fr\/?s={search_term_string}\"},\"query-input\":{\"@type\":\"PropertyValueSpecification\",\"valueRequired\":true,\"valueName\":\"search_term_string\"}}],\"inLanguage\":\"fr-FR\"},{\"@type\":\"Organization\",\"@id\":\"https:\/\/zonzinistairclimbers.com\/shop\/fr\/#organization\",\"name\":\"Monte-escaliers \u00e9lectriques - Chariots et diables | ZonziniMonte-escaliers \u00e9lectriques - Chariots et diables | Zonzini\",\"url\":\"https:\/\/zonzinistairclimbers.com\/shop\/fr\/\",\"logo\":{\"@type\":\"ImageObject\",\"inLanguage\":\"fr-FR\",\"@id\":\"https:\/\/zonzinistairclimbers.com\/shop\/fr\/#\/schema\/logo\/image\/\",\"url\":\"https:\/\/zonzinistairclimbers.com\/shop\/wp-content\/uploads\/2023\/09\/Logo_zonzini.svg\",\"contentUrl\":\"https:\/\/zonzinistairclimbers.com\/shop\/wp-content\/uploads\/2023\/09\/Logo_zonzini.svg\",\"width\":1234,\"height\":325,\"caption\":\"Monte-escaliers \u00e9lectriques - Chariots et diables | ZonziniMonte-escaliers \u00e9lectriques - Chariots et diables | Zonzini\"},\"image\":{\"@id\":\"https:\/\/zonzinistairclimbers.com\/shop\/fr\/#\/schema\/logo\/image\/\"},\"sameAs\":[\"https:\/\/www.facebook.com\/zonzinistairclimbers\/\",\"https:\/\/www.instagram.com\/zonzini_stairclimbers\/\",\"https:\/\/www.youtube.com\/user\/saliscaleZONZINI\",\"https:\/\/www.linkedin.com\/company\/zonzini\/\"]}]}<\/script>\n<meta property=\"og:availability\" content=\"instock\" \/>\n<meta property=\"product:availability\" content=\"instock\" \/>\n<meta property=\"product:condition\" content=\"new\" \/>\n<!-- \/ Yoast SEO Premium plugin. -->","yoast_head_json":{"title":"Acheter le monte-escalier \u00e9lectrique Domino \u00e0 partir de \u20ac8911","description":"Acheter le monte-escalier sur chenilles Domino Zonzini \u00e0 partir de \u20ac8911 dans la boutique en ligne Zonzini \u2705Capacit\u00e9 de charge 400 kg \u27aeVoir boutique","robots":{"index":"index","follow":"follow","max-snippet":"max-snippet:-1","max-image-preview":"max-image-preview:large","max-video-preview":"max-video-preview:-1"},"canonical":"https:\/\/zonzinistairclimbers.com\/shop\/fr\/shop\/monte-escaliers\/domino-stabilized\/","og_locale":"fr_FR","og_type":"article","og_title":"Acquista Domino Stabilized | Zonzini Shop","og_description":"Acquista il Domino Stabilized a un prezzo conveniente nello shop di Zonzini \u27aeVai allo shop","og_url":"https:\/\/zonzinistairclimbers.com\/shop\/fr\/shop\/monte-escaliers\/domino-stabilized\/","og_site_name":"Monte-escaliers \u00e9lectriques - Chariots et diables | ZonziniMonte-escaliers \u00e9lectriques - Chariots et diables | Zonzini","article_publisher":"https:\/\/www.facebook.com\/zonzinistairclimbers\/","article_modified_time":"2024-12-05T12:34:50+00:00","og_image":[{"width":1151,"height":1151,"url":"https:\/\/zonzinistairclimbers.com\/shop\/wp-content\/uploads\/2021\/11\/Zonzincroped-per-sito-DOM_STB-1.jpg","type":"image\/jpeg"}],"twitter_card":"summary_large_image","twitter_misc":{"Disponibilit\u00e9":"En stock"},"schema":{"@context":"https:\/\/schema.org","@graph":[{"@type":"WebPage","@id":"https:\/\/zonzinistairclimbers.com\/shop\/fr\/shop\/monte-escaliers\/domino-stabilized\/","url":"https:\/\/zonzinistairclimbers.com\/shop\/fr\/shop\/monte-escaliers\/domino-stabilized\/","name":"Acheter le monte-escalier \u00e9lectrique Domino \u00e0 partir de \u20ac8911","isPartOf":{"@id":"https:\/\/zonzinistairclimbers.com\/shop\/fr\/#website"},"primaryImageOfPage":{"@id":"https:\/\/zonzinistairclimbers.com\/shop\/fr\/shop\/monte-escaliers\/domino-stabilized\/#primaryimage"},"image":{"@id":"https:\/\/zonzinistairclimbers.com\/shop\/fr\/shop\/monte-escaliers\/domino-stabilized\/#primaryimage"},"thumbnailUrl":"https:\/\/zonzinistairclimbers.com\/shop\/wp-content\/uploads\/2021\/11\/Zonzincroped-per-sito-DOM_STB-1.jpg","datePublished":"2021-11-17T10:00:26+00:00","dateModified":"2024-12-05T12:34:50+00:00","description":"Acheter le monte-escalier sur chenilles Domino Zonzini \u00e0 partir de \u20ac8911 dans la boutique en ligne Zonzini \u2705Capacit\u00e9 de charge 400 kg \u27aeVoir boutique","breadcrumb":{"@id":"https:\/\/zonzinistairclimbers.com\/shop\/fr\/shop\/monte-escaliers\/domino-stabilized\/#breadcrumb"},"inLanguage":"fr-FR","potentialAction":[{"@type":"ReadAction","target":["https:\/\/zonzinistairclimbers.com\/shop\/fr\/shop\/monte-escaliers\/domino-stabilized\/"]}]},{"@type":"ImageObject","inLanguage":"fr-FR","@id":"https:\/\/zonzinistairclimbers.com\/shop\/fr\/shop\/monte-escaliers\/domino-stabilized\/#primaryimage","url":"https:\/\/zonzinistairclimbers.com\/shop\/wp-content\/uploads\/2021\/11\/Zonzincroped-per-sito-DOM_STB-1.jpg","contentUrl":"https:\/\/zonzinistairclimbers.com\/shop\/wp-content\/uploads\/2021\/11\/Zonzincroped-per-sito-DOM_STB-1.jpg","width":1151,"height":1151,"caption":"Monte-escalier \u00e9lectrique Domino Stabilized"},{"@type":"BreadcrumbList","@id":"https:\/\/zonzinistairclimbers.com\/shop\/fr\/shop\/monte-escaliers\/domino-stabilized\/#breadcrumb","itemListElement":[{"@type":"ListItem","position":1,"name":"Shop","item":"https:\/\/zonzinistairclimbers.com\/shop\/fr\/"},{"@type":"ListItem","position":2,"name":"Monte-escaliers","item":"https:\/\/zonzinistairclimbers.com\/shop\/fr\/shop\/monte-escaliers\/"},{"@type":"ListItem","position":3,"name":"Domino Stabilized"}]},{"@type":"WebSite","@id":"https:\/\/zonzinistairclimbers.com\/shop\/fr\/#website","url":"https:\/\/zonzinistairclimbers.com\/shop\/fr\/","name":"Carrelli Saliscale Elettrici e Montascale a Cingoli | Zonzini","description":"Carrelli saliscale per il trasporto di merci su scale e montascale per disabili Zonzini","publisher":{"@id":"https:\/\/zonzinistairclimbers.com\/shop\/fr\/#organization"},"alternateName":"Zonzini Saliscale","potentialAction":[{"@type":"SearchAction","target":{"@type":"EntryPoint","urlTemplate":"https:\/\/zonzinistairclimbers.com\/shop\/fr\/?s={search_term_string}"},"query-input":{"@type":"PropertyValueSpecification","valueRequired":true,"valueName":"search_term_string"}}],"inLanguage":"fr-FR"},{"@type":"Organization","@id":"https:\/\/zonzinistairclimbers.com\/shop\/fr\/#organization","name":"Monte-escaliers \u00e9lectriques - Chariots et diables | ZonziniMonte-escaliers \u00e9lectriques - Chariots et diables | Zonzini","url":"https:\/\/zonzinistairclimbers.com\/shop\/fr\/","logo":{"@type":"ImageObject","inLanguage":"fr-FR","@id":"https:\/\/zonzinistairclimbers.com\/shop\/fr\/#\/schema\/logo\/image\/","url":"https:\/\/zonzinistairclimbers.com\/shop\/wp-content\/uploads\/2023\/09\/Logo_zonzini.svg","contentUrl":"https:\/\/zonzinistairclimbers.com\/shop\/wp-content\/uploads\/2023\/09\/Logo_zonzini.svg","width":1234,"height":325,"caption":"Monte-escaliers \u00e9lectriques - Chariots et diables | ZonziniMonte-escaliers \u00e9lectriques - Chariots et diables | Zonzini"},"image":{"@id":"https:\/\/zonzinistairclimbers.com\/shop\/fr\/#\/schema\/logo\/image\/"},"sameAs":["https:\/\/www.facebook.com\/zonzinistairclimbers\/","https:\/\/www.instagram.com\/zonzini_stairclimbers\/","https:\/\/www.youtube.com\/user\/saliscaleZONZINI","https:\/\/www.linkedin.com\/company\/zonzini\/"]}]},"og_availability":"instock","product_availability":"instock","product_condition":"new"},"_links":{"self":[{"href":"https:\/\/zonzinistairclimbers.com\/shop\/fr\/wp-json\/wp\/v2\/product\/12672","targetHints":{"allow":["GET"]}}],"collection":[{"href":"https:\/\/zonzinistairclimbers.com\/shop\/fr\/wp-json\/wp\/v2\/product"}],"about":[{"href":"https:\/\/zonzinistairclimbers.com\/shop\/fr\/wp-json\/wp\/v2\/types\/product"}],"version-history":[{"count":2,"href":"https:\/\/zonzinistairclimbers.com\/shop\/fr\/wp-json\/wp\/v2\/product\/12672\/revisions"}],"predecessor-version":[{"id":23033,"href":"https:\/\/zonzinistairclimbers.com\/shop\/fr\/wp-json\/wp\/v2\/product\/12672\/revisions\/23033"}],"wp:featuredmedia":[{"embeddable":true,"href":"https:\/\/zonzinistairclimbers.com\/shop\/fr\/wp-json\/wp\/v2\/media\/8748"}],"wp:attachment":[{"href":"https:\/\/zonzinistairclimbers.com\/shop\/fr\/wp-json\/wp\/v2\/media?parent=12672"}],"wp:term":[{"taxonomy":"product_brand","embeddable":true,"href":"https:\/\/zonzinistairclimbers.com\/shop\/fr\/wp-json\/wp\/v2\/product_brand?post=12672"},{"taxonomy":"product_cat","embeddable":true,"href":"https:\/\/zonzinistairclimbers.com\/shop\/fr\/wp-json\/wp\/v2\/product_cat?post=12672"},{"taxonomy":"product_tag","embeddable":true,"href":"https:\/\/zonzinistairclimbers.com\/shop\/fr\/wp-json\/wp\/v2\/product_tag?post=12672"}],"curies":[{"name":"wp","href":"https:\/\/api.w.org\/{rel}","templated":true}]}}