{"id":12668,"date":"2021-11-17T12:00:30","date_gmt":"2021-11-17T12:00:30","guid":{"rendered":"http:\/\/zonzini.it\/shop\/non%20class\u00e9\/saliscale-elettrico-cingolato-domino-lift\/"},"modified":"2026-03-16T09:17:11","modified_gmt":"2026-03-16T08:17:11","slug":"saliscale-elettrico-cingolato-domino-lift","status":"publish","type":"product","link":"https:\/\/zonzinistairclimbers.com\/shop\/fr\/shop\/monte-escaliers\/monte-escaliers-electrique-a-chenilles-domino-lift\/","title":{"rendered":"Domino Lift"},"content":{"rendered":"<p><strong>Domino <\/strong>est le chariot \u00e9l\u00e9vateur \u00e0 chenilles \u00e9lectrique id\u00e9al pour le transport d&rsquo;\u00e9quipements lourds et encombrants, tels que des machines, des meubles, des marchandises et des mat\u00e9riaux sur des escaliers.<\/p>\n<p><strong>Domino Stabilis\u00e9<\/strong>\u00a0est un chariot \u00e9l\u00e9vateur \u00e0 chenilles \u00e9lectrique bricolage \u00e9quip\u00e9 de chenilles Zonzini antid\u00e9rapantes et anti-rayures \u00e0 haute adh\u00e9rence. Contrairement \u00e0 un chariot classique \u00e0 roues, les chenilles garantissent une stabilit\u00e9 maximale de la charge tout au long du transport et \u00e9vitent \u00e0 l&rsquo;op\u00e9rateur de faire un effort physique, que ce soit sur les escaliers ou les surfaces planes.<\/p>\n<p><strong>CHENILLES \u00c9L\u00c9VATEUR ID\u00c9AL POUR LE TRANSPORT DE :<\/strong><\/p>\n<ul>\n<li>Distributeurs automatiques<\/li>\n<li>Po\u00eales<\/li>\n<li>Chemin\u00e9es<\/li>\n<li>Chaudi\u00e8res<\/li>\n<li>Climatiseurs industriels<\/li>\n<li>Photocopieurs<\/li>\n<li>Machines lourdes<\/li>\n<li>Appareils \u00e9lectrom\u00e9nagers industriels<\/li>\n<\/ul>\n<p>Domino est \u00e9galement un chariot de d\u00e9m\u00e9nagement : il permet de transporter des plantes, des pianos, des coffres-forts et des meubles encombrants dans les escaliers sans aucun effort.<\/p>\n","protected":false},"excerpt":{"rendered":"<p>Domino est le chariot \u00e9l\u00e9vateur \u00e0 chenilles \u00e9lectrique id\u00e9al pour le transport d&rsquo;\u00e9quipements lourds et encombrants, tels que des machines, des meubles, des marchandises et des mat\u00e9riaux sur des escaliers. Domino Stabilis\u00e9\u00a0est un chariot \u00e9l\u00e9vateur \u00e0 chenilles \u00e9lectrique bricolage \u00e9quip\u00e9 de chenilles Zonzini antid\u00e9rapantes et anti-rayures \u00e0 haute adh\u00e9rence. Contrairement \u00e0 un chariot classique \u00e0 [&hellip;]<\/p>\n","protected":false},"featured_media":8730,"template":"","meta":{"_acf_changed":false,"content-type":"","inline_featured_image":false,"footnotes":""},"product_brand":[],"product_cat":[10517],"product_tag":[],"class_list":{"0":"post-12668","1":"product","2":"type-product","3":"status-publish","4":"has-post-thumbnail","6":"product_cat-monte-escaliers","8":"first","9":"instock","10":"sale","11":"taxable","12":"shipping-taxable","13":"purchasable","14":"product-type-variable"},"acf":[],"yoast_head":"<!-- This site is optimized with the Yoast SEO Premium plugin v26.4 (Yoast SEO v26.9) - https:\/\/yoast.com\/product\/yoast-seo-premium-wordpress\/ -->\n<title>Chariot \u00e0 Chenilles \u00c9lectrique Domino Lift | Prix \u00e0 partir de 8911 \u20ac<\/title>\n<meta name=\"description\" content=\"Achetez le chariot \u00e9l\u00e9vateur \u00e0 chenilles Domino Lift \u00e0 partir de 8911 \u20ac dans la boutique en ligne de Zonzini \u2705Capacit\u00e9 de charge 400 kg \u27aeAllez \u00e0 la boutique\" \/>\n<meta name=\"robots\" content=\"index, follow, max-snippet:-1, max-image-preview:large, max-video-preview:-1\" \/>\n<link rel=\"canonical\" href=\"https:\/\/zonzinistairclimbers.com\/shop\/fr\/shop\/monte-escaliers\/monte-escaliers-electrique-a-chenilles-domino-lift\/\" \/>\n<meta property=\"og:locale\" content=\"fr_FR\" \/>\n<meta property=\"og:type\" content=\"article\" \/>\n<meta property=\"og:title\" content=\"Acquista Domino Lift | Zonzini Shop\" \/>\n<meta property=\"og:description\" content=\"Acquista il Domino Lift a un prezzo conveniente nello shop di Zonzini \u27aeVai allo shop\" \/>\n<meta property=\"og:url\" content=\"https:\/\/zonzinistairclimbers.com\/shop\/fr\/shop\/monte-escaliers\/monte-escaliers-electrique-a-chenilles-domino-lift\/\" \/>\n<meta property=\"og:site_name\" content=\"Monte-escaliers \u00e9lectriques - Chariots et diables | ZonziniMonte-escaliers \u00e9lectriques - Chariots et diables | Zonzini\" \/>\n<meta property=\"article:publisher\" content=\"https:\/\/www.facebook.com\/zonzinistairclimbers\/\" \/>\n<meta property=\"article:modified_time\" content=\"2026-03-16T08:17:11+00:00\" \/>\n<meta property=\"og:image\" content=\"https:\/\/zonzinistairclimbers.com\/shop\/wp-content\/uploads\/2021\/11\/Zonzincroped-per-sito-DOM_LIFT-1.jpg\" \/>\n\t<meta property=\"og:image:width\" content=\"1151\" \/>\n\t<meta property=\"og:image:height\" content=\"1151\" \/>\n\t<meta property=\"og:image:type\" content=\"image\/jpeg\" \/>\n<meta name=\"twitter:card\" content=\"summary_large_image\" \/>\n<meta name=\"twitter:label1\" content=\"Disponibilit\u00e9\" \/>\n\t<meta name=\"twitter:data1\" content=\"En stock\" \/>\n<script type=\"application\/ld+json\" class=\"yoast-schema-graph\">{\"@context\":\"https:\/\/schema.org\",\"@graph\":[{\"@type\":\"WebPage\",\"@id\":\"https:\/\/zonzinistairclimbers.com\/shop\/fr\/shop\/monte-escaliers\/monte-escaliers-electrique-a-chenilles-domino-lift\/\",\"url\":\"https:\/\/zonzinistairclimbers.com\/shop\/fr\/shop\/monte-escaliers\/monte-escaliers-electrique-a-chenilles-domino-lift\/\",\"name\":\"Chariot \u00e0 Chenilles \u00c9lectrique Domino Lift | Prix \u00e0 partir de 8911 \u20ac\",\"isPartOf\":{\"@id\":\"https:\/\/zonzinistairclimbers.com\/shop\/fr\/#website\"},\"primaryImageOfPage\":{\"@id\":\"https:\/\/zonzinistairclimbers.com\/shop\/fr\/shop\/monte-escaliers\/monte-escaliers-electrique-a-chenilles-domino-lift\/#primaryimage\"},\"image\":{\"@id\":\"https:\/\/zonzinistairclimbers.com\/shop\/fr\/shop\/monte-escaliers\/monte-escaliers-electrique-a-chenilles-domino-lift\/#primaryimage\"},\"thumbnailUrl\":\"https:\/\/zonzinistairclimbers.com\/shop\/wp-content\/uploads\/2021\/11\/Zonzincroped-per-sito-DOM_LIFT-1.jpg\",\"datePublished\":\"2021-11-17T12:00:30+00:00\",\"dateModified\":\"2026-03-16T08:17:11+00:00\",\"description\":\"Achetez le chariot \u00e9l\u00e9vateur \u00e0 chenilles Domino Lift \u00e0 partir de 8911 \u20ac dans la boutique en ligne de Zonzini \u2705Capacit\u00e9 de charge 400 kg \u27aeAllez \u00e0 la boutique\",\"breadcrumb\":{\"@id\":\"https:\/\/zonzinistairclimbers.com\/shop\/fr\/shop\/monte-escaliers\/monte-escaliers-electrique-a-chenilles-domino-lift\/#breadcrumb\"},\"inLanguage\":\"fr-FR\",\"potentialAction\":[{\"@type\":\"ReadAction\",\"target\":[\"https:\/\/zonzinistairclimbers.com\/shop\/fr\/shop\/monte-escaliers\/monte-escaliers-electrique-a-chenilles-domino-lift\/\"]}]},{\"@type\":\"ImageObject\",\"inLanguage\":\"fr-FR\",\"@id\":\"https:\/\/zonzinistairclimbers.com\/shop\/fr\/shop\/monte-escaliers\/monte-escaliers-electrique-a-chenilles-domino-lift\/#primaryimage\",\"url\":\"https:\/\/zonzinistairclimbers.com\/shop\/wp-content\/uploads\/2021\/11\/Zonzincroped-per-sito-DOM_LIFT-1.jpg\",\"contentUrl\":\"https:\/\/zonzinistairclimbers.com\/shop\/wp-content\/uploads\/2021\/11\/Zonzincroped-per-sito-DOM_LIFT-1.jpg\",\"width\":1151,\"height\":1151,\"caption\":\"Saliscale elettrico cingolato Domino Plasmoid\"},{\"@type\":\"BreadcrumbList\",\"@id\":\"https:\/\/zonzinistairclimbers.com\/shop\/fr\/shop\/monte-escaliers\/monte-escaliers-electrique-a-chenilles-domino-lift\/#breadcrumb\",\"itemListElement\":[{\"@type\":\"ListItem\",\"position\":1,\"name\":\"Shop\",\"item\":\"https:\/\/zonzinistairclimbers.com\/shop\/fr\/\"},{\"@type\":\"ListItem\",\"position\":2,\"name\":\"Monte-escaliers\",\"item\":\"https:\/\/zonzinistairclimbers.com\/shop\/fr\/shop\/monte-escaliers\/\"},{\"@type\":\"ListItem\",\"position\":3,\"name\":\"Domino Lift\"}]},{\"@type\":\"WebSite\",\"@id\":\"https:\/\/zonzinistairclimbers.com\/shop\/fr\/#website\",\"url\":\"https:\/\/zonzinistairclimbers.com\/shop\/fr\/\",\"name\":\"Carrelli Saliscale Elettrici e Montascale a Cingoli | Zonzini\",\"description\":\"Carrelli saliscale per il trasporto di merci su scale e montascale per disabili Zonzini\",\"publisher\":{\"@id\":\"https:\/\/zonzinistairclimbers.com\/shop\/fr\/#organization\"},\"alternateName\":\"Zonzini Saliscale\",\"potentialAction\":[{\"@type\":\"SearchAction\",\"target\":{\"@type\":\"EntryPoint\",\"urlTemplate\":\"https:\/\/zonzinistairclimbers.com\/shop\/fr\/?s={search_term_string}\"},\"query-input\":{\"@type\":\"PropertyValueSpecification\",\"valueRequired\":true,\"valueName\":\"search_term_string\"}}],\"inLanguage\":\"fr-FR\"},{\"@type\":\"Organization\",\"@id\":\"https:\/\/zonzinistairclimbers.com\/shop\/fr\/#organization\",\"name\":\"Monte-escaliers \u00e9lectriques - Chariots et diables | ZonziniMonte-escaliers \u00e9lectriques - Chariots et diables | Zonzini\",\"url\":\"https:\/\/zonzinistairclimbers.com\/shop\/fr\/\",\"logo\":{\"@type\":\"ImageObject\",\"inLanguage\":\"fr-FR\",\"@id\":\"https:\/\/zonzinistairclimbers.com\/shop\/fr\/#\/schema\/logo\/image\/\",\"url\":\"https:\/\/zonzinistairclimbers.com\/shop\/wp-content\/uploads\/2023\/09\/Logo_zonzini.svg\",\"contentUrl\":\"https:\/\/zonzinistairclimbers.com\/shop\/wp-content\/uploads\/2023\/09\/Logo_zonzini.svg\",\"width\":1234,\"height\":325,\"caption\":\"Monte-escaliers \u00e9lectriques - Chariots et diables | ZonziniMonte-escaliers \u00e9lectriques - Chariots et diables | Zonzini\"},\"image\":{\"@id\":\"https:\/\/zonzinistairclimbers.com\/shop\/fr\/#\/schema\/logo\/image\/\"},\"sameAs\":[\"https:\/\/www.facebook.com\/zonzinistairclimbers\/\",\"https:\/\/www.instagram.com\/zonzini_stairclimbers\/\",\"https:\/\/www.youtube.com\/user\/saliscaleZONZINI\",\"https:\/\/www.linkedin.com\/company\/zonzini\/\"]}]}<\/script>\n<meta property=\"og:availability\" content=\"instock\" \/>\n<meta property=\"product:availability\" content=\"instock\" \/>\n<meta property=\"product:condition\" content=\"new\" \/>\n<!-- \/ Yoast SEO Premium plugin. -->","yoast_head_json":{"title":"Chariot \u00e0 Chenilles \u00c9lectrique Domino Lift | Prix \u00e0 partir de 8911 \u20ac","description":"Achetez le chariot \u00e9l\u00e9vateur \u00e0 chenilles Domino Lift \u00e0 partir de 8911 \u20ac dans la boutique en ligne de Zonzini \u2705Capacit\u00e9 de charge 400 kg \u27aeAllez \u00e0 la boutique","robots":{"index":"index","follow":"follow","max-snippet":"max-snippet:-1","max-image-preview":"max-image-preview:large","max-video-preview":"max-video-preview:-1"},"canonical":"https:\/\/zonzinistairclimbers.com\/shop\/fr\/shop\/monte-escaliers\/monte-escaliers-electrique-a-chenilles-domino-lift\/","og_locale":"fr_FR","og_type":"article","og_title":"Acquista Domino Lift | Zonzini Shop","og_description":"Acquista il Domino Lift a un prezzo conveniente nello shop di Zonzini \u27aeVai allo shop","og_url":"https:\/\/zonzinistairclimbers.com\/shop\/fr\/shop\/monte-escaliers\/monte-escaliers-electrique-a-chenilles-domino-lift\/","og_site_name":"Monte-escaliers \u00e9lectriques - Chariots et diables | ZonziniMonte-escaliers \u00e9lectriques - Chariots et diables | Zonzini","article_publisher":"https:\/\/www.facebook.com\/zonzinistairclimbers\/","article_modified_time":"2026-03-16T08:17:11+00:00","og_image":[{"width":1151,"height":1151,"url":"https:\/\/zonzinistairclimbers.com\/shop\/wp-content\/uploads\/2021\/11\/Zonzincroped-per-sito-DOM_LIFT-1.jpg","type":"image\/jpeg"}],"twitter_card":"summary_large_image","twitter_misc":{"Disponibilit\u00e9":"En stock"},"schema":{"@context":"https:\/\/schema.org","@graph":[{"@type":"WebPage","@id":"https:\/\/zonzinistairclimbers.com\/shop\/fr\/shop\/monte-escaliers\/monte-escaliers-electrique-a-chenilles-domino-lift\/","url":"https:\/\/zonzinistairclimbers.com\/shop\/fr\/shop\/monte-escaliers\/monte-escaliers-electrique-a-chenilles-domino-lift\/","name":"Chariot \u00e0 Chenilles \u00c9lectrique Domino Lift | Prix \u00e0 partir de 8911 \u20ac","isPartOf":{"@id":"https:\/\/zonzinistairclimbers.com\/shop\/fr\/#website"},"primaryImageOfPage":{"@id":"https:\/\/zonzinistairclimbers.com\/shop\/fr\/shop\/monte-escaliers\/monte-escaliers-electrique-a-chenilles-domino-lift\/#primaryimage"},"image":{"@id":"https:\/\/zonzinistairclimbers.com\/shop\/fr\/shop\/monte-escaliers\/monte-escaliers-electrique-a-chenilles-domino-lift\/#primaryimage"},"thumbnailUrl":"https:\/\/zonzinistairclimbers.com\/shop\/wp-content\/uploads\/2021\/11\/Zonzincroped-per-sito-DOM_LIFT-1.jpg","datePublished":"2021-11-17T12:00:30+00:00","dateModified":"2026-03-16T08:17:11+00:00","description":"Achetez le chariot \u00e9l\u00e9vateur \u00e0 chenilles Domino Lift \u00e0 partir de 8911 \u20ac dans la boutique en ligne de Zonzini \u2705Capacit\u00e9 de charge 400 kg \u27aeAllez \u00e0 la boutique","breadcrumb":{"@id":"https:\/\/zonzinistairclimbers.com\/shop\/fr\/shop\/monte-escaliers\/monte-escaliers-electrique-a-chenilles-domino-lift\/#breadcrumb"},"inLanguage":"fr-FR","potentialAction":[{"@type":"ReadAction","target":["https:\/\/zonzinistairclimbers.com\/shop\/fr\/shop\/monte-escaliers\/monte-escaliers-electrique-a-chenilles-domino-lift\/"]}]},{"@type":"ImageObject","inLanguage":"fr-FR","@id":"https:\/\/zonzinistairclimbers.com\/shop\/fr\/shop\/monte-escaliers\/monte-escaliers-electrique-a-chenilles-domino-lift\/#primaryimage","url":"https:\/\/zonzinistairclimbers.com\/shop\/wp-content\/uploads\/2021\/11\/Zonzincroped-per-sito-DOM_LIFT-1.jpg","contentUrl":"https:\/\/zonzinistairclimbers.com\/shop\/wp-content\/uploads\/2021\/11\/Zonzincroped-per-sito-DOM_LIFT-1.jpg","width":1151,"height":1151,"caption":"Saliscale elettrico cingolato Domino Plasmoid"},{"@type":"BreadcrumbList","@id":"https:\/\/zonzinistairclimbers.com\/shop\/fr\/shop\/monte-escaliers\/monte-escaliers-electrique-a-chenilles-domino-lift\/#breadcrumb","itemListElement":[{"@type":"ListItem","position":1,"name":"Shop","item":"https:\/\/zonzinistairclimbers.com\/shop\/fr\/"},{"@type":"ListItem","position":2,"name":"Monte-escaliers","item":"https:\/\/zonzinistairclimbers.com\/shop\/fr\/shop\/monte-escaliers\/"},{"@type":"ListItem","position":3,"name":"Domino Lift"}]},{"@type":"WebSite","@id":"https:\/\/zonzinistairclimbers.com\/shop\/fr\/#website","url":"https:\/\/zonzinistairclimbers.com\/shop\/fr\/","name":"Carrelli Saliscale Elettrici e Montascale a Cingoli | Zonzini","description":"Carrelli saliscale per il trasporto di merci su scale e montascale per disabili Zonzini","publisher":{"@id":"https:\/\/zonzinistairclimbers.com\/shop\/fr\/#organization"},"alternateName":"Zonzini Saliscale","potentialAction":[{"@type":"SearchAction","target":{"@type":"EntryPoint","urlTemplate":"https:\/\/zonzinistairclimbers.com\/shop\/fr\/?s={search_term_string}"},"query-input":{"@type":"PropertyValueSpecification","valueRequired":true,"valueName":"search_term_string"}}],"inLanguage":"fr-FR"},{"@type":"Organization","@id":"https:\/\/zonzinistairclimbers.com\/shop\/fr\/#organization","name":"Monte-escaliers \u00e9lectriques - Chariots et diables | ZonziniMonte-escaliers \u00e9lectriques - Chariots et diables | Zonzini","url":"https:\/\/zonzinistairclimbers.com\/shop\/fr\/","logo":{"@type":"ImageObject","inLanguage":"fr-FR","@id":"https:\/\/zonzinistairclimbers.com\/shop\/fr\/#\/schema\/logo\/image\/","url":"https:\/\/zonzinistairclimbers.com\/shop\/wp-content\/uploads\/2023\/09\/Logo_zonzini.svg","contentUrl":"https:\/\/zonzinistairclimbers.com\/shop\/wp-content\/uploads\/2023\/09\/Logo_zonzini.svg","width":1234,"height":325,"caption":"Monte-escaliers \u00e9lectriques - Chariots et diables | ZonziniMonte-escaliers \u00e9lectriques - Chariots et diables | Zonzini"},"image":{"@id":"https:\/\/zonzinistairclimbers.com\/shop\/fr\/#\/schema\/logo\/image\/"},"sameAs":["https:\/\/www.facebook.com\/zonzinistairclimbers\/","https:\/\/www.instagram.com\/zonzini_stairclimbers\/","https:\/\/www.youtube.com\/user\/saliscaleZONZINI","https:\/\/www.linkedin.com\/company\/zonzini\/"]}]},"og_availability":"instock","product_availability":"instock","product_condition":"new"},"_links":{"self":[{"href":"https:\/\/zonzinistairclimbers.com\/shop\/fr\/wp-json\/wp\/v2\/product\/12668","targetHints":{"allow":["GET"]}}],"collection":[{"href":"https:\/\/zonzinistairclimbers.com\/shop\/fr\/wp-json\/wp\/v2\/product"}],"about":[{"href":"https:\/\/zonzinistairclimbers.com\/shop\/fr\/wp-json\/wp\/v2\/types\/product"}],"version-history":[{"count":3,"href":"https:\/\/zonzinistairclimbers.com\/shop\/fr\/wp-json\/wp\/v2\/product\/12668\/revisions"}],"predecessor-version":[{"id":23036,"href":"https:\/\/zonzinistairclimbers.com\/shop\/fr\/wp-json\/wp\/v2\/product\/12668\/revisions\/23036"}],"wp:featuredmedia":[{"embeddable":true,"href":"https:\/\/zonzinistairclimbers.com\/shop\/fr\/wp-json\/wp\/v2\/media\/8730"}],"wp:attachment":[{"href":"https:\/\/zonzinistairclimbers.com\/shop\/fr\/wp-json\/wp\/v2\/media?parent=12668"}],"wp:term":[{"taxonomy":"product_brand","embeddable":true,"href":"https:\/\/zonzinistairclimbers.com\/shop\/fr\/wp-json\/wp\/v2\/product_brand?post=12668"},{"taxonomy":"product_cat","embeddable":true,"href":"https:\/\/zonzinistairclimbers.com\/shop\/fr\/wp-json\/wp\/v2\/product_cat?post=12668"},{"taxonomy":"product_tag","embeddable":true,"href":"https:\/\/zonzinistairclimbers.com\/shop\/fr\/wp-json\/wp\/v2\/product_tag?post=12668"}],"curies":[{"name":"wp","href":"https:\/\/api.w.org\/{rel}","templated":true}]}}