{"id":12459,"date":"2024-02-12T18:56:19","date_gmt":"2024-02-12T18:56:19","guid":{"rendered":"http:\/\/zonzini.it\/shop\/non%20class\u00e9\/basamento-per-fotocopiatori-con-ruote\/"},"modified":"2024-11-15T10:55:01","modified_gmt":"2024-11-15T10:55:01","slug":"socle-pour-photocopieurs-avec-roues","status":"publish","type":"product","link":"https:\/\/zonzinistairclimbers.com\/shop\/fr\/shop\/accessoires\/socle-pour-photocopieurs-avec-roues\/","title":{"rendered":"Socle pour photocopieurs avec roues"},"content":{"rendered":"<p>Base de transport \u00e0 copier <strong>r\u00e9glable en largeur<\/strong> jusqu&rsquo;\u00e0 80 cm \/ 31 pouces et <strong>en longueur<\/strong> jusqu&rsquo;\u00e0 70 cm \/ 27 pouces. \u00c9quip\u00e9e de roues pour une manipulation meilleure et plus confortable sur les surfaces planes, elle dispose \u00e9galement de rampes extractibles pour charger les photocopieurs en utilisant les roues dont ils sont normalement \u00e9quip\u00e9s. Il s&rsquo;adapte \u00e0 la plupart des photocopieurs du march\u00e9 et a une <strong>capacit\u00e9 de charge<\/strong> de 400 kg.<\/p>\n","protected":false},"excerpt":{"rendered":"<p>Base de transport \u00e0 copier r\u00e9glable en largeur jusqu&rsquo;\u00e0 80 cm \/ 31 pouces et en longueur jusqu&rsquo;\u00e0 70 cm \/ 27 pouces. \u00c9quip\u00e9e de roues pour une manipulation meilleure et plus confortable sur les surfaces planes, elle dispose \u00e9galement de rampes extractibles pour charger les photocopieurs en utilisant les roues dont ils sont normalement [&hellip;]<\/p>\n","protected":false},"featured_media":1220,"template":"","meta":{"_acf_changed":false,"content-type":"","inline_featured_image":false,"footnotes":""},"product_brand":[],"product_cat":[10512],"product_tag":[],"class_list":{"0":"post-12459","1":"product","2":"type-product","3":"status-publish","4":"has-post-thumbnail","6":"product_cat-accessoires","7":"product_shipping_class-accessori-fr","9":"first","10":"instock","11":"taxable","12":"shipping-taxable","13":"purchasable","14":"product-type-simple"},"acf":[],"yoast_head":"<!-- This site is optimized with the Yoast SEO Premium plugin v26.4 (Yoast SEO v26.9) - https:\/\/yoast.com\/product\/yoast-seo-premium-wordpress\/ -->\n<title>Base transport photocopieurs avec roues | Zonzini Shop<\/title>\n<meta name=\"description\" content=\"Acheter cet base pour le transport des photocopieurs \u2705avec roues \u2705 capacit\u00e9 de charge 400 kg \u27ad Aller \u00e0 la boutique en ligne\" \/>\n<meta name=\"robots\" content=\"index, follow, max-snippet:-1, max-image-preview:large, max-video-preview:-1\" \/>\n<link rel=\"canonical\" href=\"https:\/\/zonzinistairclimbers.com\/shop\/fr\/shop\/accessoires\/socle-pour-photocopieurs-avec-roues\/\" \/>\n<meta property=\"og:locale\" content=\"fr_FR\" \/>\n<meta property=\"og:type\" content=\"article\" \/>\n<meta property=\"og:title\" content=\"Acquista Socle pour photocopieurs avec roues | Zonzini Shop\" \/>\n<meta property=\"og:description\" content=\"Acquista il Socle pour photocopieurs avec roues a un prezzo conveniente nello shop di Zonzini \u27aeVai allo shop\" \/>\n<meta property=\"og:url\" content=\"https:\/\/zonzinistairclimbers.com\/shop\/fr\/shop\/accessoires\/socle-pour-photocopieurs-avec-roues\/\" \/>\n<meta property=\"og:site_name\" content=\"Monte-escaliers \u00e9lectriques - Chariots et diables | ZonziniMonte-escaliers \u00e9lectriques - Chariots et diables | Zonzini\" \/>\n<meta property=\"article:publisher\" content=\"https:\/\/www.facebook.com\/zonzinistairclimbers\/\" \/>\n<meta property=\"article:modified_time\" content=\"2024-11-15T10:55:01+00:00\" \/>\n<meta property=\"og:image\" content=\"https:\/\/zonzinistairclimbers.com\/shop\/wp-content\/uploads\/2024\/02\/ACC-Base-fotocopiatori-con-ruote.png\" \/>\n\t<meta property=\"og:image:width\" content=\"1000\" \/>\n\t<meta property=\"og:image:height\" content=\"1000\" \/>\n\t<meta property=\"og:image:type\" content=\"image\/png\" \/>\n<meta name=\"twitter:card\" content=\"summary_large_image\" \/>\n<meta name=\"twitter:label1\" content=\"Prix\" \/>\n\t<meta name=\"twitter:data1\" content=\"980&nbsp;&euro;\" \/>\n\t<meta name=\"twitter:label2\" content=\"Disponibilit\u00e9\" \/>\n\t<meta name=\"twitter:data2\" content=\"En stock\" \/>\n<script type=\"application\/ld+json\" class=\"yoast-schema-graph\">{\"@context\":\"https:\/\/schema.org\",\"@graph\":[{\"@type\":\"WebPage\",\"@id\":\"https:\/\/zonzinistairclimbers.com\/shop\/fr\/shop\/accessoires\/socle-pour-photocopieurs-avec-roues\/\",\"url\":\"https:\/\/zonzinistairclimbers.com\/shop\/fr\/shop\/accessoires\/socle-pour-photocopieurs-avec-roues\/\",\"name\":\"Base transport photocopieurs avec roues | Zonzini Shop\",\"isPartOf\":{\"@id\":\"https:\/\/zonzinistairclimbers.com\/shop\/fr\/#website\"},\"primaryImageOfPage\":{\"@id\":\"https:\/\/zonzinistairclimbers.com\/shop\/fr\/shop\/accessoires\/socle-pour-photocopieurs-avec-roues\/#primaryimage\"},\"image\":{\"@id\":\"https:\/\/zonzinistairclimbers.com\/shop\/fr\/shop\/accessoires\/socle-pour-photocopieurs-avec-roues\/#primaryimage\"},\"thumbnailUrl\":\"https:\/\/zonzinistairclimbers.com\/shop\/wp-content\/uploads\/2024\/02\/ACC-Base-fotocopiatori-con-ruote.png\",\"datePublished\":\"2024-02-12T18:56:19+00:00\",\"dateModified\":\"2024-11-15T10:55:01+00:00\",\"description\":\"Acheter cet base pour le transport des photocopieurs \u2705avec roues \u2705 capacit\u00e9 de charge 400 kg \u27ad Aller \u00e0 la boutique en ligne\",\"breadcrumb\":{\"@id\":\"https:\/\/zonzinistairclimbers.com\/shop\/fr\/shop\/accessoires\/socle-pour-photocopieurs-avec-roues\/#breadcrumb\"},\"inLanguage\":\"fr-FR\",\"potentialAction\":[{\"@type\":\"ReadAction\",\"target\":[\"https:\/\/zonzinistairclimbers.com\/shop\/fr\/shop\/accessoires\/socle-pour-photocopieurs-avec-roues\/\"]}]},{\"@type\":\"ImageObject\",\"inLanguage\":\"fr-FR\",\"@id\":\"https:\/\/zonzinistairclimbers.com\/shop\/fr\/shop\/accessoires\/socle-pour-photocopieurs-avec-roues\/#primaryimage\",\"url\":\"https:\/\/zonzinistairclimbers.com\/shop\/wp-content\/uploads\/2024\/02\/ACC-Base-fotocopiatori-con-ruote.png\",\"contentUrl\":\"https:\/\/zonzinistairclimbers.com\/shop\/wp-content\/uploads\/2024\/02\/ACC-Base-fotocopiatori-con-ruote.png\",\"width\":1000,\"height\":1000,\"caption\":\"base pour le transport des photocopieurs avec roues\"},{\"@type\":\"BreadcrumbList\",\"@id\":\"https:\/\/zonzinistairclimbers.com\/shop\/fr\/shop\/accessoires\/socle-pour-photocopieurs-avec-roues\/#breadcrumb\",\"itemListElement\":[{\"@type\":\"ListItem\",\"position\":1,\"name\":\"Shop\",\"item\":\"https:\/\/zonzinistairclimbers.com\/shop\/fr\/\"},{\"@type\":\"ListItem\",\"position\":2,\"name\":\"Accessoires\",\"item\":\"https:\/\/zonzinistairclimbers.com\/shop\/fr\/accessoires\/\"},{\"@type\":\"ListItem\",\"position\":3,\"name\":\"Socle pour photocopieurs avec roues\"}]},{\"@type\":\"WebSite\",\"@id\":\"https:\/\/zonzinistairclimbers.com\/shop\/fr\/#website\",\"url\":\"https:\/\/zonzinistairclimbers.com\/shop\/fr\/\",\"name\":\"Carrelli Saliscale Elettrici e Montascale a Cingoli | Zonzini\",\"description\":\"Carrelli saliscale per il trasporto di merci su scale e montascale per disabili Zonzini\",\"publisher\":{\"@id\":\"https:\/\/zonzinistairclimbers.com\/shop\/fr\/#organization\"},\"alternateName\":\"Zonzini Saliscale\",\"potentialAction\":[{\"@type\":\"SearchAction\",\"target\":{\"@type\":\"EntryPoint\",\"urlTemplate\":\"https:\/\/zonzinistairclimbers.com\/shop\/fr\/?s={search_term_string}\"},\"query-input\":{\"@type\":\"PropertyValueSpecification\",\"valueRequired\":true,\"valueName\":\"search_term_string\"}}],\"inLanguage\":\"fr-FR\"},{\"@type\":\"Organization\",\"@id\":\"https:\/\/zonzinistairclimbers.com\/shop\/fr\/#organization\",\"name\":\"Monte-escaliers \u00e9lectriques - Chariots et diables | ZonziniMonte-escaliers \u00e9lectriques - Chariots et diables | Zonzini\",\"url\":\"https:\/\/zonzinistairclimbers.com\/shop\/fr\/\",\"logo\":{\"@type\":\"ImageObject\",\"inLanguage\":\"fr-FR\",\"@id\":\"https:\/\/zonzinistairclimbers.com\/shop\/fr\/#\/schema\/logo\/image\/\",\"url\":\"https:\/\/zonzinistairclimbers.com\/shop\/wp-content\/uploads\/2023\/09\/Logo_zonzini.svg\",\"contentUrl\":\"https:\/\/zonzinistairclimbers.com\/shop\/wp-content\/uploads\/2023\/09\/Logo_zonzini.svg\",\"width\":1234,\"height\":325,\"caption\":\"Monte-escaliers \u00e9lectriques - Chariots et diables | ZonziniMonte-escaliers \u00e9lectriques - Chariots et diables | Zonzini\"},\"image\":{\"@id\":\"https:\/\/zonzinistairclimbers.com\/shop\/fr\/#\/schema\/logo\/image\/\"},\"sameAs\":[\"https:\/\/www.facebook.com\/zonzinistairclimbers\/\",\"https:\/\/www.instagram.com\/zonzini_stairclimbers\/\",\"https:\/\/www.youtube.com\/user\/saliscaleZONZINI\",\"https:\/\/www.linkedin.com\/company\/zonzini\/\"]}]}<\/script>\n<meta property=\"product:price:amount\" content=\"980\" \/>\n<meta property=\"product:price:currency\" content=\"EUR\" \/>\n<meta property=\"og:availability\" content=\"instock\" \/>\n<meta property=\"product:availability\" content=\"instock\" \/>\n<meta property=\"product:retailer_item_id\" content=\"DOM-FOTOCOP-NEW\" \/>\n<meta property=\"product:condition\" content=\"new\" \/>\n<!-- \/ Yoast SEO Premium plugin. -->","yoast_head_json":{"title":"Base transport photocopieurs avec roues | Zonzini Shop","description":"Acheter cet base pour le transport des photocopieurs \u2705avec roues \u2705 capacit\u00e9 de charge 400 kg \u27ad Aller \u00e0 la boutique en ligne","robots":{"index":"index","follow":"follow","max-snippet":"max-snippet:-1","max-image-preview":"max-image-preview:large","max-video-preview":"max-video-preview:-1"},"canonical":"https:\/\/zonzinistairclimbers.com\/shop\/fr\/shop\/accessoires\/socle-pour-photocopieurs-avec-roues\/","og_locale":"fr_FR","og_type":"article","og_title":"Acquista Socle pour photocopieurs avec roues | Zonzini Shop","og_description":"Acquista il Socle pour photocopieurs avec roues a un prezzo conveniente nello shop di Zonzini \u27aeVai allo shop","og_url":"https:\/\/zonzinistairclimbers.com\/shop\/fr\/shop\/accessoires\/socle-pour-photocopieurs-avec-roues\/","og_site_name":"Monte-escaliers \u00e9lectriques - Chariots et diables | ZonziniMonte-escaliers \u00e9lectriques - Chariots et diables | Zonzini","article_publisher":"https:\/\/www.facebook.com\/zonzinistairclimbers\/","article_modified_time":"2024-11-15T10:55:01+00:00","og_image":[{"width":1000,"height":1000,"url":"https:\/\/zonzinistairclimbers.com\/shop\/wp-content\/uploads\/2024\/02\/ACC-Base-fotocopiatori-con-ruote.png","type":"image\/png"}],"twitter_card":"summary_large_image","twitter_misc":{"Prix":"980&nbsp;&euro;","Disponibilit\u00e9":"En stock"},"schema":{"@context":"https:\/\/schema.org","@graph":[{"@type":"WebPage","@id":"https:\/\/zonzinistairclimbers.com\/shop\/fr\/shop\/accessoires\/socle-pour-photocopieurs-avec-roues\/","url":"https:\/\/zonzinistairclimbers.com\/shop\/fr\/shop\/accessoires\/socle-pour-photocopieurs-avec-roues\/","name":"Base transport photocopieurs avec roues | Zonzini Shop","isPartOf":{"@id":"https:\/\/zonzinistairclimbers.com\/shop\/fr\/#website"},"primaryImageOfPage":{"@id":"https:\/\/zonzinistairclimbers.com\/shop\/fr\/shop\/accessoires\/socle-pour-photocopieurs-avec-roues\/#primaryimage"},"image":{"@id":"https:\/\/zonzinistairclimbers.com\/shop\/fr\/shop\/accessoires\/socle-pour-photocopieurs-avec-roues\/#primaryimage"},"thumbnailUrl":"https:\/\/zonzinistairclimbers.com\/shop\/wp-content\/uploads\/2024\/02\/ACC-Base-fotocopiatori-con-ruote.png","datePublished":"2024-02-12T18:56:19+00:00","dateModified":"2024-11-15T10:55:01+00:00","description":"Acheter cet base pour le transport des photocopieurs \u2705avec roues \u2705 capacit\u00e9 de charge 400 kg \u27ad Aller \u00e0 la boutique en ligne","breadcrumb":{"@id":"https:\/\/zonzinistairclimbers.com\/shop\/fr\/shop\/accessoires\/socle-pour-photocopieurs-avec-roues\/#breadcrumb"},"inLanguage":"fr-FR","potentialAction":[{"@type":"ReadAction","target":["https:\/\/zonzinistairclimbers.com\/shop\/fr\/shop\/accessoires\/socle-pour-photocopieurs-avec-roues\/"]}]},{"@type":"ImageObject","inLanguage":"fr-FR","@id":"https:\/\/zonzinistairclimbers.com\/shop\/fr\/shop\/accessoires\/socle-pour-photocopieurs-avec-roues\/#primaryimage","url":"https:\/\/zonzinistairclimbers.com\/shop\/wp-content\/uploads\/2024\/02\/ACC-Base-fotocopiatori-con-ruote.png","contentUrl":"https:\/\/zonzinistairclimbers.com\/shop\/wp-content\/uploads\/2024\/02\/ACC-Base-fotocopiatori-con-ruote.png","width":1000,"height":1000,"caption":"base pour le transport des photocopieurs avec roues"},{"@type":"BreadcrumbList","@id":"https:\/\/zonzinistairclimbers.com\/shop\/fr\/shop\/accessoires\/socle-pour-photocopieurs-avec-roues\/#breadcrumb","itemListElement":[{"@type":"ListItem","position":1,"name":"Shop","item":"https:\/\/zonzinistairclimbers.com\/shop\/fr\/"},{"@type":"ListItem","position":2,"name":"Accessoires","item":"https:\/\/zonzinistairclimbers.com\/shop\/fr\/accessoires\/"},{"@type":"ListItem","position":3,"name":"Socle pour photocopieurs avec roues"}]},{"@type":"WebSite","@id":"https:\/\/zonzinistairclimbers.com\/shop\/fr\/#website","url":"https:\/\/zonzinistairclimbers.com\/shop\/fr\/","name":"Carrelli Saliscale Elettrici e Montascale a Cingoli | Zonzini","description":"Carrelli saliscale per il trasporto di merci su scale e montascale per disabili Zonzini","publisher":{"@id":"https:\/\/zonzinistairclimbers.com\/shop\/fr\/#organization"},"alternateName":"Zonzini Saliscale","potentialAction":[{"@type":"SearchAction","target":{"@type":"EntryPoint","urlTemplate":"https:\/\/zonzinistairclimbers.com\/shop\/fr\/?s={search_term_string}"},"query-input":{"@type":"PropertyValueSpecification","valueRequired":true,"valueName":"search_term_string"}}],"inLanguage":"fr-FR"},{"@type":"Organization","@id":"https:\/\/zonzinistairclimbers.com\/shop\/fr\/#organization","name":"Monte-escaliers \u00e9lectriques - Chariots et diables | ZonziniMonte-escaliers \u00e9lectriques - Chariots et diables | Zonzini","url":"https:\/\/zonzinistairclimbers.com\/shop\/fr\/","logo":{"@type":"ImageObject","inLanguage":"fr-FR","@id":"https:\/\/zonzinistairclimbers.com\/shop\/fr\/#\/schema\/logo\/image\/","url":"https:\/\/zonzinistairclimbers.com\/shop\/wp-content\/uploads\/2023\/09\/Logo_zonzini.svg","contentUrl":"https:\/\/zonzinistairclimbers.com\/shop\/wp-content\/uploads\/2023\/09\/Logo_zonzini.svg","width":1234,"height":325,"caption":"Monte-escaliers \u00e9lectriques - Chariots et diables | ZonziniMonte-escaliers \u00e9lectriques - Chariots et diables | Zonzini"},"image":{"@id":"https:\/\/zonzinistairclimbers.com\/shop\/fr\/#\/schema\/logo\/image\/"},"sameAs":["https:\/\/www.facebook.com\/zonzinistairclimbers\/","https:\/\/www.instagram.com\/zonzini_stairclimbers\/","https:\/\/www.youtube.com\/user\/saliscaleZONZINI","https:\/\/www.linkedin.com\/company\/zonzini\/"]}]},"product_price_amount":"980","product_price_currency":"EUR","og_availability":"instock","product_availability":"instock","product_retailer_item_id":"DOM-FOTOCOP-NEW","product_condition":"new"},"_links":{"self":[{"href":"https:\/\/zonzinistairclimbers.com\/shop\/fr\/wp-json\/wp\/v2\/product\/12459","targetHints":{"allow":["GET"]}}],"collection":[{"href":"https:\/\/zonzinistairclimbers.com\/shop\/fr\/wp-json\/wp\/v2\/product"}],"about":[{"href":"https:\/\/zonzinistairclimbers.com\/shop\/fr\/wp-json\/wp\/v2\/types\/product"}],"version-history":[{"count":3,"href":"https:\/\/zonzinistairclimbers.com\/shop\/fr\/wp-json\/wp\/v2\/product\/12459\/revisions"}],"predecessor-version":[{"id":20541,"href":"https:\/\/zonzinistairclimbers.com\/shop\/fr\/wp-json\/wp\/v2\/product\/12459\/revisions\/20541"}],"wp:featuredmedia":[{"embeddable":true,"href":"https:\/\/zonzinistairclimbers.com\/shop\/fr\/wp-json\/wp\/v2\/media\/1220"}],"wp:attachment":[{"href":"https:\/\/zonzinistairclimbers.com\/shop\/fr\/wp-json\/wp\/v2\/media?parent=12459"}],"wp:term":[{"taxonomy":"product_brand","embeddable":true,"href":"https:\/\/zonzinistairclimbers.com\/shop\/fr\/wp-json\/wp\/v2\/product_brand?post=12459"},{"taxonomy":"product_cat","embeddable":true,"href":"https:\/\/zonzinistairclimbers.com\/shop\/fr\/wp-json\/wp\/v2\/product_cat?post=12459"},{"taxonomy":"product_tag","embeddable":true,"href":"https:\/\/zonzinistairclimbers.com\/shop\/fr\/wp-json\/wp\/v2\/product_tag?post=12459"}],"curies":[{"name":"wp","href":"https:\/\/api.w.org\/{rel}","templated":true}]}}