{"id":12023,"date":"2024-05-28T12:11:33","date_gmt":"2024-05-28T11:11:33","guid":{"rendered":"http:\/\/zonzini.it\/shop\/non%20class\u00e9\/accessorio-per-porte-e-finestre-per-buddy\/"},"modified":"2024-11-15T10:38:27","modified_gmt":"2024-11-15T10:38:27","slug":"accessoire-pour-portes-et-fenetres-buddy-et-buddy-lift","status":"publish","type":"product","link":"https:\/\/zonzinistairclimbers.com\/shop\/fr\/shop\/accessoires\/accessoire-pour-portes-et-fenetres-buddy-et-buddy-lift\/","title":{"rendered":"Accessoire pour portes et fen\u00eatres &#8211; Buddy et Buddy Lift"},"content":{"rendered":"<p>Il est fix\u00e9 au monte escalier et permet de transporter des charges lourdes telles que des portes blind\u00e9es et des fen\u00eatres. Il est con\u00e7u de mani\u00e8re \u00e0 ce que le cadre de la fen\u00eatre puisse \u00eatre align\u00e9 en diagonale par rapport aux chenilles, permettant ainsi le passage de portes blind\u00e9es plus larges que la largeur des escaliers.<\/p>\n<p>La possibilit\u00e9 d&rsquo;orienter le cadre de la fen\u00eatre dans un sens ou dans l&rsquo;autre permet de r\u00e9cup\u00e9rer l&rsquo;espace n\u00e9cessaire sur les escaliers et d&rsquo;effectuer des rotations sur des paliers encore plus \u00e9troits.<\/p>\n","protected":false},"excerpt":{"rendered":"<p>Il est fix\u00e9 au monte escalier et permet de transporter des charges lourdes telles que des portes blind\u00e9es et des fen\u00eatres. Il est con\u00e7u de mani\u00e8re \u00e0 ce que le cadre de la fen\u00eatre puisse \u00eatre align\u00e9 en diagonale par rapport aux chenilles, permettant ainsi le passage de portes blind\u00e9es plus larges que la largeur [&hellip;]<\/p>\n","protected":false},"featured_media":1262,"template":"","meta":{"_acf_changed":false,"content-type":"","inline_featured_image":false,"footnotes":""},"product_brand":[],"product_cat":[10512],"product_tag":[],"class_list":{"0":"post-12023","1":"product","2":"type-product","3":"status-publish","4":"has-post-thumbnail","6":"product_cat-accessoires","8":"first","9":"instock","10":"taxable","11":"shipping-taxable","12":"purchasable","13":"product-type-simple"},"acf":[],"yoast_head":"<!-- This site is optimized with the Yoast SEO Premium plugin v26.4 (Yoast SEO v26.9) - https:\/\/yoast.com\/product\/yoast-seo-premium-wordpress\/ -->\n<title>T\u00fcr- und Fensterzubeh\u00f6r f\u00fcr Treppensackkarre | Zonzini Shop<\/title>\n<meta name=\"description\" content=\"Dieses Zubeh\u00f6r erm\u00f6glicht den Transport von T\u00fcren, Fensterrahmen und Panzert\u00fcren \u00fcber Treppen \u27ae g\u00fcnstig kaufen im Zonzini-Shop\" \/>\n<meta name=\"robots\" content=\"index, follow, max-snippet:-1, max-image-preview:large, max-video-preview:-1\" \/>\n<link rel=\"canonical\" href=\"https:\/\/zonzinistairclimbers.com\/shop\/fr\/shop\/accessoires\/accessoire-pour-portes-et-fenetres-buddy-et-buddy-lift\/\" \/>\n<meta property=\"og:locale\" content=\"fr_FR\" \/>\n<meta property=\"og:type\" content=\"article\" \/>\n<meta property=\"og:title\" content=\"Acquista Accessoire pour portes et fen\u00eatres - Buddy et Buddy Lift | Zonzini Shop\" \/>\n<meta property=\"og:description\" content=\"Acquista il Accessoire pour portes et fen\u00eatres - Buddy et Buddy Lift a un prezzo conveniente nello shop di Zonzini \u27aeVai allo shop\" \/>\n<meta property=\"og:url\" content=\"https:\/\/zonzinistairclimbers.com\/shop\/fr\/shop\/accessoires\/accessoire-pour-portes-et-fenetres-buddy-et-buddy-lift\/\" \/>\n<meta property=\"og:site_name\" content=\"Monte-escaliers \u00e9lectriques - Chariots et diables | ZonziniMonte-escaliers \u00e9lectriques - Chariots et diables | Zonzini\" \/>\n<meta property=\"article:publisher\" content=\"https:\/\/www.facebook.com\/zonzinistairclimbers\/\" \/>\n<meta property=\"article:modified_time\" content=\"2024-11-15T10:38:27+00:00\" \/>\n<meta property=\"og:image\" content=\"https:\/\/zonzinistairclimbers.com\/shop\/wp-content\/uploads\/2024\/02\/ACC-Porta-Serramenti.png\" \/>\n\t<meta property=\"og:image:width\" content=\"1000\" \/>\n\t<meta property=\"og:image:height\" content=\"1000\" \/>\n\t<meta property=\"og:image:type\" content=\"image\/png\" \/>\n<meta name=\"twitter:card\" content=\"summary_large_image\" \/>\n<meta name=\"twitter:label1\" content=\"Prix\" \/>\n\t<meta name=\"twitter:data1\" content=\"990&nbsp;&euro;\" \/>\n\t<meta name=\"twitter:label2\" content=\"Disponibilit\u00e9\" \/>\n\t<meta name=\"twitter:data2\" content=\"En stock\" \/>\n<script type=\"application\/ld+json\" class=\"yoast-schema-graph\">{\"@context\":\"https:\/\/schema.org\",\"@graph\":[{\"@type\":\"WebPage\",\"@id\":\"https:\/\/zonzinistairclimbers.com\/shop\/fr\/shop\/accessoires\/accessoire-pour-portes-et-fenetres-buddy-et-buddy-lift\/\",\"url\":\"https:\/\/zonzinistairclimbers.com\/shop\/fr\/shop\/accessoires\/accessoire-pour-portes-et-fenetres-buddy-et-buddy-lift\/\",\"name\":\"T\u00fcr- und Fensterzubeh\u00f6r f\u00fcr Treppensackkarre | Zonzini Shop\",\"isPartOf\":{\"@id\":\"https:\/\/zonzinistairclimbers.com\/shop\/fr\/#website\"},\"primaryImageOfPage\":{\"@id\":\"https:\/\/zonzinistairclimbers.com\/shop\/fr\/shop\/accessoires\/accessoire-pour-portes-et-fenetres-buddy-et-buddy-lift\/#primaryimage\"},\"image\":{\"@id\":\"https:\/\/zonzinistairclimbers.com\/shop\/fr\/shop\/accessoires\/accessoire-pour-portes-et-fenetres-buddy-et-buddy-lift\/#primaryimage\"},\"thumbnailUrl\":\"https:\/\/zonzinistairclimbers.com\/shop\/wp-content\/uploads\/2024\/02\/ACC-Porta-Serramenti.png\",\"datePublished\":\"2024-05-28T11:11:33+00:00\",\"dateModified\":\"2024-11-15T10:38:27+00:00\",\"description\":\"Dieses Zubeh\u00f6r erm\u00f6glicht den Transport von T\u00fcren, Fensterrahmen und Panzert\u00fcren \u00fcber Treppen \u27ae g\u00fcnstig kaufen im Zonzini-Shop\",\"breadcrumb\":{\"@id\":\"https:\/\/zonzinistairclimbers.com\/shop\/fr\/shop\/accessoires\/accessoire-pour-portes-et-fenetres-buddy-et-buddy-lift\/#breadcrumb\"},\"inLanguage\":\"fr-FR\",\"potentialAction\":[{\"@type\":\"ReadAction\",\"target\":[\"https:\/\/zonzinistairclimbers.com\/shop\/fr\/shop\/accessoires\/accessoire-pour-portes-et-fenetres-buddy-et-buddy-lift\/\"]}]},{\"@type\":\"ImageObject\",\"inLanguage\":\"fr-FR\",\"@id\":\"https:\/\/zonzinistairclimbers.com\/shop\/fr\/shop\/accessoires\/accessoire-pour-portes-et-fenetres-buddy-et-buddy-lift\/#primaryimage\",\"url\":\"https:\/\/zonzinistairclimbers.com\/shop\/wp-content\/uploads\/2024\/02\/ACC-Porta-Serramenti.png\",\"contentUrl\":\"https:\/\/zonzinistairclimbers.com\/shop\/wp-content\/uploads\/2024\/02\/ACC-Porta-Serramenti.png\",\"width\":1000,\"height\":1000,\"caption\":\"Accessoire pour porte et fen\u00eatre pour Buddy.\"},{\"@type\":\"BreadcrumbList\",\"@id\":\"https:\/\/zonzinistairclimbers.com\/shop\/fr\/shop\/accessoires\/accessoire-pour-portes-et-fenetres-buddy-et-buddy-lift\/#breadcrumb\",\"itemListElement\":[{\"@type\":\"ListItem\",\"position\":1,\"name\":\"Shop\",\"item\":\"https:\/\/zonzinistairclimbers.com\/shop\/fr\/\"},{\"@type\":\"ListItem\",\"position\":2,\"name\":\"Accessoires\",\"item\":\"https:\/\/zonzinistairclimbers.com\/shop\/fr\/accessoires\/\"},{\"@type\":\"ListItem\",\"position\":3,\"name\":\"Accessoire pour portes et fen\u00eatres &#8211; Buddy et Buddy Lift\"}]},{\"@type\":\"WebSite\",\"@id\":\"https:\/\/zonzinistairclimbers.com\/shop\/fr\/#website\",\"url\":\"https:\/\/zonzinistairclimbers.com\/shop\/fr\/\",\"name\":\"Carrelli Saliscale Elettrici e Montascale a Cingoli | Zonzini\",\"description\":\"Carrelli saliscale per il trasporto di merci su scale e montascale per disabili Zonzini\",\"publisher\":{\"@id\":\"https:\/\/zonzinistairclimbers.com\/shop\/fr\/#organization\"},\"alternateName\":\"Zonzini Saliscale\",\"potentialAction\":[{\"@type\":\"SearchAction\",\"target\":{\"@type\":\"EntryPoint\",\"urlTemplate\":\"https:\/\/zonzinistairclimbers.com\/shop\/fr\/?s={search_term_string}\"},\"query-input\":{\"@type\":\"PropertyValueSpecification\",\"valueRequired\":true,\"valueName\":\"search_term_string\"}}],\"inLanguage\":\"fr-FR\"},{\"@type\":\"Organization\",\"@id\":\"https:\/\/zonzinistairclimbers.com\/shop\/fr\/#organization\",\"name\":\"Monte-escaliers \u00e9lectriques - Chariots et diables | ZonziniMonte-escaliers \u00e9lectriques - Chariots et diables | Zonzini\",\"url\":\"https:\/\/zonzinistairclimbers.com\/shop\/fr\/\",\"logo\":{\"@type\":\"ImageObject\",\"inLanguage\":\"fr-FR\",\"@id\":\"https:\/\/zonzinistairclimbers.com\/shop\/fr\/#\/schema\/logo\/image\/\",\"url\":\"https:\/\/zonzinistairclimbers.com\/shop\/wp-content\/uploads\/2023\/09\/Logo_zonzini.svg\",\"contentUrl\":\"https:\/\/zonzinistairclimbers.com\/shop\/wp-content\/uploads\/2023\/09\/Logo_zonzini.svg\",\"width\":1234,\"height\":325,\"caption\":\"Monte-escaliers \u00e9lectriques - Chariots et diables | ZonziniMonte-escaliers \u00e9lectriques - Chariots et diables | Zonzini\"},\"image\":{\"@id\":\"https:\/\/zonzinistairclimbers.com\/shop\/fr\/#\/schema\/logo\/image\/\"},\"sameAs\":[\"https:\/\/www.facebook.com\/zonzinistairclimbers\/\",\"https:\/\/www.instagram.com\/zonzini_stairclimbers\/\",\"https:\/\/www.youtube.com\/user\/saliscaleZONZINI\",\"https:\/\/www.linkedin.com\/company\/zonzini\/\"]}]}<\/script>\n<meta property=\"product:price:amount\" content=\"990\" \/>\n<meta property=\"product:price:currency\" content=\"EUR\" \/>\n<meta property=\"og:availability\" content=\"instock\" \/>\n<meta property=\"product:availability\" content=\"instock\" \/>\n<meta property=\"product:retailer_item_id\" content=\"BU-BL-INF\" \/>\n<meta property=\"product:condition\" content=\"new\" \/>\n<!-- \/ Yoast SEO Premium plugin. -->","yoast_head_json":{"title":"T\u00fcr- und Fensterzubeh\u00f6r f\u00fcr Treppensackkarre | Zonzini Shop","description":"Dieses Zubeh\u00f6r erm\u00f6glicht den Transport von T\u00fcren, Fensterrahmen und Panzert\u00fcren \u00fcber Treppen \u27ae g\u00fcnstig kaufen im Zonzini-Shop","robots":{"index":"index","follow":"follow","max-snippet":"max-snippet:-1","max-image-preview":"max-image-preview:large","max-video-preview":"max-video-preview:-1"},"canonical":"https:\/\/zonzinistairclimbers.com\/shop\/fr\/shop\/accessoires\/accessoire-pour-portes-et-fenetres-buddy-et-buddy-lift\/","og_locale":"fr_FR","og_type":"article","og_title":"Acquista Accessoire pour portes et fen\u00eatres - Buddy et Buddy Lift | Zonzini Shop","og_description":"Acquista il Accessoire pour portes et fen\u00eatres - Buddy et Buddy Lift a un prezzo conveniente nello shop di Zonzini \u27aeVai allo shop","og_url":"https:\/\/zonzinistairclimbers.com\/shop\/fr\/shop\/accessoires\/accessoire-pour-portes-et-fenetres-buddy-et-buddy-lift\/","og_site_name":"Monte-escaliers \u00e9lectriques - Chariots et diables | ZonziniMonte-escaliers \u00e9lectriques - Chariots et diables | Zonzini","article_publisher":"https:\/\/www.facebook.com\/zonzinistairclimbers\/","article_modified_time":"2024-11-15T10:38:27+00:00","og_image":[{"width":1000,"height":1000,"url":"https:\/\/zonzinistairclimbers.com\/shop\/wp-content\/uploads\/2024\/02\/ACC-Porta-Serramenti.png","type":"image\/png"}],"twitter_card":"summary_large_image","twitter_misc":{"Prix":"990&nbsp;&euro;","Disponibilit\u00e9":"En stock"},"schema":{"@context":"https:\/\/schema.org","@graph":[{"@type":"WebPage","@id":"https:\/\/zonzinistairclimbers.com\/shop\/fr\/shop\/accessoires\/accessoire-pour-portes-et-fenetres-buddy-et-buddy-lift\/","url":"https:\/\/zonzinistairclimbers.com\/shop\/fr\/shop\/accessoires\/accessoire-pour-portes-et-fenetres-buddy-et-buddy-lift\/","name":"T\u00fcr- und Fensterzubeh\u00f6r f\u00fcr Treppensackkarre | Zonzini Shop","isPartOf":{"@id":"https:\/\/zonzinistairclimbers.com\/shop\/fr\/#website"},"primaryImageOfPage":{"@id":"https:\/\/zonzinistairclimbers.com\/shop\/fr\/shop\/accessoires\/accessoire-pour-portes-et-fenetres-buddy-et-buddy-lift\/#primaryimage"},"image":{"@id":"https:\/\/zonzinistairclimbers.com\/shop\/fr\/shop\/accessoires\/accessoire-pour-portes-et-fenetres-buddy-et-buddy-lift\/#primaryimage"},"thumbnailUrl":"https:\/\/zonzinistairclimbers.com\/shop\/wp-content\/uploads\/2024\/02\/ACC-Porta-Serramenti.png","datePublished":"2024-05-28T11:11:33+00:00","dateModified":"2024-11-15T10:38:27+00:00","description":"Dieses Zubeh\u00f6r erm\u00f6glicht den Transport von T\u00fcren, Fensterrahmen und Panzert\u00fcren \u00fcber Treppen \u27ae g\u00fcnstig kaufen im Zonzini-Shop","breadcrumb":{"@id":"https:\/\/zonzinistairclimbers.com\/shop\/fr\/shop\/accessoires\/accessoire-pour-portes-et-fenetres-buddy-et-buddy-lift\/#breadcrumb"},"inLanguage":"fr-FR","potentialAction":[{"@type":"ReadAction","target":["https:\/\/zonzinistairclimbers.com\/shop\/fr\/shop\/accessoires\/accessoire-pour-portes-et-fenetres-buddy-et-buddy-lift\/"]}]},{"@type":"ImageObject","inLanguage":"fr-FR","@id":"https:\/\/zonzinistairclimbers.com\/shop\/fr\/shop\/accessoires\/accessoire-pour-portes-et-fenetres-buddy-et-buddy-lift\/#primaryimage","url":"https:\/\/zonzinistairclimbers.com\/shop\/wp-content\/uploads\/2024\/02\/ACC-Porta-Serramenti.png","contentUrl":"https:\/\/zonzinistairclimbers.com\/shop\/wp-content\/uploads\/2024\/02\/ACC-Porta-Serramenti.png","width":1000,"height":1000,"caption":"Accessoire pour porte et fen\u00eatre pour Buddy."},{"@type":"BreadcrumbList","@id":"https:\/\/zonzinistairclimbers.com\/shop\/fr\/shop\/accessoires\/accessoire-pour-portes-et-fenetres-buddy-et-buddy-lift\/#breadcrumb","itemListElement":[{"@type":"ListItem","position":1,"name":"Shop","item":"https:\/\/zonzinistairclimbers.com\/shop\/fr\/"},{"@type":"ListItem","position":2,"name":"Accessoires","item":"https:\/\/zonzinistairclimbers.com\/shop\/fr\/accessoires\/"},{"@type":"ListItem","position":3,"name":"Accessoire pour portes et fen\u00eatres &#8211; Buddy et Buddy Lift"}]},{"@type":"WebSite","@id":"https:\/\/zonzinistairclimbers.com\/shop\/fr\/#website","url":"https:\/\/zonzinistairclimbers.com\/shop\/fr\/","name":"Carrelli Saliscale Elettrici e Montascale a Cingoli | Zonzini","description":"Carrelli saliscale per il trasporto di merci su scale e montascale per disabili Zonzini","publisher":{"@id":"https:\/\/zonzinistairclimbers.com\/shop\/fr\/#organization"},"alternateName":"Zonzini Saliscale","potentialAction":[{"@type":"SearchAction","target":{"@type":"EntryPoint","urlTemplate":"https:\/\/zonzinistairclimbers.com\/shop\/fr\/?s={search_term_string}"},"query-input":{"@type":"PropertyValueSpecification","valueRequired":true,"valueName":"search_term_string"}}],"inLanguage":"fr-FR"},{"@type":"Organization","@id":"https:\/\/zonzinistairclimbers.com\/shop\/fr\/#organization","name":"Monte-escaliers \u00e9lectriques - Chariots et diables | ZonziniMonte-escaliers \u00e9lectriques - Chariots et diables | Zonzini","url":"https:\/\/zonzinistairclimbers.com\/shop\/fr\/","logo":{"@type":"ImageObject","inLanguage":"fr-FR","@id":"https:\/\/zonzinistairclimbers.com\/shop\/fr\/#\/schema\/logo\/image\/","url":"https:\/\/zonzinistairclimbers.com\/shop\/wp-content\/uploads\/2023\/09\/Logo_zonzini.svg","contentUrl":"https:\/\/zonzinistairclimbers.com\/shop\/wp-content\/uploads\/2023\/09\/Logo_zonzini.svg","width":1234,"height":325,"caption":"Monte-escaliers \u00e9lectriques - Chariots et diables | ZonziniMonte-escaliers \u00e9lectriques - Chariots et diables | Zonzini"},"image":{"@id":"https:\/\/zonzinistairclimbers.com\/shop\/fr\/#\/schema\/logo\/image\/"},"sameAs":["https:\/\/www.facebook.com\/zonzinistairclimbers\/","https:\/\/www.instagram.com\/zonzini_stairclimbers\/","https:\/\/www.youtube.com\/user\/saliscaleZONZINI","https:\/\/www.linkedin.com\/company\/zonzini\/"]}]},"product_price_amount":"990","product_price_currency":"EUR","og_availability":"instock","product_availability":"instock","product_retailer_item_id":"BU-BL-INF","product_condition":"new"},"_links":{"self":[{"href":"https:\/\/zonzinistairclimbers.com\/shop\/fr\/wp-json\/wp\/v2\/product\/12023","targetHints":{"allow":["GET"]}}],"collection":[{"href":"https:\/\/zonzinistairclimbers.com\/shop\/fr\/wp-json\/wp\/v2\/product"}],"about":[{"href":"https:\/\/zonzinistairclimbers.com\/shop\/fr\/wp-json\/wp\/v2\/types\/product"}],"version-history":[{"count":2,"href":"https:\/\/zonzinistairclimbers.com\/shop\/fr\/wp-json\/wp\/v2\/product\/12023\/revisions"}],"predecessor-version":[{"id":20508,"href":"https:\/\/zonzinistairclimbers.com\/shop\/fr\/wp-json\/wp\/v2\/product\/12023\/revisions\/20508"}],"wp:featuredmedia":[{"embeddable":true,"href":"https:\/\/zonzinistairclimbers.com\/shop\/fr\/wp-json\/wp\/v2\/media\/1262"}],"wp:attachment":[{"href":"https:\/\/zonzinistairclimbers.com\/shop\/fr\/wp-json\/wp\/v2\/media?parent=12023"}],"wp:term":[{"taxonomy":"product_brand","embeddable":true,"href":"https:\/\/zonzinistairclimbers.com\/shop\/fr\/wp-json\/wp\/v2\/product_brand?post=12023"},{"taxonomy":"product_cat","embeddable":true,"href":"https:\/\/zonzinistairclimbers.com\/shop\/fr\/wp-json\/wp\/v2\/product_cat?post=12023"},{"taxonomy":"product_tag","embeddable":true,"href":"https:\/\/zonzinistairclimbers.com\/shop\/fr\/wp-json\/wp\/v2\/product_tag?post=12023"}],"curies":[{"name":"wp","href":"https:\/\/api.w.org\/{rel}","templated":true}]}}