{"id":30574,"date":"2026-02-16T15:56:16","date_gmt":"2026-02-16T14:56:16","guid":{"rendered":"https:\/\/zonzinistairclimbers.com\/shop\/prodotto\/domino-pt\/"},"modified":"2026-02-16T16:52:32","modified_gmt":"2026-02-16T15:52:32","slug":"domino-pt","status":"publish","type":"product","link":"https:\/\/zonzinistairclimbers.com\/shop\/es\/tienda-zonzini\/transpaleta-sube-escaleras-electrica-domino-pt\/","title":{"rendered":"Domino PT"},"content":{"rendered":"<div class=\"pin-spacer\">\n<section class=\"product-description\">\n<div class=\"boxed\">\n<div class=\"product-description-inner\">\n<div class=\"pin-spacer\">\n<section class=\"product-description\">\n<div class=\"boxed\">\n<div class=\"product-description-inner\">\n<p class=\"lead text-cream product-desc-lead\">Domino PT es una transpaleta el\u00e9ctrica sube-escaleras oruga dise\u00f1ada para mover pal\u00e9s de forma segura incluso cuando el terreno no ayuda. Tiene una capacidad de 450 kg y permite manipular diferentes tipos de pal\u00e9s. Asegura una libertad de movimiento que una transpaleta el\u00e9ctrica tradicional no puede ofrecer.<\/p>\n<p class=\"lead text-cream product-desc-lead\"><span style=\"font-family: -apple-system, BlinkMacSystemFont, 'Segoe UI', Roboto, 'Helvetica Neue', Arial, 'Noto Sans', sans-serif, 'Apple Color Emoji', 'Segoe UI Emoji', 'Segoe UI Symbol', 'Noto Color Emoji';\">Trabaja en todas las superficies, tambi\u00e9n en obra. Hierba, tierra compactada, grava, pavimentos irregulares y en mal estado ya no son un problema. Supera con facilidad rampas, planos inclinados y bordillos, haciendo la entrega m\u00e1s sencilla.<\/span><\/p>\n<div class=\"product-description-body\">\n<p>Est\u00e1 equipado con elevaci\u00f3n hasta 65 cm y basculaci\u00f3n hacia atr\u00e1s como una carretilla elevadora.<\/p>\n<p>&nbsp;<\/p>\n<p><strong>IDEAL PARA<\/strong><br \/>\nPal\u00e9s 80 \u00d7 120 cm, pero tambi\u00e9n para formatos m\u00e1s peque\u00f1os como 60 \u00d7 80 cm. Es perfecto para la log\u00edstica en la que las entregas llegan hasta la casa del cliente final y a menudo se trabaja sobre pavimentos irregulares o en pendiente. Se puede utilizar en camiones con plataforma hidr\u00e1ulica.<\/p>\n<p>&nbsp;<\/p>\n<p><strong>CAPACIDADES DISPONIBLES<\/strong><br \/>\n450 Kg<\/p>\n<\/div>\n<\/div>\n<\/div>\n<\/section>\n<\/div>\n<div class=\"video-container\">\n<div class=\"video-responsive\"><\/div>\n<\/div>\n<\/div>\n<\/div>\n<\/section>\n<\/div>\n","protected":false},"excerpt":{"rendered":"<p>Domino PT es una transpaleta el\u00e9ctrica sube-escaleras oruga dise\u00f1ada para mover pal\u00e9s de forma segura incluso cuando el terreno no ayuda. Tiene una capacidad de 450 kg y permite manipular diferentes tipos de pal\u00e9s. Asegura una libertad de movimiento que una transpaleta el\u00e9ctrica tradicional no puede ofrecer. Trabaja en todas las superficies, tambi\u00e9n en obra. [&hellip;]<\/p>\n","protected":false},"featured_media":30555,"template":"","meta":{"_acf_changed":false,"content-type":"","inline_featured_image":false,"footnotes":""},"product_brand":[],"product_cat":[10519],"product_tag":[],"class_list":{"0":"post-30574","1":"product","2":"type-product","3":"status-publish","4":"has-post-thumbnail","6":"product_cat-carretillas-sube-escaleras-para-cargas","8":"first","9":"instock","10":"taxable","11":"shipping-taxable","12":"purchasable","13":"product-type-variable"},"acf":[],"yoast_head":"<!-- This site is optimized with the Yoast SEO Premium plugin v26.4 (Yoast SEO v26.9) - https:\/\/yoast.com\/product\/yoast-seo-premium-wordpress\/ -->\n<title>Compra el transpal\u00e9 con orugas Domino PT desde 12.490 \u20ac<\/title>\n<meta name=\"description\" content=\"Compra el transpal\u00e9 Domino PT Zonzini desde 12.490 \u20ac en la tienda online de Zonzini \u2705 Capacidad de carga: 450 kg \u27ae Ir a la tienda\" \/>\n<meta name=\"robots\" content=\"index, follow, max-snippet:-1, max-image-preview:large, max-video-preview:-1\" \/>\n<link rel=\"canonical\" href=\"https:\/\/zonzinistairclimbers.com\/shop\/es\/tienda-zonzini\/transpaleta-sube-escaleras-electrica-domino-pt\/\" \/>\n<meta property=\"og:locale\" content=\"es_ES\" \/>\n<meta property=\"og:type\" content=\"article\" \/>\n<meta property=\"og:title\" content=\"Acquista Domino PT | Zonzini Shop\" \/>\n<meta property=\"og:description\" content=\"Acquista il Domino PT a un prezzo conveniente nello shop di Zonzini \u27aeVai allo shop\" \/>\n<meta property=\"og:url\" content=\"https:\/\/zonzinistairclimbers.com\/shop\/es\/tienda-zonzini\/transpaleta-sube-escaleras-electrica-domino-pt\/\" \/>\n<meta property=\"og:site_name\" content=\"Carros, Carretillas y Orugas Sube Escaleras El\u00e9ctricos | Zonzini\" \/>\n<meta property=\"article:publisher\" content=\"https:\/\/www.facebook.com\/zonzinistairclimbers\/\" \/>\n<meta property=\"article:modified_time\" content=\"2026-02-16T15:52:32+00:00\" \/>\n<meta property=\"og:image\" content=\"https:\/\/zonzinistairclimbers.com\/shop\/wp-content\/uploads\/2026\/02\/domino-pt-copertina.jpg\" \/>\n\t<meta property=\"og:image:width\" content=\"1000\" \/>\n\t<meta property=\"og:image:height\" content=\"1000\" \/>\n\t<meta property=\"og:image:type\" content=\"image\/jpeg\" \/>\n<meta name=\"twitter:card\" content=\"summary_large_image\" \/>\n<meta name=\"twitter:label1\" content=\"Disponibilidad\" \/>\n\t<meta name=\"twitter:data1\" content=\"Disponible\" \/>\n<script type=\"application\/ld+json\" class=\"yoast-schema-graph\">{\"@context\":\"https:\/\/schema.org\",\"@graph\":[{\"@type\":\"WebPage\",\"@id\":\"https:\/\/zonzinistairclimbers.com\/shop\/es\/tienda-zonzini\/transpaleta-sube-escaleras-electrica-domino-pt\/\",\"url\":\"https:\/\/zonzinistairclimbers.com\/shop\/es\/tienda-zonzini\/transpaleta-sube-escaleras-electrica-domino-pt\/\",\"name\":\"Compra el transpal\u00e9 con orugas Domino PT desde 12.490 \u20ac\",\"isPartOf\":{\"@id\":\"https:\/\/zonzinistairclimbers.com\/shop\/es\/#website\"},\"primaryImageOfPage\":{\"@id\":\"https:\/\/zonzinistairclimbers.com\/shop\/es\/tienda-zonzini\/transpaleta-sube-escaleras-electrica-domino-pt\/#primaryimage\"},\"image\":{\"@id\":\"https:\/\/zonzinistairclimbers.com\/shop\/es\/tienda-zonzini\/transpaleta-sube-escaleras-electrica-domino-pt\/#primaryimage\"},\"thumbnailUrl\":\"https:\/\/zonzinistairclimbers.com\/shop\/wp-content\/uploads\/2026\/02\/domino-pt-copertina.jpg\",\"datePublished\":\"2026-02-16T14:56:16+00:00\",\"dateModified\":\"2026-02-16T15:52:32+00:00\",\"description\":\"Compra el transpal\u00e9 Domino PT Zonzini desde 12.490 \u20ac en la tienda online de Zonzini \u2705 Capacidad de carga: 450 kg \u27ae Ir a la tienda\",\"breadcrumb\":{\"@id\":\"https:\/\/zonzinistairclimbers.com\/shop\/es\/tienda-zonzini\/transpaleta-sube-escaleras-electrica-domino-pt\/#breadcrumb\"},\"inLanguage\":\"es\",\"potentialAction\":[{\"@type\":\"ReadAction\",\"target\":[\"https:\/\/zonzinistairclimbers.com\/shop\/es\/tienda-zonzini\/transpaleta-sube-escaleras-electrica-domino-pt\/\"]}]},{\"@type\":\"ImageObject\",\"inLanguage\":\"es\",\"@id\":\"https:\/\/zonzinistairclimbers.com\/shop\/es\/tienda-zonzini\/transpaleta-sube-escaleras-electrica-domino-pt\/#primaryimage\",\"url\":\"https:\/\/zonzinistairclimbers.com\/shop\/wp-content\/uploads\/2026\/02\/domino-pt-copertina.jpg\",\"contentUrl\":\"https:\/\/zonzinistairclimbers.com\/shop\/wp-content\/uploads\/2026\/02\/domino-pt-copertina.jpg\",\"width\":1000,\"height\":1000},{\"@type\":\"BreadcrumbList\",\"@id\":\"https:\/\/zonzinistairclimbers.com\/shop\/es\/tienda-zonzini\/transpaleta-sube-escaleras-electrica-domino-pt\/#breadcrumb\",\"itemListElement\":[{\"@type\":\"ListItem\",\"position\":1,\"name\":\"Tienda Zonzini\",\"item\":\"https:\/\/zonzinistairclimbers.com\/shop\/es\/\"},{\"@type\":\"ListItem\",\"position\":2,\"name\":\"Carretillas Sube Escaleras para Cargas\",\"item\":\"https:\/\/zonzinistairclimbers.com\/shop\/es\/tienda-zonzini\/carretillas-sube-escaleras-para-cargas\/\"},{\"@type\":\"ListItem\",\"position\":3,\"name\":\"Domino PT\"}]},{\"@type\":\"WebSite\",\"@id\":\"https:\/\/zonzinistairclimbers.com\/shop\/es\/#website\",\"url\":\"https:\/\/zonzinistairclimbers.com\/shop\/es\/\",\"name\":\"Carrelli Saliscale Elettrici e Montascale a Cingoli | Zonzini\",\"description\":\"Carrelli saliscale per il trasporto di merci su scale e montascale per disabili Zonzini\",\"publisher\":{\"@id\":\"https:\/\/zonzinistairclimbers.com\/shop\/es\/#organization\"},\"alternateName\":\"Zonzini Saliscale\",\"potentialAction\":[{\"@type\":\"SearchAction\",\"target\":{\"@type\":\"EntryPoint\",\"urlTemplate\":\"https:\/\/zonzinistairclimbers.com\/shop\/es\/?s={search_term_string}\"},\"query-input\":{\"@type\":\"PropertyValueSpecification\",\"valueRequired\":true,\"valueName\":\"search_term_string\"}}],\"inLanguage\":\"es\"},{\"@type\":\"Organization\",\"@id\":\"https:\/\/zonzinistairclimbers.com\/shop\/es\/#organization\",\"name\":\"Carros, Carretillas y Orugas Sube Escaleras El\u00e9ctricos | Zonzini\",\"url\":\"https:\/\/zonzinistairclimbers.com\/shop\/es\/\",\"logo\":{\"@type\":\"ImageObject\",\"inLanguage\":\"es\",\"@id\":\"https:\/\/zonzinistairclimbers.com\/shop\/es\/#\/schema\/logo\/image\/\",\"url\":\"https:\/\/zonzinistairclimbers.com\/shop\/wp-content\/uploads\/2023\/09\/Logo_zonzini.svg\",\"contentUrl\":\"https:\/\/zonzinistairclimbers.com\/shop\/wp-content\/uploads\/2023\/09\/Logo_zonzini.svg\",\"width\":1234,\"height\":325,\"caption\":\"Carros, Carretillas y Orugas Sube Escaleras El\u00e9ctricos | Zonzini\"},\"image\":{\"@id\":\"https:\/\/zonzinistairclimbers.com\/shop\/es\/#\/schema\/logo\/image\/\"},\"sameAs\":[\"https:\/\/www.facebook.com\/zonzinistairclimbers\/\",\"https:\/\/www.instagram.com\/zonzini_stairclimbers\/\",\"https:\/\/www.youtube.com\/user\/saliscaleZONZINI\",\"https:\/\/www.linkedin.com\/company\/zonzini\/\"]}]}<\/script>\n<meta property=\"og:availability\" content=\"instock\" \/>\n<meta property=\"product:availability\" content=\"instock\" \/>\n<meta property=\"product:condition\" content=\"new\" \/>\n<!-- \/ Yoast SEO Premium plugin. -->","yoast_head_json":{"title":"Compra el transpal\u00e9 con orugas Domino PT desde 12.490 \u20ac","description":"Compra el transpal\u00e9 Domino PT Zonzini desde 12.490 \u20ac en la tienda online de Zonzini \u2705 Capacidad de carga: 450 kg \u27ae Ir a la tienda","robots":{"index":"index","follow":"follow","max-snippet":"max-snippet:-1","max-image-preview":"max-image-preview:large","max-video-preview":"max-video-preview:-1"},"canonical":"https:\/\/zonzinistairclimbers.com\/shop\/es\/tienda-zonzini\/transpaleta-sube-escaleras-electrica-domino-pt\/","og_locale":"es_ES","og_type":"article","og_title":"Acquista Domino PT | Zonzini Shop","og_description":"Acquista il Domino PT a un prezzo conveniente nello shop di Zonzini \u27aeVai allo shop","og_url":"https:\/\/zonzinistairclimbers.com\/shop\/es\/tienda-zonzini\/transpaleta-sube-escaleras-electrica-domino-pt\/","og_site_name":"Carros, Carretillas y Orugas Sube Escaleras El\u00e9ctricos | Zonzini","article_publisher":"https:\/\/www.facebook.com\/zonzinistairclimbers\/","article_modified_time":"2026-02-16T15:52:32+00:00","og_image":[{"width":1000,"height":1000,"url":"https:\/\/zonzinistairclimbers.com\/shop\/wp-content\/uploads\/2026\/02\/domino-pt-copertina.jpg","type":"image\/jpeg"}],"twitter_card":"summary_large_image","twitter_misc":{"Disponibilidad":"Disponible"},"schema":{"@context":"https:\/\/schema.org","@graph":[{"@type":"WebPage","@id":"https:\/\/zonzinistairclimbers.com\/shop\/es\/tienda-zonzini\/transpaleta-sube-escaleras-electrica-domino-pt\/","url":"https:\/\/zonzinistairclimbers.com\/shop\/es\/tienda-zonzini\/transpaleta-sube-escaleras-electrica-domino-pt\/","name":"Compra el transpal\u00e9 con orugas Domino PT desde 12.490 \u20ac","isPartOf":{"@id":"https:\/\/zonzinistairclimbers.com\/shop\/es\/#website"},"primaryImageOfPage":{"@id":"https:\/\/zonzinistairclimbers.com\/shop\/es\/tienda-zonzini\/transpaleta-sube-escaleras-electrica-domino-pt\/#primaryimage"},"image":{"@id":"https:\/\/zonzinistairclimbers.com\/shop\/es\/tienda-zonzini\/transpaleta-sube-escaleras-electrica-domino-pt\/#primaryimage"},"thumbnailUrl":"https:\/\/zonzinistairclimbers.com\/shop\/wp-content\/uploads\/2026\/02\/domino-pt-copertina.jpg","datePublished":"2026-02-16T14:56:16+00:00","dateModified":"2026-02-16T15:52:32+00:00","description":"Compra el transpal\u00e9 Domino PT Zonzini desde 12.490 \u20ac en la tienda online de Zonzini \u2705 Capacidad de carga: 450 kg \u27ae Ir a la tienda","breadcrumb":{"@id":"https:\/\/zonzinistairclimbers.com\/shop\/es\/tienda-zonzini\/transpaleta-sube-escaleras-electrica-domino-pt\/#breadcrumb"},"inLanguage":"es","potentialAction":[{"@type":"ReadAction","target":["https:\/\/zonzinistairclimbers.com\/shop\/es\/tienda-zonzini\/transpaleta-sube-escaleras-electrica-domino-pt\/"]}]},{"@type":"ImageObject","inLanguage":"es","@id":"https:\/\/zonzinistairclimbers.com\/shop\/es\/tienda-zonzini\/transpaleta-sube-escaleras-electrica-domino-pt\/#primaryimage","url":"https:\/\/zonzinistairclimbers.com\/shop\/wp-content\/uploads\/2026\/02\/domino-pt-copertina.jpg","contentUrl":"https:\/\/zonzinistairclimbers.com\/shop\/wp-content\/uploads\/2026\/02\/domino-pt-copertina.jpg","width":1000,"height":1000},{"@type":"BreadcrumbList","@id":"https:\/\/zonzinistairclimbers.com\/shop\/es\/tienda-zonzini\/transpaleta-sube-escaleras-electrica-domino-pt\/#breadcrumb","itemListElement":[{"@type":"ListItem","position":1,"name":"Tienda Zonzini","item":"https:\/\/zonzinistairclimbers.com\/shop\/es\/"},{"@type":"ListItem","position":2,"name":"Carretillas Sube Escaleras para Cargas","item":"https:\/\/zonzinistairclimbers.com\/shop\/es\/tienda-zonzini\/carretillas-sube-escaleras-para-cargas\/"},{"@type":"ListItem","position":3,"name":"Domino PT"}]},{"@type":"WebSite","@id":"https:\/\/zonzinistairclimbers.com\/shop\/es\/#website","url":"https:\/\/zonzinistairclimbers.com\/shop\/es\/","name":"Carrelli Saliscale Elettrici e Montascale a Cingoli | Zonzini","description":"Carrelli saliscale per il trasporto di merci su scale e montascale per disabili Zonzini","publisher":{"@id":"https:\/\/zonzinistairclimbers.com\/shop\/es\/#organization"},"alternateName":"Zonzini Saliscale","potentialAction":[{"@type":"SearchAction","target":{"@type":"EntryPoint","urlTemplate":"https:\/\/zonzinistairclimbers.com\/shop\/es\/?s={search_term_string}"},"query-input":{"@type":"PropertyValueSpecification","valueRequired":true,"valueName":"search_term_string"}}],"inLanguage":"es"},{"@type":"Organization","@id":"https:\/\/zonzinistairclimbers.com\/shop\/es\/#organization","name":"Carros, Carretillas y Orugas Sube Escaleras El\u00e9ctricos | Zonzini","url":"https:\/\/zonzinistairclimbers.com\/shop\/es\/","logo":{"@type":"ImageObject","inLanguage":"es","@id":"https:\/\/zonzinistairclimbers.com\/shop\/es\/#\/schema\/logo\/image\/","url":"https:\/\/zonzinistairclimbers.com\/shop\/wp-content\/uploads\/2023\/09\/Logo_zonzini.svg","contentUrl":"https:\/\/zonzinistairclimbers.com\/shop\/wp-content\/uploads\/2023\/09\/Logo_zonzini.svg","width":1234,"height":325,"caption":"Carros, Carretillas y Orugas Sube Escaleras El\u00e9ctricos | Zonzini"},"image":{"@id":"https:\/\/zonzinistairclimbers.com\/shop\/es\/#\/schema\/logo\/image\/"},"sameAs":["https:\/\/www.facebook.com\/zonzinistairclimbers\/","https:\/\/www.instagram.com\/zonzini_stairclimbers\/","https:\/\/www.youtube.com\/user\/saliscaleZONZINI","https:\/\/www.linkedin.com\/company\/zonzini\/"]}]},"og_availability":"instock","product_availability":"instock","product_condition":"new"},"_links":{"self":[{"href":"https:\/\/zonzinistairclimbers.com\/shop\/es\/wp-json\/wp\/v2\/product\/30574","targetHints":{"allow":["GET"]}}],"collection":[{"href":"https:\/\/zonzinistairclimbers.com\/shop\/es\/wp-json\/wp\/v2\/product"}],"about":[{"href":"https:\/\/zonzinistairclimbers.com\/shop\/es\/wp-json\/wp\/v2\/types\/product"}],"version-history":[{"count":2,"href":"https:\/\/zonzinistairclimbers.com\/shop\/es\/wp-json\/wp\/v2\/product\/30574\/revisions"}],"predecessor-version":[{"id":30578,"href":"https:\/\/zonzinistairclimbers.com\/shop\/es\/wp-json\/wp\/v2\/product\/30574\/revisions\/30578"}],"wp:featuredmedia":[{"embeddable":true,"href":"https:\/\/zonzinistairclimbers.com\/shop\/es\/wp-json\/wp\/v2\/media\/30555"}],"wp:attachment":[{"href":"https:\/\/zonzinistairclimbers.com\/shop\/es\/wp-json\/wp\/v2\/media?parent=30574"}],"wp:term":[{"taxonomy":"product_brand","embeddable":true,"href":"https:\/\/zonzinistairclimbers.com\/shop\/es\/wp-json\/wp\/v2\/product_brand?post=30574"},{"taxonomy":"product_cat","embeddable":true,"href":"https:\/\/zonzinistairclimbers.com\/shop\/es\/wp-json\/wp\/v2\/product_cat?post=30574"},{"taxonomy":"product_tag","embeddable":true,"href":"https:\/\/zonzinistairclimbers.com\/shop\/es\/wp-json\/wp\/v2\/product_tag?post=30574"}],"curies":[{"name":"wp","href":"https:\/\/api.w.org\/{rel}","templated":true}]}}