{"id":22325,"date":"2024-11-20T11:11:15","date_gmt":"2024-11-20T10:11:15","guid":{"rendered":"https:\/\/www.zonzini.it\/prodotto\/skipper-lift-gl\/"},"modified":"2024-11-20T11:11:15","modified_gmt":"2024-11-20T11:11:15","slug":"skipper-lift-gl","status":"publish","type":"product","link":"https:\/\/zonzinistairclimbers.com\/shop\/es\/tienda-zonzini\/carrello-saliscale-elettrico\/skipper-lift-gl\/","title":{"rendered":"Skipper Lift &#8211; GL"},"content":{"rendered":"<div class=\"_70\">\n<div class=\"white _24marginbottom left w-richtext\">\n<div class=\"w-embed\">\n<p><span class=\"span\">SKIPPER \u00c8 IL CARRELLO SALISCALE ELETTRICO PER SERRAMENTI, INFISSI E CARICHI ALTI<\/span><\/p>\n<\/div>\n<\/div>\n<\/div>\n<div class=\"_50\">\n<p class=\"paragraph\">Skipper Plasmoid \u00e8 un carrello cingolato elettrico ideale per il trasporto su scale di carichi <strong>alti<\/strong>, come infissi e serramenti. \u00c8 adatto ad ogni tipo di superficie. Grazie alle sue caratteristiche innovative Skipper Plasmoid \u00e8 il carrello per serramentisti e per il trasporto di infissi per eccellenza.<\/p>\n<div>\n<div class=\"idealeper\">\n<h3 class=\"label white\">IDEALE PER IL TRASPORTO DI:<\/h3>\n<ul>\n<li>serramenti al piano<\/li>\n<li>infissi<\/li>\n<li>porte<\/li>\n<li>finestre<\/li>\n<li>porte blindate<\/li>\n<li>bombole antincendio<\/li>\n<li>server<\/li>\n<li>quadri elettrici<\/li>\n<li>lastre di marmo<\/li>\n<li>mobili alti, come un armadio o una libreria<\/li>\n<\/ul>\n<\/div>\n<\/div>\n<\/div>\n","protected":false},"excerpt":{"rendered":"<p>SKIPPER \u00c8 IL CARRELLO SALISCALE ELETTRICO PER SERRAMENTI, INFISSI E CARICHI ALTI Skipper Plasmoid \u00e8 un carrello cingolato elettrico ideale per il trasporto su scale di carichi alti, come infissi e serramenti. \u00c8 adatto ad ogni tipo di superficie. Grazie alle sue caratteristiche innovative Skipper Plasmoid \u00e8 il carrello per serramentisti e per il trasporto [&hellip;]<\/p>\n","protected":false},"featured_media":21254,"template":"","meta":{"_acf_changed":false,"content-type":"","inline_featured_image":false,"footnotes":""},"product_brand":[],"product_cat":[10519],"product_tag":[],"class_list":{"0":"post-22325","1":"product","2":"type-product","3":"status-publish","4":"has-post-thumbnail","6":"product_cat-carretillas-sube-escaleras-para-cargas","8":"first","9":"instock","10":"sale","11":"taxable","12":"shipping-taxable","13":"purchasable","14":"product-type-variable","15":"has-default-attributes"},"acf":[],"yoast_head":"<!-- This site is optimized with the Yoast SEO Premium plugin v26.4 (Yoast SEO v26.9) - https:\/\/yoast.com\/product\/yoast-seo-premium-wordpress\/ -->\n<title>Acquista Skipper Lift - GL &#128997;Zonzini Shop<\/title>\n<meta name=\"description\" content=\"Acquista Skipper Lift - GL a un prezzo conveniente nello shop di Zonzini \u27aeVai allo shop\" \/>\n<meta name=\"robots\" content=\"index, follow, max-snippet:-1, max-image-preview:large, max-video-preview:-1\" \/>\n<link rel=\"canonical\" href=\"https:\/\/zonzinistairclimbers.com\/shop\/es\/tienda-zonzini\/carrello-saliscale-elettrico\/skipper-lift-gl\/\" \/>\n<meta property=\"og:locale\" content=\"es_ES\" \/>\n<meta property=\"og:type\" content=\"article\" \/>\n<meta property=\"og:title\" content=\"Acquista Skipper Lift - GL | Zonzini Shop\" \/>\n<meta property=\"og:description\" content=\"Acquista il Skipper Lift - GL a un prezzo conveniente nello shop di Zonzini \u27aeVai allo shop\" \/>\n<meta property=\"og:url\" content=\"https:\/\/zonzinistairclimbers.com\/shop\/es\/tienda-zonzini\/carrello-saliscale-elettrico\/skipper-lift-gl\/\" \/>\n<meta property=\"og:site_name\" content=\"Carros, Carretillas y Orugas Sube Escaleras El\u00e9ctricos | Zonzini\" \/>\n<meta property=\"article:publisher\" content=\"https:\/\/www.facebook.com\/zonzinistairclimbers\/\" \/>\n<meta property=\"article:modified_time\" content=\"2024-11-20T11:11:15+00:00\" \/>\n<meta property=\"og:image\" content=\"https:\/\/zonzinistairclimbers.com\/shop\/wp-content\/uploads\/2024\/11\/Zfc-62-copia-e1733142313881.jpg\" \/>\n\t<meta property=\"og:image:width\" content=\"2376\" \/>\n\t<meta property=\"og:image:height\" content=\"1584\" \/>\n\t<meta property=\"og:image:type\" content=\"image\/jpeg\" \/>\n<meta name=\"twitter:card\" content=\"summary_large_image\" \/>\n<meta name=\"twitter:label1\" content=\"Disponibilidad\" \/>\n\t<meta name=\"twitter:data1\" content=\"Disponible\" \/>\n<script type=\"application\/ld+json\" class=\"yoast-schema-graph\">{\"@context\":\"https:\/\/schema.org\",\"@graph\":[{\"@type\":\"WebPage\",\"@id\":\"https:\/\/zonzinistairclimbers.com\/shop\/es\/tienda-zonzini\/carrello-saliscale-elettrico\/skipper-lift-gl\/\",\"url\":\"https:\/\/zonzinistairclimbers.com\/shop\/es\/tienda-zonzini\/carrello-saliscale-elettrico\/skipper-lift-gl\/\",\"name\":\"Acquista Skipper Lift - GL &#128997;Zonzini Shop\",\"isPartOf\":{\"@id\":\"https:\/\/zonzinistairclimbers.com\/shop\/es\/#website\"},\"primaryImageOfPage\":{\"@id\":\"https:\/\/zonzinistairclimbers.com\/shop\/es\/tienda-zonzini\/carrello-saliscale-elettrico\/skipper-lift-gl\/#primaryimage\"},\"image\":{\"@id\":\"https:\/\/zonzinistairclimbers.com\/shop\/es\/tienda-zonzini\/carrello-saliscale-elettrico\/skipper-lift-gl\/#primaryimage\"},\"thumbnailUrl\":\"https:\/\/zonzinistairclimbers.com\/shop\/wp-content\/uploads\/2024\/11\/Zfc-62-copia-e1733142313881.jpg\",\"datePublished\":\"2024-11-20T10:11:15+00:00\",\"dateModified\":\"2024-11-20T11:11:15+00:00\",\"description\":\"Acquista Skipper Lift - GL a un prezzo conveniente nello shop di Zonzini \u27aeVai allo shop\",\"breadcrumb\":{\"@id\":\"https:\/\/zonzinistairclimbers.com\/shop\/es\/tienda-zonzini\/carrello-saliscale-elettrico\/skipper-lift-gl\/#breadcrumb\"},\"inLanguage\":\"es\",\"potentialAction\":[{\"@type\":\"ReadAction\",\"target\":[\"https:\/\/zonzinistairclimbers.com\/shop\/es\/tienda-zonzini\/carrello-saliscale-elettrico\/skipper-lift-gl\/\"]}]},{\"@type\":\"ImageObject\",\"inLanguage\":\"es\",\"@id\":\"https:\/\/zonzinistairclimbers.com\/shop\/es\/tienda-zonzini\/carrello-saliscale-elettrico\/skipper-lift-gl\/#primaryimage\",\"url\":\"https:\/\/zonzinistairclimbers.com\/shop\/wp-content\/uploads\/2024\/11\/Zfc-62-copia-e1733142313881.jpg\",\"contentUrl\":\"https:\/\/zonzinistairclimbers.com\/shop\/wp-content\/uploads\/2024\/11\/Zfc-62-copia-e1733142313881.jpg\",\"width\":2376,\"height\":1584,\"caption\":\"Carrello cingolato per trasporto vetri\"},{\"@type\":\"BreadcrumbList\",\"@id\":\"https:\/\/zonzinistairclimbers.com\/shop\/es\/tienda-zonzini\/carrello-saliscale-elettrico\/skipper-lift-gl\/#breadcrumb\",\"itemListElement\":[{\"@type\":\"ListItem\",\"position\":1,\"name\":\"Tienda Zonzini\",\"item\":\"https:\/\/zonzinistairclimbers.com\/shop\/es\/\"},{\"@type\":\"ListItem\",\"position\":2,\"name\":\"Carretillas Sube Escaleras para Cargas\",\"item\":\"https:\/\/zonzinistairclimbers.com\/shop\/es\/tienda-zonzini\/carretillas-sube-escaleras-para-cargas\/\"},{\"@type\":\"ListItem\",\"position\":3,\"name\":\"Skipper Lift &#8211; GL\"}]},{\"@type\":\"WebSite\",\"@id\":\"https:\/\/zonzinistairclimbers.com\/shop\/es\/#website\",\"url\":\"https:\/\/zonzinistairclimbers.com\/shop\/es\/\",\"name\":\"Carrelli Saliscale Elettrici e Montascale a Cingoli | Zonzini\",\"description\":\"Carrelli saliscale per il trasporto di merci su scale e montascale per disabili Zonzini\",\"publisher\":{\"@id\":\"https:\/\/zonzinistairclimbers.com\/shop\/es\/#organization\"},\"alternateName\":\"Zonzini Saliscale\",\"potentialAction\":[{\"@type\":\"SearchAction\",\"target\":{\"@type\":\"EntryPoint\",\"urlTemplate\":\"https:\/\/zonzinistairclimbers.com\/shop\/es\/?s={search_term_string}\"},\"query-input\":{\"@type\":\"PropertyValueSpecification\",\"valueRequired\":true,\"valueName\":\"search_term_string\"}}],\"inLanguage\":\"es\"},{\"@type\":\"Organization\",\"@id\":\"https:\/\/zonzinistairclimbers.com\/shop\/es\/#organization\",\"name\":\"Carros, Carretillas y Orugas Sube Escaleras El\u00e9ctricos | Zonzini\",\"url\":\"https:\/\/zonzinistairclimbers.com\/shop\/es\/\",\"logo\":{\"@type\":\"ImageObject\",\"inLanguage\":\"es\",\"@id\":\"https:\/\/zonzinistairclimbers.com\/shop\/es\/#\/schema\/logo\/image\/\",\"url\":\"https:\/\/zonzinistairclimbers.com\/shop\/wp-content\/uploads\/2023\/09\/Logo_zonzini.svg\",\"contentUrl\":\"https:\/\/zonzinistairclimbers.com\/shop\/wp-content\/uploads\/2023\/09\/Logo_zonzini.svg\",\"width\":1234,\"height\":325,\"caption\":\"Carros, Carretillas y Orugas Sube Escaleras El\u00e9ctricos | Zonzini\"},\"image\":{\"@id\":\"https:\/\/zonzinistairclimbers.com\/shop\/es\/#\/schema\/logo\/image\/\"},\"sameAs\":[\"https:\/\/www.facebook.com\/zonzinistairclimbers\/\",\"https:\/\/www.instagram.com\/zonzini_stairclimbers\/\",\"https:\/\/www.youtube.com\/user\/saliscaleZONZINI\",\"https:\/\/www.linkedin.com\/company\/zonzini\/\"]}]}<\/script>\n<meta property=\"og:availability\" content=\"instock\" \/>\n<meta property=\"product:availability\" content=\"instock\" \/>\n<meta property=\"product:condition\" content=\"new\" \/>\n<!-- \/ Yoast SEO Premium plugin. -->","yoast_head_json":{"title":"Acquista Skipper Lift - GL &#128997;Zonzini Shop","description":"Acquista Skipper Lift - GL a un prezzo conveniente nello shop di Zonzini \u27aeVai allo shop","robots":{"index":"index","follow":"follow","max-snippet":"max-snippet:-1","max-image-preview":"max-image-preview:large","max-video-preview":"max-video-preview:-1"},"canonical":"https:\/\/zonzinistairclimbers.com\/shop\/es\/tienda-zonzini\/carrello-saliscale-elettrico\/skipper-lift-gl\/","og_locale":"es_ES","og_type":"article","og_title":"Acquista Skipper Lift - GL | Zonzini Shop","og_description":"Acquista il Skipper Lift - GL a un prezzo conveniente nello shop di Zonzini \u27aeVai allo shop","og_url":"https:\/\/zonzinistairclimbers.com\/shop\/es\/tienda-zonzini\/carrello-saliscale-elettrico\/skipper-lift-gl\/","og_site_name":"Carros, Carretillas y Orugas Sube Escaleras El\u00e9ctricos | Zonzini","article_publisher":"https:\/\/www.facebook.com\/zonzinistairclimbers\/","article_modified_time":"2024-11-20T11:11:15+00:00","og_image":[{"width":2376,"height":1584,"url":"https:\/\/zonzinistairclimbers.com\/shop\/wp-content\/uploads\/2024\/11\/Zfc-62-copia-e1733142313881.jpg","type":"image\/jpeg"}],"twitter_card":"summary_large_image","twitter_misc":{"Disponibilidad":"Disponible"},"schema":{"@context":"https:\/\/schema.org","@graph":[{"@type":"WebPage","@id":"https:\/\/zonzinistairclimbers.com\/shop\/es\/tienda-zonzini\/carrello-saliscale-elettrico\/skipper-lift-gl\/","url":"https:\/\/zonzinistairclimbers.com\/shop\/es\/tienda-zonzini\/carrello-saliscale-elettrico\/skipper-lift-gl\/","name":"Acquista Skipper Lift - GL &#128997;Zonzini Shop","isPartOf":{"@id":"https:\/\/zonzinistairclimbers.com\/shop\/es\/#website"},"primaryImageOfPage":{"@id":"https:\/\/zonzinistairclimbers.com\/shop\/es\/tienda-zonzini\/carrello-saliscale-elettrico\/skipper-lift-gl\/#primaryimage"},"image":{"@id":"https:\/\/zonzinistairclimbers.com\/shop\/es\/tienda-zonzini\/carrello-saliscale-elettrico\/skipper-lift-gl\/#primaryimage"},"thumbnailUrl":"https:\/\/zonzinistairclimbers.com\/shop\/wp-content\/uploads\/2024\/11\/Zfc-62-copia-e1733142313881.jpg","datePublished":"2024-11-20T10:11:15+00:00","dateModified":"2024-11-20T11:11:15+00:00","description":"Acquista Skipper Lift - GL a un prezzo conveniente nello shop di Zonzini \u27aeVai allo shop","breadcrumb":{"@id":"https:\/\/zonzinistairclimbers.com\/shop\/es\/tienda-zonzini\/carrello-saliscale-elettrico\/skipper-lift-gl\/#breadcrumb"},"inLanguage":"es","potentialAction":[{"@type":"ReadAction","target":["https:\/\/zonzinistairclimbers.com\/shop\/es\/tienda-zonzini\/carrello-saliscale-elettrico\/skipper-lift-gl\/"]}]},{"@type":"ImageObject","inLanguage":"es","@id":"https:\/\/zonzinistairclimbers.com\/shop\/es\/tienda-zonzini\/carrello-saliscale-elettrico\/skipper-lift-gl\/#primaryimage","url":"https:\/\/zonzinistairclimbers.com\/shop\/wp-content\/uploads\/2024\/11\/Zfc-62-copia-e1733142313881.jpg","contentUrl":"https:\/\/zonzinistairclimbers.com\/shop\/wp-content\/uploads\/2024\/11\/Zfc-62-copia-e1733142313881.jpg","width":2376,"height":1584,"caption":"Carrello cingolato per trasporto vetri"},{"@type":"BreadcrumbList","@id":"https:\/\/zonzinistairclimbers.com\/shop\/es\/tienda-zonzini\/carrello-saliscale-elettrico\/skipper-lift-gl\/#breadcrumb","itemListElement":[{"@type":"ListItem","position":1,"name":"Tienda Zonzini","item":"https:\/\/zonzinistairclimbers.com\/shop\/es\/"},{"@type":"ListItem","position":2,"name":"Carretillas Sube Escaleras para Cargas","item":"https:\/\/zonzinistairclimbers.com\/shop\/es\/tienda-zonzini\/carretillas-sube-escaleras-para-cargas\/"},{"@type":"ListItem","position":3,"name":"Skipper Lift &#8211; GL"}]},{"@type":"WebSite","@id":"https:\/\/zonzinistairclimbers.com\/shop\/es\/#website","url":"https:\/\/zonzinistairclimbers.com\/shop\/es\/","name":"Carrelli Saliscale Elettrici e Montascale a Cingoli | Zonzini","description":"Carrelli saliscale per il trasporto di merci su scale e montascale per disabili Zonzini","publisher":{"@id":"https:\/\/zonzinistairclimbers.com\/shop\/es\/#organization"},"alternateName":"Zonzini Saliscale","potentialAction":[{"@type":"SearchAction","target":{"@type":"EntryPoint","urlTemplate":"https:\/\/zonzinistairclimbers.com\/shop\/es\/?s={search_term_string}"},"query-input":{"@type":"PropertyValueSpecification","valueRequired":true,"valueName":"search_term_string"}}],"inLanguage":"es"},{"@type":"Organization","@id":"https:\/\/zonzinistairclimbers.com\/shop\/es\/#organization","name":"Carros, Carretillas y Orugas Sube Escaleras El\u00e9ctricos | Zonzini","url":"https:\/\/zonzinistairclimbers.com\/shop\/es\/","logo":{"@type":"ImageObject","inLanguage":"es","@id":"https:\/\/zonzinistairclimbers.com\/shop\/es\/#\/schema\/logo\/image\/","url":"https:\/\/zonzinistairclimbers.com\/shop\/wp-content\/uploads\/2023\/09\/Logo_zonzini.svg","contentUrl":"https:\/\/zonzinistairclimbers.com\/shop\/wp-content\/uploads\/2023\/09\/Logo_zonzini.svg","width":1234,"height":325,"caption":"Carros, Carretillas y Orugas Sube Escaleras El\u00e9ctricos | Zonzini"},"image":{"@id":"https:\/\/zonzinistairclimbers.com\/shop\/es\/#\/schema\/logo\/image\/"},"sameAs":["https:\/\/www.facebook.com\/zonzinistairclimbers\/","https:\/\/www.instagram.com\/zonzini_stairclimbers\/","https:\/\/www.youtube.com\/user\/saliscaleZONZINI","https:\/\/www.linkedin.com\/company\/zonzini\/"]}]},"og_availability":"instock","product_availability":"instock","product_condition":"new"},"_links":{"self":[{"href":"https:\/\/zonzinistairclimbers.com\/shop\/es\/wp-json\/wp\/v2\/product\/22325","targetHints":{"allow":["GET"]}}],"collection":[{"href":"https:\/\/zonzinistairclimbers.com\/shop\/es\/wp-json\/wp\/v2\/product"}],"about":[{"href":"https:\/\/zonzinistairclimbers.com\/shop\/es\/wp-json\/wp\/v2\/types\/product"}],"version-history":[{"count":0,"href":"https:\/\/zonzinistairclimbers.com\/shop\/es\/wp-json\/wp\/v2\/product\/22325\/revisions"}],"wp:featuredmedia":[{"embeddable":true,"href":"https:\/\/zonzinistairclimbers.com\/shop\/es\/wp-json\/wp\/v2\/media\/21254"}],"wp:attachment":[{"href":"https:\/\/zonzinistairclimbers.com\/shop\/es\/wp-json\/wp\/v2\/media?parent=22325"}],"wp:term":[{"taxonomy":"product_brand","embeddable":true,"href":"https:\/\/zonzinistairclimbers.com\/shop\/es\/wp-json\/wp\/v2\/product_brand?post=22325"},{"taxonomy":"product_cat","embeddable":true,"href":"https:\/\/zonzinistairclimbers.com\/shop\/es\/wp-json\/wp\/v2\/product_cat?post=22325"},{"taxonomy":"product_tag","embeddable":true,"href":"https:\/\/zonzinistairclimbers.com\/shop\/es\/wp-json\/wp\/v2\/product_tag?post=22325"}],"curies":[{"name":"wp","href":"https:\/\/api.w.org\/{rel}","templated":true}]}}