{"id":12678,"date":"2021-11-17T10:00:58","date_gmt":"2021-11-17T09:00:58","guid":{"rendered":"http:\/\/zonzini.it\/shop\/sin%20categor\u00eda\/domino-plasmoid\/"},"modified":"2024-12-05T16:01:53","modified_gmt":"2024-12-05T15:01:53","slug":"domino","status":"publish","type":"product","link":"https:\/\/zonzinistairclimbers.com\/shop\/es\/tienda-zonzini\/carretillas-sube-escaleras-para-cargas\/domino\/","title":{"rendered":"Domino"},"content":{"rendered":"<p>El robot sube escaleras autom\u00e1tico Domino transporta cargas de hasta 400 kg.<\/p>\n<p>Extremadamente f\u00e1cil y seguro de usar, el modelo Domino es adecuado para el transporte por escaleras interiores y exteriores, as\u00ed como por suelos inclinados, incluidos los suelos sin terminar.<\/p>\n<p>Domino Estabilizado, la versi\u00f3n con brazo estabilizador, representa la tecnolog\u00eda m\u00e1s avanzada disponible en el mercado. Est\u00e1 equipado con sensores de detecci\u00f3n de pasos, lo que permite al brazo estabilizador mantener el contacto con el suelo en todo momento.<\/p>\n<p>Puede girar en espacios muy estrechos.<\/p>\n<p>Es adecuado para transportar una amplia gama de cargas de <strong>hasta 2 metros de altura<\/strong>.<\/p>\n","protected":false},"excerpt":{"rendered":"<p>El robot sube escaleras autom\u00e1tico Domino transporta cargas de hasta 400 kg. Extremadamente f\u00e1cil y seguro de usar, el modelo Domino es adecuado para el transporte por escaleras interiores y exteriores, as\u00ed como por suelos inclinados, incluidos los suelos sin terminar. Domino Estabilizado, la versi\u00f3n con brazo estabilizador, representa la tecnolog\u00eda m\u00e1s avanzada disponible en [&hellip;]<\/p>\n","protected":false},"featured_media":8756,"template":"","meta":{"_acf_changed":false,"content-type":"","inline_featured_image":false,"footnotes":""},"product_brand":[],"product_cat":[10519],"product_tag":[],"class_list":{"0":"post-12678","1":"product","2":"type-product","3":"status-publish","4":"has-post-thumbnail","6":"product_cat-carretillas-sube-escaleras-para-cargas","8":"first","9":"instock","10":"sale","11":"taxable","12":"shipping-taxable","13":"purchasable","14":"product-type-variable","15":"has-default-attributes"},"acf":[],"yoast_head":"<!-- This site is optimized with the Yoast SEO Premium plugin v26.4 (Yoast SEO v26.9) - https:\/\/yoast.com\/product\/yoast-seo-premium-wordpress\/ -->\n<title>Comprar el sube escaleras Domino desde \u20ac7.4.00<\/title>\n<meta name=\"description\" content=\"Compre la carretilla sube escaleras con orugas Domino desde 7.400 euros en la tienda en l\u00ednea de Zonzini \u27ae Ir a la tienda\" \/>\n<meta name=\"robots\" content=\"index, follow, max-snippet:-1, max-image-preview:large, max-video-preview:-1\" \/>\n<link rel=\"canonical\" href=\"https:\/\/zonzinistairclimbers.com\/shop\/es\/tienda-zonzini\/carretillas-sube-escaleras-para-cargas\/domino\/\" \/>\n<meta property=\"og:locale\" content=\"es_ES\" \/>\n<meta property=\"og:type\" content=\"article\" \/>\n<meta property=\"og:title\" content=\"Acquista Domino | Zonzini Shop\" \/>\n<meta property=\"og:description\" content=\"Acquista il Domino a un prezzo conveniente nello shop di Zonzini \u27aeVai allo shop\" \/>\n<meta property=\"og:url\" content=\"https:\/\/zonzinistairclimbers.com\/shop\/es\/tienda-zonzini\/carretillas-sube-escaleras-para-cargas\/domino\/\" \/>\n<meta property=\"og:site_name\" content=\"Carros, Carretillas y Orugas Sube Escaleras El\u00e9ctricos | Zonzini\" \/>\n<meta property=\"article:publisher\" content=\"https:\/\/www.facebook.com\/zonzinistairclimbers\/\" \/>\n<meta property=\"article:modified_time\" content=\"2024-12-05T15:01:53+00:00\" \/>\n<meta property=\"og:image\" content=\"https:\/\/zonzinistairclimbers.com\/shop\/wp-content\/uploads\/2021\/11\/Zonzincroped-per-sito-1.jpg\" \/>\n\t<meta property=\"og:image:width\" content=\"1151\" \/>\n\t<meta property=\"og:image:height\" content=\"1151\" \/>\n\t<meta property=\"og:image:type\" content=\"image\/jpeg\" \/>\n<meta name=\"twitter:card\" content=\"summary_large_image\" \/>\n<meta name=\"twitter:label1\" content=\"Disponibilidad\" \/>\n\t<meta name=\"twitter:data1\" content=\"Disponible\" \/>\n<script type=\"application\/ld+json\" class=\"yoast-schema-graph\">{\"@context\":\"https:\/\/schema.org\",\"@graph\":[{\"@type\":\"WebPage\",\"@id\":\"https:\/\/zonzinistairclimbers.com\/shop\/es\/tienda-zonzini\/carretillas-sube-escaleras-para-cargas\/domino\/\",\"url\":\"https:\/\/zonzinistairclimbers.com\/shop\/es\/tienda-zonzini\/carretillas-sube-escaleras-para-cargas\/domino\/\",\"name\":\"Comprar el sube escaleras Domino desde \u20ac7.4.00\",\"isPartOf\":{\"@id\":\"https:\/\/zonzinistairclimbers.com\/shop\/es\/#website\"},\"primaryImageOfPage\":{\"@id\":\"https:\/\/zonzinistairclimbers.com\/shop\/es\/tienda-zonzini\/carretillas-sube-escaleras-para-cargas\/domino\/#primaryimage\"},\"image\":{\"@id\":\"https:\/\/zonzinistairclimbers.com\/shop\/es\/tienda-zonzini\/carretillas-sube-escaleras-para-cargas\/domino\/#primaryimage\"},\"thumbnailUrl\":\"https:\/\/zonzinistairclimbers.com\/shop\/wp-content\/uploads\/2021\/11\/Zonzincroped-per-sito-1.jpg\",\"datePublished\":\"2021-11-17T09:00:58+00:00\",\"dateModified\":\"2024-12-05T15:01:53+00:00\",\"description\":\"Compre la carretilla sube escaleras con orugas Domino desde 7.400 euros en la tienda en l\u00ednea de Zonzini \u27ae Ir a la tienda\",\"breadcrumb\":{\"@id\":\"https:\/\/zonzinistairclimbers.com\/shop\/es\/tienda-zonzini\/carretillas-sube-escaleras-para-cargas\/domino\/#breadcrumb\"},\"inLanguage\":\"es\",\"potentialAction\":[{\"@type\":\"ReadAction\",\"target\":[\"https:\/\/zonzinistairclimbers.com\/shop\/es\/tienda-zonzini\/carretillas-sube-escaleras-para-cargas\/domino\/\"]}]},{\"@type\":\"ImageObject\",\"inLanguage\":\"es\",\"@id\":\"https:\/\/zonzinistairclimbers.com\/shop\/es\/tienda-zonzini\/carretillas-sube-escaleras-para-cargas\/domino\/#primaryimage\",\"url\":\"https:\/\/zonzinistairclimbers.com\/shop\/wp-content\/uploads\/2021\/11\/Zonzincroped-per-sito-1.jpg\",\"contentUrl\":\"https:\/\/zonzinistairclimbers.com\/shop\/wp-content\/uploads\/2021\/11\/Zonzincroped-per-sito-1.jpg\",\"width\":1151,\"height\":1151,\"caption\":\"Sube escaleras con orugas Domino Plasmoid\"},{\"@type\":\"BreadcrumbList\",\"@id\":\"https:\/\/zonzinistairclimbers.com\/shop\/es\/tienda-zonzini\/carretillas-sube-escaleras-para-cargas\/domino\/#breadcrumb\",\"itemListElement\":[{\"@type\":\"ListItem\",\"position\":1,\"name\":\"Tienda Zonzini\",\"item\":\"https:\/\/zonzinistairclimbers.com\/shop\/es\/\"},{\"@type\":\"ListItem\",\"position\":2,\"name\":\"Carretillas Sube Escaleras para Cargas\",\"item\":\"https:\/\/zonzinistairclimbers.com\/shop\/es\/tienda-zonzini\/carretillas-sube-escaleras-para-cargas\/\"},{\"@type\":\"ListItem\",\"position\":3,\"name\":\"Domino\"}]},{\"@type\":\"WebSite\",\"@id\":\"https:\/\/zonzinistairclimbers.com\/shop\/es\/#website\",\"url\":\"https:\/\/zonzinistairclimbers.com\/shop\/es\/\",\"name\":\"Carrelli Saliscale Elettrici e Montascale a Cingoli | Zonzini\",\"description\":\"Carrelli saliscale per il trasporto di merci su scale e montascale per disabili Zonzini\",\"publisher\":{\"@id\":\"https:\/\/zonzinistairclimbers.com\/shop\/es\/#organization\"},\"alternateName\":\"Zonzini Saliscale\",\"potentialAction\":[{\"@type\":\"SearchAction\",\"target\":{\"@type\":\"EntryPoint\",\"urlTemplate\":\"https:\/\/zonzinistairclimbers.com\/shop\/es\/?s={search_term_string}\"},\"query-input\":{\"@type\":\"PropertyValueSpecification\",\"valueRequired\":true,\"valueName\":\"search_term_string\"}}],\"inLanguage\":\"es\"},{\"@type\":\"Organization\",\"@id\":\"https:\/\/zonzinistairclimbers.com\/shop\/es\/#organization\",\"name\":\"Carros, Carretillas y Orugas Sube Escaleras El\u00e9ctricos | Zonzini\",\"url\":\"https:\/\/zonzinistairclimbers.com\/shop\/es\/\",\"logo\":{\"@type\":\"ImageObject\",\"inLanguage\":\"es\",\"@id\":\"https:\/\/zonzinistairclimbers.com\/shop\/es\/#\/schema\/logo\/image\/\",\"url\":\"https:\/\/zonzinistairclimbers.com\/shop\/wp-content\/uploads\/2023\/09\/Logo_zonzini.svg\",\"contentUrl\":\"https:\/\/zonzinistairclimbers.com\/shop\/wp-content\/uploads\/2023\/09\/Logo_zonzini.svg\",\"width\":1234,\"height\":325,\"caption\":\"Carros, Carretillas y Orugas Sube Escaleras El\u00e9ctricos | Zonzini\"},\"image\":{\"@id\":\"https:\/\/zonzinistairclimbers.com\/shop\/es\/#\/schema\/logo\/image\/\"},\"sameAs\":[\"https:\/\/www.facebook.com\/zonzinistairclimbers\/\",\"https:\/\/www.instagram.com\/zonzini_stairclimbers\/\",\"https:\/\/www.youtube.com\/user\/saliscaleZONZINI\",\"https:\/\/www.linkedin.com\/company\/zonzini\/\"]}]}<\/script>\n<meta property=\"og:availability\" content=\"instock\" \/>\n<meta property=\"product:availability\" content=\"instock\" \/>\n<meta property=\"product:condition\" content=\"new\" \/>\n<!-- \/ Yoast SEO Premium plugin. -->","yoast_head_json":{"title":"Comprar el sube escaleras Domino desde \u20ac7.4.00","description":"Compre la carretilla sube escaleras con orugas Domino desde 7.400 euros en la tienda en l\u00ednea de Zonzini \u27ae Ir a la tienda","robots":{"index":"index","follow":"follow","max-snippet":"max-snippet:-1","max-image-preview":"max-image-preview:large","max-video-preview":"max-video-preview:-1"},"canonical":"https:\/\/zonzinistairclimbers.com\/shop\/es\/tienda-zonzini\/carretillas-sube-escaleras-para-cargas\/domino\/","og_locale":"es_ES","og_type":"article","og_title":"Acquista Domino | Zonzini Shop","og_description":"Acquista il Domino a un prezzo conveniente nello shop di Zonzini \u27aeVai allo shop","og_url":"https:\/\/zonzinistairclimbers.com\/shop\/es\/tienda-zonzini\/carretillas-sube-escaleras-para-cargas\/domino\/","og_site_name":"Carros, Carretillas y Orugas Sube Escaleras El\u00e9ctricos | Zonzini","article_publisher":"https:\/\/www.facebook.com\/zonzinistairclimbers\/","article_modified_time":"2024-12-05T15:01:53+00:00","og_image":[{"width":1151,"height":1151,"url":"https:\/\/zonzinistairclimbers.com\/shop\/wp-content\/uploads\/2021\/11\/Zonzincroped-per-sito-1.jpg","type":"image\/jpeg"}],"twitter_card":"summary_large_image","twitter_misc":{"Disponibilidad":"Disponible"},"schema":{"@context":"https:\/\/schema.org","@graph":[{"@type":"WebPage","@id":"https:\/\/zonzinistairclimbers.com\/shop\/es\/tienda-zonzini\/carretillas-sube-escaleras-para-cargas\/domino\/","url":"https:\/\/zonzinistairclimbers.com\/shop\/es\/tienda-zonzini\/carretillas-sube-escaleras-para-cargas\/domino\/","name":"Comprar el sube escaleras Domino desde \u20ac7.4.00","isPartOf":{"@id":"https:\/\/zonzinistairclimbers.com\/shop\/es\/#website"},"primaryImageOfPage":{"@id":"https:\/\/zonzinistairclimbers.com\/shop\/es\/tienda-zonzini\/carretillas-sube-escaleras-para-cargas\/domino\/#primaryimage"},"image":{"@id":"https:\/\/zonzinistairclimbers.com\/shop\/es\/tienda-zonzini\/carretillas-sube-escaleras-para-cargas\/domino\/#primaryimage"},"thumbnailUrl":"https:\/\/zonzinistairclimbers.com\/shop\/wp-content\/uploads\/2021\/11\/Zonzincroped-per-sito-1.jpg","datePublished":"2021-11-17T09:00:58+00:00","dateModified":"2024-12-05T15:01:53+00:00","description":"Compre la carretilla sube escaleras con orugas Domino desde 7.400 euros en la tienda en l\u00ednea de Zonzini \u27ae Ir a la tienda","breadcrumb":{"@id":"https:\/\/zonzinistairclimbers.com\/shop\/es\/tienda-zonzini\/carretillas-sube-escaleras-para-cargas\/domino\/#breadcrumb"},"inLanguage":"es","potentialAction":[{"@type":"ReadAction","target":["https:\/\/zonzinistairclimbers.com\/shop\/es\/tienda-zonzini\/carretillas-sube-escaleras-para-cargas\/domino\/"]}]},{"@type":"ImageObject","inLanguage":"es","@id":"https:\/\/zonzinistairclimbers.com\/shop\/es\/tienda-zonzini\/carretillas-sube-escaleras-para-cargas\/domino\/#primaryimage","url":"https:\/\/zonzinistairclimbers.com\/shop\/wp-content\/uploads\/2021\/11\/Zonzincroped-per-sito-1.jpg","contentUrl":"https:\/\/zonzinistairclimbers.com\/shop\/wp-content\/uploads\/2021\/11\/Zonzincroped-per-sito-1.jpg","width":1151,"height":1151,"caption":"Sube escaleras con orugas Domino Plasmoid"},{"@type":"BreadcrumbList","@id":"https:\/\/zonzinistairclimbers.com\/shop\/es\/tienda-zonzini\/carretillas-sube-escaleras-para-cargas\/domino\/#breadcrumb","itemListElement":[{"@type":"ListItem","position":1,"name":"Tienda Zonzini","item":"https:\/\/zonzinistairclimbers.com\/shop\/es\/"},{"@type":"ListItem","position":2,"name":"Carretillas Sube Escaleras para Cargas","item":"https:\/\/zonzinistairclimbers.com\/shop\/es\/tienda-zonzini\/carretillas-sube-escaleras-para-cargas\/"},{"@type":"ListItem","position":3,"name":"Domino"}]},{"@type":"WebSite","@id":"https:\/\/zonzinistairclimbers.com\/shop\/es\/#website","url":"https:\/\/zonzinistairclimbers.com\/shop\/es\/","name":"Carrelli Saliscale Elettrici e Montascale a Cingoli | Zonzini","description":"Carrelli saliscale per il trasporto di merci su scale e montascale per disabili Zonzini","publisher":{"@id":"https:\/\/zonzinistairclimbers.com\/shop\/es\/#organization"},"alternateName":"Zonzini Saliscale","potentialAction":[{"@type":"SearchAction","target":{"@type":"EntryPoint","urlTemplate":"https:\/\/zonzinistairclimbers.com\/shop\/es\/?s={search_term_string}"},"query-input":{"@type":"PropertyValueSpecification","valueRequired":true,"valueName":"search_term_string"}}],"inLanguage":"es"},{"@type":"Organization","@id":"https:\/\/zonzinistairclimbers.com\/shop\/es\/#organization","name":"Carros, Carretillas y Orugas Sube Escaleras El\u00e9ctricos | Zonzini","url":"https:\/\/zonzinistairclimbers.com\/shop\/es\/","logo":{"@type":"ImageObject","inLanguage":"es","@id":"https:\/\/zonzinistairclimbers.com\/shop\/es\/#\/schema\/logo\/image\/","url":"https:\/\/zonzinistairclimbers.com\/shop\/wp-content\/uploads\/2023\/09\/Logo_zonzini.svg","contentUrl":"https:\/\/zonzinistairclimbers.com\/shop\/wp-content\/uploads\/2023\/09\/Logo_zonzini.svg","width":1234,"height":325,"caption":"Carros, Carretillas y Orugas Sube Escaleras El\u00e9ctricos | Zonzini"},"image":{"@id":"https:\/\/zonzinistairclimbers.com\/shop\/es\/#\/schema\/logo\/image\/"},"sameAs":["https:\/\/www.facebook.com\/zonzinistairclimbers\/","https:\/\/www.instagram.com\/zonzini_stairclimbers\/","https:\/\/www.youtube.com\/user\/saliscaleZONZINI","https:\/\/www.linkedin.com\/company\/zonzini\/"]}]},"og_availability":"instock","product_availability":"instock","product_condition":"new"},"_links":{"self":[{"href":"https:\/\/zonzinistairclimbers.com\/shop\/es\/wp-json\/wp\/v2\/product\/12678","targetHints":{"allow":["GET"]}}],"collection":[{"href":"https:\/\/zonzinistairclimbers.com\/shop\/es\/wp-json\/wp\/v2\/product"}],"about":[{"href":"https:\/\/zonzinistairclimbers.com\/shop\/es\/wp-json\/wp\/v2\/types\/product"}],"version-history":[{"count":3,"href":"https:\/\/zonzinistairclimbers.com\/shop\/es\/wp-json\/wp\/v2\/product\/12678\/revisions"}],"predecessor-version":[{"id":26402,"href":"https:\/\/zonzinistairclimbers.com\/shop\/es\/wp-json\/wp\/v2\/product\/12678\/revisions\/26402"}],"wp:featuredmedia":[{"embeddable":true,"href":"https:\/\/zonzinistairclimbers.com\/shop\/es\/wp-json\/wp\/v2\/media\/8756"}],"wp:attachment":[{"href":"https:\/\/zonzinistairclimbers.com\/shop\/es\/wp-json\/wp\/v2\/media?parent=12678"}],"wp:term":[{"taxonomy":"product_brand","embeddable":true,"href":"https:\/\/zonzinistairclimbers.com\/shop\/es\/wp-json\/wp\/v2\/product_brand?post=12678"},{"taxonomy":"product_cat","embeddable":true,"href":"https:\/\/zonzinistairclimbers.com\/shop\/es\/wp-json\/wp\/v2\/product_cat?post=12678"},{"taxonomy":"product_tag","embeddable":true,"href":"https:\/\/zonzinistairclimbers.com\/shop\/es\/wp-json\/wp\/v2\/product_tag?post=12678"}],"curies":[{"name":"wp","href":"https:\/\/api.w.org\/{rel}","templated":true}]}}