{"id":12377,"date":"2024-02-13T11:32:12","date_gmt":"2024-02-13T10:32:12","guid":{"rendered":"http:\/\/zonzini.it\/shop\/sin%20categor\u00eda\/buddy-plasmoid\/"},"modified":"2024-12-05T15:58:17","modified_gmt":"2024-12-05T14:58:17","slug":"buddy-plasmoid","status":"publish","type":"product","link":"https:\/\/zonzinistairclimbers.com\/shop\/es\/tienda-zonzini\/carretillas-sube-escaleras-para-cargas\/buddy\/","title":{"rendered":"Buddy"},"content":{"rendered":"<p>Buddy es una Carretilla el\u00e9ctrica vers\u00e1til equipada con orugas y ruedas, adecuada para todo tipo de escaleras. Tambi\u00e9n es una fant\u00e1stica Carretilla multiusos, perfecta para entregas a domicilio y para transportar cargas de hasta 200 kg.<\/p>\n<p>IDEAL PARA EL TRANSPORTE DE:<\/p>\n<ul>\n<li>paquetes<\/li>\n<li>muebles<\/li>\n<li>mercanc\u00edas de hasta 200 kg<\/li>\n<\/ul>\n<p>Buddy es una Carretilla el\u00e9ctrica ideal para entregas a domicilio. Pero eso no es todo: Buddy tambi\u00e9n es una Carretilla para electrodom\u00e9sticos, es perfecta para mover muebles y enseres y para transportar bombonas de ox\u00edgeno, barriles de cerveza, cajas y cajones.<\/p>\n","protected":false},"excerpt":{"rendered":"<p>Buddy es una Carretilla el\u00e9ctrica vers\u00e1til equipada con orugas y ruedas, adecuada para todo tipo de escaleras. Tambi\u00e9n es una fant\u00e1stica Carretilla multiusos, perfecta para entregas a domicilio y para transportar cargas de hasta 200 kg. IDEAL PARA EL TRANSPORTE DE: paquetes muebles mercanc\u00edas de hasta 200 kg Buddy es una Carretilla el\u00e9ctrica ideal para [&hellip;]<\/p>\n","protected":false},"featured_media":1395,"template":"","meta":{"_acf_changed":false,"content-type":"","inline_featured_image":false,"footnotes":""},"product_brand":[],"product_cat":[10519],"product_tag":[],"class_list":{"0":"post-12377","1":"product","2":"type-product","3":"status-publish","4":"has-post-thumbnail","6":"product_cat-carretillas-sube-escaleras-para-cargas","8":"first","9":"instock","10":"sale","11":"taxable","12":"shipping-taxable","13":"purchasable","14":"product-type-variable"},"acf":[],"yoast_head":"<!-- This site is optimized with the Yoast SEO Premium plugin v26.4 (Yoast SEO v26.9) - https:\/\/yoast.com\/product\/yoast-seo-premium-wordpress\/ -->\n<title>Carretilla para escaleras Buddy Precio desde \u20ac5412<\/title>\n<meta name=\"description\" content=\"Compra la Carretilla sube escaleras Buddy desde 5.412 \u20ac en la tienda online de Zonzini \u2705Capacidad de carga 150 o 200 kg \u27aeIr a la tienda\" \/>\n<meta name=\"robots\" content=\"index, follow, max-snippet:-1, max-image-preview:large, max-video-preview:-1\" \/>\n<link rel=\"canonical\" href=\"https:\/\/zonzinistairclimbers.com\/shop\/es\/tienda-zonzini\/carretillas-sube-escaleras-para-cargas\/buddy\/\" \/>\n<meta property=\"og:locale\" content=\"es_ES\" \/>\n<meta property=\"og:type\" content=\"article\" \/>\n<meta property=\"og:title\" content=\"Acquista Buddy | Zonzini Shop\" \/>\n<meta property=\"og:description\" content=\"Acquista il Buddy a un prezzo conveniente nello shop di Zonzini \u27aeVai allo shop\" \/>\n<meta property=\"og:url\" content=\"https:\/\/zonzinistairclimbers.com\/shop\/es\/tienda-zonzini\/carretillas-sube-escaleras-para-cargas\/buddy\/\" \/>\n<meta property=\"og:site_name\" content=\"Carros, Carretillas y Orugas Sube Escaleras El\u00e9ctricos | Zonzini\" \/>\n<meta property=\"article:publisher\" content=\"https:\/\/www.facebook.com\/zonzinistairclimbers\/\" \/>\n<meta property=\"article:modified_time\" content=\"2024-12-05T14:58:17+00:00\" \/>\n<meta property=\"og:image\" content=\"https:\/\/zonzinistairclimbers.com\/shop\/wp-content\/uploads\/2024\/02\/263-e1707824690271.jpg\" \/>\n\t<meta property=\"og:image:width\" content=\"1306\" \/>\n\t<meta property=\"og:image:height\" content=\"1959\" \/>\n\t<meta property=\"og:image:type\" content=\"image\/jpeg\" \/>\n<meta name=\"twitter:card\" content=\"summary_large_image\" \/>\n<meta name=\"twitter:label1\" content=\"Disponibilidad\" \/>\n\t<meta name=\"twitter:data1\" content=\"Disponible\" \/>\n<script type=\"application\/ld+json\" class=\"yoast-schema-graph\">{\"@context\":\"https:\/\/schema.org\",\"@graph\":[{\"@type\":\"WebPage\",\"@id\":\"https:\/\/zonzinistairclimbers.com\/shop\/es\/tienda-zonzini\/carretillas-sube-escaleras-para-cargas\/buddy\/\",\"url\":\"https:\/\/zonzinistairclimbers.com\/shop\/es\/tienda-zonzini\/carretillas-sube-escaleras-para-cargas\/buddy\/\",\"name\":\"Carretilla para escaleras Buddy Precio desde \u20ac5412\",\"isPartOf\":{\"@id\":\"https:\/\/zonzinistairclimbers.com\/shop\/es\/#website\"},\"primaryImageOfPage\":{\"@id\":\"https:\/\/zonzinistairclimbers.com\/shop\/es\/tienda-zonzini\/carretillas-sube-escaleras-para-cargas\/buddy\/#primaryimage\"},\"image\":{\"@id\":\"https:\/\/zonzinistairclimbers.com\/shop\/es\/tienda-zonzini\/carretillas-sube-escaleras-para-cargas\/buddy\/#primaryimage\"},\"thumbnailUrl\":\"https:\/\/zonzinistairclimbers.com\/shop\/wp-content\/uploads\/2024\/02\/263-e1707824690271.jpg\",\"datePublished\":\"2024-02-13T10:32:12+00:00\",\"dateModified\":\"2024-12-05T14:58:17+00:00\",\"description\":\"Compra la Carretilla sube escaleras Buddy desde 5.412 \u20ac en la tienda online de Zonzini \u2705Capacidad de carga 150 o 200 kg \u27aeIr a la tienda\",\"breadcrumb\":{\"@id\":\"https:\/\/zonzinistairclimbers.com\/shop\/es\/tienda-zonzini\/carretillas-sube-escaleras-para-cargas\/buddy\/#breadcrumb\"},\"inLanguage\":\"es\",\"potentialAction\":[{\"@type\":\"ReadAction\",\"target\":[\"https:\/\/zonzinistairclimbers.com\/shop\/es\/tienda-zonzini\/carretillas-sube-escaleras-para-cargas\/buddy\/\"]}]},{\"@type\":\"ImageObject\",\"inLanguage\":\"es\",\"@id\":\"https:\/\/zonzinistairclimbers.com\/shop\/es\/tienda-zonzini\/carretillas-sube-escaleras-para-cargas\/buddy\/#primaryimage\",\"url\":\"https:\/\/zonzinistairclimbers.com\/shop\/wp-content\/uploads\/2024\/02\/263-e1707824690271.jpg\",\"contentUrl\":\"https:\/\/zonzinistairclimbers.com\/shop\/wp-content\/uploads\/2024\/02\/263-e1707824690271.jpg\",\"width\":1306,\"height\":1959,\"caption\":\"Carretilla con orugas Buddy Plasmoid\"},{\"@type\":\"BreadcrumbList\",\"@id\":\"https:\/\/zonzinistairclimbers.com\/shop\/es\/tienda-zonzini\/carretillas-sube-escaleras-para-cargas\/buddy\/#breadcrumb\",\"itemListElement\":[{\"@type\":\"ListItem\",\"position\":1,\"name\":\"Tienda Zonzini\",\"item\":\"https:\/\/zonzinistairclimbers.com\/shop\/es\/\"},{\"@type\":\"ListItem\",\"position\":2,\"name\":\"Carretillas Sube Escaleras para Cargas\",\"item\":\"https:\/\/zonzinistairclimbers.com\/shop\/es\/tienda-zonzini\/carretillas-sube-escaleras-para-cargas\/\"},{\"@type\":\"ListItem\",\"position\":3,\"name\":\"Buddy\"}]},{\"@type\":\"WebSite\",\"@id\":\"https:\/\/zonzinistairclimbers.com\/shop\/es\/#website\",\"url\":\"https:\/\/zonzinistairclimbers.com\/shop\/es\/\",\"name\":\"Carrelli Saliscale Elettrici e Montascale a Cingoli | Zonzini\",\"description\":\"Carrelli saliscale per il trasporto di merci su scale e montascale per disabili Zonzini\",\"publisher\":{\"@id\":\"https:\/\/zonzinistairclimbers.com\/shop\/es\/#organization\"},\"alternateName\":\"Zonzini Saliscale\",\"potentialAction\":[{\"@type\":\"SearchAction\",\"target\":{\"@type\":\"EntryPoint\",\"urlTemplate\":\"https:\/\/zonzinistairclimbers.com\/shop\/es\/?s={search_term_string}\"},\"query-input\":{\"@type\":\"PropertyValueSpecification\",\"valueRequired\":true,\"valueName\":\"search_term_string\"}}],\"inLanguage\":\"es\"},{\"@type\":\"Organization\",\"@id\":\"https:\/\/zonzinistairclimbers.com\/shop\/es\/#organization\",\"name\":\"Carros, Carretillas y Orugas Sube Escaleras El\u00e9ctricos | Zonzini\",\"url\":\"https:\/\/zonzinistairclimbers.com\/shop\/es\/\",\"logo\":{\"@type\":\"ImageObject\",\"inLanguage\":\"es\",\"@id\":\"https:\/\/zonzinistairclimbers.com\/shop\/es\/#\/schema\/logo\/image\/\",\"url\":\"https:\/\/zonzinistairclimbers.com\/shop\/wp-content\/uploads\/2023\/09\/Logo_zonzini.svg\",\"contentUrl\":\"https:\/\/zonzinistairclimbers.com\/shop\/wp-content\/uploads\/2023\/09\/Logo_zonzini.svg\",\"width\":1234,\"height\":325,\"caption\":\"Carros, Carretillas y Orugas Sube Escaleras El\u00e9ctricos | Zonzini\"},\"image\":{\"@id\":\"https:\/\/zonzinistairclimbers.com\/shop\/es\/#\/schema\/logo\/image\/\"},\"sameAs\":[\"https:\/\/www.facebook.com\/zonzinistairclimbers\/\",\"https:\/\/www.instagram.com\/zonzini_stairclimbers\/\",\"https:\/\/www.youtube.com\/user\/saliscaleZONZINI\",\"https:\/\/www.linkedin.com\/company\/zonzini\/\"]}]}<\/script>\n<meta property=\"og:availability\" content=\"instock\" \/>\n<meta property=\"product:availability\" content=\"instock\" \/>\n<meta property=\"product:condition\" content=\"new\" \/>\n<!-- \/ Yoast SEO Premium plugin. -->","yoast_head_json":{"title":"Carretilla para escaleras Buddy Precio desde \u20ac5412","description":"Compra la Carretilla sube escaleras Buddy desde 5.412 \u20ac en la tienda online de Zonzini \u2705Capacidad de carga 150 o 200 kg \u27aeIr a la tienda","robots":{"index":"index","follow":"follow","max-snippet":"max-snippet:-1","max-image-preview":"max-image-preview:large","max-video-preview":"max-video-preview:-1"},"canonical":"https:\/\/zonzinistairclimbers.com\/shop\/es\/tienda-zonzini\/carretillas-sube-escaleras-para-cargas\/buddy\/","og_locale":"es_ES","og_type":"article","og_title":"Acquista Buddy | Zonzini Shop","og_description":"Acquista il Buddy a un prezzo conveniente nello shop di Zonzini \u27aeVai allo shop","og_url":"https:\/\/zonzinistairclimbers.com\/shop\/es\/tienda-zonzini\/carretillas-sube-escaleras-para-cargas\/buddy\/","og_site_name":"Carros, Carretillas y Orugas Sube Escaleras El\u00e9ctricos | Zonzini","article_publisher":"https:\/\/www.facebook.com\/zonzinistairclimbers\/","article_modified_time":"2024-12-05T14:58:17+00:00","og_image":[{"width":1306,"height":1959,"url":"https:\/\/zonzinistairclimbers.com\/shop\/wp-content\/uploads\/2024\/02\/263-e1707824690271.jpg","type":"image\/jpeg"}],"twitter_card":"summary_large_image","twitter_misc":{"Disponibilidad":"Disponible"},"schema":{"@context":"https:\/\/schema.org","@graph":[{"@type":"WebPage","@id":"https:\/\/zonzinistairclimbers.com\/shop\/es\/tienda-zonzini\/carretillas-sube-escaleras-para-cargas\/buddy\/","url":"https:\/\/zonzinistairclimbers.com\/shop\/es\/tienda-zonzini\/carretillas-sube-escaleras-para-cargas\/buddy\/","name":"Carretilla para escaleras Buddy Precio desde \u20ac5412","isPartOf":{"@id":"https:\/\/zonzinistairclimbers.com\/shop\/es\/#website"},"primaryImageOfPage":{"@id":"https:\/\/zonzinistairclimbers.com\/shop\/es\/tienda-zonzini\/carretillas-sube-escaleras-para-cargas\/buddy\/#primaryimage"},"image":{"@id":"https:\/\/zonzinistairclimbers.com\/shop\/es\/tienda-zonzini\/carretillas-sube-escaleras-para-cargas\/buddy\/#primaryimage"},"thumbnailUrl":"https:\/\/zonzinistairclimbers.com\/shop\/wp-content\/uploads\/2024\/02\/263-e1707824690271.jpg","datePublished":"2024-02-13T10:32:12+00:00","dateModified":"2024-12-05T14:58:17+00:00","description":"Compra la Carretilla sube escaleras Buddy desde 5.412 \u20ac en la tienda online de Zonzini \u2705Capacidad de carga 150 o 200 kg \u27aeIr a la tienda","breadcrumb":{"@id":"https:\/\/zonzinistairclimbers.com\/shop\/es\/tienda-zonzini\/carretillas-sube-escaleras-para-cargas\/buddy\/#breadcrumb"},"inLanguage":"es","potentialAction":[{"@type":"ReadAction","target":["https:\/\/zonzinistairclimbers.com\/shop\/es\/tienda-zonzini\/carretillas-sube-escaleras-para-cargas\/buddy\/"]}]},{"@type":"ImageObject","inLanguage":"es","@id":"https:\/\/zonzinistairclimbers.com\/shop\/es\/tienda-zonzini\/carretillas-sube-escaleras-para-cargas\/buddy\/#primaryimage","url":"https:\/\/zonzinistairclimbers.com\/shop\/wp-content\/uploads\/2024\/02\/263-e1707824690271.jpg","contentUrl":"https:\/\/zonzinistairclimbers.com\/shop\/wp-content\/uploads\/2024\/02\/263-e1707824690271.jpg","width":1306,"height":1959,"caption":"Carretilla con orugas Buddy Plasmoid"},{"@type":"BreadcrumbList","@id":"https:\/\/zonzinistairclimbers.com\/shop\/es\/tienda-zonzini\/carretillas-sube-escaleras-para-cargas\/buddy\/#breadcrumb","itemListElement":[{"@type":"ListItem","position":1,"name":"Tienda Zonzini","item":"https:\/\/zonzinistairclimbers.com\/shop\/es\/"},{"@type":"ListItem","position":2,"name":"Carretillas Sube Escaleras para Cargas","item":"https:\/\/zonzinistairclimbers.com\/shop\/es\/tienda-zonzini\/carretillas-sube-escaleras-para-cargas\/"},{"@type":"ListItem","position":3,"name":"Buddy"}]},{"@type":"WebSite","@id":"https:\/\/zonzinistairclimbers.com\/shop\/es\/#website","url":"https:\/\/zonzinistairclimbers.com\/shop\/es\/","name":"Carrelli Saliscale Elettrici e Montascale a Cingoli | Zonzini","description":"Carrelli saliscale per il trasporto di merci su scale e montascale per disabili Zonzini","publisher":{"@id":"https:\/\/zonzinistairclimbers.com\/shop\/es\/#organization"},"alternateName":"Zonzini Saliscale","potentialAction":[{"@type":"SearchAction","target":{"@type":"EntryPoint","urlTemplate":"https:\/\/zonzinistairclimbers.com\/shop\/es\/?s={search_term_string}"},"query-input":{"@type":"PropertyValueSpecification","valueRequired":true,"valueName":"search_term_string"}}],"inLanguage":"es"},{"@type":"Organization","@id":"https:\/\/zonzinistairclimbers.com\/shop\/es\/#organization","name":"Carros, Carretillas y Orugas Sube Escaleras El\u00e9ctricos | Zonzini","url":"https:\/\/zonzinistairclimbers.com\/shop\/es\/","logo":{"@type":"ImageObject","inLanguage":"es","@id":"https:\/\/zonzinistairclimbers.com\/shop\/es\/#\/schema\/logo\/image\/","url":"https:\/\/zonzinistairclimbers.com\/shop\/wp-content\/uploads\/2023\/09\/Logo_zonzini.svg","contentUrl":"https:\/\/zonzinistairclimbers.com\/shop\/wp-content\/uploads\/2023\/09\/Logo_zonzini.svg","width":1234,"height":325,"caption":"Carros, Carretillas y Orugas Sube Escaleras El\u00e9ctricos | Zonzini"},"image":{"@id":"https:\/\/zonzinistairclimbers.com\/shop\/es\/#\/schema\/logo\/image\/"},"sameAs":["https:\/\/www.facebook.com\/zonzinistairclimbers\/","https:\/\/www.instagram.com\/zonzini_stairclimbers\/","https:\/\/www.youtube.com\/user\/saliscaleZONZINI","https:\/\/www.linkedin.com\/company\/zonzini\/"]}]},"og_availability":"instock","product_availability":"instock","product_condition":"new"},"_links":{"self":[{"href":"https:\/\/zonzinistairclimbers.com\/shop\/es\/wp-json\/wp\/v2\/product\/12377","targetHints":{"allow":["GET"]}}],"collection":[{"href":"https:\/\/zonzinistairclimbers.com\/shop\/es\/wp-json\/wp\/v2\/product"}],"about":[{"href":"https:\/\/zonzinistairclimbers.com\/shop\/es\/wp-json\/wp\/v2\/types\/product"}],"version-history":[{"count":2,"href":"https:\/\/zonzinistairclimbers.com\/shop\/es\/wp-json\/wp\/v2\/product\/12377\/revisions"}],"predecessor-version":[{"id":23099,"href":"https:\/\/zonzinistairclimbers.com\/shop\/es\/wp-json\/wp\/v2\/product\/12377\/revisions\/23099"}],"wp:featuredmedia":[{"embeddable":true,"href":"https:\/\/zonzinistairclimbers.com\/shop\/es\/wp-json\/wp\/v2\/media\/1395"}],"wp:attachment":[{"href":"https:\/\/zonzinistairclimbers.com\/shop\/es\/wp-json\/wp\/v2\/media?parent=12377"}],"wp:term":[{"taxonomy":"product_brand","embeddable":true,"href":"https:\/\/zonzinistairclimbers.com\/shop\/es\/wp-json\/wp\/v2\/product_brand?post=12377"},{"taxonomy":"product_cat","embeddable":true,"href":"https:\/\/zonzinistairclimbers.com\/shop\/es\/wp-json\/wp\/v2\/product_cat?post=12377"},{"taxonomy":"product_tag","embeddable":true,"href":"https:\/\/zonzinistairclimbers.com\/shop\/es\/wp-json\/wp\/v2\/product_tag?post=12377"}],"curies":[{"name":"wp","href":"https:\/\/api.w.org\/{rel}","templated":true}]}}