{"id":12373,"date":"2024-02-13T11:51:20","date_gmt":"2024-02-13T10:51:20","guid":{"rendered":"http:\/\/zonzini.it\/shop\/sin%20categor\u00eda\/montascale-cingoli-elettrico-domino-people\/"},"modified":"2025-02-13T11:13:54","modified_gmt":"2025-02-13T10:13:54","slug":"domino-people-salvaescaleras-electrico-con-orugas","status":"publish","type":"product","link":"https:\/\/zonzinistairclimbers.com\/shop\/es\/tienda-zonzini\/carretilla-salva-escaleras-para-personas\/domino-people-salvaescaleras-electrico-con-orugas\/","title":{"rendered":"Domino People Stabilized"},"content":{"rendered":"<div class=\"_24marginbottom w-richtext\">\n<div class=\"w-embed\">\n<p>EL SALVAESCALERAS EL\u00c9CTRICO CON ORUGAS PARA PERSONAS MAYORES Y DISCAPACITADOS EN SILLA DE RUEDAS.<\/p>\n<\/div>\n<\/div>\n<p class=\"_70\">Domino People Estabilizado es un <strong>salvaescaleras port\u00e1til con orugas<\/strong> para personas mayores y con discapacidad que se desplazan en silla de ruedas. Se trata de un salvaescaleras el\u00e9ctrico sobre orugas para sillas de ruedas, seguro e innovador, que <em>puede transportar tanto sillas de ruedas electr\u00f3nicas como manuales<\/em>.<\/p>\n<p class=\"_70\">Est\u00e1 equipado con <strong>orugas independientes<\/strong> con las que tambi\u00e9n se puede cambiar la trayectoria en las escaleras y dispone de <strong>estabilizaci\u00f3n autom\u00e1tica<\/strong> para los descansillos. Se maneja con un <strong>joystick<\/strong> de forma f\u00e1cil e intuitiva. Inclina autom\u00e1ticamente la silla de ruedas sobre la escalera mediante un innovador sistema de calibraci\u00f3n del peso.<\/p>\n<p>El salvaescaleras con orugas Domino People tiene una capacidad de carga de <strong>400 kg.<\/strong><\/p>\n","protected":false},"excerpt":{"rendered":"<p>EL SALVAESCALERAS EL\u00c9CTRICO CON ORUGAS PARA PERSONAS MAYORES Y DISCAPACITADOS EN SILLA DE RUEDAS. Domino People Estabilizado es un salvaescaleras port\u00e1til con orugas para personas mayores y con discapacidad que se desplazan en silla de ruedas. Se trata de un salvaescaleras el\u00e9ctrico sobre orugas para sillas de ruedas, seguro e innovador, que puede transportar tanto [&hellip;]<\/p>\n","protected":false},"featured_media":1404,"template":"","meta":{"_acf_changed":false,"content-type":"","inline_featured_image":false,"footnotes":""},"product_brand":[],"product_cat":[10524],"product_tag":[],"class_list":{"0":"post-12373","1":"product","2":"type-product","3":"status-publish","4":"has-post-thumbnail","6":"product_cat-carretilla-salva-escaleras-para-personas","8":"first","9":"instock","10":"taxable","11":"shipping-taxable","12":"purchasable","13":"product-type-simple"},"acf":[],"yoast_head":"<!-- This site is optimized with the Yoast SEO Premium plugin v26.4 (Yoast SEO v26.9) - https:\/\/yoast.com\/product\/yoast-seo-premium-wordpress\/ -->\n<title>Salvaescaleras el\u00e9ctrico con orugas Domino People Stabilized por \u20ac12.480<\/title>\n<meta name=\"description\" content=\"Compre el salvaescaleras con orugas Domino People a partir de 12.480 \u20ac en la tienda de Zonzini \u2705Transporte de personas en silla de ruedas \u27aeIr a la tienda\" \/>\n<meta name=\"robots\" content=\"index, follow, max-snippet:-1, max-image-preview:large, max-video-preview:-1\" \/>\n<link rel=\"canonical\" href=\"https:\/\/zonzinistairclimbers.com\/shop\/es\/tienda-zonzini\/carretilla-salva-escaleras-para-personas\/domino-people-salvaescaleras-electrico-con-orugas\/\" \/>\n<meta property=\"og:locale\" content=\"es_ES\" \/>\n<meta property=\"og:type\" content=\"article\" \/>\n<meta property=\"og:title\" content=\"Acquista Domino People Stabilized | Zonzini Shop\" \/>\n<meta property=\"og:description\" content=\"Acquista il Domino People Stabilized a un prezzo conveniente nello shop di Zonzini \u27aeVai allo shop\" \/>\n<meta property=\"og:url\" content=\"https:\/\/zonzinistairclimbers.com\/shop\/es\/tienda-zonzini\/carretilla-salva-escaleras-para-personas\/domino-people-salvaescaleras-electrico-con-orugas\/\" \/>\n<meta property=\"og:site_name\" content=\"Carros, Carretillas y Orugas Sube Escaleras El\u00e9ctricos | Zonzini\" \/>\n<meta property=\"article:publisher\" content=\"https:\/\/www.facebook.com\/zonzinistairclimbers\/\" \/>\n<meta property=\"article:modified_time\" content=\"2025-02-13T10:13:54+00:00\" \/>\n<meta property=\"og:image\" content=\"https:\/\/zonzinistairclimbers.com\/shop\/wp-content\/uploads\/2024\/02\/Domino-People.jpg\" \/>\n\t<meta property=\"og:image:width\" content=\"1080\" \/>\n\t<meta property=\"og:image:height\" content=\"1080\" \/>\n\t<meta property=\"og:image:type\" content=\"image\/jpeg\" \/>\n<meta name=\"twitter:card\" content=\"summary_large_image\" \/>\n<meta name=\"twitter:label1\" content=\"Precio\" \/>\n\t<meta name=\"twitter:data1\" content=\"12.480&nbsp;&euro;\" \/>\n\t<meta name=\"twitter:label2\" content=\"Disponibilidad\" \/>\n\t<meta name=\"twitter:data2\" content=\"Disponible\" \/>\n<script type=\"application\/ld+json\" class=\"yoast-schema-graph\">{\"@context\":\"https:\/\/schema.org\",\"@graph\":[{\"@type\":\"WebPage\",\"@id\":\"https:\/\/zonzinistairclimbers.com\/shop\/es\/tienda-zonzini\/carretilla-salva-escaleras-para-personas\/domino-people-salvaescaleras-electrico-con-orugas\/\",\"url\":\"https:\/\/zonzinistairclimbers.com\/shop\/es\/tienda-zonzini\/carretilla-salva-escaleras-para-personas\/domino-people-salvaescaleras-electrico-con-orugas\/\",\"name\":\"Salvaescaleras el\u00e9ctrico con orugas Domino People Stabilized por \u20ac12.480\",\"isPartOf\":{\"@id\":\"https:\/\/zonzinistairclimbers.com\/shop\/es\/#website\"},\"primaryImageOfPage\":{\"@id\":\"https:\/\/zonzinistairclimbers.com\/shop\/es\/tienda-zonzini\/carretilla-salva-escaleras-para-personas\/domino-people-salvaescaleras-electrico-con-orugas\/#primaryimage\"},\"image\":{\"@id\":\"https:\/\/zonzinistairclimbers.com\/shop\/es\/tienda-zonzini\/carretilla-salva-escaleras-para-personas\/domino-people-salvaescaleras-electrico-con-orugas\/#primaryimage\"},\"thumbnailUrl\":\"https:\/\/zonzinistairclimbers.com\/shop\/wp-content\/uploads\/2024\/02\/Domino-People.jpg\",\"datePublished\":\"2024-02-13T10:51:20+00:00\",\"dateModified\":\"2025-02-13T10:13:54+00:00\",\"description\":\"Compre el salvaescaleras con orugas Domino People a partir de 12.480 \u20ac en la tienda de Zonzini \u2705Transporte de personas en silla de ruedas \u27aeIr a la tienda\",\"breadcrumb\":{\"@id\":\"https:\/\/zonzinistairclimbers.com\/shop\/es\/tienda-zonzini\/carretilla-salva-escaleras-para-personas\/domino-people-salvaescaleras-electrico-con-orugas\/#breadcrumb\"},\"inLanguage\":\"es\",\"potentialAction\":[{\"@type\":\"ReadAction\",\"target\":[\"https:\/\/zonzinistairclimbers.com\/shop\/es\/tienda-zonzini\/carretilla-salva-escaleras-para-personas\/domino-people-salvaescaleras-electrico-con-orugas\/\"]}]},{\"@type\":\"ImageObject\",\"inLanguage\":\"es\",\"@id\":\"https:\/\/zonzinistairclimbers.com\/shop\/es\/tienda-zonzini\/carretilla-salva-escaleras-para-personas\/domino-people-salvaescaleras-electrico-con-orugas\/#primaryimage\",\"url\":\"https:\/\/zonzinistairclimbers.com\/shop\/wp-content\/uploads\/2024\/02\/Domino-People.jpg\",\"contentUrl\":\"https:\/\/zonzinistairclimbers.com\/shop\/wp-content\/uploads\/2024\/02\/Domino-People.jpg\",\"width\":1080,\"height\":1080,\"caption\":\"Salvaescaleras con orugas Domino People\"},{\"@type\":\"BreadcrumbList\",\"@id\":\"https:\/\/zonzinistairclimbers.com\/shop\/es\/tienda-zonzini\/carretilla-salva-escaleras-para-personas\/domino-people-salvaescaleras-electrico-con-orugas\/#breadcrumb\",\"itemListElement\":[{\"@type\":\"ListItem\",\"position\":1,\"name\":\"Tienda Zonzini\",\"item\":\"https:\/\/zonzinistairclimbers.com\/shop\/es\/\"},{\"@type\":\"ListItem\",\"position\":2,\"name\":\"Carretilla Salva Escaleras para Personas\",\"item\":\"https:\/\/zonzinistairclimbers.com\/shop\/es\/tienda-zonzini\/carretilla-salva-escaleras-para-personas\/\"},{\"@type\":\"ListItem\",\"position\":3,\"name\":\"Domino People Stabilized\"}]},{\"@type\":\"WebSite\",\"@id\":\"https:\/\/zonzinistairclimbers.com\/shop\/es\/#website\",\"url\":\"https:\/\/zonzinistairclimbers.com\/shop\/es\/\",\"name\":\"Carrelli Saliscale Elettrici e Montascale a Cingoli | Zonzini\",\"description\":\"Carrelli saliscale per il trasporto di merci su scale e montascale per disabili Zonzini\",\"publisher\":{\"@id\":\"https:\/\/zonzinistairclimbers.com\/shop\/es\/#organization\"},\"alternateName\":\"Zonzini Saliscale\",\"potentialAction\":[{\"@type\":\"SearchAction\",\"target\":{\"@type\":\"EntryPoint\",\"urlTemplate\":\"https:\/\/zonzinistairclimbers.com\/shop\/es\/?s={search_term_string}\"},\"query-input\":{\"@type\":\"PropertyValueSpecification\",\"valueRequired\":true,\"valueName\":\"search_term_string\"}}],\"inLanguage\":\"es\"},{\"@type\":\"Organization\",\"@id\":\"https:\/\/zonzinistairclimbers.com\/shop\/es\/#organization\",\"name\":\"Carros, Carretillas y Orugas Sube Escaleras El\u00e9ctricos | Zonzini\",\"url\":\"https:\/\/zonzinistairclimbers.com\/shop\/es\/\",\"logo\":{\"@type\":\"ImageObject\",\"inLanguage\":\"es\",\"@id\":\"https:\/\/zonzinistairclimbers.com\/shop\/es\/#\/schema\/logo\/image\/\",\"url\":\"https:\/\/zonzinistairclimbers.com\/shop\/wp-content\/uploads\/2023\/09\/Logo_zonzini.svg\",\"contentUrl\":\"https:\/\/zonzinistairclimbers.com\/shop\/wp-content\/uploads\/2023\/09\/Logo_zonzini.svg\",\"width\":1234,\"height\":325,\"caption\":\"Carros, Carretillas y Orugas Sube Escaleras El\u00e9ctricos | Zonzini\"},\"image\":{\"@id\":\"https:\/\/zonzinistairclimbers.com\/shop\/es\/#\/schema\/logo\/image\/\"},\"sameAs\":[\"https:\/\/www.facebook.com\/zonzinistairclimbers\/\",\"https:\/\/www.instagram.com\/zonzini_stairclimbers\/\",\"https:\/\/www.youtube.com\/user\/saliscaleZONZINI\",\"https:\/\/www.linkedin.com\/company\/zonzini\/\"]}]}<\/script>\n<meta property=\"product:price:amount\" content=\"12480\" \/>\n<meta property=\"product:price:currency\" content=\"EUR\" \/>\n<meta property=\"og:availability\" content=\"instock\" \/>\n<meta property=\"product:availability\" content=\"instock\" \/>\n<meta property=\"product:retailer_item_id\" content=\"DOMPEOP400PLA-L\" \/>\n<meta property=\"product:condition\" content=\"new\" \/>\n<!-- \/ Yoast SEO Premium plugin. -->","yoast_head_json":{"title":"Salvaescaleras el\u00e9ctrico con orugas Domino People Stabilized por \u20ac12.480","description":"Compre el salvaescaleras con orugas Domino People a partir de 12.480 \u20ac en la tienda de Zonzini \u2705Transporte de personas en silla de ruedas \u27aeIr a la tienda","robots":{"index":"index","follow":"follow","max-snippet":"max-snippet:-1","max-image-preview":"max-image-preview:large","max-video-preview":"max-video-preview:-1"},"canonical":"https:\/\/zonzinistairclimbers.com\/shop\/es\/tienda-zonzini\/carretilla-salva-escaleras-para-personas\/domino-people-salvaescaleras-electrico-con-orugas\/","og_locale":"es_ES","og_type":"article","og_title":"Acquista Domino People Stabilized | Zonzini Shop","og_description":"Acquista il Domino People Stabilized a un prezzo conveniente nello shop di Zonzini \u27aeVai allo shop","og_url":"https:\/\/zonzinistairclimbers.com\/shop\/es\/tienda-zonzini\/carretilla-salva-escaleras-para-personas\/domino-people-salvaescaleras-electrico-con-orugas\/","og_site_name":"Carros, Carretillas y Orugas Sube Escaleras El\u00e9ctricos | Zonzini","article_publisher":"https:\/\/www.facebook.com\/zonzinistairclimbers\/","article_modified_time":"2025-02-13T10:13:54+00:00","og_image":[{"width":1080,"height":1080,"url":"https:\/\/zonzinistairclimbers.com\/shop\/wp-content\/uploads\/2024\/02\/Domino-People.jpg","type":"image\/jpeg"}],"twitter_card":"summary_large_image","twitter_misc":{"Precio":"12.480&nbsp;&euro;","Disponibilidad":"Disponible"},"schema":{"@context":"https:\/\/schema.org","@graph":[{"@type":"WebPage","@id":"https:\/\/zonzinistairclimbers.com\/shop\/es\/tienda-zonzini\/carretilla-salva-escaleras-para-personas\/domino-people-salvaescaleras-electrico-con-orugas\/","url":"https:\/\/zonzinistairclimbers.com\/shop\/es\/tienda-zonzini\/carretilla-salva-escaleras-para-personas\/domino-people-salvaescaleras-electrico-con-orugas\/","name":"Salvaescaleras el\u00e9ctrico con orugas Domino People Stabilized por \u20ac12.480","isPartOf":{"@id":"https:\/\/zonzinistairclimbers.com\/shop\/es\/#website"},"primaryImageOfPage":{"@id":"https:\/\/zonzinistairclimbers.com\/shop\/es\/tienda-zonzini\/carretilla-salva-escaleras-para-personas\/domino-people-salvaescaleras-electrico-con-orugas\/#primaryimage"},"image":{"@id":"https:\/\/zonzinistairclimbers.com\/shop\/es\/tienda-zonzini\/carretilla-salva-escaleras-para-personas\/domino-people-salvaescaleras-electrico-con-orugas\/#primaryimage"},"thumbnailUrl":"https:\/\/zonzinistairclimbers.com\/shop\/wp-content\/uploads\/2024\/02\/Domino-People.jpg","datePublished":"2024-02-13T10:51:20+00:00","dateModified":"2025-02-13T10:13:54+00:00","description":"Compre el salvaescaleras con orugas Domino People a partir de 12.480 \u20ac en la tienda de Zonzini \u2705Transporte de personas en silla de ruedas \u27aeIr a la tienda","breadcrumb":{"@id":"https:\/\/zonzinistairclimbers.com\/shop\/es\/tienda-zonzini\/carretilla-salva-escaleras-para-personas\/domino-people-salvaescaleras-electrico-con-orugas\/#breadcrumb"},"inLanguage":"es","potentialAction":[{"@type":"ReadAction","target":["https:\/\/zonzinistairclimbers.com\/shop\/es\/tienda-zonzini\/carretilla-salva-escaleras-para-personas\/domino-people-salvaescaleras-electrico-con-orugas\/"]}]},{"@type":"ImageObject","inLanguage":"es","@id":"https:\/\/zonzinistairclimbers.com\/shop\/es\/tienda-zonzini\/carretilla-salva-escaleras-para-personas\/domino-people-salvaescaleras-electrico-con-orugas\/#primaryimage","url":"https:\/\/zonzinistairclimbers.com\/shop\/wp-content\/uploads\/2024\/02\/Domino-People.jpg","contentUrl":"https:\/\/zonzinistairclimbers.com\/shop\/wp-content\/uploads\/2024\/02\/Domino-People.jpg","width":1080,"height":1080,"caption":"Salvaescaleras con orugas Domino People"},{"@type":"BreadcrumbList","@id":"https:\/\/zonzinistairclimbers.com\/shop\/es\/tienda-zonzini\/carretilla-salva-escaleras-para-personas\/domino-people-salvaescaleras-electrico-con-orugas\/#breadcrumb","itemListElement":[{"@type":"ListItem","position":1,"name":"Tienda Zonzini","item":"https:\/\/zonzinistairclimbers.com\/shop\/es\/"},{"@type":"ListItem","position":2,"name":"Carretilla Salva Escaleras para Personas","item":"https:\/\/zonzinistairclimbers.com\/shop\/es\/tienda-zonzini\/carretilla-salva-escaleras-para-personas\/"},{"@type":"ListItem","position":3,"name":"Domino People Stabilized"}]},{"@type":"WebSite","@id":"https:\/\/zonzinistairclimbers.com\/shop\/es\/#website","url":"https:\/\/zonzinistairclimbers.com\/shop\/es\/","name":"Carrelli Saliscale Elettrici e Montascale a Cingoli | Zonzini","description":"Carrelli saliscale per il trasporto di merci su scale e montascale per disabili Zonzini","publisher":{"@id":"https:\/\/zonzinistairclimbers.com\/shop\/es\/#organization"},"alternateName":"Zonzini Saliscale","potentialAction":[{"@type":"SearchAction","target":{"@type":"EntryPoint","urlTemplate":"https:\/\/zonzinistairclimbers.com\/shop\/es\/?s={search_term_string}"},"query-input":{"@type":"PropertyValueSpecification","valueRequired":true,"valueName":"search_term_string"}}],"inLanguage":"es"},{"@type":"Organization","@id":"https:\/\/zonzinistairclimbers.com\/shop\/es\/#organization","name":"Carros, Carretillas y Orugas Sube Escaleras El\u00e9ctricos | Zonzini","url":"https:\/\/zonzinistairclimbers.com\/shop\/es\/","logo":{"@type":"ImageObject","inLanguage":"es","@id":"https:\/\/zonzinistairclimbers.com\/shop\/es\/#\/schema\/logo\/image\/","url":"https:\/\/zonzinistairclimbers.com\/shop\/wp-content\/uploads\/2023\/09\/Logo_zonzini.svg","contentUrl":"https:\/\/zonzinistairclimbers.com\/shop\/wp-content\/uploads\/2023\/09\/Logo_zonzini.svg","width":1234,"height":325,"caption":"Carros, Carretillas y Orugas Sube Escaleras El\u00e9ctricos | Zonzini"},"image":{"@id":"https:\/\/zonzinistairclimbers.com\/shop\/es\/#\/schema\/logo\/image\/"},"sameAs":["https:\/\/www.facebook.com\/zonzinistairclimbers\/","https:\/\/www.instagram.com\/zonzini_stairclimbers\/","https:\/\/www.youtube.com\/user\/saliscaleZONZINI","https:\/\/www.linkedin.com\/company\/zonzini\/"]}]},"product_price_amount":"12480","product_price_currency":"EUR","og_availability":"instock","product_availability":"instock","product_retailer_item_id":"DOMPEOP400PLA-L","product_condition":"new"},"_links":{"self":[{"href":"https:\/\/zonzinistairclimbers.com\/shop\/es\/wp-json\/wp\/v2\/product\/12373","targetHints":{"allow":["GET"]}}],"collection":[{"href":"https:\/\/zonzinistairclimbers.com\/shop\/es\/wp-json\/wp\/v2\/product"}],"about":[{"href":"https:\/\/zonzinistairclimbers.com\/shop\/es\/wp-json\/wp\/v2\/types\/product"}],"version-history":[{"count":3,"href":"https:\/\/zonzinistairclimbers.com\/shop\/es\/wp-json\/wp\/v2\/product\/12373\/revisions"}],"predecessor-version":[{"id":24831,"href":"https:\/\/zonzinistairclimbers.com\/shop\/es\/wp-json\/wp\/v2\/product\/12373\/revisions\/24831"}],"wp:featuredmedia":[{"embeddable":true,"href":"https:\/\/zonzinistairclimbers.com\/shop\/es\/wp-json\/wp\/v2\/media\/1404"}],"wp:attachment":[{"href":"https:\/\/zonzinistairclimbers.com\/shop\/es\/wp-json\/wp\/v2\/media?parent=12373"}],"wp:term":[{"taxonomy":"product_brand","embeddable":true,"href":"https:\/\/zonzinistairclimbers.com\/shop\/es\/wp-json\/wp\/v2\/product_brand?post=12373"},{"taxonomy":"product_cat","embeddable":true,"href":"https:\/\/zonzinistairclimbers.com\/shop\/es\/wp-json\/wp\/v2\/product_cat?post=12373"},{"taxonomy":"product_tag","embeddable":true,"href":"https:\/\/zonzinistairclimbers.com\/shop\/es\/wp-json\/wp\/v2\/product_tag?post=12373"}],"curies":[{"name":"wp","href":"https:\/\/api.w.org\/{rel}","templated":true}]}}