{"id":12240,"date":"2024-02-22T13:26:11","date_gmt":"2024-02-22T13:26:11","guid":{"rendered":"http:\/\/zonzini.it\/shop\/sin%20categor\u00eda\/carrello-portapacchi-per-scale-ibex\/"},"modified":"2024-10-28T13:09:48","modified_gmt":"2024-10-28T13:09:48","slug":"carretilla-para-escaleras-ibex","status":"publish","type":"product","link":"https:\/\/zonzinistairclimbers.com\/shop\/es\/tienda-zonzini\/carretillas-sube-escaleras-para-cargas\/carretilla-para-escaleras-ibex\/","title":{"rendered":"Ibex"},"content":{"rendered":"<p>Ibex es una carretilla el\u00e9ctrica para escaleras <em>ligera<\/em> y <em>polivalente<\/em>: Ibex es la carretilla manual para escaleras que <em>se convierte en el\u00e9ctrica en cuesti\u00f3n de segundos<\/em>. Solo con instalar la <strong>Zonzini Power Unit<\/strong> para transformarlo en una carretilla el\u00e9ctrica para escaleras con una capacidad de carga de 120 kg.<\/p>\n<h2>LA CARRETILLA EL\u00c9CTRICA IBEX ES IDEAL PARA EL TRANSPORTE DE:<\/h2>\n<ul>\n<li>Paquetes y cajas de cart\u00f3n<\/li>\n<li>Cajas de pl\u00e1stico<\/li>\n<li>Cestas de transporte (por ejemplo, de bebidas)<\/li>\n<li>Barriles de cerveza<\/li>\n<li>Cajas de agua<\/li>\n<li>Bombonas<\/li>\n<li>Resmas de papel<\/li>\n<\/ul>\n","protected":false},"excerpt":{"rendered":"<p>Ibex es una carretilla el\u00e9ctrica para escaleras ligera y polivalente: Ibex es la carretilla manual para escaleras que se convierte en el\u00e9ctrica en cuesti\u00f3n de segundos. Solo con instalar la Zonzini Power Unit para transformarlo en una carretilla el\u00e9ctrica para escaleras con una capacidad de carga de 120 kg. LA CARRETILLA EL\u00c9CTRICA IBEX ES IDEAL [&hellip;]<\/p>\n","protected":false},"featured_media":2885,"template":"","meta":{"_acf_changed":false,"content-type":"","inline_featured_image":false,"footnotes":""},"product_brand":[],"product_cat":[10519],"product_tag":[],"class_list":{"0":"post-12240","1":"product","2":"type-product","3":"status-publish","4":"has-post-thumbnail","6":"product_cat-carretillas-sube-escaleras-para-cargas","8":"first","9":"instock","10":"sale","11":"taxable","12":"shipping-taxable","13":"purchasable","14":"product-type-simple"},"acf":[],"yoast_head":"<!-- This site is optimized with the Yoast SEO Premium plugin v26.4 (Yoast SEO v26.9) - https:\/\/yoast.com\/product\/yoast-seo-premium-wordpress\/ -->\n<title>Carretilla el\u00e9ctrica para el transporte Ibex | Zonzini Shop<\/title>\n<meta name=\"description\" content=\"Compra la carretilla para escalera Zonzini Ibex desde 4.743 \u20ac en la tienda online de Zonzini \u2705Capacidad de carga 150 y 200 kg \u27aeIr a la tienda\" \/>\n<meta name=\"robots\" content=\"index, follow, max-snippet:-1, max-image-preview:large, max-video-preview:-1\" \/>\n<link rel=\"canonical\" href=\"https:\/\/zonzinistairclimbers.com\/shop\/es\/tienda-zonzini\/carretillas-sube-escaleras-para-cargas\/carretilla-para-escaleras-ibex\/\" \/>\n<meta property=\"og:locale\" content=\"es_ES\" \/>\n<meta property=\"og:type\" content=\"article\" \/>\n<meta property=\"og:title\" content=\"Acquista Ibex | Zonzini Shop\" \/>\n<meta property=\"og:description\" content=\"Acquista il Ibex a un prezzo conveniente nello shop di Zonzini \u27aeVai allo shop\" \/>\n<meta property=\"og:url\" content=\"https:\/\/zonzinistairclimbers.com\/shop\/es\/tienda-zonzini\/carretillas-sube-escaleras-para-cargas\/carretilla-para-escaleras-ibex\/\" \/>\n<meta property=\"og:site_name\" content=\"Carros, Carretillas y Orugas Sube Escaleras El\u00e9ctricos | Zonzini\" \/>\n<meta property=\"article:publisher\" content=\"https:\/\/www.facebook.com\/zonzinistairclimbers\/\" \/>\n<meta property=\"article:modified_time\" content=\"2024-10-28T13:09:48+00:00\" \/>\n<meta property=\"og:image\" content=\"https:\/\/zonzinistairclimbers.com\/shop\/wp-content\/uploads\/2024\/02\/ibex_pu_di_lato.jpg\" \/>\n\t<meta property=\"og:image:width\" content=\"987\" \/>\n\t<meta property=\"og:image:height\" content=\"1363\" \/>\n\t<meta property=\"og:image:type\" content=\"image\/jpeg\" \/>\n<meta name=\"twitter:card\" content=\"summary_large_image\" \/>\n<meta name=\"twitter:label1\" content=\"Precio\" \/>\n\t<meta name=\"twitter:data1\" content=\"4.743&nbsp;&euro;\" \/>\n\t<meta name=\"twitter:label2\" content=\"Disponibilidad\" \/>\n\t<meta name=\"twitter:data2\" content=\"Disponible\" \/>\n<script type=\"application\/ld+json\" class=\"yoast-schema-graph\">{\"@context\":\"https:\/\/schema.org\",\"@graph\":[{\"@type\":\"WebPage\",\"@id\":\"https:\/\/zonzinistairclimbers.com\/shop\/es\/tienda-zonzini\/carretillas-sube-escaleras-para-cargas\/carretilla-para-escaleras-ibex\/\",\"url\":\"https:\/\/zonzinistairclimbers.com\/shop\/es\/tienda-zonzini\/carretillas-sube-escaleras-para-cargas\/carretilla-para-escaleras-ibex\/\",\"name\":\"Carretilla el\u00e9ctrica para el transporte Ibex | Zonzini Shop\",\"isPartOf\":{\"@id\":\"https:\/\/zonzinistairclimbers.com\/shop\/es\/#website\"},\"primaryImageOfPage\":{\"@id\":\"https:\/\/zonzinistairclimbers.com\/shop\/es\/tienda-zonzini\/carretillas-sube-escaleras-para-cargas\/carretilla-para-escaleras-ibex\/#primaryimage\"},\"image\":{\"@id\":\"https:\/\/zonzinistairclimbers.com\/shop\/es\/tienda-zonzini\/carretillas-sube-escaleras-para-cargas\/carretilla-para-escaleras-ibex\/#primaryimage\"},\"thumbnailUrl\":\"https:\/\/zonzinistairclimbers.com\/shop\/wp-content\/uploads\/2024\/02\/ibex_pu_di_lato.jpg\",\"datePublished\":\"2024-02-22T13:26:11+00:00\",\"dateModified\":\"2024-10-28T13:09:48+00:00\",\"description\":\"Compra la carretilla para escalera Zonzini Ibex desde 4.743 \u20ac en la tienda online de Zonzini \u2705Capacidad de carga 150 y 200 kg \u27aeIr a la tienda\",\"breadcrumb\":{\"@id\":\"https:\/\/zonzinistairclimbers.com\/shop\/es\/tienda-zonzini\/carretillas-sube-escaleras-para-cargas\/carretilla-para-escaleras-ibex\/#breadcrumb\"},\"inLanguage\":\"es\",\"potentialAction\":[{\"@type\":\"ReadAction\",\"target\":[\"https:\/\/zonzinistairclimbers.com\/shop\/es\/tienda-zonzini\/carretillas-sube-escaleras-para-cargas\/carretilla-para-escaleras-ibex\/\"]}]},{\"@type\":\"ImageObject\",\"inLanguage\":\"es\",\"@id\":\"https:\/\/zonzinistairclimbers.com\/shop\/es\/tienda-zonzini\/carretillas-sube-escaleras-para-cargas\/carretilla-para-escaleras-ibex\/#primaryimage\",\"url\":\"https:\/\/zonzinistairclimbers.com\/shop\/wp-content\/uploads\/2024\/02\/ibex_pu_di_lato.jpg\",\"contentUrl\":\"https:\/\/zonzinistairclimbers.com\/shop\/wp-content\/uploads\/2024\/02\/ibex_pu_di_lato.jpg\",\"width\":987,\"height\":1363,\"caption\":\"carrello elettrico per scale IBEX\"},{\"@type\":\"BreadcrumbList\",\"@id\":\"https:\/\/zonzinistairclimbers.com\/shop\/es\/tienda-zonzini\/carretillas-sube-escaleras-para-cargas\/carretilla-para-escaleras-ibex\/#breadcrumb\",\"itemListElement\":[{\"@type\":\"ListItem\",\"position\":1,\"name\":\"Tienda Zonzini\",\"item\":\"https:\/\/zonzinistairclimbers.com\/shop\/es\/\"},{\"@type\":\"ListItem\",\"position\":2,\"name\":\"Carretillas Sube Escaleras para Cargas\",\"item\":\"https:\/\/zonzinistairclimbers.com\/shop\/es\/tienda-zonzini\/carretillas-sube-escaleras-para-cargas\/\"},{\"@type\":\"ListItem\",\"position\":3,\"name\":\"Ibex\"}]},{\"@type\":\"WebSite\",\"@id\":\"https:\/\/zonzinistairclimbers.com\/shop\/es\/#website\",\"url\":\"https:\/\/zonzinistairclimbers.com\/shop\/es\/\",\"name\":\"Carrelli Saliscale Elettrici e Montascale a Cingoli | Zonzini\",\"description\":\"Carrelli saliscale per il trasporto di merci su scale e montascale per disabili Zonzini\",\"publisher\":{\"@id\":\"https:\/\/zonzinistairclimbers.com\/shop\/es\/#organization\"},\"alternateName\":\"Zonzini Saliscale\",\"potentialAction\":[{\"@type\":\"SearchAction\",\"target\":{\"@type\":\"EntryPoint\",\"urlTemplate\":\"https:\/\/zonzinistairclimbers.com\/shop\/es\/?s={search_term_string}\"},\"query-input\":{\"@type\":\"PropertyValueSpecification\",\"valueRequired\":true,\"valueName\":\"search_term_string\"}}],\"inLanguage\":\"es\"},{\"@type\":\"Organization\",\"@id\":\"https:\/\/zonzinistairclimbers.com\/shop\/es\/#organization\",\"name\":\"Carros, Carretillas y Orugas Sube Escaleras El\u00e9ctricos | Zonzini\",\"url\":\"https:\/\/zonzinistairclimbers.com\/shop\/es\/\",\"logo\":{\"@type\":\"ImageObject\",\"inLanguage\":\"es\",\"@id\":\"https:\/\/zonzinistairclimbers.com\/shop\/es\/#\/schema\/logo\/image\/\",\"url\":\"https:\/\/zonzinistairclimbers.com\/shop\/wp-content\/uploads\/2023\/09\/Logo_zonzini.svg\",\"contentUrl\":\"https:\/\/zonzinistairclimbers.com\/shop\/wp-content\/uploads\/2023\/09\/Logo_zonzini.svg\",\"width\":1234,\"height\":325,\"caption\":\"Carros, Carretillas y Orugas Sube Escaleras El\u00e9ctricos | Zonzini\"},\"image\":{\"@id\":\"https:\/\/zonzinistairclimbers.com\/shop\/es\/#\/schema\/logo\/image\/\"},\"sameAs\":[\"https:\/\/www.facebook.com\/zonzinistairclimbers\/\",\"https:\/\/www.instagram.com\/zonzini_stairclimbers\/\",\"https:\/\/www.youtube.com\/user\/saliscaleZONZINI\",\"https:\/\/www.linkedin.com\/company\/zonzini\/\"]}]}<\/script>\n<meta property=\"product:price:amount\" content=\"4743\" \/>\n<meta property=\"product:price:currency\" content=\"EUR\" \/>\n<meta property=\"og:availability\" content=\"instock\" \/>\n<meta property=\"product:availability\" content=\"instock\" \/>\n<meta property=\"product:retailer_item_id\" content=\"IBEX-120\" \/>\n<meta property=\"product:condition\" content=\"new\" \/>\n<!-- \/ Yoast SEO Premium plugin. -->","yoast_head_json":{"title":"Carretilla el\u00e9ctrica para el transporte Ibex | Zonzini Shop","description":"Compra la carretilla para escalera Zonzini Ibex desde 4.743 \u20ac en la tienda online de Zonzini \u2705Capacidad de carga 150 y 200 kg \u27aeIr a la tienda","robots":{"index":"index","follow":"follow","max-snippet":"max-snippet:-1","max-image-preview":"max-image-preview:large","max-video-preview":"max-video-preview:-1"},"canonical":"https:\/\/zonzinistairclimbers.com\/shop\/es\/tienda-zonzini\/carretillas-sube-escaleras-para-cargas\/carretilla-para-escaleras-ibex\/","og_locale":"es_ES","og_type":"article","og_title":"Acquista Ibex | Zonzini Shop","og_description":"Acquista il Ibex a un prezzo conveniente nello shop di Zonzini \u27aeVai allo shop","og_url":"https:\/\/zonzinistairclimbers.com\/shop\/es\/tienda-zonzini\/carretillas-sube-escaleras-para-cargas\/carretilla-para-escaleras-ibex\/","og_site_name":"Carros, Carretillas y Orugas Sube Escaleras El\u00e9ctricos | Zonzini","article_publisher":"https:\/\/www.facebook.com\/zonzinistairclimbers\/","article_modified_time":"2024-10-28T13:09:48+00:00","og_image":[{"width":987,"height":1363,"url":"https:\/\/zonzinistairclimbers.com\/shop\/wp-content\/uploads\/2024\/02\/ibex_pu_di_lato.jpg","type":"image\/jpeg"}],"twitter_card":"summary_large_image","twitter_misc":{"Precio":"4.743&nbsp;&euro;","Disponibilidad":"Disponible"},"schema":{"@context":"https:\/\/schema.org","@graph":[{"@type":"WebPage","@id":"https:\/\/zonzinistairclimbers.com\/shop\/es\/tienda-zonzini\/carretillas-sube-escaleras-para-cargas\/carretilla-para-escaleras-ibex\/","url":"https:\/\/zonzinistairclimbers.com\/shop\/es\/tienda-zonzini\/carretillas-sube-escaleras-para-cargas\/carretilla-para-escaleras-ibex\/","name":"Carretilla el\u00e9ctrica para el transporte Ibex | Zonzini Shop","isPartOf":{"@id":"https:\/\/zonzinistairclimbers.com\/shop\/es\/#website"},"primaryImageOfPage":{"@id":"https:\/\/zonzinistairclimbers.com\/shop\/es\/tienda-zonzini\/carretillas-sube-escaleras-para-cargas\/carretilla-para-escaleras-ibex\/#primaryimage"},"image":{"@id":"https:\/\/zonzinistairclimbers.com\/shop\/es\/tienda-zonzini\/carretillas-sube-escaleras-para-cargas\/carretilla-para-escaleras-ibex\/#primaryimage"},"thumbnailUrl":"https:\/\/zonzinistairclimbers.com\/shop\/wp-content\/uploads\/2024\/02\/ibex_pu_di_lato.jpg","datePublished":"2024-02-22T13:26:11+00:00","dateModified":"2024-10-28T13:09:48+00:00","description":"Compra la carretilla para escalera Zonzini Ibex desde 4.743 \u20ac en la tienda online de Zonzini \u2705Capacidad de carga 150 y 200 kg \u27aeIr a la tienda","breadcrumb":{"@id":"https:\/\/zonzinistairclimbers.com\/shop\/es\/tienda-zonzini\/carretillas-sube-escaleras-para-cargas\/carretilla-para-escaleras-ibex\/#breadcrumb"},"inLanguage":"es","potentialAction":[{"@type":"ReadAction","target":["https:\/\/zonzinistairclimbers.com\/shop\/es\/tienda-zonzini\/carretillas-sube-escaleras-para-cargas\/carretilla-para-escaleras-ibex\/"]}]},{"@type":"ImageObject","inLanguage":"es","@id":"https:\/\/zonzinistairclimbers.com\/shop\/es\/tienda-zonzini\/carretillas-sube-escaleras-para-cargas\/carretilla-para-escaleras-ibex\/#primaryimage","url":"https:\/\/zonzinistairclimbers.com\/shop\/wp-content\/uploads\/2024\/02\/ibex_pu_di_lato.jpg","contentUrl":"https:\/\/zonzinistairclimbers.com\/shop\/wp-content\/uploads\/2024\/02\/ibex_pu_di_lato.jpg","width":987,"height":1363,"caption":"carrello elettrico per scale IBEX"},{"@type":"BreadcrumbList","@id":"https:\/\/zonzinistairclimbers.com\/shop\/es\/tienda-zonzini\/carretillas-sube-escaleras-para-cargas\/carretilla-para-escaleras-ibex\/#breadcrumb","itemListElement":[{"@type":"ListItem","position":1,"name":"Tienda Zonzini","item":"https:\/\/zonzinistairclimbers.com\/shop\/es\/"},{"@type":"ListItem","position":2,"name":"Carretillas Sube Escaleras para Cargas","item":"https:\/\/zonzinistairclimbers.com\/shop\/es\/tienda-zonzini\/carretillas-sube-escaleras-para-cargas\/"},{"@type":"ListItem","position":3,"name":"Ibex"}]},{"@type":"WebSite","@id":"https:\/\/zonzinistairclimbers.com\/shop\/es\/#website","url":"https:\/\/zonzinistairclimbers.com\/shop\/es\/","name":"Carrelli Saliscale Elettrici e Montascale a Cingoli | Zonzini","description":"Carrelli saliscale per il trasporto di merci su scale e montascale per disabili Zonzini","publisher":{"@id":"https:\/\/zonzinistairclimbers.com\/shop\/es\/#organization"},"alternateName":"Zonzini Saliscale","potentialAction":[{"@type":"SearchAction","target":{"@type":"EntryPoint","urlTemplate":"https:\/\/zonzinistairclimbers.com\/shop\/es\/?s={search_term_string}"},"query-input":{"@type":"PropertyValueSpecification","valueRequired":true,"valueName":"search_term_string"}}],"inLanguage":"es"},{"@type":"Organization","@id":"https:\/\/zonzinistairclimbers.com\/shop\/es\/#organization","name":"Carros, Carretillas y Orugas Sube Escaleras El\u00e9ctricos | Zonzini","url":"https:\/\/zonzinistairclimbers.com\/shop\/es\/","logo":{"@type":"ImageObject","inLanguage":"es","@id":"https:\/\/zonzinistairclimbers.com\/shop\/es\/#\/schema\/logo\/image\/","url":"https:\/\/zonzinistairclimbers.com\/shop\/wp-content\/uploads\/2023\/09\/Logo_zonzini.svg","contentUrl":"https:\/\/zonzinistairclimbers.com\/shop\/wp-content\/uploads\/2023\/09\/Logo_zonzini.svg","width":1234,"height":325,"caption":"Carros, Carretillas y Orugas Sube Escaleras El\u00e9ctricos | Zonzini"},"image":{"@id":"https:\/\/zonzinistairclimbers.com\/shop\/es\/#\/schema\/logo\/image\/"},"sameAs":["https:\/\/www.facebook.com\/zonzinistairclimbers\/","https:\/\/www.instagram.com\/zonzini_stairclimbers\/","https:\/\/www.youtube.com\/user\/saliscaleZONZINI","https:\/\/www.linkedin.com\/company\/zonzini\/"]}]},"product_price_amount":"4743","product_price_currency":"EUR","og_availability":"instock","product_availability":"instock","product_retailer_item_id":"IBEX-120","product_condition":"new"},"_links":{"self":[{"href":"https:\/\/zonzinistairclimbers.com\/shop\/es\/wp-json\/wp\/v2\/product\/12240","targetHints":{"allow":["GET"]}}],"collection":[{"href":"https:\/\/zonzinistairclimbers.com\/shop\/es\/wp-json\/wp\/v2\/product"}],"about":[{"href":"https:\/\/zonzinistairclimbers.com\/shop\/es\/wp-json\/wp\/v2\/types\/product"}],"version-history":[{"count":1,"href":"https:\/\/zonzinistairclimbers.com\/shop\/es\/wp-json\/wp\/v2\/product\/12240\/revisions"}],"predecessor-version":[{"id":19180,"href":"https:\/\/zonzinistairclimbers.com\/shop\/es\/wp-json\/wp\/v2\/product\/12240\/revisions\/19180"}],"wp:featuredmedia":[{"embeddable":true,"href":"https:\/\/zonzinistairclimbers.com\/shop\/es\/wp-json\/wp\/v2\/media\/2885"}],"wp:attachment":[{"href":"https:\/\/zonzinistairclimbers.com\/shop\/es\/wp-json\/wp\/v2\/media?parent=12240"}],"wp:term":[{"taxonomy":"product_brand","embeddable":true,"href":"https:\/\/zonzinistairclimbers.com\/shop\/es\/wp-json\/wp\/v2\/product_brand?post=12240"},{"taxonomy":"product_cat","embeddable":true,"href":"https:\/\/zonzinistairclimbers.com\/shop\/es\/wp-json\/wp\/v2\/product_cat?post=12240"},{"taxonomy":"product_tag","embeddable":true,"href":"https:\/\/zonzinistairclimbers.com\/shop\/es\/wp-json\/wp\/v2\/product_tag?post=12240"}],"curies":[{"name":"wp","href":"https:\/\/api.w.org\/{rel}","templated":true}]}}