{"id":12669,"date":"2021-11-17T12:00:30","date_gmt":"2021-11-17T12:00:30","guid":{"rendered":"http:\/\/zonzini.it\/shop\/unkategorisiert\/saliscale-elettrico-cingolato-domino-lift\/"},"modified":"2026-03-16T09:17:12","modified_gmt":"2026-03-16T08:17:12","slug":"elektro-treppensteiger-domino-lift","status":"publish","type":"product","link":"https:\/\/zonzinistairclimbers.com\/shop\/de\/shop\/treppensteiger-kaufen\/elektro-treppensteiger-domino-lift\/","title":{"rendered":"Domino Lift"},"content":{"rendered":"<p class=\"paragraph\">Domino Lift ist der ideale elektrische Treppensteiger mit Raupenantrieb f\u00fcr den Transport von schweren und sperrigen Maschinen, M\u00f6beln, Waren und Materialien auf Treppen.<\/p>\n<p class=\"paragraph\">Er ist mit rutsch- und kratzfesten <strong>Zonzini-Raupenketten<\/strong> ausgestattet, die eine hohe Griffigkeit aufweisen. Im Gegensatz zu einem normalen Wagen mit R\u00e4dern garantieren die Raupen eine maximale Stabilit\u00e4t der Last w\u00e4hrend des gesamten Transports und ersparen dem Bediener k\u00f6rperliche Anstrengung, sei es auf Treppen oder ebenen Fl\u00e4chen.<br \/>\nDomino Stabilised ist ein elektrisch betriebener Treppensteiger, der dank seiner <strong>elektrischen Hubh\u00f6he von bis zu 60 cm ideal<\/strong> f\u00fcr den <strong>Lieferservice<\/strong> geeignet ist.<\/p>\n<p class=\"paragraph\"><strong>RAUPENTREPPENSTEIGER IDEAL F\u00dcR DEN TRANSPORT UND DIE LIEFERUNG VON:<\/strong><\/p>\n<ul>\n<li class=\"paragraph\">M\u00f6beln (schwere Schr\u00e4nke, Sofas)<\/li>\n<li class=\"paragraph\">\u00d6fen, Kaminen, Heizkesseln<\/li>\n<li class=\"paragraph\">Klimaanlagen<\/li>\n<li class=\"paragraph\">Fotokopierger\u00e4ten<\/li>\n<li class=\"paragraph\">Schwermaschinen<\/li>\n<li class=\"paragraph\">Haushaltsger\u00e4ten<\/li>\n<li>Klavieren<\/li>\n<\/ul>\n<p class=\"paragraph\">\n","protected":false},"excerpt":{"rendered":"<p>Domino Lift ist der ideale elektrische Treppensteiger mit Raupenantrieb f\u00fcr den Transport von schweren und sperrigen Maschinen, M\u00f6beln, Waren und Materialien auf Treppen. Er ist mit rutsch- und kratzfesten Zonzini-Raupenketten ausgestattet, die eine hohe Griffigkeit aufweisen. Im Gegensatz zu einem normalen Wagen mit R\u00e4dern garantieren die Raupen eine maximale Stabilit\u00e4t der Last w\u00e4hrend des gesamten [&hellip;]<\/p>\n","protected":false},"featured_media":8731,"template":"","meta":{"_acf_changed":false,"content-type":"","inline_featured_image":false,"footnotes":""},"product_brand":[],"product_cat":[10518],"product_tag":[],"class_list":{"0":"post-12669","1":"product","2":"type-product","3":"status-publish","4":"has-post-thumbnail","6":"product_cat-treppensteiger-kaufen","8":"first","9":"instock","10":"sale","11":"taxable","12":"shipping-taxable","13":"purchasable","14":"product-type-variable"},"acf":[],"yoast_head":"<!-- This site is optimized with the Yoast SEO Premium plugin v26.4 (Yoast SEO v26.9) - https:\/\/yoast.com\/product\/yoast-seo-premium-wordpress\/ -->\n<title>Elektrischer Treppensteiger mit Lasthebung \u20ac8911 | Zonzini Shop<\/title>\n<meta name=\"description\" content=\"Kaufen Sie den elektrischen Raupen-Treppensteiger Domino Lift ab 8911 \u20ac \u2705Ideal auch f\u00fcr Umz\u00fcge und Lieferungen \u2705Tragkraft 400 kg \u27aeZum Zonzini Shop\" \/>\n<meta name=\"robots\" content=\"index, follow, max-snippet:-1, max-image-preview:large, max-video-preview:-1\" \/>\n<link rel=\"canonical\" href=\"https:\/\/zonzinistairclimbers.com\/shop\/de\/shop\/treppensteiger-kaufen\/elektro-treppensteiger-domino-lift\/\" \/>\n<meta property=\"og:locale\" content=\"de_DE\" \/>\n<meta property=\"og:type\" content=\"article\" \/>\n<meta property=\"og:title\" content=\"Acquista Domino Lift | Zonzini Shop\" \/>\n<meta property=\"og:description\" content=\"Acquista il Domino Lift a un prezzo conveniente nello shop di Zonzini \u27aeVai allo shop\" \/>\n<meta property=\"og:url\" content=\"https:\/\/zonzinistairclimbers.com\/shop\/de\/shop\/treppensteiger-kaufen\/elektro-treppensteiger-domino-lift\/\" \/>\n<meta property=\"og:site_name\" content=\"Sichere und innovative elektrische Treppensteiger f\u00fcr schwere Lasten | Zonzini\" \/>\n<meta property=\"article:publisher\" content=\"https:\/\/www.facebook.com\/zonzinistairclimbers\/\" \/>\n<meta property=\"article:modified_time\" content=\"2026-03-16T08:17:12+00:00\" \/>\n<meta property=\"og:image\" content=\"https:\/\/zonzinistairclimbers.com\/shop\/wp-content\/uploads\/2021\/11\/Zonzincroped-per-sito-DOM_LIFT-1.jpg\" \/>\n\t<meta property=\"og:image:width\" content=\"1151\" \/>\n\t<meta property=\"og:image:height\" content=\"1151\" \/>\n\t<meta property=\"og:image:type\" content=\"image\/jpeg\" \/>\n<meta name=\"twitter:card\" content=\"summary_large_image\" \/>\n<meta name=\"twitter:label1\" content=\"Verf\u00fcgbarkeit\" \/>\n\t<meta name=\"twitter:data1\" content=\"Auf Lager\" \/>\n<script type=\"application\/ld+json\" class=\"yoast-schema-graph\">{\"@context\":\"https:\/\/schema.org\",\"@graph\":[{\"@type\":\"WebPage\",\"@id\":\"https:\/\/zonzinistairclimbers.com\/shop\/de\/shop\/treppensteiger-kaufen\/elektro-treppensteiger-domino-lift\/\",\"url\":\"https:\/\/zonzinistairclimbers.com\/shop\/de\/shop\/treppensteiger-kaufen\/elektro-treppensteiger-domino-lift\/\",\"name\":\"Elektrischer Treppensteiger mit Lasthebung \u20ac8911 | Zonzini Shop\",\"isPartOf\":{\"@id\":\"https:\/\/zonzinistairclimbers.com\/shop\/de\/#website\"},\"primaryImageOfPage\":{\"@id\":\"https:\/\/zonzinistairclimbers.com\/shop\/de\/shop\/treppensteiger-kaufen\/elektro-treppensteiger-domino-lift\/#primaryimage\"},\"image\":{\"@id\":\"https:\/\/zonzinistairclimbers.com\/shop\/de\/shop\/treppensteiger-kaufen\/elektro-treppensteiger-domino-lift\/#primaryimage\"},\"thumbnailUrl\":\"https:\/\/zonzinistairclimbers.com\/shop\/wp-content\/uploads\/2021\/11\/Zonzincroped-per-sito-DOM_LIFT-1.jpg\",\"datePublished\":\"2021-11-17T12:00:30+00:00\",\"dateModified\":\"2026-03-16T08:17:12+00:00\",\"description\":\"Kaufen Sie den elektrischen Raupen-Treppensteiger Domino Lift ab 8911 \u20ac \u2705Ideal auch f\u00fcr Umz\u00fcge und Lieferungen \u2705Tragkraft 400 kg \u27aeZum Zonzini Shop\",\"breadcrumb\":{\"@id\":\"https:\/\/zonzinistairclimbers.com\/shop\/de\/shop\/treppensteiger-kaufen\/elektro-treppensteiger-domino-lift\/#breadcrumb\"},\"inLanguage\":\"de\",\"potentialAction\":[{\"@type\":\"ReadAction\",\"target\":[\"https:\/\/zonzinistairclimbers.com\/shop\/de\/shop\/treppensteiger-kaufen\/elektro-treppensteiger-domino-lift\/\"]}]},{\"@type\":\"ImageObject\",\"inLanguage\":\"de\",\"@id\":\"https:\/\/zonzinistairclimbers.com\/shop\/de\/shop\/treppensteiger-kaufen\/elektro-treppensteiger-domino-lift\/#primaryimage\",\"url\":\"https:\/\/zonzinistairclimbers.com\/shop\/wp-content\/uploads\/2021\/11\/Zonzincroped-per-sito-DOM_LIFT-1.jpg\",\"contentUrl\":\"https:\/\/zonzinistairclimbers.com\/shop\/wp-content\/uploads\/2021\/11\/Zonzincroped-per-sito-DOM_LIFT-1.jpg\",\"width\":1151,\"height\":1151,\"caption\":\"Domino Lift Plasmoid elektrischer Treppensteiger mit Lasthebung\"},{\"@type\":\"BreadcrumbList\",\"@id\":\"https:\/\/zonzinistairclimbers.com\/shop\/de\/shop\/treppensteiger-kaufen\/elektro-treppensteiger-domino-lift\/#breadcrumb\",\"itemListElement\":[{\"@type\":\"ListItem\",\"position\":1,\"name\":\"Shop\",\"item\":\"https:\/\/zonzinistairclimbers.com\/shop\/de\/\"},{\"@type\":\"ListItem\",\"position\":2,\"name\":\"Treppensteiger f\u00fcr den G\u00fctertransport\",\"item\":\"https:\/\/zonzinistairclimbers.com\/shop\/de\/shop\/treppensteiger-kaufen\/\"},{\"@type\":\"ListItem\",\"position\":3,\"name\":\"Domino Lift\"}]},{\"@type\":\"WebSite\",\"@id\":\"https:\/\/zonzinistairclimbers.com\/shop\/de\/#website\",\"url\":\"https:\/\/zonzinistairclimbers.com\/shop\/de\/\",\"name\":\"Carrelli Saliscale Elettrici e Montascale a Cingoli | Zonzini\",\"description\":\"Carrelli saliscale per il trasporto di merci su scale e montascale per disabili Zonzini\",\"publisher\":{\"@id\":\"https:\/\/zonzinistairclimbers.com\/shop\/de\/#organization\"},\"alternateName\":\"Zonzini Saliscale\",\"potentialAction\":[{\"@type\":\"SearchAction\",\"target\":{\"@type\":\"EntryPoint\",\"urlTemplate\":\"https:\/\/zonzinistairclimbers.com\/shop\/de\/?s={search_term_string}\"},\"query-input\":{\"@type\":\"PropertyValueSpecification\",\"valueRequired\":true,\"valueName\":\"search_term_string\"}}],\"inLanguage\":\"de\"},{\"@type\":\"Organization\",\"@id\":\"https:\/\/zonzinistairclimbers.com\/shop\/de\/#organization\",\"name\":\"Sichere und innovative elektrische Treppensteiger f\u00fcr schwere Lasten | Zonzini\",\"url\":\"https:\/\/zonzinistairclimbers.com\/shop\/de\/\",\"logo\":{\"@type\":\"ImageObject\",\"inLanguage\":\"de\",\"@id\":\"https:\/\/zonzinistairclimbers.com\/shop\/de\/#\/schema\/logo\/image\/\",\"url\":\"https:\/\/zonzinistairclimbers.com\/shop\/wp-content\/uploads\/2023\/09\/Logo_zonzini.svg\",\"contentUrl\":\"https:\/\/zonzinistairclimbers.com\/shop\/wp-content\/uploads\/2023\/09\/Logo_zonzini.svg\",\"width\":1234,\"height\":325,\"caption\":\"Sichere und innovative elektrische Treppensteiger f\u00fcr schwere Lasten | Zonzini\"},\"image\":{\"@id\":\"https:\/\/zonzinistairclimbers.com\/shop\/de\/#\/schema\/logo\/image\/\"},\"sameAs\":[\"https:\/\/www.facebook.com\/zonzinistairclimbers\/\",\"https:\/\/www.instagram.com\/zonzini_stairclimbers\/\",\"https:\/\/www.youtube.com\/user\/saliscaleZONZINI\",\"https:\/\/www.linkedin.com\/company\/zonzini\/\"]}]}<\/script>\n<meta property=\"og:availability\" content=\"instock\" \/>\n<meta property=\"product:availability\" content=\"instock\" \/>\n<meta property=\"product:condition\" content=\"new\" \/>\n<!-- \/ Yoast SEO Premium plugin. -->","yoast_head_json":{"title":"Elektrischer Treppensteiger mit Lasthebung \u20ac8911 | Zonzini Shop","description":"Kaufen Sie den elektrischen Raupen-Treppensteiger Domino Lift ab 8911 \u20ac \u2705Ideal auch f\u00fcr Umz\u00fcge und Lieferungen \u2705Tragkraft 400 kg \u27aeZum Zonzini Shop","robots":{"index":"index","follow":"follow","max-snippet":"max-snippet:-1","max-image-preview":"max-image-preview:large","max-video-preview":"max-video-preview:-1"},"canonical":"https:\/\/zonzinistairclimbers.com\/shop\/de\/shop\/treppensteiger-kaufen\/elektro-treppensteiger-domino-lift\/","og_locale":"de_DE","og_type":"article","og_title":"Acquista Domino Lift | Zonzini Shop","og_description":"Acquista il Domino Lift a un prezzo conveniente nello shop di Zonzini \u27aeVai allo shop","og_url":"https:\/\/zonzinistairclimbers.com\/shop\/de\/shop\/treppensteiger-kaufen\/elektro-treppensteiger-domino-lift\/","og_site_name":"Sichere und innovative elektrische Treppensteiger f\u00fcr schwere Lasten | Zonzini","article_publisher":"https:\/\/www.facebook.com\/zonzinistairclimbers\/","article_modified_time":"2026-03-16T08:17:12+00:00","og_image":[{"width":1151,"height":1151,"url":"https:\/\/zonzinistairclimbers.com\/shop\/wp-content\/uploads\/2021\/11\/Zonzincroped-per-sito-DOM_LIFT-1.jpg","type":"image\/jpeg"}],"twitter_card":"summary_large_image","twitter_misc":{"Verf\u00fcgbarkeit":"Auf Lager"},"schema":{"@context":"https:\/\/schema.org","@graph":[{"@type":"WebPage","@id":"https:\/\/zonzinistairclimbers.com\/shop\/de\/shop\/treppensteiger-kaufen\/elektro-treppensteiger-domino-lift\/","url":"https:\/\/zonzinistairclimbers.com\/shop\/de\/shop\/treppensteiger-kaufen\/elektro-treppensteiger-domino-lift\/","name":"Elektrischer Treppensteiger mit Lasthebung \u20ac8911 | Zonzini Shop","isPartOf":{"@id":"https:\/\/zonzinistairclimbers.com\/shop\/de\/#website"},"primaryImageOfPage":{"@id":"https:\/\/zonzinistairclimbers.com\/shop\/de\/shop\/treppensteiger-kaufen\/elektro-treppensteiger-domino-lift\/#primaryimage"},"image":{"@id":"https:\/\/zonzinistairclimbers.com\/shop\/de\/shop\/treppensteiger-kaufen\/elektro-treppensteiger-domino-lift\/#primaryimage"},"thumbnailUrl":"https:\/\/zonzinistairclimbers.com\/shop\/wp-content\/uploads\/2021\/11\/Zonzincroped-per-sito-DOM_LIFT-1.jpg","datePublished":"2021-11-17T12:00:30+00:00","dateModified":"2026-03-16T08:17:12+00:00","description":"Kaufen Sie den elektrischen Raupen-Treppensteiger Domino Lift ab 8911 \u20ac \u2705Ideal auch f\u00fcr Umz\u00fcge und Lieferungen \u2705Tragkraft 400 kg \u27aeZum Zonzini Shop","breadcrumb":{"@id":"https:\/\/zonzinistairclimbers.com\/shop\/de\/shop\/treppensteiger-kaufen\/elektro-treppensteiger-domino-lift\/#breadcrumb"},"inLanguage":"de","potentialAction":[{"@type":"ReadAction","target":["https:\/\/zonzinistairclimbers.com\/shop\/de\/shop\/treppensteiger-kaufen\/elektro-treppensteiger-domino-lift\/"]}]},{"@type":"ImageObject","inLanguage":"de","@id":"https:\/\/zonzinistairclimbers.com\/shop\/de\/shop\/treppensteiger-kaufen\/elektro-treppensteiger-domino-lift\/#primaryimage","url":"https:\/\/zonzinistairclimbers.com\/shop\/wp-content\/uploads\/2021\/11\/Zonzincroped-per-sito-DOM_LIFT-1.jpg","contentUrl":"https:\/\/zonzinistairclimbers.com\/shop\/wp-content\/uploads\/2021\/11\/Zonzincroped-per-sito-DOM_LIFT-1.jpg","width":1151,"height":1151,"caption":"Domino Lift Plasmoid elektrischer Treppensteiger mit Lasthebung"},{"@type":"BreadcrumbList","@id":"https:\/\/zonzinistairclimbers.com\/shop\/de\/shop\/treppensteiger-kaufen\/elektro-treppensteiger-domino-lift\/#breadcrumb","itemListElement":[{"@type":"ListItem","position":1,"name":"Shop","item":"https:\/\/zonzinistairclimbers.com\/shop\/de\/"},{"@type":"ListItem","position":2,"name":"Treppensteiger f\u00fcr den G\u00fctertransport","item":"https:\/\/zonzinistairclimbers.com\/shop\/de\/shop\/treppensteiger-kaufen\/"},{"@type":"ListItem","position":3,"name":"Domino Lift"}]},{"@type":"WebSite","@id":"https:\/\/zonzinistairclimbers.com\/shop\/de\/#website","url":"https:\/\/zonzinistairclimbers.com\/shop\/de\/","name":"Carrelli Saliscale Elettrici e Montascale a Cingoli | Zonzini","description":"Carrelli saliscale per il trasporto di merci su scale e montascale per disabili Zonzini","publisher":{"@id":"https:\/\/zonzinistairclimbers.com\/shop\/de\/#organization"},"alternateName":"Zonzini Saliscale","potentialAction":[{"@type":"SearchAction","target":{"@type":"EntryPoint","urlTemplate":"https:\/\/zonzinistairclimbers.com\/shop\/de\/?s={search_term_string}"},"query-input":{"@type":"PropertyValueSpecification","valueRequired":true,"valueName":"search_term_string"}}],"inLanguage":"de"},{"@type":"Organization","@id":"https:\/\/zonzinistairclimbers.com\/shop\/de\/#organization","name":"Sichere und innovative elektrische Treppensteiger f\u00fcr schwere Lasten | Zonzini","url":"https:\/\/zonzinistairclimbers.com\/shop\/de\/","logo":{"@type":"ImageObject","inLanguage":"de","@id":"https:\/\/zonzinistairclimbers.com\/shop\/de\/#\/schema\/logo\/image\/","url":"https:\/\/zonzinistairclimbers.com\/shop\/wp-content\/uploads\/2023\/09\/Logo_zonzini.svg","contentUrl":"https:\/\/zonzinistairclimbers.com\/shop\/wp-content\/uploads\/2023\/09\/Logo_zonzini.svg","width":1234,"height":325,"caption":"Sichere und innovative elektrische Treppensteiger f\u00fcr schwere Lasten | Zonzini"},"image":{"@id":"https:\/\/zonzinistairclimbers.com\/shop\/de\/#\/schema\/logo\/image\/"},"sameAs":["https:\/\/www.facebook.com\/zonzinistairclimbers\/","https:\/\/www.instagram.com\/zonzini_stairclimbers\/","https:\/\/www.youtube.com\/user\/saliscaleZONZINI","https:\/\/www.linkedin.com\/company\/zonzini\/"]}]},"og_availability":"instock","product_availability":"instock","product_condition":"new"},"_links":{"self":[{"href":"https:\/\/zonzinistairclimbers.com\/shop\/de\/wp-json\/wp\/v2\/product\/12669","targetHints":{"allow":["GET"]}}],"collection":[{"href":"https:\/\/zonzinistairclimbers.com\/shop\/de\/wp-json\/wp\/v2\/product"}],"about":[{"href":"https:\/\/zonzinistairclimbers.com\/shop\/de\/wp-json\/wp\/v2\/types\/product"}],"version-history":[{"count":3,"href":"https:\/\/zonzinistairclimbers.com\/shop\/de\/wp-json\/wp\/v2\/product\/12669\/revisions"}],"predecessor-version":[{"id":22892,"href":"https:\/\/zonzinistairclimbers.com\/shop\/de\/wp-json\/wp\/v2\/product\/12669\/revisions\/22892"}],"wp:featuredmedia":[{"embeddable":true,"href":"https:\/\/zonzinistairclimbers.com\/shop\/de\/wp-json\/wp\/v2\/media\/8731"}],"wp:attachment":[{"href":"https:\/\/zonzinistairclimbers.com\/shop\/de\/wp-json\/wp\/v2\/media?parent=12669"}],"wp:term":[{"taxonomy":"product_brand","embeddable":true,"href":"https:\/\/zonzinistairclimbers.com\/shop\/de\/wp-json\/wp\/v2\/product_brand?post=12669"},{"taxonomy":"product_cat","embeddable":true,"href":"https:\/\/zonzinistairclimbers.com\/shop\/de\/wp-json\/wp\/v2\/product_cat?post=12669"},{"taxonomy":"product_tag","embeddable":true,"href":"https:\/\/zonzinistairclimbers.com\/shop\/de\/wp-json\/wp\/v2\/product_tag?post=12669"}],"curies":[{"name":"wp","href":"https:\/\/api.w.org\/{rel}","templated":true}]}}