{"id":12665,"date":"2021-11-17T13:00:09","date_gmt":"2021-11-17T12:00:09","guid":{"rendered":"http:\/\/zonzini.it\/shop\/unkategorisiert\/domino-lift-stabilizzato\/"},"modified":"2024-12-04T14:54:14","modified_gmt":"2024-12-04T13:54:14","slug":"treppenroboter-domino-lift-stabilizzato","status":"publish","type":"product","link":"https:\/\/zonzinistairclimbers.com\/shop\/de\/shop\/treppensteiger-kaufen\/treppenroboter-domino-lift-stabilizzato\/","title":{"rendered":"Domino Lift Stabilized"},"content":{"rendered":"<p>Domino Lift Stabilized ist ein elektrischer Treppensteiger mit <strong>Laststabilisierung<\/strong> und <strong>Lasthebung<\/strong>. Er ist mit vorderen und hinteren <strong>Sensoren<\/strong> ausgestattet.<\/p>\n<p>Ein vielseitiger Treppenroboter f\u00fcr alle Treppenarten. Mit seinem digitalen <strong>Gewicht-Kalibrierungssystem<\/strong> passt er sich automatisch an die Last an. Er h\u00e4lt den Schwerpunkt der Ladung stets optimal, auf Treppen und ebenen Fl\u00e4chen. Entwickelt f\u00fcr Komfort und Sicherheit, kann Domino bis zu 400 kg transportieren.<\/p>\n<p>DIESER TREPPENROBOTER IST IDEAL F\u00dcR DEN TRANSPORT VON:<\/p>\n<ul>\n<li>Schwermaschinen und industriellen Ger\u00e4ten<\/li>\n<li>Verkaufsautomaten und Haushaltsger\u00e4ten<\/li>\n<li>M\u00f6beln<\/li>\n<\/ul>\n<p>Das Domino ist ein elektrischer Raupentreppensteiger, der sich ideal f\u00fcr Umz\u00fcge eignet. Eine Person kann damit auch schwere Gegenst\u00e4nde m\u00fchelos in obere Etagen transportieren \u2013 ganz ohne Aufzug.<\/p>\n<p class=\"paragraph\">\n","protected":false},"excerpt":{"rendered":"<p>Domino Lift Stabilized ist ein elektrischer Treppensteiger mit Laststabilisierung und Lasthebung. Er ist mit vorderen und hinteren Sensoren ausgestattet. Ein vielseitiger Treppenroboter f\u00fcr alle Treppenarten. Mit seinem digitalen Gewicht-Kalibrierungssystem passt er sich automatisch an die Last an. Er h\u00e4lt den Schwerpunkt der Ladung stets optimal, auf Treppen und ebenen Fl\u00e4chen. Entwickelt f\u00fcr Komfort und Sicherheit, [&hellip;]<\/p>\n","protected":false},"featured_media":8562,"template":"","meta":{"_acf_changed":false,"content-type":"","inline_featured_image":false,"footnotes":""},"product_brand":[],"product_cat":[10518],"product_tag":[],"class_list":{"0":"post-12665","1":"product","2":"type-product","3":"status-publish","4":"has-post-thumbnail","6":"product_cat-treppensteiger-kaufen","8":"first","9":"instock","10":"sale","11":"taxable","12":"shipping-taxable","13":"purchasable","14":"product-type-variable"},"acf":[],"yoast_head":"<!-- This site is optimized with the Yoast SEO Premium plugin v26.4 (Yoast SEO v26.9) - https:\/\/yoast.com\/product\/yoast-seo-premium-wordpress\/ -->\n<title>Treppenroboter Domino Lift Stabilized online kaufen | Zonzini Shop<\/title>\n<meta name=\"description\" content=\"Kaufen Sie den Domino Lift Stabilisierter elektrischer Treppensteiger ab \u20ac10,431 im Zonzini Online-Shop \u2705Lastkapazit\u00e4t 400 kg \u27aeZonzini Shop besuchen\" \/>\n<meta name=\"robots\" content=\"index, follow, max-snippet:-1, max-image-preview:large, max-video-preview:-1\" \/>\n<link rel=\"canonical\" href=\"https:\/\/zonzinistairclimbers.com\/shop\/de\/shop\/treppensteiger-kaufen\/treppenroboter-domino-lift-stabilizzato\/\" \/>\n<meta property=\"og:locale\" content=\"de_DE\" \/>\n<meta property=\"og:type\" content=\"article\" \/>\n<meta property=\"og:title\" content=\"Acquista Domino Lift Stabilized | Zonzini Shop\" \/>\n<meta property=\"og:description\" content=\"Acquista il Domino Lift Stabilized a un prezzo conveniente nello shop di Zonzini \u27aeVai allo shop\" \/>\n<meta property=\"og:url\" content=\"https:\/\/zonzinistairclimbers.com\/shop\/de\/shop\/treppensteiger-kaufen\/treppenroboter-domino-lift-stabilizzato\/\" \/>\n<meta property=\"og:site_name\" content=\"Sichere und innovative elektrische Treppensteiger f\u00fcr schwere Lasten | Zonzini\" \/>\n<meta property=\"article:publisher\" content=\"https:\/\/www.facebook.com\/zonzinistairclimbers\/\" \/>\n<meta property=\"article:modified_time\" content=\"2024-12-04T13:54:14+00:00\" \/>\n<meta property=\"og:image\" content=\"https:\/\/zonzinistairclimbers.com\/shop\/wp-content\/uploads\/2021\/11\/Zonzincroped-per-sito-DOM_STB_LIFT.jpg\" \/>\n\t<meta property=\"og:image:width\" content=\"1151\" \/>\n\t<meta property=\"og:image:height\" content=\"1151\" \/>\n\t<meta property=\"og:image:type\" content=\"image\/jpeg\" \/>\n<meta name=\"twitter:card\" content=\"summary_large_image\" \/>\n<meta name=\"twitter:label1\" content=\"Verf\u00fcgbarkeit\" \/>\n\t<meta name=\"twitter:data1\" content=\"Auf Lager\" \/>\n<script type=\"application\/ld+json\" class=\"yoast-schema-graph\">{\"@context\":\"https:\/\/schema.org\",\"@graph\":[{\"@type\":\"WebPage\",\"@id\":\"https:\/\/zonzinistairclimbers.com\/shop\/de\/shop\/treppensteiger-kaufen\/treppenroboter-domino-lift-stabilizzato\/\",\"url\":\"https:\/\/zonzinistairclimbers.com\/shop\/de\/shop\/treppensteiger-kaufen\/treppenroboter-domino-lift-stabilizzato\/\",\"name\":\"Treppenroboter Domino Lift Stabilized online kaufen | Zonzini Shop\",\"isPartOf\":{\"@id\":\"https:\/\/zonzinistairclimbers.com\/shop\/de\/#website\"},\"primaryImageOfPage\":{\"@id\":\"https:\/\/zonzinistairclimbers.com\/shop\/de\/shop\/treppensteiger-kaufen\/treppenroboter-domino-lift-stabilizzato\/#primaryimage\"},\"image\":{\"@id\":\"https:\/\/zonzinistairclimbers.com\/shop\/de\/shop\/treppensteiger-kaufen\/treppenroboter-domino-lift-stabilizzato\/#primaryimage\"},\"thumbnailUrl\":\"https:\/\/zonzinistairclimbers.com\/shop\/wp-content\/uploads\/2021\/11\/Zonzincroped-per-sito-DOM_STB_LIFT.jpg\",\"datePublished\":\"2021-11-17T12:00:09+00:00\",\"dateModified\":\"2024-12-04T13:54:14+00:00\",\"description\":\"Kaufen Sie den Domino Lift Stabilisierter elektrischer Treppensteiger ab \u20ac10,431 im Zonzini Online-Shop \u2705Lastkapazit\u00e4t 400 kg \u27aeZonzini Shop besuchen\",\"breadcrumb\":{\"@id\":\"https:\/\/zonzinistairclimbers.com\/shop\/de\/shop\/treppensteiger-kaufen\/treppenroboter-domino-lift-stabilizzato\/#breadcrumb\"},\"inLanguage\":\"de\",\"potentialAction\":[{\"@type\":\"ReadAction\",\"target\":[\"https:\/\/zonzinistairclimbers.com\/shop\/de\/shop\/treppensteiger-kaufen\/treppenroboter-domino-lift-stabilizzato\/\"]}]},{\"@type\":\"ImageObject\",\"inLanguage\":\"de\",\"@id\":\"https:\/\/zonzinistairclimbers.com\/shop\/de\/shop\/treppensteiger-kaufen\/treppenroboter-domino-lift-stabilizzato\/#primaryimage\",\"url\":\"https:\/\/zonzinistairclimbers.com\/shop\/wp-content\/uploads\/2021\/11\/Zonzincroped-per-sito-DOM_STB_LIFT.jpg\",\"contentUrl\":\"https:\/\/zonzinistairclimbers.com\/shop\/wp-content\/uploads\/2021\/11\/Zonzincroped-per-sito-DOM_STB_LIFT.jpg\",\"width\":1151,\"height\":1151,\"caption\":\"Treppenroboter Domino Lift Stabilized\"},{\"@type\":\"BreadcrumbList\",\"@id\":\"https:\/\/zonzinistairclimbers.com\/shop\/de\/shop\/treppensteiger-kaufen\/treppenroboter-domino-lift-stabilizzato\/#breadcrumb\",\"itemListElement\":[{\"@type\":\"ListItem\",\"position\":1,\"name\":\"Shop\",\"item\":\"https:\/\/zonzinistairclimbers.com\/shop\/de\/\"},{\"@type\":\"ListItem\",\"position\":2,\"name\":\"Treppensteiger f\u00fcr den G\u00fctertransport\",\"item\":\"https:\/\/zonzinistairclimbers.com\/shop\/de\/shop\/treppensteiger-kaufen\/\"},{\"@type\":\"ListItem\",\"position\":3,\"name\":\"Domino Lift Stabilized\"}]},{\"@type\":\"WebSite\",\"@id\":\"https:\/\/zonzinistairclimbers.com\/shop\/de\/#website\",\"url\":\"https:\/\/zonzinistairclimbers.com\/shop\/de\/\",\"name\":\"Carrelli Saliscale Elettrici e Montascale a Cingoli | Zonzini\",\"description\":\"Carrelli saliscale per il trasporto di merci su scale e montascale per disabili Zonzini\",\"publisher\":{\"@id\":\"https:\/\/zonzinistairclimbers.com\/shop\/de\/#organization\"},\"alternateName\":\"Zonzini Saliscale\",\"potentialAction\":[{\"@type\":\"SearchAction\",\"target\":{\"@type\":\"EntryPoint\",\"urlTemplate\":\"https:\/\/zonzinistairclimbers.com\/shop\/de\/?s={search_term_string}\"},\"query-input\":{\"@type\":\"PropertyValueSpecification\",\"valueRequired\":true,\"valueName\":\"search_term_string\"}}],\"inLanguage\":\"de\"},{\"@type\":\"Organization\",\"@id\":\"https:\/\/zonzinistairclimbers.com\/shop\/de\/#organization\",\"name\":\"Sichere und innovative elektrische Treppensteiger f\u00fcr schwere Lasten | Zonzini\",\"url\":\"https:\/\/zonzinistairclimbers.com\/shop\/de\/\",\"logo\":{\"@type\":\"ImageObject\",\"inLanguage\":\"de\",\"@id\":\"https:\/\/zonzinistairclimbers.com\/shop\/de\/#\/schema\/logo\/image\/\",\"url\":\"https:\/\/zonzinistairclimbers.com\/shop\/wp-content\/uploads\/2023\/09\/Logo_zonzini.svg\",\"contentUrl\":\"https:\/\/zonzinistairclimbers.com\/shop\/wp-content\/uploads\/2023\/09\/Logo_zonzini.svg\",\"width\":1234,\"height\":325,\"caption\":\"Sichere und innovative elektrische Treppensteiger f\u00fcr schwere Lasten | Zonzini\"},\"image\":{\"@id\":\"https:\/\/zonzinistairclimbers.com\/shop\/de\/#\/schema\/logo\/image\/\"},\"sameAs\":[\"https:\/\/www.facebook.com\/zonzinistairclimbers\/\",\"https:\/\/www.instagram.com\/zonzini_stairclimbers\/\",\"https:\/\/www.youtube.com\/user\/saliscaleZONZINI\",\"https:\/\/www.linkedin.com\/company\/zonzini\/\"]}]}<\/script>\n<meta property=\"og:availability\" content=\"instock\" \/>\n<meta property=\"product:availability\" content=\"instock\" \/>\n<meta property=\"product:condition\" content=\"new\" \/>\n<!-- \/ Yoast SEO Premium plugin. -->","yoast_head_json":{"title":"Treppenroboter Domino Lift Stabilized online kaufen | Zonzini Shop","description":"Kaufen Sie den Domino Lift Stabilisierter elektrischer Treppensteiger ab \u20ac10,431 im Zonzini Online-Shop \u2705Lastkapazit\u00e4t 400 kg \u27aeZonzini Shop besuchen","robots":{"index":"index","follow":"follow","max-snippet":"max-snippet:-1","max-image-preview":"max-image-preview:large","max-video-preview":"max-video-preview:-1"},"canonical":"https:\/\/zonzinistairclimbers.com\/shop\/de\/shop\/treppensteiger-kaufen\/treppenroboter-domino-lift-stabilizzato\/","og_locale":"de_DE","og_type":"article","og_title":"Acquista Domino Lift Stabilized | Zonzini Shop","og_description":"Acquista il Domino Lift Stabilized a un prezzo conveniente nello shop di Zonzini \u27aeVai allo shop","og_url":"https:\/\/zonzinistairclimbers.com\/shop\/de\/shop\/treppensteiger-kaufen\/treppenroboter-domino-lift-stabilizzato\/","og_site_name":"Sichere und innovative elektrische Treppensteiger f\u00fcr schwere Lasten | Zonzini","article_publisher":"https:\/\/www.facebook.com\/zonzinistairclimbers\/","article_modified_time":"2024-12-04T13:54:14+00:00","og_image":[{"width":1151,"height":1151,"url":"https:\/\/zonzinistairclimbers.com\/shop\/wp-content\/uploads\/2021\/11\/Zonzincroped-per-sito-DOM_STB_LIFT.jpg","type":"image\/jpeg"}],"twitter_card":"summary_large_image","twitter_misc":{"Verf\u00fcgbarkeit":"Auf Lager"},"schema":{"@context":"https:\/\/schema.org","@graph":[{"@type":"WebPage","@id":"https:\/\/zonzinistairclimbers.com\/shop\/de\/shop\/treppensteiger-kaufen\/treppenroboter-domino-lift-stabilizzato\/","url":"https:\/\/zonzinistairclimbers.com\/shop\/de\/shop\/treppensteiger-kaufen\/treppenroboter-domino-lift-stabilizzato\/","name":"Treppenroboter Domino Lift Stabilized online kaufen | Zonzini Shop","isPartOf":{"@id":"https:\/\/zonzinistairclimbers.com\/shop\/de\/#website"},"primaryImageOfPage":{"@id":"https:\/\/zonzinistairclimbers.com\/shop\/de\/shop\/treppensteiger-kaufen\/treppenroboter-domino-lift-stabilizzato\/#primaryimage"},"image":{"@id":"https:\/\/zonzinistairclimbers.com\/shop\/de\/shop\/treppensteiger-kaufen\/treppenroboter-domino-lift-stabilizzato\/#primaryimage"},"thumbnailUrl":"https:\/\/zonzinistairclimbers.com\/shop\/wp-content\/uploads\/2021\/11\/Zonzincroped-per-sito-DOM_STB_LIFT.jpg","datePublished":"2021-11-17T12:00:09+00:00","dateModified":"2024-12-04T13:54:14+00:00","description":"Kaufen Sie den Domino Lift Stabilisierter elektrischer Treppensteiger ab \u20ac10,431 im Zonzini Online-Shop \u2705Lastkapazit\u00e4t 400 kg \u27aeZonzini Shop besuchen","breadcrumb":{"@id":"https:\/\/zonzinistairclimbers.com\/shop\/de\/shop\/treppensteiger-kaufen\/treppenroboter-domino-lift-stabilizzato\/#breadcrumb"},"inLanguage":"de","potentialAction":[{"@type":"ReadAction","target":["https:\/\/zonzinistairclimbers.com\/shop\/de\/shop\/treppensteiger-kaufen\/treppenroboter-domino-lift-stabilizzato\/"]}]},{"@type":"ImageObject","inLanguage":"de","@id":"https:\/\/zonzinistairclimbers.com\/shop\/de\/shop\/treppensteiger-kaufen\/treppenroboter-domino-lift-stabilizzato\/#primaryimage","url":"https:\/\/zonzinistairclimbers.com\/shop\/wp-content\/uploads\/2021\/11\/Zonzincroped-per-sito-DOM_STB_LIFT.jpg","contentUrl":"https:\/\/zonzinistairclimbers.com\/shop\/wp-content\/uploads\/2021\/11\/Zonzincroped-per-sito-DOM_STB_LIFT.jpg","width":1151,"height":1151,"caption":"Treppenroboter Domino Lift Stabilized"},{"@type":"BreadcrumbList","@id":"https:\/\/zonzinistairclimbers.com\/shop\/de\/shop\/treppensteiger-kaufen\/treppenroboter-domino-lift-stabilizzato\/#breadcrumb","itemListElement":[{"@type":"ListItem","position":1,"name":"Shop","item":"https:\/\/zonzinistairclimbers.com\/shop\/de\/"},{"@type":"ListItem","position":2,"name":"Treppensteiger f\u00fcr den G\u00fctertransport","item":"https:\/\/zonzinistairclimbers.com\/shop\/de\/shop\/treppensteiger-kaufen\/"},{"@type":"ListItem","position":3,"name":"Domino Lift Stabilized"}]},{"@type":"WebSite","@id":"https:\/\/zonzinistairclimbers.com\/shop\/de\/#website","url":"https:\/\/zonzinistairclimbers.com\/shop\/de\/","name":"Carrelli Saliscale Elettrici e Montascale a Cingoli | Zonzini","description":"Carrelli saliscale per il trasporto di merci su scale e montascale per disabili Zonzini","publisher":{"@id":"https:\/\/zonzinistairclimbers.com\/shop\/de\/#organization"},"alternateName":"Zonzini Saliscale","potentialAction":[{"@type":"SearchAction","target":{"@type":"EntryPoint","urlTemplate":"https:\/\/zonzinistairclimbers.com\/shop\/de\/?s={search_term_string}"},"query-input":{"@type":"PropertyValueSpecification","valueRequired":true,"valueName":"search_term_string"}}],"inLanguage":"de"},{"@type":"Organization","@id":"https:\/\/zonzinistairclimbers.com\/shop\/de\/#organization","name":"Sichere und innovative elektrische Treppensteiger f\u00fcr schwere Lasten | Zonzini","url":"https:\/\/zonzinistairclimbers.com\/shop\/de\/","logo":{"@type":"ImageObject","inLanguage":"de","@id":"https:\/\/zonzinistairclimbers.com\/shop\/de\/#\/schema\/logo\/image\/","url":"https:\/\/zonzinistairclimbers.com\/shop\/wp-content\/uploads\/2023\/09\/Logo_zonzini.svg","contentUrl":"https:\/\/zonzinistairclimbers.com\/shop\/wp-content\/uploads\/2023\/09\/Logo_zonzini.svg","width":1234,"height":325,"caption":"Sichere und innovative elektrische Treppensteiger f\u00fcr schwere Lasten | Zonzini"},"image":{"@id":"https:\/\/zonzinistairclimbers.com\/shop\/de\/#\/schema\/logo\/image\/"},"sameAs":["https:\/\/www.facebook.com\/zonzinistairclimbers\/","https:\/\/www.instagram.com\/zonzini_stairclimbers\/","https:\/\/www.youtube.com\/user\/saliscaleZONZINI","https:\/\/www.linkedin.com\/company\/zonzini\/"]}]},"og_availability":"instock","product_availability":"instock","product_condition":"new"},"_links":{"self":[{"href":"https:\/\/zonzinistairclimbers.com\/shop\/de\/wp-json\/wp\/v2\/product\/12665","targetHints":{"allow":["GET"]}}],"collection":[{"href":"https:\/\/zonzinistairclimbers.com\/shop\/de\/wp-json\/wp\/v2\/product"}],"about":[{"href":"https:\/\/zonzinistairclimbers.com\/shop\/de\/wp-json\/wp\/v2\/types\/product"}],"version-history":[{"count":3,"href":"https:\/\/zonzinistairclimbers.com\/shop\/de\/wp-json\/wp\/v2\/product\/12665\/revisions"}],"predecessor-version":[{"id":22890,"href":"https:\/\/zonzinistairclimbers.com\/shop\/de\/wp-json\/wp\/v2\/product\/12665\/revisions\/22890"}],"wp:featuredmedia":[{"embeddable":true,"href":"https:\/\/zonzinistairclimbers.com\/shop\/de\/wp-json\/wp\/v2\/media\/8562"}],"wp:attachment":[{"href":"https:\/\/zonzinistairclimbers.com\/shop\/de\/wp-json\/wp\/v2\/media?parent=12665"}],"wp:term":[{"taxonomy":"product_brand","embeddable":true,"href":"https:\/\/zonzinistairclimbers.com\/shop\/de\/wp-json\/wp\/v2\/product_brand?post=12665"},{"taxonomy":"product_cat","embeddable":true,"href":"https:\/\/zonzinistairclimbers.com\/shop\/de\/wp-json\/wp\/v2\/product_cat?post=12665"},{"taxonomy":"product_tag","embeddable":true,"href":"https:\/\/zonzinistairclimbers.com\/shop\/de\/wp-json\/wp\/v2\/product_tag?post=12665"}],"curies":[{"name":"wp","href":"https:\/\/api.w.org\/{rel}","templated":true}]}}