{"id":12530,"date":"2024-01-21T12:08:43","date_gmt":"2024-01-21T11:08:43","guid":{"rendered":"http:\/\/zonzini.it\/shop\/unkategorisiert\/buddy-lift-plasmoid\/"},"modified":"2024-12-04T14:53:55","modified_gmt":"2024-12-04T13:53:55","slug":"treppensackkarre-buddy-lift-plasmoid","status":"publish","type":"product","link":"https:\/\/zonzinistairclimbers.com\/shop\/de\/shop\/treppensteiger-kaufen\/treppensackkarre-buddy-lift\/","title":{"rendered":"Buddy Lift"},"content":{"rendered":"<p>MIT DEM ELEKTRISCHEN TREPPENSTEIGER BUDDY LIFT SCHNELL UND PROFESSIONELL WAREN ALLER ART \u00dcBER TREPPEN TRANSPORTIEREN.\u200d<\/p>\n<p>Buddy Lift ist eine elekrische Treppensackkarre, ideal f\u00fcr den Transport von M\u00f6beln ,Ger\u00e4ten, Paketen und schweren <strong>Lasten bis zu 200 kg<\/strong>.<\/p>\n<p>Ein sicherer, innovativer und wendiger elektrischer Treppensteiger. Die Ladefl\u00e4che der Treppensackkarre ist <strong>selbstladend<\/strong>, d.h. mit integrierter elektrischer Lastanhebung. Das macht sie zum idealen Transportwagen f\u00fcr Lieferdienste.<\/p>\n<p>DIE ELEKTRO-TREPPESACKKARRE IDEAL IST F\u00dcR DEN TREPPENTRANSPORT VON:<\/p>\n<ul>\n<li>M\u00f6beln<\/li>\n<li>Paketen und Kisten aller Art<\/li>\n<li>Medizinischen Ger\u00e4ten wie Sauerstoffflaschen f\u00fcr die Heimtherapie<\/li>\n<li>Haushaltsger\u00e4ten wie Waschmaschinen, K\u00fchlschr\u00e4nke, Trockner, Fernseher, Geschirrsp\u00fcler<\/li>\n<\/ul>\n","protected":false},"excerpt":{"rendered":"<p>MIT DEM ELEKTRISCHEN TREPPENSTEIGER BUDDY LIFT SCHNELL UND PROFESSIONELL WAREN ALLER ART \u00dcBER TREPPEN TRANSPORTIEREN.\u200d Buddy Lift ist eine elekrische Treppensackkarre, ideal f\u00fcr den Transport von M\u00f6beln ,Ger\u00e4ten, Paketen und schweren Lasten bis zu 200 kg. Ein sicherer, innovativer und wendiger elektrischer Treppensteiger. Die Ladefl\u00e4che der Treppensackkarre ist selbstladend, d.h. mit integrierter elektrischer Lastanhebung. Das [&hellip;]<\/p>\n","protected":false},"featured_media":678,"template":"","meta":{"_acf_changed":false,"content-type":"","inline_featured_image":false,"footnotes":""},"product_brand":[],"product_cat":[10518],"product_tag":[],"class_list":{"0":"post-12530","1":"product","2":"type-product","3":"status-publish","4":"has-post-thumbnail","6":"product_cat-treppensteiger-kaufen","8":"first","9":"instock","10":"sale","11":"taxable","12":"shipping-taxable","13":"purchasable","14":"product-type-variable"},"acf":[],"yoast_head":"<!-- This site is optimized with the Yoast SEO Premium plugin v26.4 (Yoast SEO v26.9) - https:\/\/yoast.com\/product\/yoast-seo-premium-wordpress\/ -->\n<title>Elektrische Treppensackkarre Buddy Lift | Zonzini Shop<\/title>\n<meta name=\"description\" content=\"Kaufen Sie den elektrischen Treppensteiger Buddy Lift ab \u20ac 6,188 im Zonzini Shop \u2705Elektrisches Heben der Lasten \u2705Belastbarkeit bis 200 kg \u27aeIm Shop\" \/>\n<meta name=\"robots\" content=\"index, follow, max-snippet:-1, max-image-preview:large, max-video-preview:-1\" \/>\n<link rel=\"canonical\" href=\"https:\/\/zonzinistairclimbers.com\/shop\/de\/shop\/treppensteiger-kaufen\/treppensackkarre-buddy-lift\/\" \/>\n<meta property=\"og:locale\" content=\"de_DE\" \/>\n<meta property=\"og:type\" content=\"article\" \/>\n<meta property=\"og:title\" content=\"Acquista Buddy Lift | Zonzini Shop\" \/>\n<meta property=\"og:description\" content=\"Acquista il Buddy Lift a un prezzo conveniente nello shop di Zonzini \u27aeVai allo shop\" \/>\n<meta property=\"og:url\" content=\"https:\/\/zonzinistairclimbers.com\/shop\/de\/shop\/treppensteiger-kaufen\/treppensackkarre-buddy-lift\/\" \/>\n<meta property=\"og:site_name\" content=\"Sichere und innovative elektrische Treppensteiger f\u00fcr schwere Lasten | Zonzini\" \/>\n<meta property=\"article:publisher\" content=\"https:\/\/www.facebook.com\/zonzinistairclimbers\/\" \/>\n<meta property=\"article:modified_time\" content=\"2024-12-04T13:53:55+00:00\" \/>\n<meta property=\"og:image\" content=\"https:\/\/zonzinistairclimbers.com\/shop\/wp-content\/uploads\/2024\/01\/62a99ee0202628ac09b9cb7e-scaled.jpeg\" \/>\n\t<meta property=\"og:image:width\" content=\"2560\" \/>\n\t<meta property=\"og:image:height\" content=\"2560\" \/>\n\t<meta property=\"og:image:type\" content=\"image\/jpeg\" \/>\n<meta name=\"twitter:card\" content=\"summary_large_image\" \/>\n<meta name=\"twitter:label1\" content=\"Verf\u00fcgbarkeit\" \/>\n\t<meta name=\"twitter:data1\" content=\"Auf Lager\" \/>\n<script type=\"application\/ld+json\" class=\"yoast-schema-graph\">{\"@context\":\"https:\/\/schema.org\",\"@graph\":[{\"@type\":\"WebPage\",\"@id\":\"https:\/\/zonzinistairclimbers.com\/shop\/de\/shop\/treppensteiger-kaufen\/treppensackkarre-buddy-lift\/\",\"url\":\"https:\/\/zonzinistairclimbers.com\/shop\/de\/shop\/treppensteiger-kaufen\/treppensackkarre-buddy-lift\/\",\"name\":\"Elektrische Treppensackkarre Buddy Lift | Zonzini Shop\",\"isPartOf\":{\"@id\":\"https:\/\/zonzinistairclimbers.com\/shop\/de\/#website\"},\"primaryImageOfPage\":{\"@id\":\"https:\/\/zonzinistairclimbers.com\/shop\/de\/shop\/treppensteiger-kaufen\/treppensackkarre-buddy-lift\/#primaryimage\"},\"image\":{\"@id\":\"https:\/\/zonzinistairclimbers.com\/shop\/de\/shop\/treppensteiger-kaufen\/treppensackkarre-buddy-lift\/#primaryimage\"},\"thumbnailUrl\":\"https:\/\/zonzinistairclimbers.com\/shop\/wp-content\/uploads\/2024\/01\/62a99ee0202628ac09b9cb7e-scaled.jpeg\",\"datePublished\":\"2024-01-21T11:08:43+00:00\",\"dateModified\":\"2024-12-04T13:53:55+00:00\",\"description\":\"Kaufen Sie den elektrischen Treppensteiger Buddy Lift ab \u20ac 6,188 im Zonzini Shop \u2705Elektrisches Heben der Lasten \u2705Belastbarkeit bis 200 kg \u27aeIm Shop\",\"breadcrumb\":{\"@id\":\"https:\/\/zonzinistairclimbers.com\/shop\/de\/shop\/treppensteiger-kaufen\/treppensackkarre-buddy-lift\/#breadcrumb\"},\"inLanguage\":\"de\",\"potentialAction\":[{\"@type\":\"ReadAction\",\"target\":[\"https:\/\/zonzinistairclimbers.com\/shop\/de\/shop\/treppensteiger-kaufen\/treppensackkarre-buddy-lift\/\"]}]},{\"@type\":\"ImageObject\",\"inLanguage\":\"de\",\"@id\":\"https:\/\/zonzinistairclimbers.com\/shop\/de\/shop\/treppensteiger-kaufen\/treppensackkarre-buddy-lift\/#primaryimage\",\"url\":\"https:\/\/zonzinistairclimbers.com\/shop\/wp-content\/uploads\/2024\/01\/62a99ee0202628ac09b9cb7e-scaled.jpeg\",\"contentUrl\":\"https:\/\/zonzinistairclimbers.com\/shop\/wp-content\/uploads\/2024\/01\/62a99ee0202628ac09b9cb7e-scaled.jpeg\",\"width\":2560,\"height\":2560,\"caption\":\"Treppensackkarre elektrisch Buddy Lift Plasmoid\"},{\"@type\":\"BreadcrumbList\",\"@id\":\"https:\/\/zonzinistairclimbers.com\/shop\/de\/shop\/treppensteiger-kaufen\/treppensackkarre-buddy-lift\/#breadcrumb\",\"itemListElement\":[{\"@type\":\"ListItem\",\"position\":1,\"name\":\"Shop\",\"item\":\"https:\/\/zonzinistairclimbers.com\/shop\/de\/\"},{\"@type\":\"ListItem\",\"position\":2,\"name\":\"Treppensteiger f\u00fcr den G\u00fctertransport\",\"item\":\"https:\/\/zonzinistairclimbers.com\/shop\/de\/shop\/treppensteiger-kaufen\/\"},{\"@type\":\"ListItem\",\"position\":3,\"name\":\"Buddy Lift\"}]},{\"@type\":\"WebSite\",\"@id\":\"https:\/\/zonzinistairclimbers.com\/shop\/de\/#website\",\"url\":\"https:\/\/zonzinistairclimbers.com\/shop\/de\/\",\"name\":\"Carrelli Saliscale Elettrici e Montascale a Cingoli | Zonzini\",\"description\":\"Carrelli saliscale per il trasporto di merci su scale e montascale per disabili Zonzini\",\"publisher\":{\"@id\":\"https:\/\/zonzinistairclimbers.com\/shop\/de\/#organization\"},\"alternateName\":\"Zonzini Saliscale\",\"potentialAction\":[{\"@type\":\"SearchAction\",\"target\":{\"@type\":\"EntryPoint\",\"urlTemplate\":\"https:\/\/zonzinistairclimbers.com\/shop\/de\/?s={search_term_string}\"},\"query-input\":{\"@type\":\"PropertyValueSpecification\",\"valueRequired\":true,\"valueName\":\"search_term_string\"}}],\"inLanguage\":\"de\"},{\"@type\":\"Organization\",\"@id\":\"https:\/\/zonzinistairclimbers.com\/shop\/de\/#organization\",\"name\":\"Sichere und innovative elektrische Treppensteiger f\u00fcr schwere Lasten | Zonzini\",\"url\":\"https:\/\/zonzinistairclimbers.com\/shop\/de\/\",\"logo\":{\"@type\":\"ImageObject\",\"inLanguage\":\"de\",\"@id\":\"https:\/\/zonzinistairclimbers.com\/shop\/de\/#\/schema\/logo\/image\/\",\"url\":\"https:\/\/zonzinistairclimbers.com\/shop\/wp-content\/uploads\/2023\/09\/Logo_zonzini.svg\",\"contentUrl\":\"https:\/\/zonzinistairclimbers.com\/shop\/wp-content\/uploads\/2023\/09\/Logo_zonzini.svg\",\"width\":1234,\"height\":325,\"caption\":\"Sichere und innovative elektrische Treppensteiger f\u00fcr schwere Lasten | Zonzini\"},\"image\":{\"@id\":\"https:\/\/zonzinistairclimbers.com\/shop\/de\/#\/schema\/logo\/image\/\"},\"sameAs\":[\"https:\/\/www.facebook.com\/zonzinistairclimbers\/\",\"https:\/\/www.instagram.com\/zonzini_stairclimbers\/\",\"https:\/\/www.youtube.com\/user\/saliscaleZONZINI\",\"https:\/\/www.linkedin.com\/company\/zonzini\/\"]}]}<\/script>\n<meta property=\"og:availability\" content=\"instock\" \/>\n<meta property=\"product:availability\" content=\"instock\" \/>\n<meta property=\"product:condition\" content=\"new\" \/>\n<!-- \/ Yoast SEO Premium plugin. -->","yoast_head_json":{"title":"Elektrische Treppensackkarre Buddy Lift | Zonzini Shop","description":"Kaufen Sie den elektrischen Treppensteiger Buddy Lift ab \u20ac 6,188 im Zonzini Shop \u2705Elektrisches Heben der Lasten \u2705Belastbarkeit bis 200 kg \u27aeIm Shop","robots":{"index":"index","follow":"follow","max-snippet":"max-snippet:-1","max-image-preview":"max-image-preview:large","max-video-preview":"max-video-preview:-1"},"canonical":"https:\/\/zonzinistairclimbers.com\/shop\/de\/shop\/treppensteiger-kaufen\/treppensackkarre-buddy-lift\/","og_locale":"de_DE","og_type":"article","og_title":"Acquista Buddy Lift | Zonzini Shop","og_description":"Acquista il Buddy Lift a un prezzo conveniente nello shop di Zonzini \u27aeVai allo shop","og_url":"https:\/\/zonzinistairclimbers.com\/shop\/de\/shop\/treppensteiger-kaufen\/treppensackkarre-buddy-lift\/","og_site_name":"Sichere und innovative elektrische Treppensteiger f\u00fcr schwere Lasten | Zonzini","article_publisher":"https:\/\/www.facebook.com\/zonzinistairclimbers\/","article_modified_time":"2024-12-04T13:53:55+00:00","og_image":[{"width":2560,"height":2560,"url":"https:\/\/zonzinistairclimbers.com\/shop\/wp-content\/uploads\/2024\/01\/62a99ee0202628ac09b9cb7e-scaled.jpeg","type":"image\/jpeg"}],"twitter_card":"summary_large_image","twitter_misc":{"Verf\u00fcgbarkeit":"Auf Lager"},"schema":{"@context":"https:\/\/schema.org","@graph":[{"@type":"WebPage","@id":"https:\/\/zonzinistairclimbers.com\/shop\/de\/shop\/treppensteiger-kaufen\/treppensackkarre-buddy-lift\/","url":"https:\/\/zonzinistairclimbers.com\/shop\/de\/shop\/treppensteiger-kaufen\/treppensackkarre-buddy-lift\/","name":"Elektrische Treppensackkarre Buddy Lift | Zonzini Shop","isPartOf":{"@id":"https:\/\/zonzinistairclimbers.com\/shop\/de\/#website"},"primaryImageOfPage":{"@id":"https:\/\/zonzinistairclimbers.com\/shop\/de\/shop\/treppensteiger-kaufen\/treppensackkarre-buddy-lift\/#primaryimage"},"image":{"@id":"https:\/\/zonzinistairclimbers.com\/shop\/de\/shop\/treppensteiger-kaufen\/treppensackkarre-buddy-lift\/#primaryimage"},"thumbnailUrl":"https:\/\/zonzinistairclimbers.com\/shop\/wp-content\/uploads\/2024\/01\/62a99ee0202628ac09b9cb7e-scaled.jpeg","datePublished":"2024-01-21T11:08:43+00:00","dateModified":"2024-12-04T13:53:55+00:00","description":"Kaufen Sie den elektrischen Treppensteiger Buddy Lift ab \u20ac 6,188 im Zonzini Shop \u2705Elektrisches Heben der Lasten \u2705Belastbarkeit bis 200 kg \u27aeIm Shop","breadcrumb":{"@id":"https:\/\/zonzinistairclimbers.com\/shop\/de\/shop\/treppensteiger-kaufen\/treppensackkarre-buddy-lift\/#breadcrumb"},"inLanguage":"de","potentialAction":[{"@type":"ReadAction","target":["https:\/\/zonzinistairclimbers.com\/shop\/de\/shop\/treppensteiger-kaufen\/treppensackkarre-buddy-lift\/"]}]},{"@type":"ImageObject","inLanguage":"de","@id":"https:\/\/zonzinistairclimbers.com\/shop\/de\/shop\/treppensteiger-kaufen\/treppensackkarre-buddy-lift\/#primaryimage","url":"https:\/\/zonzinistairclimbers.com\/shop\/wp-content\/uploads\/2024\/01\/62a99ee0202628ac09b9cb7e-scaled.jpeg","contentUrl":"https:\/\/zonzinistairclimbers.com\/shop\/wp-content\/uploads\/2024\/01\/62a99ee0202628ac09b9cb7e-scaled.jpeg","width":2560,"height":2560,"caption":"Treppensackkarre elektrisch Buddy Lift Plasmoid"},{"@type":"BreadcrumbList","@id":"https:\/\/zonzinistairclimbers.com\/shop\/de\/shop\/treppensteiger-kaufen\/treppensackkarre-buddy-lift\/#breadcrumb","itemListElement":[{"@type":"ListItem","position":1,"name":"Shop","item":"https:\/\/zonzinistairclimbers.com\/shop\/de\/"},{"@type":"ListItem","position":2,"name":"Treppensteiger f\u00fcr den G\u00fctertransport","item":"https:\/\/zonzinistairclimbers.com\/shop\/de\/shop\/treppensteiger-kaufen\/"},{"@type":"ListItem","position":3,"name":"Buddy Lift"}]},{"@type":"WebSite","@id":"https:\/\/zonzinistairclimbers.com\/shop\/de\/#website","url":"https:\/\/zonzinistairclimbers.com\/shop\/de\/","name":"Carrelli Saliscale Elettrici e Montascale a Cingoli | Zonzini","description":"Carrelli saliscale per il trasporto di merci su scale e montascale per disabili Zonzini","publisher":{"@id":"https:\/\/zonzinistairclimbers.com\/shop\/de\/#organization"},"alternateName":"Zonzini Saliscale","potentialAction":[{"@type":"SearchAction","target":{"@type":"EntryPoint","urlTemplate":"https:\/\/zonzinistairclimbers.com\/shop\/de\/?s={search_term_string}"},"query-input":{"@type":"PropertyValueSpecification","valueRequired":true,"valueName":"search_term_string"}}],"inLanguage":"de"},{"@type":"Organization","@id":"https:\/\/zonzinistairclimbers.com\/shop\/de\/#organization","name":"Sichere und innovative elektrische Treppensteiger f\u00fcr schwere Lasten | Zonzini","url":"https:\/\/zonzinistairclimbers.com\/shop\/de\/","logo":{"@type":"ImageObject","inLanguage":"de","@id":"https:\/\/zonzinistairclimbers.com\/shop\/de\/#\/schema\/logo\/image\/","url":"https:\/\/zonzinistairclimbers.com\/shop\/wp-content\/uploads\/2023\/09\/Logo_zonzini.svg","contentUrl":"https:\/\/zonzinistairclimbers.com\/shop\/wp-content\/uploads\/2023\/09\/Logo_zonzini.svg","width":1234,"height":325,"caption":"Sichere und innovative elektrische Treppensteiger f\u00fcr schwere Lasten | Zonzini"},"image":{"@id":"https:\/\/zonzinistairclimbers.com\/shop\/de\/#\/schema\/logo\/image\/"},"sameAs":["https:\/\/www.facebook.com\/zonzinistairclimbers\/","https:\/\/www.instagram.com\/zonzini_stairclimbers\/","https:\/\/www.youtube.com\/user\/saliscaleZONZINI","https:\/\/www.linkedin.com\/company\/zonzini\/"]}]},"og_availability":"instock","product_availability":"instock","product_condition":"new"},"_links":{"self":[{"href":"https:\/\/zonzinistairclimbers.com\/shop\/de\/wp-json\/wp\/v2\/product\/12530","targetHints":{"allow":["GET"]}}],"collection":[{"href":"https:\/\/zonzinistairclimbers.com\/shop\/de\/wp-json\/wp\/v2\/product"}],"about":[{"href":"https:\/\/zonzinistairclimbers.com\/shop\/de\/wp-json\/wp\/v2\/types\/product"}],"version-history":[{"count":3,"href":"https:\/\/zonzinistairclimbers.com\/shop\/de\/wp-json\/wp\/v2\/product\/12530\/revisions"}],"predecessor-version":[{"id":22888,"href":"https:\/\/zonzinistairclimbers.com\/shop\/de\/wp-json\/wp\/v2\/product\/12530\/revisions\/22888"}],"wp:featuredmedia":[{"embeddable":true,"href":"https:\/\/zonzinistairclimbers.com\/shop\/de\/wp-json\/wp\/v2\/media\/678"}],"wp:attachment":[{"href":"https:\/\/zonzinistairclimbers.com\/shop\/de\/wp-json\/wp\/v2\/media?parent=12530"}],"wp:term":[{"taxonomy":"product_brand","embeddable":true,"href":"https:\/\/zonzinistairclimbers.com\/shop\/de\/wp-json\/wp\/v2\/product_brand?post=12530"},{"taxonomy":"product_cat","embeddable":true,"href":"https:\/\/zonzinistairclimbers.com\/shop\/de\/wp-json\/wp\/v2\/product_cat?post=12530"},{"taxonomy":"product_tag","embeddable":true,"href":"https:\/\/zonzinistairclimbers.com\/shop\/de\/wp-json\/wp\/v2\/product_tag?post=12530"}],"curies":[{"name":"wp","href":"https:\/\/api.w.org\/{rel}","templated":true}]}}