{"id":12460,"date":"2024-02-12T18:56:19","date_gmt":"2024-02-12T18:56:19","guid":{"rendered":"http:\/\/zonzini.it\/shop\/unkategorisiert\/basamento-per-fotocopiatori-con-ruote\/"},"modified":"2024-10-25T21:25:23","modified_gmt":"2024-10-25T21:25:23","slug":"transport-kopierern-sockel-raeder","status":"publish","type":"product","link":"https:\/\/zonzinistairclimbers.com\/shop\/de\/shop\/zubehoer\/transport-kopierern-sockel-raeder\/","title":{"rendered":"Sockel f\u00fcr Kopierer mit R\u00e4dern"},"content":{"rendered":"<p>Ladefl\u00e4che f\u00fcr Fotokopierer, die in der <strong>Breite<\/strong> bis zu 80 cm \/ 31 Inch und in der <strong>L\u00e4nge<\/strong> bis zu 70 cm \/ 27 Inch verstellbar ist.<\/p>\n<p>Ausgestattet mit R\u00e4dern f\u00fcr ein besseres und komfortableres Handling <strong>auf ebenen Fl\u00e4chen<\/strong>, verf\u00fcgt sie au\u00dferdem \u00fcber ausziehbare Rampen zum Beladen von Kopierern mit den R\u00e4dern, mit denen sie normalerweise ausgestattet sind. Er passt zu den meisten auf dem Markt befindlichen Kopierern und hat eine <strong>Tragf\u00e4higkeit von 400 kg.<\/strong><\/p>\n","protected":false},"excerpt":{"rendered":"<p>Ladefl\u00e4che f\u00fcr Fotokopierer, die in der Breite bis zu 80 cm \/ 31 Inch und in der L\u00e4nge bis zu 70 cm \/ 27 Inch verstellbar ist. Ausgestattet mit R\u00e4dern f\u00fcr ein besseres und komfortableres Handling auf ebenen Fl\u00e4chen, verf\u00fcgt sie au\u00dferdem \u00fcber ausziehbare Rampen zum Beladen von Kopierern mit den R\u00e4dern, mit denen sie [&hellip;]<\/p>\n","protected":false},"featured_media":1221,"template":"","meta":{"_acf_changed":false,"content-type":"","inline_featured_image":false,"footnotes":""},"product_brand":[],"product_cat":[10513],"product_tag":[],"class_list":{"0":"post-12460","1":"product","2":"type-product","3":"status-publish","4":"has-post-thumbnail","6":"product_cat-zubehoer","7":"product_shipping_class-accessori-de","9":"first","10":"instock","11":"taxable","12":"shipping-taxable","13":"purchasable","14":"product-type-simple"},"acf":[],"yoast_head":"<!-- This site is optimized with the Yoast SEO Premium plugin v26.4 (Yoast SEO v26.9) - https:\/\/yoast.com\/product\/yoast-seo-premium-wordpress\/ -->\n<title>Sockel mit R\u00e4dern zum Transport von Kopierern | Zonzini Shop<\/title>\n<meta name=\"description\" content=\"Dieses Zubeh\u00f6r erm\u00f6glicht den Transport von Kopierern auf ebenen Fl\u00e4chen \u27ae g\u00fcnstig kaufen im Zonzini-Shop\" \/>\n<meta name=\"robots\" content=\"index, follow, max-snippet:-1, max-image-preview:large, max-video-preview:-1\" \/>\n<link rel=\"canonical\" href=\"https:\/\/zonzinistairclimbers.com\/shop\/de\/shop\/zubehoer\/transport-kopierern-sockel-raeder\/\" \/>\n<meta property=\"og:locale\" content=\"de_DE\" \/>\n<meta property=\"og:type\" content=\"article\" \/>\n<meta property=\"og:title\" content=\"Acquista Sockel f\u00fcr Kopierer mit R\u00e4dern | Zonzini Shop\" \/>\n<meta property=\"og:description\" content=\"Acquista il Sockel f\u00fcr Kopierer mit R\u00e4dern a un prezzo conveniente nello shop di Zonzini \u27aeVai allo shop\" \/>\n<meta property=\"og:url\" content=\"https:\/\/zonzinistairclimbers.com\/shop\/de\/shop\/zubehoer\/transport-kopierern-sockel-raeder\/\" \/>\n<meta property=\"og:site_name\" content=\"Sichere und innovative elektrische Treppensteiger f\u00fcr schwere Lasten | Zonzini\" \/>\n<meta property=\"article:publisher\" content=\"https:\/\/www.facebook.com\/zonzinistairclimbers\/\" \/>\n<meta property=\"article:modified_time\" content=\"2024-10-25T21:25:23+00:00\" \/>\n<meta property=\"og:image\" content=\"https:\/\/zonzinistairclimbers.com\/shop\/wp-content\/uploads\/2024\/02\/ACC-Base-fotocopiatori-con-ruote.png\" \/>\n\t<meta property=\"og:image:width\" content=\"1000\" \/>\n\t<meta property=\"og:image:height\" content=\"1000\" \/>\n\t<meta property=\"og:image:type\" content=\"image\/png\" \/>\n<meta name=\"twitter:card\" content=\"summary_large_image\" \/>\n<meta name=\"twitter:label1\" content=\"Preis\" \/>\n\t<meta name=\"twitter:data1\" content=\"980&nbsp;&euro;\" \/>\n\t<meta name=\"twitter:label2\" content=\"Verf\u00fcgbarkeit\" \/>\n\t<meta name=\"twitter:data2\" content=\"Auf Lager\" \/>\n<script type=\"application\/ld+json\" class=\"yoast-schema-graph\">{\"@context\":\"https:\/\/schema.org\",\"@graph\":[{\"@type\":\"WebPage\",\"@id\":\"https:\/\/zonzinistairclimbers.com\/shop\/de\/shop\/zubehoer\/transport-kopierern-sockel-raeder\/\",\"url\":\"https:\/\/zonzinistairclimbers.com\/shop\/de\/shop\/zubehoer\/transport-kopierern-sockel-raeder\/\",\"name\":\"Sockel mit R\u00e4dern zum Transport von Kopierern | Zonzini Shop\",\"isPartOf\":{\"@id\":\"https:\/\/zonzinistairclimbers.com\/shop\/de\/#website\"},\"primaryImageOfPage\":{\"@id\":\"https:\/\/zonzinistairclimbers.com\/shop\/de\/shop\/zubehoer\/transport-kopierern-sockel-raeder\/#primaryimage\"},\"image\":{\"@id\":\"https:\/\/zonzinistairclimbers.com\/shop\/de\/shop\/zubehoer\/transport-kopierern-sockel-raeder\/#primaryimage\"},\"thumbnailUrl\":\"https:\/\/zonzinistairclimbers.com\/shop\/wp-content\/uploads\/2024\/02\/ACC-Base-fotocopiatori-con-ruote.png\",\"datePublished\":\"2024-02-12T18:56:19+00:00\",\"dateModified\":\"2024-10-25T21:25:23+00:00\",\"description\":\"Dieses Zubeh\u00f6r erm\u00f6glicht den Transport von Kopierern auf ebenen Fl\u00e4chen \u27ae g\u00fcnstig kaufen im Zonzini-Shop\",\"breadcrumb\":{\"@id\":\"https:\/\/zonzinistairclimbers.com\/shop\/de\/shop\/zubehoer\/transport-kopierern-sockel-raeder\/#breadcrumb\"},\"inLanguage\":\"de\",\"potentialAction\":[{\"@type\":\"ReadAction\",\"target\":[\"https:\/\/zonzinistairclimbers.com\/shop\/de\/shop\/zubehoer\/transport-kopierern-sockel-raeder\/\"]}]},{\"@type\":\"ImageObject\",\"inLanguage\":\"de\",\"@id\":\"https:\/\/zonzinistairclimbers.com\/shop\/de\/shop\/zubehoer\/transport-kopierern-sockel-raeder\/#primaryimage\",\"url\":\"https:\/\/zonzinistairclimbers.com\/shop\/wp-content\/uploads\/2024\/02\/ACC-Base-fotocopiatori-con-ruote.png\",\"contentUrl\":\"https:\/\/zonzinistairclimbers.com\/shop\/wp-content\/uploads\/2024\/02\/ACC-Base-fotocopiatori-con-ruote.png\",\"width\":1000,\"height\":1000,\"caption\":\"Sockel f\u00fcr Kopierer mit R\u00e4dern\"},{\"@type\":\"BreadcrumbList\",\"@id\":\"https:\/\/zonzinistairclimbers.com\/shop\/de\/shop\/zubehoer\/transport-kopierern-sockel-raeder\/#breadcrumb\",\"itemListElement\":[{\"@type\":\"ListItem\",\"position\":1,\"name\":\"Shop\",\"item\":\"https:\/\/zonzinistairclimbers.com\/shop\/de\/\"},{\"@type\":\"ListItem\",\"position\":2,\"name\":\"Zubeh\u00f6r\",\"item\":\"https:\/\/zonzinistairclimbers.com\/shop\/de\/zubehoer\/\"},{\"@type\":\"ListItem\",\"position\":3,\"name\":\"Sockel f\u00fcr Kopierer mit R\u00e4dern\"}]},{\"@type\":\"WebSite\",\"@id\":\"https:\/\/zonzinistairclimbers.com\/shop\/de\/#website\",\"url\":\"https:\/\/zonzinistairclimbers.com\/shop\/de\/\",\"name\":\"Carrelli Saliscale Elettrici e Montascale a Cingoli | Zonzini\",\"description\":\"Carrelli saliscale per il trasporto di merci su scale e montascale per disabili Zonzini\",\"publisher\":{\"@id\":\"https:\/\/zonzinistairclimbers.com\/shop\/de\/#organization\"},\"alternateName\":\"Zonzini Saliscale\",\"potentialAction\":[{\"@type\":\"SearchAction\",\"target\":{\"@type\":\"EntryPoint\",\"urlTemplate\":\"https:\/\/zonzinistairclimbers.com\/shop\/de\/?s={search_term_string}\"},\"query-input\":{\"@type\":\"PropertyValueSpecification\",\"valueRequired\":true,\"valueName\":\"search_term_string\"}}],\"inLanguage\":\"de\"},{\"@type\":\"Organization\",\"@id\":\"https:\/\/zonzinistairclimbers.com\/shop\/de\/#organization\",\"name\":\"Sichere und innovative elektrische Treppensteiger f\u00fcr schwere Lasten | Zonzini\",\"url\":\"https:\/\/zonzinistairclimbers.com\/shop\/de\/\",\"logo\":{\"@type\":\"ImageObject\",\"inLanguage\":\"de\",\"@id\":\"https:\/\/zonzinistairclimbers.com\/shop\/de\/#\/schema\/logo\/image\/\",\"url\":\"https:\/\/zonzinistairclimbers.com\/shop\/wp-content\/uploads\/2023\/09\/Logo_zonzini.svg\",\"contentUrl\":\"https:\/\/zonzinistairclimbers.com\/shop\/wp-content\/uploads\/2023\/09\/Logo_zonzini.svg\",\"width\":1234,\"height\":325,\"caption\":\"Sichere und innovative elektrische Treppensteiger f\u00fcr schwere Lasten | Zonzini\"},\"image\":{\"@id\":\"https:\/\/zonzinistairclimbers.com\/shop\/de\/#\/schema\/logo\/image\/\"},\"sameAs\":[\"https:\/\/www.facebook.com\/zonzinistairclimbers\/\",\"https:\/\/www.instagram.com\/zonzini_stairclimbers\/\",\"https:\/\/www.youtube.com\/user\/saliscaleZONZINI\",\"https:\/\/www.linkedin.com\/company\/zonzini\/\"]}]}<\/script>\n<meta property=\"product:price:amount\" content=\"980\" \/>\n<meta property=\"product:price:currency\" content=\"EUR\" \/>\n<meta property=\"og:availability\" content=\"instock\" \/>\n<meta property=\"product:availability\" content=\"instock\" \/>\n<meta property=\"product:retailer_item_id\" content=\"DOM-FOTOCOP-NEW\" \/>\n<meta property=\"product:condition\" content=\"new\" \/>\n<!-- \/ Yoast SEO Premium plugin. -->","yoast_head_json":{"title":"Sockel mit R\u00e4dern zum Transport von Kopierern | Zonzini Shop","description":"Dieses Zubeh\u00f6r erm\u00f6glicht den Transport von Kopierern auf ebenen Fl\u00e4chen \u27ae g\u00fcnstig kaufen im Zonzini-Shop","robots":{"index":"index","follow":"follow","max-snippet":"max-snippet:-1","max-image-preview":"max-image-preview:large","max-video-preview":"max-video-preview:-1"},"canonical":"https:\/\/zonzinistairclimbers.com\/shop\/de\/shop\/zubehoer\/transport-kopierern-sockel-raeder\/","og_locale":"de_DE","og_type":"article","og_title":"Acquista Sockel f\u00fcr Kopierer mit R\u00e4dern | Zonzini Shop","og_description":"Acquista il Sockel f\u00fcr Kopierer mit R\u00e4dern a un prezzo conveniente nello shop di Zonzini \u27aeVai allo shop","og_url":"https:\/\/zonzinistairclimbers.com\/shop\/de\/shop\/zubehoer\/transport-kopierern-sockel-raeder\/","og_site_name":"Sichere und innovative elektrische Treppensteiger f\u00fcr schwere Lasten | Zonzini","article_publisher":"https:\/\/www.facebook.com\/zonzinistairclimbers\/","article_modified_time":"2024-10-25T21:25:23+00:00","og_image":[{"width":1000,"height":1000,"url":"https:\/\/zonzinistairclimbers.com\/shop\/wp-content\/uploads\/2024\/02\/ACC-Base-fotocopiatori-con-ruote.png","type":"image\/png"}],"twitter_card":"summary_large_image","twitter_misc":{"Preis":"980&nbsp;&euro;","Verf\u00fcgbarkeit":"Auf Lager"},"schema":{"@context":"https:\/\/schema.org","@graph":[{"@type":"WebPage","@id":"https:\/\/zonzinistairclimbers.com\/shop\/de\/shop\/zubehoer\/transport-kopierern-sockel-raeder\/","url":"https:\/\/zonzinistairclimbers.com\/shop\/de\/shop\/zubehoer\/transport-kopierern-sockel-raeder\/","name":"Sockel mit R\u00e4dern zum Transport von Kopierern | Zonzini Shop","isPartOf":{"@id":"https:\/\/zonzinistairclimbers.com\/shop\/de\/#website"},"primaryImageOfPage":{"@id":"https:\/\/zonzinistairclimbers.com\/shop\/de\/shop\/zubehoer\/transport-kopierern-sockel-raeder\/#primaryimage"},"image":{"@id":"https:\/\/zonzinistairclimbers.com\/shop\/de\/shop\/zubehoer\/transport-kopierern-sockel-raeder\/#primaryimage"},"thumbnailUrl":"https:\/\/zonzinistairclimbers.com\/shop\/wp-content\/uploads\/2024\/02\/ACC-Base-fotocopiatori-con-ruote.png","datePublished":"2024-02-12T18:56:19+00:00","dateModified":"2024-10-25T21:25:23+00:00","description":"Dieses Zubeh\u00f6r erm\u00f6glicht den Transport von Kopierern auf ebenen Fl\u00e4chen \u27ae g\u00fcnstig kaufen im Zonzini-Shop","breadcrumb":{"@id":"https:\/\/zonzinistairclimbers.com\/shop\/de\/shop\/zubehoer\/transport-kopierern-sockel-raeder\/#breadcrumb"},"inLanguage":"de","potentialAction":[{"@type":"ReadAction","target":["https:\/\/zonzinistairclimbers.com\/shop\/de\/shop\/zubehoer\/transport-kopierern-sockel-raeder\/"]}]},{"@type":"ImageObject","inLanguage":"de","@id":"https:\/\/zonzinistairclimbers.com\/shop\/de\/shop\/zubehoer\/transport-kopierern-sockel-raeder\/#primaryimage","url":"https:\/\/zonzinistairclimbers.com\/shop\/wp-content\/uploads\/2024\/02\/ACC-Base-fotocopiatori-con-ruote.png","contentUrl":"https:\/\/zonzinistairclimbers.com\/shop\/wp-content\/uploads\/2024\/02\/ACC-Base-fotocopiatori-con-ruote.png","width":1000,"height":1000,"caption":"Sockel f\u00fcr Kopierer mit R\u00e4dern"},{"@type":"BreadcrumbList","@id":"https:\/\/zonzinistairclimbers.com\/shop\/de\/shop\/zubehoer\/transport-kopierern-sockel-raeder\/#breadcrumb","itemListElement":[{"@type":"ListItem","position":1,"name":"Shop","item":"https:\/\/zonzinistairclimbers.com\/shop\/de\/"},{"@type":"ListItem","position":2,"name":"Zubeh\u00f6r","item":"https:\/\/zonzinistairclimbers.com\/shop\/de\/zubehoer\/"},{"@type":"ListItem","position":3,"name":"Sockel f\u00fcr Kopierer mit R\u00e4dern"}]},{"@type":"WebSite","@id":"https:\/\/zonzinistairclimbers.com\/shop\/de\/#website","url":"https:\/\/zonzinistairclimbers.com\/shop\/de\/","name":"Carrelli Saliscale Elettrici e Montascale a Cingoli | Zonzini","description":"Carrelli saliscale per il trasporto di merci su scale e montascale per disabili Zonzini","publisher":{"@id":"https:\/\/zonzinistairclimbers.com\/shop\/de\/#organization"},"alternateName":"Zonzini Saliscale","potentialAction":[{"@type":"SearchAction","target":{"@type":"EntryPoint","urlTemplate":"https:\/\/zonzinistairclimbers.com\/shop\/de\/?s={search_term_string}"},"query-input":{"@type":"PropertyValueSpecification","valueRequired":true,"valueName":"search_term_string"}}],"inLanguage":"de"},{"@type":"Organization","@id":"https:\/\/zonzinistairclimbers.com\/shop\/de\/#organization","name":"Sichere und innovative elektrische Treppensteiger f\u00fcr schwere Lasten | Zonzini","url":"https:\/\/zonzinistairclimbers.com\/shop\/de\/","logo":{"@type":"ImageObject","inLanguage":"de","@id":"https:\/\/zonzinistairclimbers.com\/shop\/de\/#\/schema\/logo\/image\/","url":"https:\/\/zonzinistairclimbers.com\/shop\/wp-content\/uploads\/2023\/09\/Logo_zonzini.svg","contentUrl":"https:\/\/zonzinistairclimbers.com\/shop\/wp-content\/uploads\/2023\/09\/Logo_zonzini.svg","width":1234,"height":325,"caption":"Sichere und innovative elektrische Treppensteiger f\u00fcr schwere Lasten | Zonzini"},"image":{"@id":"https:\/\/zonzinistairclimbers.com\/shop\/de\/#\/schema\/logo\/image\/"},"sameAs":["https:\/\/www.facebook.com\/zonzinistairclimbers\/","https:\/\/www.instagram.com\/zonzini_stairclimbers\/","https:\/\/www.youtube.com\/user\/saliscaleZONZINI","https:\/\/www.linkedin.com\/company\/zonzini\/"]}]},"product_price_amount":"980","product_price_currency":"EUR","og_availability":"instock","product_availability":"instock","product_retailer_item_id":"DOM-FOTOCOP-NEW","product_condition":"new"},"_links":{"self":[{"href":"https:\/\/zonzinistairclimbers.com\/shop\/de\/wp-json\/wp\/v2\/product\/12460","targetHints":{"allow":["GET"]}}],"collection":[{"href":"https:\/\/zonzinistairclimbers.com\/shop\/de\/wp-json\/wp\/v2\/product"}],"about":[{"href":"https:\/\/zonzinistairclimbers.com\/shop\/de\/wp-json\/wp\/v2\/types\/product"}],"version-history":[{"count":1,"href":"https:\/\/zonzinistairclimbers.com\/shop\/de\/wp-json\/wp\/v2\/product\/12460\/revisions"}],"predecessor-version":[{"id":19121,"href":"https:\/\/zonzinistairclimbers.com\/shop\/de\/wp-json\/wp\/v2\/product\/12460\/revisions\/19121"}],"wp:featuredmedia":[{"embeddable":true,"href":"https:\/\/zonzinistairclimbers.com\/shop\/de\/wp-json\/wp\/v2\/media\/1221"}],"wp:attachment":[{"href":"https:\/\/zonzinistairclimbers.com\/shop\/de\/wp-json\/wp\/v2\/media?parent=12460"}],"wp:term":[{"taxonomy":"product_brand","embeddable":true,"href":"https:\/\/zonzinistairclimbers.com\/shop\/de\/wp-json\/wp\/v2\/product_brand?post=12460"},{"taxonomy":"product_cat","embeddable":true,"href":"https:\/\/zonzinistairclimbers.com\/shop\/de\/wp-json\/wp\/v2\/product_cat?post=12460"},{"taxonomy":"product_tag","embeddable":true,"href":"https:\/\/zonzinistairclimbers.com\/shop\/de\/wp-json\/wp\/v2\/product_tag?post=12460"}],"curies":[{"name":"wp","href":"https:\/\/api.w.org\/{rel}","templated":true}]}}