{"id":12452,"date":"2024-02-12T19:02:01","date_gmt":"2024-02-12T19:02:01","guid":{"rendered":"http:\/\/zonzini.it\/shop\/unkategorisiert\/basamento-regolabile-in-larghezza\/"},"modified":"2024-10-25T21:32:51","modified_gmt":"2024-10-25T21:32:51","slug":"basamento-regolabile-in-larghezza","status":"publish","type":"product","link":"https:\/\/zonzinistairclimbers.com\/shop\/de\/shop\/zubehoer\/basamento-regolabile-in-larghezza\/","title":{"rendered":"Breitenverstellbarer Sockel"},"content":{"rendered":"<p>Es handelt sich um einen speziellen Sockel, der eine Vergr\u00f6\u00dferung der tragenden Ladefl\u00e4che erm\u00f6glicht. Sie kann <strong>in der Breite bis zu 80 cm erweitert werden<\/strong>. Es ist besonders geeignet, wenn mehrere Gegenst\u00e4nde auf die Ladefl\u00e4che des Domino-Treppensteigers geladen werden sollen, z. B. Werkzeugk\u00e4sten, Kisten oder Pakete, die in einem Zug transportiert werden sollen.<\/p>\n<p>Beim Transport von besonders sperrigen Einzelobjekten ist es nicht notwendig, sie am Wagen anzubringen, da es f\u00fcr die Transportm\u00f6glichkeit unerheblich ist, dass das Objekt die Ma\u00dfe des Standardunterbaus \u00fcberschreitet.<\/p>\n","protected":false},"excerpt":{"rendered":"<p>Es handelt sich um einen speziellen Sockel, der eine Vergr\u00f6\u00dferung der tragenden Ladefl\u00e4che erm\u00f6glicht. Sie kann in der Breite bis zu 80 cm erweitert werden. Es ist besonders geeignet, wenn mehrere Gegenst\u00e4nde auf die Ladefl\u00e4che des Domino-Treppensteigers geladen werden sollen, z. B. Werkzeugk\u00e4sten, Kisten oder Pakete, die in einem Zug transportiert werden sollen. Beim Transport [&hellip;]<\/p>\n","protected":false},"featured_media":1235,"template":"","meta":{"_acf_changed":false,"content-type":"","inline_featured_image":false,"footnotes":""},"product_brand":[],"product_cat":[10513],"product_tag":[],"class_list":{"0":"post-12452","1":"product","2":"type-product","3":"status-publish","4":"has-post-thumbnail","6":"product_cat-zubehoer","7":"product_shipping_class-accessori-de","9":"first","10":"instock","11":"taxable","12":"shipping-taxable","13":"purchasable","14":"product-type-simple"},"acf":[],"yoast_head":"<!-- This site is optimized with the Yoast SEO Premium plugin v26.4 (Yoast SEO v26.9) - https:\/\/yoast.com\/product\/yoast-seo-premium-wordpress\/ -->\n<title>Breitenverstellbarer Sockel f\u00fcr Treppensteiger | Zonzini Shop<\/title>\n<meta name=\"description\" content=\"Mit diesem Zubeh\u00f6r l\u00e4sst sich die Ladefl\u00e4che des Domino Treppensteigers um bis zu 80 cm verbreitern \u27ae g\u00fcnstig kaufen im Zonzini-Shop\" \/>\n<meta name=\"robots\" content=\"index, follow, max-snippet:-1, max-image-preview:large, max-video-preview:-1\" \/>\n<link rel=\"canonical\" href=\"https:\/\/zonzinistairclimbers.com\/shop\/de\/shop\/zubehoer\/basamento-regolabile-in-larghezza\/\" \/>\n<meta property=\"og:locale\" content=\"de_DE\" \/>\n<meta property=\"og:type\" content=\"article\" \/>\n<meta property=\"og:title\" content=\"Acquista Breitenverstellbarer Sockel | Zonzini Shop\" \/>\n<meta property=\"og:description\" content=\"Acquista il Breitenverstellbarer Sockel a un prezzo conveniente nello shop di Zonzini \u27aeVai allo shop\" \/>\n<meta property=\"og:url\" content=\"https:\/\/zonzinistairclimbers.com\/shop\/de\/shop\/zubehoer\/basamento-regolabile-in-larghezza\/\" \/>\n<meta property=\"og:site_name\" content=\"Sichere und innovative elektrische Treppensteiger f\u00fcr schwere Lasten | Zonzini\" \/>\n<meta property=\"article:publisher\" content=\"https:\/\/www.facebook.com\/zonzinistairclimbers\/\" \/>\n<meta property=\"article:modified_time\" content=\"2024-10-25T21:32:51+00:00\" \/>\n<meta property=\"og:image\" content=\"https:\/\/zonzinistairclimbers.com\/shop\/wp-content\/uploads\/2024\/02\/ACC-Base-allargabile.png\" \/>\n\t<meta property=\"og:image:width\" content=\"1000\" \/>\n\t<meta property=\"og:image:height\" content=\"1000\" \/>\n\t<meta property=\"og:image:type\" content=\"image\/png\" \/>\n<meta name=\"twitter:card\" content=\"summary_large_image\" \/>\n<meta name=\"twitter:label1\" content=\"Preis\" \/>\n\t<meta name=\"twitter:data1\" content=\"490&nbsp;&euro;\" \/>\n\t<meta name=\"twitter:label2\" content=\"Verf\u00fcgbarkeit\" \/>\n\t<meta name=\"twitter:data2\" content=\"Auf Lager\" \/>\n<script type=\"application\/ld+json\" class=\"yoast-schema-graph\">{\"@context\":\"https:\/\/schema.org\",\"@graph\":[{\"@type\":\"WebPage\",\"@id\":\"https:\/\/zonzinistairclimbers.com\/shop\/de\/shop\/zubehoer\/basamento-regolabile-in-larghezza\/\",\"url\":\"https:\/\/zonzinistairclimbers.com\/shop\/de\/shop\/zubehoer\/basamento-regolabile-in-larghezza\/\",\"name\":\"Breitenverstellbarer Sockel f\u00fcr Treppensteiger | Zonzini Shop\",\"isPartOf\":{\"@id\":\"https:\/\/zonzinistairclimbers.com\/shop\/de\/#website\"},\"primaryImageOfPage\":{\"@id\":\"https:\/\/zonzinistairclimbers.com\/shop\/de\/shop\/zubehoer\/basamento-regolabile-in-larghezza\/#primaryimage\"},\"image\":{\"@id\":\"https:\/\/zonzinistairclimbers.com\/shop\/de\/shop\/zubehoer\/basamento-regolabile-in-larghezza\/#primaryimage\"},\"thumbnailUrl\":\"https:\/\/zonzinistairclimbers.com\/shop\/wp-content\/uploads\/2024\/02\/ACC-Base-allargabile.png\",\"datePublished\":\"2024-02-12T19:02:01+00:00\",\"dateModified\":\"2024-10-25T21:32:51+00:00\",\"description\":\"Mit diesem Zubeh\u00f6r l\u00e4sst sich die Ladefl\u00e4che des Domino Treppensteigers um bis zu 80 cm verbreitern \u27ae g\u00fcnstig kaufen im Zonzini-Shop\",\"breadcrumb\":{\"@id\":\"https:\/\/zonzinistairclimbers.com\/shop\/de\/shop\/zubehoer\/basamento-regolabile-in-larghezza\/#breadcrumb\"},\"inLanguage\":\"de\",\"potentialAction\":[{\"@type\":\"ReadAction\",\"target\":[\"https:\/\/zonzinistairclimbers.com\/shop\/de\/shop\/zubehoer\/basamento-regolabile-in-larghezza\/\"]}]},{\"@type\":\"ImageObject\",\"inLanguage\":\"de\",\"@id\":\"https:\/\/zonzinistairclimbers.com\/shop\/de\/shop\/zubehoer\/basamento-regolabile-in-larghezza\/#primaryimage\",\"url\":\"https:\/\/zonzinistairclimbers.com\/shop\/wp-content\/uploads\/2024\/02\/ACC-Base-allargabile.png\",\"contentUrl\":\"https:\/\/zonzinistairclimbers.com\/shop\/wp-content\/uploads\/2024\/02\/ACC-Base-allargabile.png\",\"width\":1000,\"height\":1000,\"caption\":\"Breitenverstellbarer Sockel f\u00fcr Domino\"},{\"@type\":\"BreadcrumbList\",\"@id\":\"https:\/\/zonzinistairclimbers.com\/shop\/de\/shop\/zubehoer\/basamento-regolabile-in-larghezza\/#breadcrumb\",\"itemListElement\":[{\"@type\":\"ListItem\",\"position\":1,\"name\":\"Shop\",\"item\":\"https:\/\/zonzinistairclimbers.com\/shop\/de\/\"},{\"@type\":\"ListItem\",\"position\":2,\"name\":\"Zubeh\u00f6r\",\"item\":\"https:\/\/zonzinistairclimbers.com\/shop\/de\/zubehoer\/\"},{\"@type\":\"ListItem\",\"position\":3,\"name\":\"Breitenverstellbarer Sockel\"}]},{\"@type\":\"WebSite\",\"@id\":\"https:\/\/zonzinistairclimbers.com\/shop\/de\/#website\",\"url\":\"https:\/\/zonzinistairclimbers.com\/shop\/de\/\",\"name\":\"Carrelli Saliscale Elettrici e Montascale a Cingoli | Zonzini\",\"description\":\"Carrelli saliscale per il trasporto di merci su scale e montascale per disabili Zonzini\",\"publisher\":{\"@id\":\"https:\/\/zonzinistairclimbers.com\/shop\/de\/#organization\"},\"alternateName\":\"Zonzini Saliscale\",\"potentialAction\":[{\"@type\":\"SearchAction\",\"target\":{\"@type\":\"EntryPoint\",\"urlTemplate\":\"https:\/\/zonzinistairclimbers.com\/shop\/de\/?s={search_term_string}\"},\"query-input\":{\"@type\":\"PropertyValueSpecification\",\"valueRequired\":true,\"valueName\":\"search_term_string\"}}],\"inLanguage\":\"de\"},{\"@type\":\"Organization\",\"@id\":\"https:\/\/zonzinistairclimbers.com\/shop\/de\/#organization\",\"name\":\"Sichere und innovative elektrische Treppensteiger f\u00fcr schwere Lasten | Zonzini\",\"url\":\"https:\/\/zonzinistairclimbers.com\/shop\/de\/\",\"logo\":{\"@type\":\"ImageObject\",\"inLanguage\":\"de\",\"@id\":\"https:\/\/zonzinistairclimbers.com\/shop\/de\/#\/schema\/logo\/image\/\",\"url\":\"https:\/\/zonzinistairclimbers.com\/shop\/wp-content\/uploads\/2023\/09\/Logo_zonzini.svg\",\"contentUrl\":\"https:\/\/zonzinistairclimbers.com\/shop\/wp-content\/uploads\/2023\/09\/Logo_zonzini.svg\",\"width\":1234,\"height\":325,\"caption\":\"Sichere und innovative elektrische Treppensteiger f\u00fcr schwere Lasten | Zonzini\"},\"image\":{\"@id\":\"https:\/\/zonzinistairclimbers.com\/shop\/de\/#\/schema\/logo\/image\/\"},\"sameAs\":[\"https:\/\/www.facebook.com\/zonzinistairclimbers\/\",\"https:\/\/www.instagram.com\/zonzini_stairclimbers\/\",\"https:\/\/www.youtube.com\/user\/saliscaleZONZINI\",\"https:\/\/www.linkedin.com\/company\/zonzini\/\"]}]}<\/script>\n<meta property=\"product:price:amount\" content=\"490\" \/>\n<meta property=\"product:price:currency\" content=\"EUR\" \/>\n<meta property=\"og:availability\" content=\"instock\" \/>\n<meta property=\"product:availability\" content=\"instock\" \/>\n<meta property=\"product:retailer_item_id\" content=\"PST-INGBR\" \/>\n<meta property=\"product:condition\" content=\"new\" \/>\n<!-- \/ Yoast SEO Premium plugin. -->","yoast_head_json":{"title":"Breitenverstellbarer Sockel f\u00fcr Treppensteiger | Zonzini Shop","description":"Mit diesem Zubeh\u00f6r l\u00e4sst sich die Ladefl\u00e4che des Domino Treppensteigers um bis zu 80 cm verbreitern \u27ae g\u00fcnstig kaufen im Zonzini-Shop","robots":{"index":"index","follow":"follow","max-snippet":"max-snippet:-1","max-image-preview":"max-image-preview:large","max-video-preview":"max-video-preview:-1"},"canonical":"https:\/\/zonzinistairclimbers.com\/shop\/de\/shop\/zubehoer\/basamento-regolabile-in-larghezza\/","og_locale":"de_DE","og_type":"article","og_title":"Acquista Breitenverstellbarer Sockel | Zonzini Shop","og_description":"Acquista il Breitenverstellbarer Sockel a un prezzo conveniente nello shop di Zonzini \u27aeVai allo shop","og_url":"https:\/\/zonzinistairclimbers.com\/shop\/de\/shop\/zubehoer\/basamento-regolabile-in-larghezza\/","og_site_name":"Sichere und innovative elektrische Treppensteiger f\u00fcr schwere Lasten | Zonzini","article_publisher":"https:\/\/www.facebook.com\/zonzinistairclimbers\/","article_modified_time":"2024-10-25T21:32:51+00:00","og_image":[{"width":1000,"height":1000,"url":"https:\/\/zonzinistairclimbers.com\/shop\/wp-content\/uploads\/2024\/02\/ACC-Base-allargabile.png","type":"image\/png"}],"twitter_card":"summary_large_image","twitter_misc":{"Preis":"490&nbsp;&euro;","Verf\u00fcgbarkeit":"Auf Lager"},"schema":{"@context":"https:\/\/schema.org","@graph":[{"@type":"WebPage","@id":"https:\/\/zonzinistairclimbers.com\/shop\/de\/shop\/zubehoer\/basamento-regolabile-in-larghezza\/","url":"https:\/\/zonzinistairclimbers.com\/shop\/de\/shop\/zubehoer\/basamento-regolabile-in-larghezza\/","name":"Breitenverstellbarer Sockel f\u00fcr Treppensteiger | Zonzini Shop","isPartOf":{"@id":"https:\/\/zonzinistairclimbers.com\/shop\/de\/#website"},"primaryImageOfPage":{"@id":"https:\/\/zonzinistairclimbers.com\/shop\/de\/shop\/zubehoer\/basamento-regolabile-in-larghezza\/#primaryimage"},"image":{"@id":"https:\/\/zonzinistairclimbers.com\/shop\/de\/shop\/zubehoer\/basamento-regolabile-in-larghezza\/#primaryimage"},"thumbnailUrl":"https:\/\/zonzinistairclimbers.com\/shop\/wp-content\/uploads\/2024\/02\/ACC-Base-allargabile.png","datePublished":"2024-02-12T19:02:01+00:00","dateModified":"2024-10-25T21:32:51+00:00","description":"Mit diesem Zubeh\u00f6r l\u00e4sst sich die Ladefl\u00e4che des Domino Treppensteigers um bis zu 80 cm verbreitern \u27ae g\u00fcnstig kaufen im Zonzini-Shop","breadcrumb":{"@id":"https:\/\/zonzinistairclimbers.com\/shop\/de\/shop\/zubehoer\/basamento-regolabile-in-larghezza\/#breadcrumb"},"inLanguage":"de","potentialAction":[{"@type":"ReadAction","target":["https:\/\/zonzinistairclimbers.com\/shop\/de\/shop\/zubehoer\/basamento-regolabile-in-larghezza\/"]}]},{"@type":"ImageObject","inLanguage":"de","@id":"https:\/\/zonzinistairclimbers.com\/shop\/de\/shop\/zubehoer\/basamento-regolabile-in-larghezza\/#primaryimage","url":"https:\/\/zonzinistairclimbers.com\/shop\/wp-content\/uploads\/2024\/02\/ACC-Base-allargabile.png","contentUrl":"https:\/\/zonzinistairclimbers.com\/shop\/wp-content\/uploads\/2024\/02\/ACC-Base-allargabile.png","width":1000,"height":1000,"caption":"Breitenverstellbarer Sockel f\u00fcr Domino"},{"@type":"BreadcrumbList","@id":"https:\/\/zonzinistairclimbers.com\/shop\/de\/shop\/zubehoer\/basamento-regolabile-in-larghezza\/#breadcrumb","itemListElement":[{"@type":"ListItem","position":1,"name":"Shop","item":"https:\/\/zonzinistairclimbers.com\/shop\/de\/"},{"@type":"ListItem","position":2,"name":"Zubeh\u00f6r","item":"https:\/\/zonzinistairclimbers.com\/shop\/de\/zubehoer\/"},{"@type":"ListItem","position":3,"name":"Breitenverstellbarer Sockel"}]},{"@type":"WebSite","@id":"https:\/\/zonzinistairclimbers.com\/shop\/de\/#website","url":"https:\/\/zonzinistairclimbers.com\/shop\/de\/","name":"Carrelli Saliscale Elettrici e Montascale a Cingoli | Zonzini","description":"Carrelli saliscale per il trasporto di merci su scale e montascale per disabili Zonzini","publisher":{"@id":"https:\/\/zonzinistairclimbers.com\/shop\/de\/#organization"},"alternateName":"Zonzini Saliscale","potentialAction":[{"@type":"SearchAction","target":{"@type":"EntryPoint","urlTemplate":"https:\/\/zonzinistairclimbers.com\/shop\/de\/?s={search_term_string}"},"query-input":{"@type":"PropertyValueSpecification","valueRequired":true,"valueName":"search_term_string"}}],"inLanguage":"de"},{"@type":"Organization","@id":"https:\/\/zonzinistairclimbers.com\/shop\/de\/#organization","name":"Sichere und innovative elektrische Treppensteiger f\u00fcr schwere Lasten | Zonzini","url":"https:\/\/zonzinistairclimbers.com\/shop\/de\/","logo":{"@type":"ImageObject","inLanguage":"de","@id":"https:\/\/zonzinistairclimbers.com\/shop\/de\/#\/schema\/logo\/image\/","url":"https:\/\/zonzinistairclimbers.com\/shop\/wp-content\/uploads\/2023\/09\/Logo_zonzini.svg","contentUrl":"https:\/\/zonzinistairclimbers.com\/shop\/wp-content\/uploads\/2023\/09\/Logo_zonzini.svg","width":1234,"height":325,"caption":"Sichere und innovative elektrische Treppensteiger f\u00fcr schwere Lasten | Zonzini"},"image":{"@id":"https:\/\/zonzinistairclimbers.com\/shop\/de\/#\/schema\/logo\/image\/"},"sameAs":["https:\/\/www.facebook.com\/zonzinistairclimbers\/","https:\/\/www.instagram.com\/zonzini_stairclimbers\/","https:\/\/www.youtube.com\/user\/saliscaleZONZINI","https:\/\/www.linkedin.com\/company\/zonzini\/"]}]},"product_price_amount":"490","product_price_currency":"EUR","og_availability":"instock","product_availability":"instock","product_retailer_item_id":"PST-INGBR","product_condition":"new"},"_links":{"self":[{"href":"https:\/\/zonzinistairclimbers.com\/shop\/de\/wp-json\/wp\/v2\/product\/12452","targetHints":{"allow":["GET"]}}],"collection":[{"href":"https:\/\/zonzinistairclimbers.com\/shop\/de\/wp-json\/wp\/v2\/product"}],"about":[{"href":"https:\/\/zonzinistairclimbers.com\/shop\/de\/wp-json\/wp\/v2\/types\/product"}],"version-history":[{"count":1,"href":"https:\/\/zonzinistairclimbers.com\/shop\/de\/wp-json\/wp\/v2\/product\/12452\/revisions"}],"predecessor-version":[{"id":19122,"href":"https:\/\/zonzinistairclimbers.com\/shop\/de\/wp-json\/wp\/v2\/product\/12452\/revisions\/19122"}],"wp:featuredmedia":[{"embeddable":true,"href":"https:\/\/zonzinistairclimbers.com\/shop\/de\/wp-json\/wp\/v2\/media\/1235"}],"wp:attachment":[{"href":"https:\/\/zonzinistairclimbers.com\/shop\/de\/wp-json\/wp\/v2\/media?parent=12452"}],"wp:term":[{"taxonomy":"product_brand","embeddable":true,"href":"https:\/\/zonzinistairclimbers.com\/shop\/de\/wp-json\/wp\/v2\/product_brand?post=12452"},{"taxonomy":"product_cat","embeddable":true,"href":"https:\/\/zonzinistairclimbers.com\/shop\/de\/wp-json\/wp\/v2\/product_cat?post=12452"},{"taxonomy":"product_tag","embeddable":true,"href":"https:\/\/zonzinistairclimbers.com\/shop\/de\/wp-json\/wp\/v2\/product_tag?post=12452"}],"curies":[{"name":"wp","href":"https:\/\/api.w.org\/{rel}","templated":true}]}}