{"id":12416,"date":"2024-02-12T19:20:50","date_gmt":"2024-02-12T18:20:50","guid":{"rendered":"http:\/\/zonzini.it\/shop\/unkategorisiert\/box-batterie-al-litio-domino\/"},"modified":"2024-10-28T09:05:22","modified_gmt":"2024-10-28T09:05:22","slug":"akkubox-lithium-domino","status":"publish","type":"product","link":"https:\/\/zonzinistairclimbers.com\/shop\/de\/shop\/zubehoer\/akkubox-lithium-domino\/","title":{"rendered":"Lithium Akkubox f\u00fcr Domino Treppensteiger"},"content":{"rendered":"<p>Der Lithium-Akku <strong>verl\u00e4ngert die Betriebsdauer<\/strong> mit einer Ladung erheblich, bis zu <strong>dreimal l\u00e4nger<\/strong> als ein herk\u00f6mmlicher Akku. Er ist austauschbar und wiederaufladbar. Er ist mit einem internen BMS ausgestattet, das die korrekte Aufladung der einzelnen Zellen steuert.<\/p>\n","protected":false},"excerpt":{"rendered":"<p>Der Lithium-Akku verl\u00e4ngert die Betriebsdauer mit einer Ladung erheblich, bis zu dreimal l\u00e4nger als ein herk\u00f6mmlicher Akku. Er ist austauschbar und wiederaufladbar. Er ist mit einem internen BMS ausgestattet, das die korrekte Aufladung der einzelnen Zellen steuert.<\/p>\n","protected":false},"featured_media":10513,"template":"","meta":{"_acf_changed":false,"content-type":"","inline_featured_image":false,"footnotes":""},"product_brand":[],"product_cat":[10513],"product_tag":[],"class_list":{"0":"post-12416","1":"product","2":"type-product","3":"status-publish","4":"has-post-thumbnail","6":"product_cat-zubehoer","7":"product_shipping_class-accessori-batterie-al-litio-de","9":"first","10":"instock","11":"taxable","12":"shipping-taxable","13":"purchasable","14":"product-type-simple"},"acf":[],"yoast_head":"<!-- This site is optimized with the Yoast SEO Premium plugin v26.4 (Yoast SEO v26.9) - https:\/\/yoast.com\/product\/yoast-seo-premium-wordpress\/ -->\n<title>Lithium Akkubox f\u00fcr Domino Treppensteiger | Zonzini Shop<\/title>\n<meta name=\"description\" content=\"Lithium-Akku-Box f\u00fcr Domino Elektro-Treppensteiger \u2713bis zu dreimal l\u00e4ngere Betriebsdauer \u27aebesuchen Sie den Zonzini Online-Shop\" \/>\n<meta name=\"robots\" content=\"index, follow, max-snippet:-1, max-image-preview:large, max-video-preview:-1\" \/>\n<link rel=\"canonical\" href=\"https:\/\/zonzinistairclimbers.com\/shop\/de\/shop\/zubehoer\/akkubox-lithium-domino\/\" \/>\n<meta property=\"og:locale\" content=\"de_DE\" \/>\n<meta property=\"og:type\" content=\"article\" \/>\n<meta property=\"og:title\" content=\"Acquista Lithium Akkubox f\u00fcr Domino Treppensteiger | Zonzini Shop\" \/>\n<meta property=\"og:description\" content=\"Acquista il Lithium Akkubox f\u00fcr Domino Treppensteiger a un prezzo conveniente nello shop di Zonzini \u27aeVai allo shop\" \/>\n<meta property=\"og:url\" content=\"https:\/\/zonzinistairclimbers.com\/shop\/de\/shop\/zubehoer\/akkubox-lithium-domino\/\" \/>\n<meta property=\"og:site_name\" content=\"Sichere und innovative elektrische Treppensteiger f\u00fcr schwere Lasten | Zonzini\" \/>\n<meta property=\"article:publisher\" content=\"https:\/\/www.facebook.com\/zonzinistairclimbers\/\" \/>\n<meta property=\"article:modified_time\" content=\"2024-10-28T09:05:22+00:00\" \/>\n<meta property=\"og:image\" content=\"https:\/\/zonzinistairclimbers.com\/shop\/wp-content\/uploads\/2024\/02\/bw-68-scaled-e1716901589339.jpg\" \/>\n\t<meta property=\"og:image:width\" content=\"1707\" \/>\n\t<meta property=\"og:image:height\" content=\"2560\" \/>\n\t<meta property=\"og:image:type\" content=\"image\/jpeg\" \/>\n<meta name=\"twitter:card\" content=\"summary_large_image\" \/>\n<meta name=\"twitter:label1\" content=\"Preis\" \/>\n\t<meta name=\"twitter:data1\" content=\"1.490&nbsp;&euro;\" \/>\n\t<meta name=\"twitter:label2\" content=\"Verf\u00fcgbarkeit\" \/>\n\t<meta name=\"twitter:data2\" content=\"Auf Lager\" \/>\n<script type=\"application\/ld+json\" class=\"yoast-schema-graph\">{\"@context\":\"https:\/\/schema.org\",\"@graph\":[{\"@type\":\"WebPage\",\"@id\":\"https:\/\/zonzinistairclimbers.com\/shop\/de\/shop\/zubehoer\/akkubox-lithium-domino\/\",\"url\":\"https:\/\/zonzinistairclimbers.com\/shop\/de\/shop\/zubehoer\/akkubox-lithium-domino\/\",\"name\":\"Lithium Akkubox f\u00fcr Domino Treppensteiger | Zonzini Shop\",\"isPartOf\":{\"@id\":\"https:\/\/zonzinistairclimbers.com\/shop\/de\/#website\"},\"primaryImageOfPage\":{\"@id\":\"https:\/\/zonzinistairclimbers.com\/shop\/de\/shop\/zubehoer\/akkubox-lithium-domino\/#primaryimage\"},\"image\":{\"@id\":\"https:\/\/zonzinistairclimbers.com\/shop\/de\/shop\/zubehoer\/akkubox-lithium-domino\/#primaryimage\"},\"thumbnailUrl\":\"https:\/\/zonzinistairclimbers.com\/shop\/wp-content\/uploads\/2024\/02\/bw-68-scaled-e1716901589339.jpg\",\"datePublished\":\"2024-02-12T18:20:50+00:00\",\"dateModified\":\"2024-10-28T09:05:22+00:00\",\"description\":\"Lithium-Akku-Box f\u00fcr Domino Elektro-Treppensteiger \u2713bis zu dreimal l\u00e4ngere Betriebsdauer \u27aebesuchen Sie den Zonzini Online-Shop\",\"breadcrumb\":{\"@id\":\"https:\/\/zonzinistairclimbers.com\/shop\/de\/shop\/zubehoer\/akkubox-lithium-domino\/#breadcrumb\"},\"inLanguage\":\"de\",\"potentialAction\":[{\"@type\":\"ReadAction\",\"target\":[\"https:\/\/zonzinistairclimbers.com\/shop\/de\/shop\/zubehoer\/akkubox-lithium-domino\/\"]}]},{\"@type\":\"ImageObject\",\"inLanguage\":\"de\",\"@id\":\"https:\/\/zonzinistairclimbers.com\/shop\/de\/shop\/zubehoer\/akkubox-lithium-domino\/#primaryimage\",\"url\":\"https:\/\/zonzinistairclimbers.com\/shop\/wp-content\/uploads\/2024\/02\/bw-68-scaled-e1716901589339.jpg\",\"contentUrl\":\"https:\/\/zonzinistairclimbers.com\/shop\/wp-content\/uploads\/2024\/02\/bw-68-scaled-e1716901589339.jpg\",\"width\":1707,\"height\":2560,\"caption\":\"Lithium-Akku-Box f\u00fcr Domino Treppenroboter\"},{\"@type\":\"BreadcrumbList\",\"@id\":\"https:\/\/zonzinistairclimbers.com\/shop\/de\/shop\/zubehoer\/akkubox-lithium-domino\/#breadcrumb\",\"itemListElement\":[{\"@type\":\"ListItem\",\"position\":1,\"name\":\"Shop\",\"item\":\"https:\/\/zonzinistairclimbers.com\/shop\/de\/\"},{\"@type\":\"ListItem\",\"position\":2,\"name\":\"Zubeh\u00f6r\",\"item\":\"https:\/\/zonzinistairclimbers.com\/shop\/de\/zubehoer\/\"},{\"@type\":\"ListItem\",\"position\":3,\"name\":\"Lithium Akkubox f\u00fcr Domino Treppensteiger\"}]},{\"@type\":\"WebSite\",\"@id\":\"https:\/\/zonzinistairclimbers.com\/shop\/de\/#website\",\"url\":\"https:\/\/zonzinistairclimbers.com\/shop\/de\/\",\"name\":\"Carrelli Saliscale Elettrici e Montascale a Cingoli | Zonzini\",\"description\":\"Carrelli saliscale per il trasporto di merci su scale e montascale per disabili Zonzini\",\"publisher\":{\"@id\":\"https:\/\/zonzinistairclimbers.com\/shop\/de\/#organization\"},\"alternateName\":\"Zonzini Saliscale\",\"potentialAction\":[{\"@type\":\"SearchAction\",\"target\":{\"@type\":\"EntryPoint\",\"urlTemplate\":\"https:\/\/zonzinistairclimbers.com\/shop\/de\/?s={search_term_string}\"},\"query-input\":{\"@type\":\"PropertyValueSpecification\",\"valueRequired\":true,\"valueName\":\"search_term_string\"}}],\"inLanguage\":\"de\"},{\"@type\":\"Organization\",\"@id\":\"https:\/\/zonzinistairclimbers.com\/shop\/de\/#organization\",\"name\":\"Sichere und innovative elektrische Treppensteiger f\u00fcr schwere Lasten | Zonzini\",\"url\":\"https:\/\/zonzinistairclimbers.com\/shop\/de\/\",\"logo\":{\"@type\":\"ImageObject\",\"inLanguage\":\"de\",\"@id\":\"https:\/\/zonzinistairclimbers.com\/shop\/de\/#\/schema\/logo\/image\/\",\"url\":\"https:\/\/zonzinistairclimbers.com\/shop\/wp-content\/uploads\/2023\/09\/Logo_zonzini.svg\",\"contentUrl\":\"https:\/\/zonzinistairclimbers.com\/shop\/wp-content\/uploads\/2023\/09\/Logo_zonzini.svg\",\"width\":1234,\"height\":325,\"caption\":\"Sichere und innovative elektrische Treppensteiger f\u00fcr schwere Lasten | Zonzini\"},\"image\":{\"@id\":\"https:\/\/zonzinistairclimbers.com\/shop\/de\/#\/schema\/logo\/image\/\"},\"sameAs\":[\"https:\/\/www.facebook.com\/zonzinistairclimbers\/\",\"https:\/\/www.instagram.com\/zonzini_stairclimbers\/\",\"https:\/\/www.youtube.com\/user\/saliscaleZONZINI\",\"https:\/\/www.linkedin.com\/company\/zonzini\/\"]}]}<\/script>\n<meta property=\"product:price:amount\" content=\"1490\" \/>\n<meta property=\"product:price:currency\" content=\"EUR\" \/>\n<meta property=\"og:availability\" content=\"instock\" \/>\n<meta property=\"product:availability\" content=\"instock\" \/>\n<meta property=\"product:retailer_item_id\" content=\"ZON-BATTDOMPLASMOID-LITIO\" \/>\n<meta property=\"product:condition\" content=\"new\" \/>\n<!-- \/ Yoast SEO Premium plugin. -->","yoast_head_json":{"title":"Lithium Akkubox f\u00fcr Domino Treppensteiger | Zonzini Shop","description":"Lithium-Akku-Box f\u00fcr Domino Elektro-Treppensteiger \u2713bis zu dreimal l\u00e4ngere Betriebsdauer \u27aebesuchen Sie den Zonzini Online-Shop","robots":{"index":"index","follow":"follow","max-snippet":"max-snippet:-1","max-image-preview":"max-image-preview:large","max-video-preview":"max-video-preview:-1"},"canonical":"https:\/\/zonzinistairclimbers.com\/shop\/de\/shop\/zubehoer\/akkubox-lithium-domino\/","og_locale":"de_DE","og_type":"article","og_title":"Acquista Lithium Akkubox f\u00fcr Domino Treppensteiger | Zonzini Shop","og_description":"Acquista il Lithium Akkubox f\u00fcr Domino Treppensteiger a un prezzo conveniente nello shop di Zonzini \u27aeVai allo shop","og_url":"https:\/\/zonzinistairclimbers.com\/shop\/de\/shop\/zubehoer\/akkubox-lithium-domino\/","og_site_name":"Sichere und innovative elektrische Treppensteiger f\u00fcr schwere Lasten | Zonzini","article_publisher":"https:\/\/www.facebook.com\/zonzinistairclimbers\/","article_modified_time":"2024-10-28T09:05:22+00:00","og_image":[{"width":1707,"height":2560,"url":"https:\/\/zonzinistairclimbers.com\/shop\/wp-content\/uploads\/2024\/02\/bw-68-scaled-e1716901589339.jpg","type":"image\/jpeg"}],"twitter_card":"summary_large_image","twitter_misc":{"Preis":"1.490&nbsp;&euro;","Verf\u00fcgbarkeit":"Auf Lager"},"schema":{"@context":"https:\/\/schema.org","@graph":[{"@type":"WebPage","@id":"https:\/\/zonzinistairclimbers.com\/shop\/de\/shop\/zubehoer\/akkubox-lithium-domino\/","url":"https:\/\/zonzinistairclimbers.com\/shop\/de\/shop\/zubehoer\/akkubox-lithium-domino\/","name":"Lithium Akkubox f\u00fcr Domino Treppensteiger | Zonzini Shop","isPartOf":{"@id":"https:\/\/zonzinistairclimbers.com\/shop\/de\/#website"},"primaryImageOfPage":{"@id":"https:\/\/zonzinistairclimbers.com\/shop\/de\/shop\/zubehoer\/akkubox-lithium-domino\/#primaryimage"},"image":{"@id":"https:\/\/zonzinistairclimbers.com\/shop\/de\/shop\/zubehoer\/akkubox-lithium-domino\/#primaryimage"},"thumbnailUrl":"https:\/\/zonzinistairclimbers.com\/shop\/wp-content\/uploads\/2024\/02\/bw-68-scaled-e1716901589339.jpg","datePublished":"2024-02-12T18:20:50+00:00","dateModified":"2024-10-28T09:05:22+00:00","description":"Lithium-Akku-Box f\u00fcr Domino Elektro-Treppensteiger \u2713bis zu dreimal l\u00e4ngere Betriebsdauer \u27aebesuchen Sie den Zonzini Online-Shop","breadcrumb":{"@id":"https:\/\/zonzinistairclimbers.com\/shop\/de\/shop\/zubehoer\/akkubox-lithium-domino\/#breadcrumb"},"inLanguage":"de","potentialAction":[{"@type":"ReadAction","target":["https:\/\/zonzinistairclimbers.com\/shop\/de\/shop\/zubehoer\/akkubox-lithium-domino\/"]}]},{"@type":"ImageObject","inLanguage":"de","@id":"https:\/\/zonzinistairclimbers.com\/shop\/de\/shop\/zubehoer\/akkubox-lithium-domino\/#primaryimage","url":"https:\/\/zonzinistairclimbers.com\/shop\/wp-content\/uploads\/2024\/02\/bw-68-scaled-e1716901589339.jpg","contentUrl":"https:\/\/zonzinistairclimbers.com\/shop\/wp-content\/uploads\/2024\/02\/bw-68-scaled-e1716901589339.jpg","width":1707,"height":2560,"caption":"Lithium-Akku-Box f\u00fcr Domino Treppenroboter"},{"@type":"BreadcrumbList","@id":"https:\/\/zonzinistairclimbers.com\/shop\/de\/shop\/zubehoer\/akkubox-lithium-domino\/#breadcrumb","itemListElement":[{"@type":"ListItem","position":1,"name":"Shop","item":"https:\/\/zonzinistairclimbers.com\/shop\/de\/"},{"@type":"ListItem","position":2,"name":"Zubeh\u00f6r","item":"https:\/\/zonzinistairclimbers.com\/shop\/de\/zubehoer\/"},{"@type":"ListItem","position":3,"name":"Lithium Akkubox f\u00fcr Domino Treppensteiger"}]},{"@type":"WebSite","@id":"https:\/\/zonzinistairclimbers.com\/shop\/de\/#website","url":"https:\/\/zonzinistairclimbers.com\/shop\/de\/","name":"Carrelli Saliscale Elettrici e Montascale a Cingoli | Zonzini","description":"Carrelli saliscale per il trasporto di merci su scale e montascale per disabili Zonzini","publisher":{"@id":"https:\/\/zonzinistairclimbers.com\/shop\/de\/#organization"},"alternateName":"Zonzini Saliscale","potentialAction":[{"@type":"SearchAction","target":{"@type":"EntryPoint","urlTemplate":"https:\/\/zonzinistairclimbers.com\/shop\/de\/?s={search_term_string}"},"query-input":{"@type":"PropertyValueSpecification","valueRequired":true,"valueName":"search_term_string"}}],"inLanguage":"de"},{"@type":"Organization","@id":"https:\/\/zonzinistairclimbers.com\/shop\/de\/#organization","name":"Sichere und innovative elektrische Treppensteiger f\u00fcr schwere Lasten | Zonzini","url":"https:\/\/zonzinistairclimbers.com\/shop\/de\/","logo":{"@type":"ImageObject","inLanguage":"de","@id":"https:\/\/zonzinistairclimbers.com\/shop\/de\/#\/schema\/logo\/image\/","url":"https:\/\/zonzinistairclimbers.com\/shop\/wp-content\/uploads\/2023\/09\/Logo_zonzini.svg","contentUrl":"https:\/\/zonzinistairclimbers.com\/shop\/wp-content\/uploads\/2023\/09\/Logo_zonzini.svg","width":1234,"height":325,"caption":"Sichere und innovative elektrische Treppensteiger f\u00fcr schwere Lasten | Zonzini"},"image":{"@id":"https:\/\/zonzinistairclimbers.com\/shop\/de\/#\/schema\/logo\/image\/"},"sameAs":["https:\/\/www.facebook.com\/zonzinistairclimbers\/","https:\/\/www.instagram.com\/zonzini_stairclimbers\/","https:\/\/www.youtube.com\/user\/saliscaleZONZINI","https:\/\/www.linkedin.com\/company\/zonzini\/"]}]},"product_price_amount":"1490","product_price_currency":"EUR","og_availability":"instock","product_availability":"instock","product_retailer_item_id":"ZON-BATTDOMPLASMOID-LITIO","product_condition":"new"},"_links":{"self":[{"href":"https:\/\/zonzinistairclimbers.com\/shop\/de\/wp-json\/wp\/v2\/product\/12416","targetHints":{"allow":["GET"]}}],"collection":[{"href":"https:\/\/zonzinistairclimbers.com\/shop\/de\/wp-json\/wp\/v2\/product"}],"about":[{"href":"https:\/\/zonzinistairclimbers.com\/shop\/de\/wp-json\/wp\/v2\/types\/product"}],"version-history":[{"count":1,"href":"https:\/\/zonzinistairclimbers.com\/shop\/de\/wp-json\/wp\/v2\/product\/12416\/revisions"}],"predecessor-version":[{"id":19127,"href":"https:\/\/zonzinistairclimbers.com\/shop\/de\/wp-json\/wp\/v2\/product\/12416\/revisions\/19127"}],"wp:featuredmedia":[{"embeddable":true,"href":"https:\/\/zonzinistairclimbers.com\/shop\/de\/wp-json\/wp\/v2\/media\/10513"}],"wp:attachment":[{"href":"https:\/\/zonzinistairclimbers.com\/shop\/de\/wp-json\/wp\/v2\/media?parent=12416"}],"wp:term":[{"taxonomy":"product_brand","embeddable":true,"href":"https:\/\/zonzinistairclimbers.com\/shop\/de\/wp-json\/wp\/v2\/product_brand?post=12416"},{"taxonomy":"product_cat","embeddable":true,"href":"https:\/\/zonzinistairclimbers.com\/shop\/de\/wp-json\/wp\/v2\/product_cat?post=12416"},{"taxonomy":"product_tag","embeddable":true,"href":"https:\/\/zonzinistairclimbers.com\/shop\/de\/wp-json\/wp\/v2\/product_tag?post=12416"}],"curies":[{"name":"wp","href":"https:\/\/api.w.org\/{rel}","templated":true}]}}