{"id":12372,"date":"2024-02-13T11:51:20","date_gmt":"2024-02-13T10:51:20","guid":{"rendered":"http:\/\/zonzini.it\/shop\/unkategorisiert\/montascale-cingoli-elettrico-domino-people\/"},"modified":"2025-02-13T11:12:42","modified_gmt":"2025-02-13T10:12:42","slug":"treppensteiger-rullstuhl-domino-people","status":"publish","type":"product","link":"https:\/\/zonzinistairclimbers.com\/shop\/de\/shop\/treppensteiger-rollstuhl-treppenraupe\/treppensteiger-rullstuhl-domino-people\/","title":{"rendered":"Domino People Stabilized"},"content":{"rendered":"<p>ELEKTRISCHE TREPPENRAUPE F\u00dcR DEN TRANSPORT VON PERSONEN IM ROLLSTUHL \u00dcBER TREPPEN<\/p>\n<p>Domino People Stabilised ist ein <strong>mobiler Treppensteiger f\u00fcr Personen im Rollstuhl<\/strong>. Ein sicherer und innovativer elektrischer Raupentreppensteiger f\u00fcr Rollst\u00fchle, der sowohl <em>elektrische<\/em> als auch <em>manuelle<\/em> Rollst\u00fchle transportieren kann.<br \/>\nEr ist mit <strong>unabh\u00e4ngigen Raupenfahrwerken<\/strong> ausgestattet, die einen Fahrbahnwechsel auch auf Treppen erm\u00f6glichen, und verf\u00fcgt \u00fcber eine <strong>automatische Stabilisierung<\/strong> f\u00fcr die Landung. Die Bedienung erfolgt einfach und intuitiv \u00fcber einen <strong>Joystick<\/strong>. Ein innovatives Gewichtskalibrierungssystem erm\u00f6glicht die automatische Einstellung des Rollstuhls auf die korrekte Position w\u00e4hrend des Treppentransports.<br \/>\nDie Domino People Treppenraupe hat eine <strong>Tragf\u00e4higkeit von 400 kg<\/strong>.<\/p>\n","protected":false},"excerpt":{"rendered":"<p>ELEKTRISCHE TREPPENRAUPE F\u00dcR DEN TRANSPORT VON PERSONEN IM ROLLSTUHL \u00dcBER TREPPEN Domino People Stabilised ist ein mobiler Treppensteiger f\u00fcr Personen im Rollstuhl. Ein sicherer und innovativer elektrischer Raupentreppensteiger f\u00fcr Rollst\u00fchle, der sowohl elektrische als auch manuelle Rollst\u00fchle transportieren kann. Er ist mit unabh\u00e4ngigen Raupenfahrwerken ausgestattet, die einen Fahrbahnwechsel auch auf Treppen erm\u00f6glichen, und verf\u00fcgt \u00fcber [&hellip;]<\/p>\n","protected":false},"featured_media":1403,"template":"","meta":{"_acf_changed":false,"content-type":"","inline_featured_image":false,"footnotes":""},"product_brand":[],"product_cat":[10523],"product_tag":[],"class_list":{"0":"post-12372","1":"product","2":"type-product","3":"status-publish","4":"has-post-thumbnail","6":"product_cat-treppensteiger-rollstuhl-treppenraupe","8":"first","9":"instock","10":"taxable","11":"shipping-taxable","12":"purchasable","13":"product-type-simple"},"acf":[],"yoast_head":"<!-- This site is optimized with the Yoast SEO Premium plugin v26.4 (Yoast SEO v26.9) - https:\/\/yoast.com\/product\/yoast-seo-premium-wordpress\/ -->\n<title>Treppensteiger f\u00fcr Rollstuhl Domino People Stabilized Treppenraupe \u20ac12.480<\/title>\n<meta name=\"description\" content=\"Kaufen Sie den Domino Lift Treppensteiger f\u00fcr Rollst\u00fchle ab 12.480 \u20ac im Zonzini Online-Shop \u2705400 kg Tragkraft \u27aeZum Online-Shop\" \/>\n<meta name=\"robots\" content=\"index, follow, max-snippet:-1, max-image-preview:large, max-video-preview:-1\" \/>\n<link rel=\"canonical\" href=\"https:\/\/zonzinistairclimbers.com\/shop\/de\/shop\/treppensteiger-rollstuhl-treppenraupe\/treppensteiger-rullstuhl-domino-people\/\" \/>\n<meta property=\"og:locale\" content=\"de_DE\" \/>\n<meta property=\"og:type\" content=\"article\" \/>\n<meta property=\"og:title\" content=\"Acquista Domino People Stabilized | Zonzini Shop\" \/>\n<meta property=\"og:description\" content=\"Acquista il Domino People Stabilized a un prezzo conveniente nello shop di Zonzini \u27aeVai allo shop\" \/>\n<meta property=\"og:url\" content=\"https:\/\/zonzinistairclimbers.com\/shop\/de\/shop\/treppensteiger-rollstuhl-treppenraupe\/treppensteiger-rullstuhl-domino-people\/\" \/>\n<meta property=\"og:site_name\" content=\"Sichere und innovative elektrische Treppensteiger f\u00fcr schwere Lasten | Zonzini\" \/>\n<meta property=\"article:publisher\" content=\"https:\/\/www.facebook.com\/zonzinistairclimbers\/\" \/>\n<meta property=\"article:modified_time\" content=\"2025-02-13T10:12:42+00:00\" \/>\n<meta property=\"og:image\" content=\"https:\/\/zonzinistairclimbers.com\/shop\/wp-content\/uploads\/2024\/02\/Domino-People.jpg\" \/>\n\t<meta property=\"og:image:width\" content=\"1080\" \/>\n\t<meta property=\"og:image:height\" content=\"1080\" \/>\n\t<meta property=\"og:image:type\" content=\"image\/jpeg\" \/>\n<meta name=\"twitter:card\" content=\"summary_large_image\" \/>\n<meta name=\"twitter:label1\" content=\"Preis\" \/>\n\t<meta name=\"twitter:data1\" content=\"12.480&nbsp;&euro;\" \/>\n\t<meta name=\"twitter:label2\" content=\"Verf\u00fcgbarkeit\" \/>\n\t<meta name=\"twitter:data2\" content=\"Auf Lager\" \/>\n<script type=\"application\/ld+json\" class=\"yoast-schema-graph\">{\"@context\":\"https:\/\/schema.org\",\"@graph\":[{\"@type\":\"WebPage\",\"@id\":\"https:\/\/zonzinistairclimbers.com\/shop\/de\/shop\/treppensteiger-rollstuhl-treppenraupe\/treppensteiger-rullstuhl-domino-people\/\",\"url\":\"https:\/\/zonzinistairclimbers.com\/shop\/de\/shop\/treppensteiger-rollstuhl-treppenraupe\/treppensteiger-rullstuhl-domino-people\/\",\"name\":\"Treppensteiger f\u00fcr Rollstuhl Domino People Stabilized Treppenraupe \u20ac12.480\",\"isPartOf\":{\"@id\":\"https:\/\/zonzinistairclimbers.com\/shop\/de\/#website\"},\"primaryImageOfPage\":{\"@id\":\"https:\/\/zonzinistairclimbers.com\/shop\/de\/shop\/treppensteiger-rollstuhl-treppenraupe\/treppensteiger-rullstuhl-domino-people\/#primaryimage\"},\"image\":{\"@id\":\"https:\/\/zonzinistairclimbers.com\/shop\/de\/shop\/treppensteiger-rollstuhl-treppenraupe\/treppensteiger-rullstuhl-domino-people\/#primaryimage\"},\"thumbnailUrl\":\"https:\/\/zonzinistairclimbers.com\/shop\/wp-content\/uploads\/2024\/02\/Domino-People.jpg\",\"datePublished\":\"2024-02-13T10:51:20+00:00\",\"dateModified\":\"2025-02-13T10:12:42+00:00\",\"description\":\"Kaufen Sie den Domino Lift Treppensteiger f\u00fcr Rollst\u00fchle ab 12.480 \u20ac im Zonzini Online-Shop \u2705400 kg Tragkraft \u27aeZum Online-Shop\",\"breadcrumb\":{\"@id\":\"https:\/\/zonzinistairclimbers.com\/shop\/de\/shop\/treppensteiger-rollstuhl-treppenraupe\/treppensteiger-rullstuhl-domino-people\/#breadcrumb\"},\"inLanguage\":\"de\",\"potentialAction\":[{\"@type\":\"ReadAction\",\"target\":[\"https:\/\/zonzinistairclimbers.com\/shop\/de\/shop\/treppensteiger-rollstuhl-treppenraupe\/treppensteiger-rullstuhl-domino-people\/\"]}]},{\"@type\":\"ImageObject\",\"inLanguage\":\"de\",\"@id\":\"https:\/\/zonzinistairclimbers.com\/shop\/de\/shop\/treppensteiger-rollstuhl-treppenraupe\/treppensteiger-rullstuhl-domino-people\/#primaryimage\",\"url\":\"https:\/\/zonzinistairclimbers.com\/shop\/wp-content\/uploads\/2024\/02\/Domino-People.jpg\",\"contentUrl\":\"https:\/\/zonzinistairclimbers.com\/shop\/wp-content\/uploads\/2024\/02\/Domino-People.jpg\",\"width\":1080,\"height\":1080,\"caption\":\"Treppensteiger f\u00fcr Rollstuhl Domino People\"},{\"@type\":\"BreadcrumbList\",\"@id\":\"https:\/\/zonzinistairclimbers.com\/shop\/de\/shop\/treppensteiger-rollstuhl-treppenraupe\/treppensteiger-rullstuhl-domino-people\/#breadcrumb\",\"itemListElement\":[{\"@type\":\"ListItem\",\"position\":1,\"name\":\"Shop\",\"item\":\"https:\/\/zonzinistairclimbers.com\/shop\/de\/\"},{\"@type\":\"ListItem\",\"position\":2,\"name\":\"Treppensteiger f\u00fcr Rollst\u00fchle\",\"item\":\"https:\/\/zonzinistairclimbers.com\/shop\/de\/shop\/treppensteiger-rollstuhl-treppenraupe\/\"},{\"@type\":\"ListItem\",\"position\":3,\"name\":\"Domino People Stabilized\"}]},{\"@type\":\"WebSite\",\"@id\":\"https:\/\/zonzinistairclimbers.com\/shop\/de\/#website\",\"url\":\"https:\/\/zonzinistairclimbers.com\/shop\/de\/\",\"name\":\"Carrelli Saliscale Elettrici e Montascale a Cingoli | Zonzini\",\"description\":\"Carrelli saliscale per il trasporto di merci su scale e montascale per disabili Zonzini\",\"publisher\":{\"@id\":\"https:\/\/zonzinistairclimbers.com\/shop\/de\/#organization\"},\"alternateName\":\"Zonzini Saliscale\",\"potentialAction\":[{\"@type\":\"SearchAction\",\"target\":{\"@type\":\"EntryPoint\",\"urlTemplate\":\"https:\/\/zonzinistairclimbers.com\/shop\/de\/?s={search_term_string}\"},\"query-input\":{\"@type\":\"PropertyValueSpecification\",\"valueRequired\":true,\"valueName\":\"search_term_string\"}}],\"inLanguage\":\"de\"},{\"@type\":\"Organization\",\"@id\":\"https:\/\/zonzinistairclimbers.com\/shop\/de\/#organization\",\"name\":\"Sichere und innovative elektrische Treppensteiger f\u00fcr schwere Lasten | Zonzini\",\"url\":\"https:\/\/zonzinistairclimbers.com\/shop\/de\/\",\"logo\":{\"@type\":\"ImageObject\",\"inLanguage\":\"de\",\"@id\":\"https:\/\/zonzinistairclimbers.com\/shop\/de\/#\/schema\/logo\/image\/\",\"url\":\"https:\/\/zonzinistairclimbers.com\/shop\/wp-content\/uploads\/2023\/09\/Logo_zonzini.svg\",\"contentUrl\":\"https:\/\/zonzinistairclimbers.com\/shop\/wp-content\/uploads\/2023\/09\/Logo_zonzini.svg\",\"width\":1234,\"height\":325,\"caption\":\"Sichere und innovative elektrische Treppensteiger f\u00fcr schwere Lasten | Zonzini\"},\"image\":{\"@id\":\"https:\/\/zonzinistairclimbers.com\/shop\/de\/#\/schema\/logo\/image\/\"},\"sameAs\":[\"https:\/\/www.facebook.com\/zonzinistairclimbers\/\",\"https:\/\/www.instagram.com\/zonzini_stairclimbers\/\",\"https:\/\/www.youtube.com\/user\/saliscaleZONZINI\",\"https:\/\/www.linkedin.com\/company\/zonzini\/\"]}]}<\/script>\n<meta property=\"product:price:amount\" content=\"12480\" \/>\n<meta property=\"product:price:currency\" content=\"EUR\" \/>\n<meta property=\"og:availability\" content=\"instock\" \/>\n<meta property=\"product:availability\" content=\"instock\" \/>\n<meta property=\"product:retailer_item_id\" content=\"DOMPEOP400PLA-L\" \/>\n<meta property=\"product:condition\" content=\"new\" \/>\n<!-- \/ Yoast SEO Premium plugin. -->","yoast_head_json":{"title":"Treppensteiger f\u00fcr Rollstuhl Domino People Stabilized Treppenraupe \u20ac12.480","description":"Kaufen Sie den Domino Lift Treppensteiger f\u00fcr Rollst\u00fchle ab 12.480 \u20ac im Zonzini Online-Shop \u2705400 kg Tragkraft \u27aeZum Online-Shop","robots":{"index":"index","follow":"follow","max-snippet":"max-snippet:-1","max-image-preview":"max-image-preview:large","max-video-preview":"max-video-preview:-1"},"canonical":"https:\/\/zonzinistairclimbers.com\/shop\/de\/shop\/treppensteiger-rollstuhl-treppenraupe\/treppensteiger-rullstuhl-domino-people\/","og_locale":"de_DE","og_type":"article","og_title":"Acquista Domino People Stabilized | Zonzini Shop","og_description":"Acquista il Domino People Stabilized a un prezzo conveniente nello shop di Zonzini \u27aeVai allo shop","og_url":"https:\/\/zonzinistairclimbers.com\/shop\/de\/shop\/treppensteiger-rollstuhl-treppenraupe\/treppensteiger-rullstuhl-domino-people\/","og_site_name":"Sichere und innovative elektrische Treppensteiger f\u00fcr schwere Lasten | Zonzini","article_publisher":"https:\/\/www.facebook.com\/zonzinistairclimbers\/","article_modified_time":"2025-02-13T10:12:42+00:00","og_image":[{"width":1080,"height":1080,"url":"https:\/\/zonzinistairclimbers.com\/shop\/wp-content\/uploads\/2024\/02\/Domino-People.jpg","type":"image\/jpeg"}],"twitter_card":"summary_large_image","twitter_misc":{"Preis":"12.480&nbsp;&euro;","Verf\u00fcgbarkeit":"Auf Lager"},"schema":{"@context":"https:\/\/schema.org","@graph":[{"@type":"WebPage","@id":"https:\/\/zonzinistairclimbers.com\/shop\/de\/shop\/treppensteiger-rollstuhl-treppenraupe\/treppensteiger-rullstuhl-domino-people\/","url":"https:\/\/zonzinistairclimbers.com\/shop\/de\/shop\/treppensteiger-rollstuhl-treppenraupe\/treppensteiger-rullstuhl-domino-people\/","name":"Treppensteiger f\u00fcr Rollstuhl Domino People Stabilized Treppenraupe \u20ac12.480","isPartOf":{"@id":"https:\/\/zonzinistairclimbers.com\/shop\/de\/#website"},"primaryImageOfPage":{"@id":"https:\/\/zonzinistairclimbers.com\/shop\/de\/shop\/treppensteiger-rollstuhl-treppenraupe\/treppensteiger-rullstuhl-domino-people\/#primaryimage"},"image":{"@id":"https:\/\/zonzinistairclimbers.com\/shop\/de\/shop\/treppensteiger-rollstuhl-treppenraupe\/treppensteiger-rullstuhl-domino-people\/#primaryimage"},"thumbnailUrl":"https:\/\/zonzinistairclimbers.com\/shop\/wp-content\/uploads\/2024\/02\/Domino-People.jpg","datePublished":"2024-02-13T10:51:20+00:00","dateModified":"2025-02-13T10:12:42+00:00","description":"Kaufen Sie den Domino Lift Treppensteiger f\u00fcr Rollst\u00fchle ab 12.480 \u20ac im Zonzini Online-Shop \u2705400 kg Tragkraft \u27aeZum Online-Shop","breadcrumb":{"@id":"https:\/\/zonzinistairclimbers.com\/shop\/de\/shop\/treppensteiger-rollstuhl-treppenraupe\/treppensteiger-rullstuhl-domino-people\/#breadcrumb"},"inLanguage":"de","potentialAction":[{"@type":"ReadAction","target":["https:\/\/zonzinistairclimbers.com\/shop\/de\/shop\/treppensteiger-rollstuhl-treppenraupe\/treppensteiger-rullstuhl-domino-people\/"]}]},{"@type":"ImageObject","inLanguage":"de","@id":"https:\/\/zonzinistairclimbers.com\/shop\/de\/shop\/treppensteiger-rollstuhl-treppenraupe\/treppensteiger-rullstuhl-domino-people\/#primaryimage","url":"https:\/\/zonzinistairclimbers.com\/shop\/wp-content\/uploads\/2024\/02\/Domino-People.jpg","contentUrl":"https:\/\/zonzinistairclimbers.com\/shop\/wp-content\/uploads\/2024\/02\/Domino-People.jpg","width":1080,"height":1080,"caption":"Treppensteiger f\u00fcr Rollstuhl Domino People"},{"@type":"BreadcrumbList","@id":"https:\/\/zonzinistairclimbers.com\/shop\/de\/shop\/treppensteiger-rollstuhl-treppenraupe\/treppensteiger-rullstuhl-domino-people\/#breadcrumb","itemListElement":[{"@type":"ListItem","position":1,"name":"Shop","item":"https:\/\/zonzinistairclimbers.com\/shop\/de\/"},{"@type":"ListItem","position":2,"name":"Treppensteiger f\u00fcr Rollst\u00fchle","item":"https:\/\/zonzinistairclimbers.com\/shop\/de\/shop\/treppensteiger-rollstuhl-treppenraupe\/"},{"@type":"ListItem","position":3,"name":"Domino People Stabilized"}]},{"@type":"WebSite","@id":"https:\/\/zonzinistairclimbers.com\/shop\/de\/#website","url":"https:\/\/zonzinistairclimbers.com\/shop\/de\/","name":"Carrelli Saliscale Elettrici e Montascale a Cingoli | Zonzini","description":"Carrelli saliscale per il trasporto di merci su scale e montascale per disabili Zonzini","publisher":{"@id":"https:\/\/zonzinistairclimbers.com\/shop\/de\/#organization"},"alternateName":"Zonzini Saliscale","potentialAction":[{"@type":"SearchAction","target":{"@type":"EntryPoint","urlTemplate":"https:\/\/zonzinistairclimbers.com\/shop\/de\/?s={search_term_string}"},"query-input":{"@type":"PropertyValueSpecification","valueRequired":true,"valueName":"search_term_string"}}],"inLanguage":"de"},{"@type":"Organization","@id":"https:\/\/zonzinistairclimbers.com\/shop\/de\/#organization","name":"Sichere und innovative elektrische Treppensteiger f\u00fcr schwere Lasten | Zonzini","url":"https:\/\/zonzinistairclimbers.com\/shop\/de\/","logo":{"@type":"ImageObject","inLanguage":"de","@id":"https:\/\/zonzinistairclimbers.com\/shop\/de\/#\/schema\/logo\/image\/","url":"https:\/\/zonzinistairclimbers.com\/shop\/wp-content\/uploads\/2023\/09\/Logo_zonzini.svg","contentUrl":"https:\/\/zonzinistairclimbers.com\/shop\/wp-content\/uploads\/2023\/09\/Logo_zonzini.svg","width":1234,"height":325,"caption":"Sichere und innovative elektrische Treppensteiger f\u00fcr schwere Lasten | Zonzini"},"image":{"@id":"https:\/\/zonzinistairclimbers.com\/shop\/de\/#\/schema\/logo\/image\/"},"sameAs":["https:\/\/www.facebook.com\/zonzinistairclimbers\/","https:\/\/www.instagram.com\/zonzini_stairclimbers\/","https:\/\/www.youtube.com\/user\/saliscaleZONZINI","https:\/\/www.linkedin.com\/company\/zonzini\/"]}]},"product_price_amount":"12480","product_price_currency":"EUR","og_availability":"instock","product_availability":"instock","product_retailer_item_id":"DOMPEOP400PLA-L","product_condition":"new"},"_links":{"self":[{"href":"https:\/\/zonzinistairclimbers.com\/shop\/de\/wp-json\/wp\/v2\/product\/12372","targetHints":{"allow":["GET"]}}],"collection":[{"href":"https:\/\/zonzinistairclimbers.com\/shop\/de\/wp-json\/wp\/v2\/product"}],"about":[{"href":"https:\/\/zonzinistairclimbers.com\/shop\/de\/wp-json\/wp\/v2\/types\/product"}],"version-history":[{"count":4,"href":"https:\/\/zonzinistairclimbers.com\/shop\/de\/wp-json\/wp\/v2\/product\/12372\/revisions"}],"predecessor-version":[{"id":24830,"href":"https:\/\/zonzinistairclimbers.com\/shop\/de\/wp-json\/wp\/v2\/product\/12372\/revisions\/24830"}],"wp:featuredmedia":[{"embeddable":true,"href":"https:\/\/zonzinistairclimbers.com\/shop\/de\/wp-json\/wp\/v2\/media\/1403"}],"wp:attachment":[{"href":"https:\/\/zonzinistairclimbers.com\/shop\/de\/wp-json\/wp\/v2\/media?parent=12372"}],"wp:term":[{"taxonomy":"product_brand","embeddable":true,"href":"https:\/\/zonzinistairclimbers.com\/shop\/de\/wp-json\/wp\/v2\/product_brand?post=12372"},{"taxonomy":"product_cat","embeddable":true,"href":"https:\/\/zonzinistairclimbers.com\/shop\/de\/wp-json\/wp\/v2\/product_cat?post=12372"},{"taxonomy":"product_tag","embeddable":true,"href":"https:\/\/zonzinistairclimbers.com\/shop\/de\/wp-json\/wp\/v2\/product_tag?post=12372"}],"curies":[{"name":"wp","href":"https:\/\/api.w.org\/{rel}","templated":true}]}}